{"id":1000,"date":"2025-05-19T06:14:43","date_gmt":"2025-05-19T06:14:43","guid":{"rendered":"https:\/\/bstextract.com\/?post_type=product&#038;p=1000"},"modified":"2025-05-19T06:14:43","modified_gmt":"2025-05-19T06:14:43","slug":"turkesteronhaltiges-pulver","status":"publish","type":"product","link":"https:\/\/bstextract.com\/de\/produkt\/turkesteronhaltiges-pulver\/","title":{"rendered":"Turkesteron-Pulver"},"content":{"rendered":"<p><!-- Keyword Section (Outside Article) --><\/p>\n<h2>Was ist Turkesteron-Pulver?<\/h2>\n<p><strong>Turkesteron-Pulver<\/strong> ist ein hochreiner Extrakt auf pflanzlicher Basis, der aus <strong>Ajuga turkestanica<\/strong>ein Heilkraut, das traditionell in der zentralasiatischen Kr\u00e4utermedizin verwendet wird. Dieser Wirkstoff geh\u00f6rt zur Familie der Ecdysteroide, einer Klasse nat\u00fcrlicher anaboler Verbindungen. Identifiziert durch die CAS-Nr. <strong>41451-87-0<\/strong>Turkesteron wird gesch\u00e4tzt f\u00fcr seine <strong>muskelaufbauende, adaptogene und leistungssteigernde Eigenschaften<\/strong>ohne die mit synthetischen Steroiden verbundenen hormonellen Nebenwirkungen.<\/p>\n<p>Unser Turkesteron-Pulver ist standardisiert auf <strong>2% und 10%<\/strong> aktiven Inhalt und erscheint als feine <strong>braunes Pulver<\/strong>. Es wird h\u00e4ufig in der Sportern\u00e4hrung und in Nahrungserg\u00e4nzungsmitteln verwendet, wo es die Muskelerholung, den Kraftzuwachs, die Ausdauer und die Stressanpassung bei Sportlern und aktiven Menschen unterst\u00fctzt.<\/p>\n<h2>Anwendungen von Turkesteron-Pulver<\/h2>\n<p>Turkesteron erfreut sich zunehmender Beliebtheit in der <strong>M\u00e4rkte f\u00fcr sportliche Leistung, Bodybuilding und Erholung<\/strong>. Es wird typischerweise formuliert als <strong>Kapseln, Tabletten, Pre-Workouts in Pulverform und funktionelle Getr\u00e4nke<\/strong> mit dem Ziel, die Muskelmasse und die k\u00f6rperliche Leistungsf\u00e4higkeit zu steigern. Im Gegensatz zu synthetischen anabolen Verbindungen ist es nicht hormonell und erfordert keine Post-Cycle-Therapie (PCT).<\/p>\n<p><img fetchpriority=\"high\" decoding=\"async\" class=\"size-full wp-image-1005 aligncenter\" src=\"https:\/\/bstextract.com\/wp-content\/uploads\/2025\/05\/Turkesterone-Powder.jpg\" alt=\"\" width=\"1024\" height=\"683\" title=\"\" srcset=\"https:\/\/bstextract.com\/wp-content\/uploads\/2025\/05\/Turkesterone-Powder.jpg 1024w, https:\/\/bstextract.com\/wp-content\/uploads\/2025\/05\/Turkesterone-Powder-300x200.jpg 300w, https:\/\/bstextract.com\/wp-content\/uploads\/2025\/05\/Turkesterone-Powder-768x512.jpg 768w, https:\/\/bstextract.com\/wp-content\/uploads\/2025\/05\/Turkesterone-Powder-18x12.jpg 18w, https:\/\/bstextract.com\/wp-content\/uploads\/2025\/05\/Turkesterone-Powder-600x400.jpg 600w\" sizes=\"(max-width: 1024px) 100vw, 1024px\" \/><\/p>\n<p>Im Adaptogen- und Wellnessbereich wird Turkesteron f\u00fcr seine F\u00e4higkeit gesch\u00e4tzt, die k\u00f6rperliche Belastbarkeit zu f\u00f6rdern, M\u00fcdigkeit zu reduzieren und das hormonelle Gleichgewicht bei Stress zu unterst\u00fctzen. Es ist ideal f\u00fcr nat\u00fcrliche Produktlinien, die auf Folgendes abzielen <strong>Muskelwachstum, Ausdauer, Vitalit\u00e4t und Erholung<\/strong>-ohne gegen die Dopingvorschriften zu versto\u00dfen. Sein pflanzlicher Ursprung macht es auch f\u00fcr vegane und Clean-Label-Formeln geeignet.<\/p>\n<h2>H\u00e4ufig gestellte Fragen<\/h2>\n<p><strong>Was ist die Quelle Ihrer Turkesterone?<\/strong><br \/>\nUnser Turkesteron wird gewonnen aus <strong>Ajuga turkestanica<\/strong>eine Pflanze, die f\u00fcr ihren hohen Gehalt an Ecdysteroiden und ihre traditionelle medizinische Verwendung bekannt ist.<\/p>\n<p><strong>Welche Konzentrationen gibt es?<\/strong><br \/>\nWir bieten standardisiertes Turkesteron-Pulver an <strong>2% und 10%<\/strong> Wirkstoffgehalt, um unterschiedlichen Formulierungsanforderungen gerecht zu werden.<\/p>\n<p><strong>Wie sieht das Pulver aus?<\/strong><br \/>\nEs ist eine sch\u00f6ne <strong>braunes Pulver<\/strong>Die Kapseln sind sowohl f\u00fcr die Verwendung in Kapseln als auch in Getr\u00e4nkemischungen geeignet.<\/p>\n<p><strong>Kann ich eine Probe zum Testen erhalten?<\/strong><br \/>\nJa, wir bieten <strong>Gratisproben<\/strong> zur Unterst\u00fctzung von Qualit\u00e4tstests und F&amp;E-Entwicklung.<\/p>\n<p><strong>\u00dcber welche Zertifizierungen verf\u00fcgt Ihr T\u00fcrkeistar?<\/strong><br \/>\nUnser Produkt ist zertifiziert <strong>KOSHER, HALAL, HACCP, ISO22000, EU-Bio und USDA-Bio<\/strong>.<\/p>\n<p><strong>Wie sollte es gelagert werden?<\/strong><br \/>\nSpeichern in <strong>dichte, lichtbest\u00e4ndige Beh\u00e4lter<\/strong>an einem k\u00fchlen, trockenen Ort, vor direkter Sonneneinstrahlung und Feuchtigkeit gesch\u00fctzt. Die Lagerf\u00e4higkeit ist <strong>24 Monate<\/strong> bei ordnungsgem\u00e4\u00dfer Lagerung.<\/p>","protected":false},"excerpt":{"rendered":"<table>\n<tbody>\n<tr>\n<td colspan=\"1\" rowspan=\"1\">\n<div>\n<div><b>CAS NO<\/b><\/div>\n<\/div>\n<\/td>\n<td colspan=\"1\" rowspan=\"1\">\n<div>\n<div>41451-87-0<\/div>\n<\/div>\n<\/td>\n<\/tr>\n<tr>\n<td colspan=\"1\" rowspan=\"1\">\n<div>\n<div><b>Erscheinungsbild<\/b><\/div>\n<\/div>\n<\/td>\n<td colspan=\"1\" rowspan=\"1\">\n<div>\n<div>Braunes Puder<\/div>\n<\/div>\n<\/td>\n<\/tr>\n<tr>\n<td colspan=\"1\" rowspan=\"1\">\n<div>\n<div><b>Produkt-Spezifikation<\/b><\/div>\n<\/div>\n<\/td>\n<td colspan=\"1\" rowspan=\"1\">\n<div>\n<div>2% 10%<\/div>\n<\/div>\n<\/td>\n<\/tr>\n<\/tbody>\n<\/table>","protected":false},"featured_media":1001,"comment_status":"open","ping_status":"closed","template":"","meta":{"_acf_changed":false},"product_brand":[],"product_cat":[21],"product_tag":[],"class_list":{"0":"post-1000","1":"product","2":"type-product","3":"status-publish","4":"has-post-thumbnail","6":"product_cat-plant-extracts","8":"first","9":"instock","10":"shipping-taxable","11":"product-type-simple"},"acf":[],"_links":{"self":[{"href":"https:\/\/bstextract.com\/de\/wp-json\/wp\/v2\/product\/1000","targetHints":{"allow":["GET"]}}],"collection":[{"href":"https:\/\/bstextract.com\/de\/wp-json\/wp\/v2\/product"}],"about":[{"href":"https:\/\/bstextract.com\/de\/wp-json\/wp\/v2\/types\/product"}],"replies":[{"embeddable":true,"href":"https:\/\/bstextract.com\/de\/wp-json\/wp\/v2\/comments?post=1000"}],"wp:featuredmedia":[{"embeddable":true,"href":"https:\/\/bstextract.com\/de\/wp-json\/wp\/v2\/media\/1001"}],"wp:attachment":[{"href":"https:\/\/bstextract.com\/de\/wp-json\/wp\/v2\/media?parent=1000"}],"wp:term":[{"taxonomy":"product_brand","embeddable":true,"href":"https:\/\/bstextract.com\/de\/wp-json\/wp\/v2\/product_brand?post=1000"},{"taxonomy":"product_cat","embeddable":true,"href":"https:\/\/bstextract.com\/de\/wp-json\/wp\/v2\/product_cat?post=1000"},{"taxonomy":"product_tag","embeddable":true,"href":"https:\/\/bstextract.com\/de\/wp-json\/wp\/v2\/product_tag?post=1000"}],"curies":[{"name":"wp","href":"https:\/\/api.w.org\/{rel}","templated":true}]}}