{"id":1022,"date":"2025-05-20T06:35:29","date_gmt":"2025-05-20T06:35:29","guid":{"rendered":"https:\/\/bstextract.com\/?post_type=product&#038;p=1022"},"modified":"2025-05-20T06:35:29","modified_gmt":"2025-05-20T06:35:29","slug":"spermidin-1-weizenkeimextraktpulver","status":"publish","type":"product","link":"https:\/\/bstextract.com\/de\/produkt\/spermidin-1-weizenkeimextraktpulver\/","title":{"rendered":"Spermidin 1% Weizenkeimextrakt-Pulver"},"content":{"rendered":"<p><!-- Keyword Section (Outside Article) --><\/p>\n<h2>Was ist Spermidin?<\/h2>\n<p><strong>Spermidin<\/strong> ist eine nat\u00fcrlich vorkommende Polyaminverbindung, die aus <strong>Weizenkeim<\/strong>das f\u00fcr seine Rolle bei der Unterst\u00fctzung der zellul\u00e4ren Gesundheit und Langlebigkeit anerkannt ist. Identifiziert durch CAS-Nr. <strong>124-20-9<\/strong>hat Spermidin weltweite Aufmerksamkeit als funktioneller Inhaltsstoff erlangt, der die <strong>Autophagie - der nat\u00fcrliche Zellerneuerungsprozess des K\u00f6rpers<\/strong>. Unser Spermidin-Pulver ist standardisiert auf <strong>1%<\/strong> aktiver Inhalt und ist als Feinkost erh\u00e4ltlich <strong>braun-gelbes Pulver<\/strong>.<\/p>\n<p><img fetchpriority=\"high\" decoding=\"async\" class=\"alignnone wp-image-1026 size-full\" src=\"https:\/\/bstextract.com\/wp-content\/uploads\/2025\/05\/germe-grano-header.jpg\" alt=\"Weizenkeimextrakt-Pulver\" width=\"1920\" height=\"647\" title=\"\" srcset=\"https:\/\/bstextract.com\/wp-content\/uploads\/2025\/05\/germe-grano-header.jpg 1920w, https:\/\/bstextract.com\/wp-content\/uploads\/2025\/05\/germe-grano-header-300x101.jpg 300w, https:\/\/bstextract.com\/wp-content\/uploads\/2025\/05\/germe-grano-header-1024x345.jpg 1024w, https:\/\/bstextract.com\/wp-content\/uploads\/2025\/05\/germe-grano-header-768x259.jpg 768w, https:\/\/bstextract.com\/wp-content\/uploads\/2025\/05\/germe-grano-header-1536x518.jpg 1536w, https:\/\/bstextract.com\/wp-content\/uploads\/2025\/05\/germe-grano-header-18x6.jpg 18w, https:\/\/bstextract.com\/wp-content\/uploads\/2025\/05\/germe-grano-header-600x202.jpg 600w\" sizes=\"(max-width: 1920px) 100vw, 1920px\" \/><\/p>\n<p>Als einer der vielversprechendsten Inhaltsstoffe auf dem Anti-Aging- und Biohacking-Markt wird Spermidin h\u00e4ufig in folgenden Bereichen eingesetzt <strong>Nutrazeutika, funktionelle Lebensmittel und Wellness-Erg\u00e4nzungen<\/strong>. Es bietet einen wissenschaftlich untermauerten Ansatz zur Unterst\u00fctzung der Stoffwechselfunktion, des gesunden Alterns, des Immungleichgewichts und der kognitiven Gesundheit.<\/p>\n<h2>Anwendungen von Spermidin<\/h2>\n<p>Spermidin wird zunehmend in hochwertigen <strong>Langlebigkeitserg\u00e4nzungen und zellul\u00e4re Wellness-Produkte<\/strong>. Es wird \u00fcblicherweise formuliert als <strong>Kapseln, Pulver, Getr\u00e4nkemischungen und Tabletten<\/strong> die Unterst\u00fctzung <strong>Aktivierung der Autophagie, kardiovaskul\u00e4re Funktion, kognitive Leistung und Hautregeneration<\/strong>.<\/p>\n<p>Neben der Verwendung in Nahrungserg\u00e4nzungsmitteln gewinnt Spermidin zunehmend an Bedeutung in der <strong>Biohacking-, Wellness- und Anti-Aging-M\u00e4rkte<\/strong> aufgrund seiner F\u00e4higkeit, die Genexpression, die mitochondriale Funktion und die Entz\u00fcndungsreaktion zu beeinflussen. Die Herkunft aus Weizenkeimen ist auch f\u00fcr Formulierer interessant, die auf nat\u00fcrliche, pflanzliche L\u00f6sungen setzen.<\/p>\n<h2>H\u00e4ufig gestellte Fragen<\/h2>\n<p><strong>Woher stammt Ihr Spermidin?<\/strong><br \/>\nUnser Spermidin wird extrahiert aus <strong>Weizenkeim<\/strong>eine reiche nat\u00fcrliche Quelle von Polyaminen und N\u00e4hrstoffen.<\/p>\n<p><strong>Was ist die Standardspezifikation?<\/strong><br \/>\nWir bieten Spermidin standardisiert auf <strong>1%<\/strong> Konzentration an aktiven Polyaminen.<\/p>\n<p><strong>Wie sieht das Produkt aus?<\/strong><br \/>\nSie erscheint als <strong>braun-gelbes Pulver<\/strong> mit mildem Geruch und hervorragender L\u00f6slichkeit in Erg\u00e4nzungsformulierungen.<\/p>\n<p><strong>Bieten Sie Muster an?<\/strong><br \/>\nJa, wir bieten <strong>Gratisproben<\/strong> zur Unterst\u00fctzung von Formulierungstests und Qualit\u00e4tspr\u00fcfungen.<\/p>\n<p><strong>Welche Zertifizierungen tr\u00e4gt Ihr Spermidin?<\/strong><br \/>\nUnser Produkt ist zertifiziert <strong>KOSHER, HALAL, ISO22000, HACCP, EU-Bio und USDA-Bio<\/strong>.<\/p>\n<p><strong>Wie sind die Angaben zur Lagerung und Haltbarkeit?<\/strong><br \/>\nSpeichern in <strong>dichte, lichtbest\u00e4ndige Beh\u00e4lter<\/strong> vor Sonnenlicht, Hitze und Feuchtigkeit gesch\u00fctzt. Haltbarkeit ist <strong>24 Monate<\/strong> unter den empfohlenen Bedingungen.<\/p>","protected":false},"excerpt":{"rendered":"<table class=\"has-title all magic-13\">\n<tbody>\n<tr>\n<td colspan=\"1\" rowspan=\"1\">\n<div class=\"magic-17\">\n<div class=\"magic-4\" data-spm-anchor-id=\"a2700.pc-decorate.0.i38.12c93333exgmM8\"><span style=\"font-family: Verdana;\"><b>CAS NO<\/b><\/span><\/div>\n<\/div>\n<\/td>\n<td colspan=\"1\" rowspan=\"1\">\n<div class=\"magic-18\">\n<div class=\"magic-4\" data-spm-anchor-id=\"a2700.pc-decorate.0.i25.329e33334x4Jlc\"><span style=\"font-family: Verdana;\">124-20-9<\/span><\/div>\n<\/div>\n<\/td>\n<\/tr>\n<tr>\n<td colspan=\"1\" rowspan=\"1\">\n<div class=\"magic-17\" data-spm-anchor-id=\"a2700.details-description.0.i1.2ddcXF9RXF9RIY\">\n<div class=\"magic-4\" data-spm-anchor-id=\"a2700.pc-decorate.0.i32.12c93333exgmM8\"><span style=\"font-family: Verdana;\"><b>Quelle<\/b><\/span><\/div>\n<\/div>\n<\/td>\n<td colspan=\"1\" rowspan=\"1\">\n<div class=\"magic-18\">\n<div class=\"magic-4\" data-spm-anchor-id=\"a2700.details-description.0.i2.2ddcXF9RXF9RIY\"><span style=\"font-family: Verdana;\">Weizenkeim-Extrakt<\/span><\/div>\n<\/div>\n<\/td>\n<\/tr>\n<tr>\n<td colspan=\"1\" rowspan=\"1\">\n<div class=\"magic-17\">\n<div class=\"magic-4\" data-spm-anchor-id=\"a2700.pc-decorate.0.i24.314e3333J7ECxY\"><span class=\"magic-12\" style=\"font-family: Verdana;\"><b data-spm-anchor-id=\"a2700.pc-decorate.0.i56.31b63333K2rRRx\">Erscheinungsbild<\/b><\/span><\/div>\n<\/div>\n<\/td>\n<td colspan=\"1\" rowspan=\"1\">\n<div class=\"magic-18\">\n<div class=\"magic-4\" data-spm-anchor-id=\"a2700.pc-decorate.0.i16.314e3333J7ECxY\"><span class=\"magic-12\" style=\"font-family: Verdana;\">Braun-gelbes Pulver<\/span><\/div>\n<\/div>\n<\/td>\n<\/tr>\n<tr>\n<td colspan=\"1\" rowspan=\"1\">\n<div class=\"magic-14\">\n<div class=\"magic-4\" data-spm-anchor-id=\"a2700.pc-decorate.0.i104.48d23333C7xf0C\"><b class=\"magic-15\"><span class=\"magic-12\" style=\"font-family: Verdana;\">Produkt-Spezifikation<\/span><\/b><\/div>\n<\/div>\n<\/td>\n<td colspan=\"1\" rowspan=\"1\">\n<div class=\"magic-16\">\n<div class=\"magic-4\" data-spm-anchor-id=\"a2700.pc-decorate.0.i37.48d23333C7xf0C\"><span class=\"magic-15\" data-spm-anchor-id=\"a2700.pc-decorate.0.i39.48d23333C7xf0C\"><span class=\"magic-12\" style=\"font-family: Verdana;\">1%<\/span><\/span><\/div>\n<\/div>\n<\/td>\n<\/tr>\n<\/tbody>\n<\/table>","protected":false},"featured_media":1023,"comment_status":"open","ping_status":"closed","template":"","meta":{"_acf_changed":false},"product_brand":[],"product_cat":[21],"product_tag":[],"class_list":{"0":"post-1022","1":"product","2":"type-product","3":"status-publish","4":"has-post-thumbnail","6":"product_cat-plant-extracts","8":"first","9":"instock","10":"shipping-taxable","11":"product-type-simple"},"acf":[],"_links":{"self":[{"href":"https:\/\/bstextract.com\/de\/wp-json\/wp\/v2\/product\/1022","targetHints":{"allow":["GET"]}}],"collection":[{"href":"https:\/\/bstextract.com\/de\/wp-json\/wp\/v2\/product"}],"about":[{"href":"https:\/\/bstextract.com\/de\/wp-json\/wp\/v2\/types\/product"}],"replies":[{"embeddable":true,"href":"https:\/\/bstextract.com\/de\/wp-json\/wp\/v2\/comments?post=1022"}],"wp:featuredmedia":[{"embeddable":true,"href":"https:\/\/bstextract.com\/de\/wp-json\/wp\/v2\/media\/1023"}],"wp:attachment":[{"href":"https:\/\/bstextract.com\/de\/wp-json\/wp\/v2\/media?parent=1022"}],"wp:term":[{"taxonomy":"product_brand","embeddable":true,"href":"https:\/\/bstextract.com\/de\/wp-json\/wp\/v2\/product_brand?post=1022"},{"taxonomy":"product_cat","embeddable":true,"href":"https:\/\/bstextract.com\/de\/wp-json\/wp\/v2\/product_cat?post=1022"},{"taxonomy":"product_tag","embeddable":true,"href":"https:\/\/bstextract.com\/de\/wp-json\/wp\/v2\/product_tag?post=1022"}],"curies":[{"name":"wp","href":"https:\/\/api.w.org\/{rel}","templated":true}]}}