{"id":1036,"date":"2025-05-22T01:31:44","date_gmt":"2025-05-22T01:31:44","guid":{"rendered":"https:\/\/bstextract.com\/?post_type=product&#038;p=1036"},"modified":"2025-05-22T01:34:33","modified_gmt":"2025-05-22T01:34:33","slug":"bienengift-extraktpulver","status":"publish","type":"product","link":"https:\/\/bstextract.com\/de\/produkt\/bienengift-extraktpulver\/","title":{"rendered":"Bienengift-Extrakt-Pulver"},"content":{"rendered":"<p><!-- Keyword Section (Outside Article) --><\/p>\n<h2>Was ist Bienengift-Extrakt-Pulver?<\/h2>\n<p><strong>Bienengift-Extrakt-Pulver<\/strong> ist ein hochreiner nat\u00fcrlicher Inhaltsstoff, der aus Bienengift gewonnen wird und standardisierte Werte von bis zu <strong>99% melittin<\/strong>, dem wichtigsten aktiven Peptid, das f\u00fcr seine starken biologischen Wirkungen verantwortlich ist. Erscheint als feine <strong>hellgelbes Pulver<\/strong>wird diese hochgradig bioaktive Substanz in fortschrittlichen Formulierungen in der ganzen Welt verwendet. <strong>Kosmetik-, Pharma- und Nahrungserg\u00e4nzungsmittelindustrie<\/strong>.<\/p>\n<p>Melittin, der Hauptbestandteil des Bienengifts, ist bekannt f\u00fcr seine <strong>entz\u00fcndungshemmende, antimikrobielle und zellstimulierende Eigenschaften<\/strong>. Unser Bienengiftextrakt-Pulver wird mit Pr\u00e4zision beschafft und unter strengen Qualit\u00e4tskontrollen verarbeitet, um eine hohe Reinheit und Aktivit\u00e4t zu gew\u00e4hrleisten und gleichzeitig die weltweiten Sicherheits- und Qualit\u00e4tsstandards zu erf\u00fcllen.<\/p>\n<h2>Anwendungen von Bienengift-Extrakt-Pulver<\/h2>\n<p>Bienengiftextrakt ist weit verbreitet in der <strong>Kosmetik- und Hautpflegebranche<\/strong> f\u00fcr seine Anti-Aging-, faltenreduzierenden und hautstraffenden Eigenschaften. Oft bezeichnet als \"<em>Botox der Natur<\/em>Es stimuliert die Kollagenproduktion und f\u00f6rdert die Mikrozirkulation, wodurch es ideal ist f\u00fcr <strong>Seren, Cremes und Gesichtsmasken<\/strong> Gebrauch: F\u00fcr die Verj\u00fcngung und Elastizit\u00e4t der Haut.<\/p>\n<p><img fetchpriority=\"high\" decoding=\"async\" class=\"aligncenter wp-image-1040\" src=\"https:\/\/bstextract.com\/wp-content\/uploads\/2025\/05\/images-1.jpg\" alt=\"Bienengift-Extrakt-Pulver\" width=\"432\" height=\"304\" title=\"\" srcset=\"https:\/\/bstextract.com\/wp-content\/uploads\/2025\/05\/images-1.jpg 267w, https:\/\/bstextract.com\/wp-content\/uploads\/2025\/05\/images-1-18x12.jpg 18w\" sizes=\"(max-width: 432px) 100vw, 432px\" \/><\/p>\n<p>Im Gesundheitsbereich wird Melittin auf sein Potenzial in folgenden Bereichen untersucht <strong>Immunregulierung, entz\u00fcndungshemmende Therapien und antimikrobielle Behandlungen<\/strong>. Auch in modernen funktionellen Nahrungserg\u00e4nzungsmitteln gewinnt es an Beliebtheit. <strong>Unterst\u00fctzung der Gelenke, Hautgesundheit und Verringerung systemischer Entz\u00fcndungen<\/strong>. Bienengiftextrakt gilt als erstklassiger bioaktiver Wirkstoff in der Naturmedizin und in Clean-Label-Wellness-Produkten.<\/p>\n<h2>H\u00e4ufig gestellte Fragen<\/h2>\n<p><strong>Was ist der Wirkstoff in Bienengiftextrakt-Pulver?<\/strong><br \/>\nDer Hauptwirkstoff ist <strong>Melittin<\/strong>, vorhanden bei einer Reinheit von <strong>99%<\/strong> in unserem Produkt.<\/p>\n<p><strong>Wie ist das Aussehen des Produkts?<\/strong><br \/>\nEs ist eine sch\u00f6ne <strong>hellgelbes Pulver<\/strong> mit hoher L\u00f6slichkeit und Bioaktivit\u00e4t.<\/p>\n<p><strong>Was sind die wichtigsten Verwendungszwecke?<\/strong><br \/>\nVerwendet in <strong>Kosmetika, Anti-Aging-Hautpflegeprodukte, Nahrungserg\u00e4nzungsmittel zur Unterst\u00fctzung der Gelenke und entz\u00fcndungshemmende Formulierungen<\/strong>.<\/p>\n<p><strong>Kann ich ein Muster anfordern?<\/strong><br \/>\nJa, wir bieten <strong>Gratisproben<\/strong> f\u00fcr Labortests und Produktentwicklung.<\/p>\n<p><strong>Welche Zertifizierungen gibt es?<\/strong><br \/>\nUnser Bienengiftextrakt ist zertifiziert <strong>KOSHER, HALAL, HACCP, ISO22000, EU-Bio und USDA-Bio<\/strong>.<\/p>\n<p><strong>Was sind die Richtlinien f\u00fcr die Haltbarkeit und Lagerung?<\/strong><br \/>\nDie Haltbarkeitsdauer betr\u00e4gt <strong>24 Monate<\/strong> bei Speicherung in <strong>dichte, lichtbest\u00e4ndige Beh\u00e4lter<\/strong> vor Feuchtigkeit und direkter Sonneneinstrahlung gesch\u00fctzt werden.<\/p>","protected":false},"excerpt":{"rendered":"<table>\n<tbody>\n<tr>\n<td colspan=\"1\" rowspan=\"1\">\n<div>\n<div><b>Quelle<\/b><\/div>\n<\/div>\n<\/td>\n<td colspan=\"1\" rowspan=\"1\">\n<div>\n<div>Melittin<\/div>\n<\/div>\n<\/td>\n<\/tr>\n<tr>\n<td colspan=\"1\" rowspan=\"1\">\n<div>\n<div><b>Erscheinungsbild<\/b><\/div>\n<\/div>\n<\/td>\n<td colspan=\"1\" rowspan=\"1\">\n<div>\n<div>Hellgelbes Pulver<\/div>\n<\/div>\n<\/td>\n<\/tr>\n<tr>\n<td colspan=\"1\" rowspan=\"1\">\n<div>\n<div><b>Produkt-Spezifikation<\/b><\/div>\n<\/div>\n<\/td>\n<td colspan=\"1\" rowspan=\"1\">\n<div>\n<div>99%<\/div>\n<\/div>\n<\/td>\n<\/tr>\n<\/tbody>\n<\/table>","protected":false},"featured_media":1037,"comment_status":"open","ping_status":"closed","template":"","meta":{"_acf_changed":false},"product_brand":[],"product_cat":[21],"product_tag":[],"class_list":{"0":"post-1036","1":"product","2":"type-product","3":"status-publish","4":"has-post-thumbnail","6":"product_cat-plant-extracts","8":"first","9":"instock","10":"shipping-taxable","11":"product-type-simple"},"acf":[],"_links":{"self":[{"href":"https:\/\/bstextract.com\/de\/wp-json\/wp\/v2\/product\/1036","targetHints":{"allow":["GET"]}}],"collection":[{"href":"https:\/\/bstextract.com\/de\/wp-json\/wp\/v2\/product"}],"about":[{"href":"https:\/\/bstextract.com\/de\/wp-json\/wp\/v2\/types\/product"}],"replies":[{"embeddable":true,"href":"https:\/\/bstextract.com\/de\/wp-json\/wp\/v2\/comments?post=1036"}],"wp:featuredmedia":[{"embeddable":true,"href":"https:\/\/bstextract.com\/de\/wp-json\/wp\/v2\/media\/1037"}],"wp:attachment":[{"href":"https:\/\/bstextract.com\/de\/wp-json\/wp\/v2\/media?parent=1036"}],"wp:term":[{"taxonomy":"product_brand","embeddable":true,"href":"https:\/\/bstextract.com\/de\/wp-json\/wp\/v2\/product_brand?post=1036"},{"taxonomy":"product_cat","embeddable":true,"href":"https:\/\/bstextract.com\/de\/wp-json\/wp\/v2\/product_cat?post=1036"},{"taxonomy":"product_tag","embeddable":true,"href":"https:\/\/bstextract.com\/de\/wp-json\/wp\/v2\/product_tag?post=1036"}],"curies":[{"name":"wp","href":"https:\/\/api.w.org\/{rel}","templated":true}]}}