{"id":1041,"date":"2025-05-22T01:43:01","date_gmt":"2025-05-22T01:43:01","guid":{"rendered":"https:\/\/bstextract.com\/?post_type=product&#038;p=1041"},"modified":"2025-08-15T09:10:29","modified_gmt":"2025-08-15T09:10:29","slug":"naturlicher-capsicum-extrakt-95-capsaicinoide-usp","status":"publish","type":"product","link":"https:\/\/bstextract.com\/de\/produkt\/naturlicher-capsicum-extrakt-95-capsaicinoide-usp\/","title":{"rendered":"Nat\u00fcrlicher Capsicum-Extrakt 95%"},"content":{"rendered":"<h2><strong><span class=\"selected\">Produkt\u00fcbersicht<\/span><\/strong><\/h2>\n<p><span class=\"selected\">Unser nat\u00fcrlicher Capsicum-Extrakt ist ein hochwertiges, hochgereinigtes kristallines Pulver, das aus ausgew\u00e4hlten Kultivaren von <\/span><em><span class=\"selected\">Capsicum annuum<\/span><\/em><span class=\"selected\"> L. Es ist so standardisiert, dass es mindestens 95% Capsaicinoide insgesamt enth\u00e4lt, mit einem Capsaicin-Gehalt von mindestens 55%, wie in der USP40 (HPLC)-Monographie best\u00e4tigt. Dies gew\u00e4hrleistet eine gleichbleibende Potenz und eine unvergleichliche Qualit\u00e4t f\u00fcr anspruchsvolle Anwendungen. Seine au\u00dfergew\u00f6hnliche Reinheit, die sich in einem wei\u00dfen, kristallinen Aussehen zeigt, macht es zur idealen Wahl f\u00fcr Formulierer, die eine pr\u00e4zise, zuverl\u00e4ssige Leistung in topischen Produkten, Nahrungserg\u00e4nzungsmitteln und funktionellen Lebensmitteln suchen, ohne das sensorische Profil des Endprodukts zu beeintr\u00e4chtigen.<\/span><\/p>\n<ul>\n<li><strong><span class=\"selected\">Standardisiert auf 95% Gesamt-Capsaicinoide:<\/span><\/strong><span class=\"selected\"> Gew\u00e4hrleistet eine genaue, pharmakop\u00e4ische Potenz und Konsistenz von Charge zu Charge f\u00fcr eine zuverl\u00e4ssige Produktleistung.<\/span><\/li>\n<li><strong><span class=\"selected\">Ausgezeichnete physikalische Eigenschaften:<\/span><\/strong><span class=\"selected\"> Eine feine, wei\u00dfe Pulverform minimiert die Auswirkungen auf Farbe und Textur des Endprodukts.<\/span><\/li>\n<li><strong><span class=\"selected\">Umfassende Dokumentation:<\/span><\/strong><span class=\"selected\"> Unterst\u00fctzt durch ein vollst\u00e4ndiges Dokumentationspaket (COA, MSDS, Allergenerkl\u00e4rung) f\u00fcr eine nahtlose Einhaltung der Vorschriften.<\/span><\/li>\n<li><strong><span class=\"selected\">Direkt vom Hersteller:<\/span><\/strong><span class=\"selected\"> Gew\u00e4hrleistet eine transparente und stabile Lieferkette, die vom Original bezogen wird <\/span><strong><span class=\"selected\">Werk<\/span><\/strong><span class=\"selected\">.<\/span><\/li>\n<\/ul>\n<h2><strong><span class=\"selected\">Wichtige technische Parameter<\/span><\/strong><\/h2>\n<table>\n<tbody>\n<tr>\n<th><span class=\"selected\">Parameter<\/span><\/th>\n<th><span class=\"selected\">Spezifikation<\/span><\/th>\n<th><span class=\"selected\">Methode<\/span><\/th>\n<\/tr>\n<tr>\n<td><strong><span class=\"selected\">Aktive Inhaltsstoffe<\/span><\/strong><\/td>\n<td><span class=\"selected\">Capsaicinoide insgesamt<\/span><\/td>\n<td><span class=\"selected\">&#8211;<\/span><\/td>\n<\/tr>\n<tr>\n<td><strong><span class=\"selected\">Capsaicinoide insgesamt<\/span><\/strong><\/td>\n<td><span class=\"selected\">\u2265 95.0%<\/span><\/td>\n<td><span class=\"selected\">USP40 (HPLC)<\/span><\/td>\n<\/tr>\n<tr>\n<td><strong><span class=\"selected\">Capsaicin<\/span><\/strong><\/td>\n<td><span class=\"selected\">\u2265 55.0%<\/span><\/td>\n<td><span class=\"selected\">USP40 (HPLC)<\/span><\/td>\n<\/tr>\n<tr>\n<td><strong><span class=\"selected\">Erscheinungsbild<\/span><\/strong><\/td>\n<td><span class=\"selected\">Wei\u00dfes kristallines Pulver<\/span><\/td>\n<td><span class=\"selected\">Organoleptisch<\/span><\/td>\n<\/tr>\n<tr>\n<td><strong><span class=\"selected\">L\u00f6slichkeit<\/span><\/strong><\/td>\n<td><span class=\"selected\">L\u00f6slich in Aceton, Methylalkohol; unl\u00f6slich in Wasser<\/span><\/td>\n<td><span class=\"selected\">&#8211;<\/span><\/td>\n<\/tr>\n<tr>\n<td><strong><span class=\"selected\">Schmelzbereich<\/span><\/strong><\/td>\n<td><span class=\"selected\">57-66\u00b0C<\/span><\/td>\n<td><span class=\"selected\">USP40<\/span><\/td>\n<\/tr>\n<tr>\n<td><strong><span class=\"selected\">Verlust beim Trocknen<\/span><\/strong><\/td>\n<td><span class=\"selected\">\u2264 1,0%<\/span><\/td>\n<td><span class=\"selected\">CP2015<\/span><\/td>\n<\/tr>\n<tr>\n<td><strong><span class=\"selected\">Aschegehalt<\/span><\/strong><\/td>\n<td><span class=\"selected\">\u2264 1,0%<\/span><\/td>\n<td><span class=\"selected\">CP2015<\/span><\/td>\n<\/tr>\n<tr>\n<td><strong><span class=\"selected\">Blei (Pb)<\/span><\/strong><\/td>\n<td><span class=\"selected\">\u2264 10 ppm<\/span><\/td>\n<td><span class=\"selected\">AOAC<\/span><\/td>\n<\/tr>\n<tr>\n<td><strong><span class=\"selected\">Arsen (As)<\/span><\/strong><\/td>\n<td><span class=\"selected\">\u2264 2 ppm<\/span><\/td>\n<td><span class=\"selected\">AOAC<\/span><\/td>\n<\/tr>\n<tr>\n<td><strong><span class=\"selected\">L\u00f6sungsmittelr\u00fcckst\u00e4nde<\/span><\/strong><\/td>\n<td><span class=\"selected\">\u2264 50 mg\/kg<\/span><\/td>\n<td><span class=\"selected\">GB-Norm<\/span><\/td>\n<\/tr>\n<\/tbody>\n<\/table>\n<h2><strong><span class=\"selected\">Qualit\u00e4tskontrolle und Dokumentation<\/span><\/strong><\/h2>\n<p><span class=\"selected\">Wir wenden ein strenges Qualit\u00e4tssicherungssystem an, das jede Phase der Produktion, von der Beschaffung der Rohstoffe bis zur Freigabe des Endprodukts, kontrolliert. Dies gew\u00e4hrleistet eine vollst\u00e4ndige R\u00fcckverfolgbarkeit und garantiert, dass jede Charge unseres Capsicum-Extrakt-Pulvers die h\u00f6chsten Standards f\u00fcr Reinheit, Sicherheit und Konsistenz erf\u00fcllt. Zur Unterst\u00fctzung Ihrer Qualit\u00e4ts- und Regulierungsanforderungen steht eine vollst\u00e4ndige Dokumentation zur Verf\u00fcgung.<\/span><\/p>\n<h2><strong><span class=\"selected\">Verf\u00fcgbare Dokumente:<\/span><\/strong><\/h2>\n<ul>\n<li><span class=\"selected\">Analysezertifikat (COA)<\/span><\/li>\n<li><span class=\"selected\">Sicherheitsdatenblatt (MSDS)<\/span><\/li>\n<li><span class=\"selected\">Allergene Erkl\u00e4rung<\/span><\/li>\n<li><span class=\"selected\">Non-GMO-Erkl\u00e4rung<\/span><\/li>\n<li><span class=\"selected\">Koscher- und Halal-Zertifikate<\/span><\/li>\n<\/ul>\n<h2><strong><span class=\"selected\">Anwendungen und Formulierungshinweise<\/span><\/strong><\/h2>\n<p><strong><span class=\"selected\">Topische Formulierungen (Cremes, Gele, Pflaster):<\/span><\/strong><\/p>\n<ul>\n<li><strong><span class=\"selected\">Funktion:<\/span><\/strong><span class=\"selected\"> Erzeugt ein kontrolliertes W\u00e4rmegef\u00fchl und ist daher ein wichtiger Wirkstoff f\u00fcr Sporteinreibungen, lindernde Pr\u00e4parate und schmerzlindernde Cremes.<\/span><\/li>\n<li><strong><span class=\"selected\">Empfohlene Verwendungsstufe:<\/span><\/strong><span class=\"selected\"> 0,025% - 0,25% (Hinweis: Die Dosierung sollte auf der Grundlage des Gesamtgehalts an Capsaicinoiden berechnet werden).<\/span><\/li>\n<li><strong><span class=\"selected\">Tipp zur Formulierung:<\/span><\/strong><span class=\"selected\"> Aufgrund seiner schlechten Wasserl\u00f6slichkeit sollte das Pulver in einem geeigneten L\u00f6sungsmittel (z. B. Ethanol, Propylenglykol, Isopropylmyristat) vorgel\u00f6st werden, bevor es in die \u00d6lphase einer Emulsion oder einer Gelgrundlage eingebracht wird.<\/span><\/li>\n<\/ul>\n<p><strong><span class=\"selected\">Nahrungserg\u00e4nzungsmittel (Kapseln, Tabletten):<\/span><\/strong><\/p>\n<ul>\n<li><strong><span class=\"selected\">Funktion:<\/span><\/strong><span class=\"selected\"> Weit verbreitet in thermogenen und stoffwechself\u00f6rdernden Formeln zur Gewichtskontrolle und Sportern\u00e4hrung.<\/span><\/li>\n<li><strong><span class=\"selected\">Empfohlene Verwendungsstufe:<\/span><\/strong><span class=\"selected\"> 5 - 20 mg pro Portion (Hinweis: Die Dosierung sollte auf der Grundlage des Gesamtgehalts an Capsaicinoiden berechnet werden).<\/span><\/li>\n<li><strong><span class=\"selected\">Tipp zur Formulierung:<\/span><\/strong><span class=\"selected\"> Dies ist ein hochwirksamer Inhaltsstoff. Um eine genaue Dosierung zu gew\u00e4hrleisten und m\u00f6gliche Magenbeschwerden zu minimieren, wird dringend empfohlen, eine Mikroverkapselung zu verwenden oder den Wirkstoff gr\u00fcndlich mit Hilfsstoffen wie mikrokristalliner Cellulose zu mischen.<\/span><\/li>\n<\/ul>\n<h2><strong><span class=\"selected\">Stabilit\u00e4t und Lagerung<\/span><\/strong><\/h2>\n<ul>\n<li><strong><span class=\"selected\">Stabilit\u00e4t:<\/span><\/strong><span class=\"selected\"> Das Produkt ist unter den empfohlenen Lagerungsbedingungen stabil. Es sollte vor l\u00e4ngerer Einwirkung von starkem Licht, hohen Temperaturen und Oxidationsmitteln gesch\u00fctzt werden.<\/span><\/li>\n<li><strong><span class=\"selected\">Lagerung:<\/span><\/strong><span class=\"selected\"> An einem k\u00fchlen, trockenen und gut bel\u00fcfteten Ort lagern. Beh\u00e4lter dicht verschlossen halten, um Feuchtigkeitsaufnahme zu verhindern.<\/span><\/li>\n<li><strong><span class=\"selected\">Haltbarkeitsdauer:<\/span><\/strong><span class=\"selected\"> 24 Monate ab dem Herstellungsdatum bei ordnungsgem\u00e4\u00dfer Lagerung.<\/span><\/li>\n<\/ul>\n<h2><strong><span class=\"selected\">Sicherheit und Handhabung<\/span><\/strong><\/h2>\n<ul>\n<li><strong><span class=\"selected\">WARNUNG:<\/span><\/strong><span class=\"selected\"> Dieses Produkt ist ein starkes Reizmittel. Direkter Kontakt mit Haut, Augen und Schleimh\u00e4uten verursacht ein starkes Brennen. Das Einatmen des Pulvers kann zu schweren Reizungen der Atemwege f\u00fchren.<\/span><\/li>\n<li><strong><span class=\"selected\">Pers\u00f6nliche Schutzausr\u00fcstung (PSA):<\/span><\/strong><span class=\"selected\"> Das gesamte Personal muss beim Umgang mit diesem Material chemikalienbest\u00e4ndige Handschuhe, eine Schutzbrille und einen Atemschutz (Staubmaske oder Atemschutzger\u00e4t) tragen.<\/span><\/li>\n<li><strong><span class=\"selected\">Bereich Handhabung:<\/span><\/strong><span class=\"selected\"> In einem gut bel\u00fcfteten Bereich verwenden, vorzugsweise unter einem Abzug.<\/span><\/li>\n<li><strong><span class=\"selected\">Erste Hilfe:<\/span><\/strong><span class=\"selected\"> Bei Hautkontakt die betroffene Stelle sofort und gr\u00fcndlich mit Seife und k\u00fchlem Wasser waschen. Bei Augenkontakt mindestens 15 Minuten lang mit reichlich Wasser aussp\u00fclen. Bei anhaltender Reizung sofort \u00e4rztliche Hilfe in Anspruch nehmen. Umfassende Sicherheitsinformationen finden Sie im Sicherheitsdatenblatt.<\/span><\/li>\n<\/ul>\n<h2><strong><span class=\"selected\">Verpackung &amp; Lieferung<\/span><\/strong><\/h2>\n<ul>\n<li><strong><span class=\"selected\">Standardverpackung:<\/span><\/strong><span class=\"selected\"> Verpackt in 1kg-Aluminiumfolienbeuteln mit Originalit\u00e4tssicherung und 25kg-Faserf\u00e4ssern mit doppelter PE-Auskleidung. Kundenspezifische Verpackungsl\u00f6sungen sind verf\u00fcgbar, um Ihre spezifischen Produktionsanforderungen zu erf\u00fcllen.<\/span><\/li>\n<li><strong><span class=\"selected\">Lieferkette:<\/span><\/strong><span class=\"selected\"> Als ein f\u00fchrendes <\/span><strong><span class=\"selected\">Exporteur<\/span><\/strong><span class=\"selected\"> und <\/span><strong><span class=\"selected\">Anbieter<\/span><\/strong><span class=\"selected\">bieten wir weltweiten Versand und logistische Unterst\u00fctzung, um eine zuverl\u00e4ssige und p\u00fcnktliche Lieferung von unserem <\/span><strong><span class=\"selected\">Werk<\/span><\/strong><span class=\"selected\"> zu Ihrer Einrichtung.<\/span><\/li>\n<\/ul>\n<h2><strong><span class=\"selected\">H\u00e4ufig gestellte Fragen (FAQ)<\/span><\/strong><\/h2>\n<p><strong><span class=\"selected\">F: Ist Ihr Produkt nat\u00fcrlich oder synthetisch?<\/span><\/strong><\/p>\n<p><span class=\"selected\">A: Unser Produkt ist 100% nat\u00fcrlich, sorgf\u00e4ltig extrahiert aus nicht-GMO <\/span><em><span class=\"selected\">Capsicum annuum<\/span><\/em><span class=\"selected\"> L., um die h\u00f6chste Qualit\u00e4t zu gew\u00e4hrleisten.<\/span><\/p>\n<p><strong><span class=\"selected\">F: Was ist der Unterschied zwischen Capsaicin und Gesamt-Capsaicinoiden?<\/span><\/strong><\/p>\n<p><span class=\"selected\">A: Capsaicin ist die Hauptverbindung, die f\u00fcr das scharfe Gef\u00fchl verantwortlich ist. Die gesamten Capsaicinoide umfassen Capsaicin und andere nat\u00fcrlich vorkommende verwandte Verbindungen wie Dihydrocapsaicin. Unser Produkt ist auf einen Mindestgehalt von 95% an aktiven Verbindungen gem\u00e4\u00df der USP40-Monographie standardisiert, die den Industriestandard f\u00fcr Wirksamkeit und Qualit\u00e4t darstellt.<\/span><\/p>\n<p><strong><span class=\"selected\">F: Liefern Sie direkt ab Werk?<\/span><\/strong><\/p>\n<p><span class=\"selected\">A: Ja, wir sind die <\/span><strong><span class=\"selected\">Originalhersteller<\/span><\/strong><span class=\"selected\">. Dies bietet unseren Kunden die Vorteile einer vollst\u00e4ndigen R\u00fcckverfolgbarkeit, einer stabilen Versorgung und einer direkten Kommunikation.<\/span><\/p>\n<p><strong><span class=\"selected\">F: Kann ich ein Muster f\u00fcr Forschung und Entwicklung erhalten?<\/span><\/strong><\/p>\n<p><span class=\"selected\">A: Auf jeden Fall. Wir ermutigen Sie zum Testen und Validieren. Bitte verwenden Sie das nachstehende Kontaktformular, um ein Muster f\u00fcr Ihre Bewertung anzufordern, und unser technisches Team wird Ihnen gerne behilflich sein.<\/span><\/p>","protected":false},"excerpt":{"rendered":"<ul>\n<li><strong><span class=\"selected\">Produkt:<\/span><\/strong><span class=\"selected\"> Nat\u00fcrlicher Capsicum-Extrakt (95% Capsaicinoide)<\/span><\/li>\n<li><strong><span class=\"selected\">Quelle:<\/span><\/strong><span class=\"selected\"> Extrahiert aus hochpotentem <\/span><em><span class=\"selected\">Capsicum annuum<\/span><\/em><span class=\"selected\"> L.<\/span><\/li>\n<li><strong><span class=\"selected\">Erscheinungsbild:<\/span><\/strong><span class=\"selected\"> Feines, wei\u00dfes, kristallines Pulver.<\/span><\/li>\n<li><strong><span class=\"selected\">Wesentliche Merkmale:<\/span><\/strong><span class=\"selected\"> Standardisiert auf \u226595% Gesamt-Capsaicinoide durch USP40 (HPLC). Hohe Reinheit und ausgezeichnet f\u00fcr pr\u00e4zise Dosierung.<\/span><\/li>\n<li><strong><span class=\"selected\">Anwendungen:<\/span><\/strong><span class=\"selected\"> Ideal f\u00fcr aktuelle w\u00e4rmende Formeln, Sportern\u00e4hrungserg\u00e4nzungen und Produkte f\u00fcr die metabolische Gesundheit.<\/span><\/li>\n<li><strong><span class=\"selected\">Versorgung:<\/span><\/strong><span class=\"selected\"> Erh\u00e4ltlich in gro\u00dfen Mengen direkt von der <\/span><strong><span class=\"selected\">Hersteller<\/span><\/strong><span class=\"selected\"> f\u00fcr gleichbleibende Qualit\u00e4t und Stabilit\u00e4t der Lieferkette.<\/span><\/li>\n<\/ul>","protected":false},"featured_media":1042,"comment_status":"open","ping_status":"closed","template":"","meta":{"_acf_changed":false},"product_brand":[],"product_cat":[21],"product_tag":[],"class_list":{"0":"post-1041","1":"product","2":"type-product","3":"status-publish","4":"has-post-thumbnail","6":"product_cat-plant-extracts","8":"first","9":"instock","10":"shipping-taxable","11":"product-type-simple"},"acf":[],"_links":{"self":[{"href":"https:\/\/bstextract.com\/de\/wp-json\/wp\/v2\/product\/1041","targetHints":{"allow":["GET"]}}],"collection":[{"href":"https:\/\/bstextract.com\/de\/wp-json\/wp\/v2\/product"}],"about":[{"href":"https:\/\/bstextract.com\/de\/wp-json\/wp\/v2\/types\/product"}],"replies":[{"embeddable":true,"href":"https:\/\/bstextract.com\/de\/wp-json\/wp\/v2\/comments?post=1041"}],"wp:featuredmedia":[{"embeddable":true,"href":"https:\/\/bstextract.com\/de\/wp-json\/wp\/v2\/media\/1042"}],"wp:attachment":[{"href":"https:\/\/bstextract.com\/de\/wp-json\/wp\/v2\/media?parent=1041"}],"wp:term":[{"taxonomy":"product_brand","embeddable":true,"href":"https:\/\/bstextract.com\/de\/wp-json\/wp\/v2\/product_brand?post=1041"},{"taxonomy":"product_cat","embeddable":true,"href":"https:\/\/bstextract.com\/de\/wp-json\/wp\/v2\/product_cat?post=1041"},{"taxonomy":"product_tag","embeddable":true,"href":"https:\/\/bstextract.com\/de\/wp-json\/wp\/v2\/product_tag?post=1041"}],"curies":[{"name":"wp","href":"https:\/\/api.w.org\/{rel}","templated":true}]}}