{"id":1046,"date":"2025-05-22T01:49:01","date_gmt":"2025-05-22T01:49:01","guid":{"rendered":"https:\/\/bstextract.com\/?post_type=product&#038;p=1046"},"modified":"2025-08-15T08:49:42","modified_gmt":"2025-08-15T08:49:42","slug":"fisetin-98-hplc-cotinus-coggygria-extract","status":"publish","type":"product","link":"https:\/\/bstextract.com\/de\/produkt\/fisetin-98-hplc-cotinus-coggygria-extract\/","title":{"rendered":"Fisetin 98% Pulver"},"content":{"rendered":"<p><!-- Keyword Section (Outside Article) --><\/p>\n<h2><strong><span class=\"selected\">Produkt\u00fcbersicht<\/span><\/strong><\/h2>\n<p><span class=\"selected\">Fisetin (CAS 528-48-3) ist ein ausgezeichnetes Flavonoid und eine starke bioaktive Verbindung, die nat\u00fcrlich im Rauchbaum (<\/span><em><span class=\"selected\">Cotinus coggygria<\/span><\/em><span class=\"selected\">). Unser Produkt ist ein hochreines, kristallines Pulver, das auf eine au\u00dfergew\u00f6hnliche Konzentration von 98% Fisetin standardisiert ist. Diese Premiumqualit\u00e4t wurde speziell f\u00fcr Formulierer in der fortschrittlichen Nutrazeutika- und Functional-Food-Industrie entwickelt, die maximale Wirksamkeit, analytische Transparenz und \u00fcberlegene Leistung in ihren Produkten verlangen.<\/span><\/p>\n<p><span class=\"selected\">Unser Fisetin-Pulver zeichnet sich durch seinen leuchtend gelben Farbton aus und wurde f\u00fcr optimale physikalische Eigenschaften entwickelt, was es zu einer bevorzugten Zutat f\u00fcr anspruchsvolle Nahrungserg\u00e4nzungsmittel macht, die auf den Markt f\u00fcr gesunde Alterung und zellul\u00e4re Wellness abzielen.<\/span><\/p>\n<ul>\n<li><strong><span class=\"selected\">Hohe Potenz und Reinheit:<\/span><\/strong><span class=\"selected\"> Standardisiert, um mindestens 98% Fisetin zu enthalten, verifiziert durch strenge HPLC-Tests (High-Performance Liquid Chromatography) f\u00fcr un\u00fcbertroffene Genauigkeit und Reinheit.<\/span><\/li>\n<li><strong><span class=\"selected\">Hervorragende Formulierungseigenschaften:<\/span><\/strong><span class=\"selected\"> Ein optimiertes Partikelgr\u00f6\u00dfenprofil gew\u00e4hrleistet eine hervorragende Flie\u00dff\u00e4higkeit, eine gleichm\u00e4\u00dfige Mischung und die Eignung f\u00fcr Hochgeschwindigkeits-Herstellungsprozesse wie Verkapselung und Tablettierung.<\/span><\/li>\n<li><strong><span class=\"selected\">Transparente und nachvollziehbare Beschaffung:<\/span><\/strong><span class=\"selected\"> Extrahiert aus nachhaltig bewirtschafteten und sorgf\u00e4ltig ausgew\u00e4hlten St\u00e4mmen der <\/span><em><span class=\"selected\">Cotinus coggygria<\/span><\/em><span class=\"selected\"> Baum, wodurch eine reine und zuverl\u00e4ssige Rohstoffquelle gew\u00e4hrleistet ist.<\/span><\/li>\n<li><strong><span class=\"selected\">GMP-zertifizierte Herstellung:<\/span><\/strong><span class=\"selected\"> Hergestellt in einer ISO- und GMP-zertifizierten Anlage unter strengen Qualit\u00e4tskontrollprotokollen, die Produktsicherheit, -konsistenz und -konformit\u00e4t garantieren.<\/span><\/li>\n<li><strong><span class=\"selected\">Lieferung direkt vom Hersteller:<\/span><\/strong><span class=\"selected\"> Der Bezug direkt vom Originalhersteller gew\u00e4hrleistet eine vollst\u00e4ndige Konsistenz von Charge zu Charge und eine stabile, verl\u00e4ssliche Lieferkette f\u00fcr Ihre Produktionsanforderungen.<\/span><\/li>\n<\/ul>\n<h2><strong><span class=\"selected\">Wichtige technische Parameter<\/span><\/strong><\/h2>\n<p><span class=\"selected\">Unser Fisetin 98%-Pulver wird nach genauen Spezifikationen hergestellt und bietet Formulierern die zuverl\u00e4ssigen Daten, die sie f\u00fcr eine reibungslose Produktentwicklung ben\u00f6tigen.<\/span><\/p>\n<table>\n<tbody>\n<tr>\n<th><span class=\"selected\">Parameter<\/span><\/th>\n<th><span class=\"selected\">Spezifikation<\/span><\/th>\n<th><span class=\"selected\">Methode<\/span><\/th>\n<\/tr>\n<tr>\n<td><strong><span class=\"selected\">Aktiver Inhaltsstoff<\/span><\/strong><\/td>\n<td><span class=\"selected\">Fisetin<\/span><\/td>\n<td><span class=\"selected\">HPLC<\/span><\/td>\n<\/tr>\n<tr>\n<td><strong><span class=\"selected\">Reinheit (Assay)<\/span><\/strong><\/td>\n<td><span class=\"selected\">\u2265 98.0%<\/span><\/td>\n<td><span class=\"selected\">HPLC<\/span><\/td>\n<\/tr>\n<tr>\n<td><strong><span class=\"selected\">Botanische Quelle<\/span><\/strong><\/td>\n<td><em><span class=\"selected\">Cotinus coggygria Scop.<\/span><\/em><\/td>\n<td><span class=\"selected\">&#8211;<\/span><\/td>\n<\/tr>\n<tr>\n<td><strong><span class=\"selected\">Verwendete Teile<\/span><\/strong><\/td>\n<td><span class=\"selected\">Vorbau<\/span><\/td>\n<td><span class=\"selected\">&#8211;<\/span><\/td>\n<\/tr>\n<tr>\n<td><strong><span class=\"selected\">Erscheinungsbild<\/span><\/strong><\/td>\n<td><span class=\"selected\">Gelbes feines Pulver<\/span><\/td>\n<td><span class=\"selected\">Visuell<\/span><\/td>\n<\/tr>\n<tr>\n<td><strong><span class=\"selected\">Partikelgr\u00f6\u00dfe<\/span><\/strong><\/td>\n<td><span class=\"selected\">NLT 95% Pass 80 Mesh<\/span><\/td>\n<td><span class=\"selected\">Siebung<\/span><\/td>\n<\/tr>\n<tr>\n<td><strong><span class=\"selected\">L\u00f6slichkeit<\/span><\/strong><\/td>\n<td><span class=\"selected\">Schwer l\u00f6slich in Wasser; l\u00f6slich in Ethanol, DMSO<\/span><\/td>\n<td><span class=\"selected\">&#8211;<\/span><\/td>\n<\/tr>\n<tr>\n<td><strong><span class=\"selected\">Verlust beim Trocknen<\/span><\/strong><\/td>\n<td><span class=\"selected\">\u2264 5.0%<\/span><\/td>\n<td><span class=\"selected\">USP<\/span><\/td>\n<\/tr>\n<tr>\n<td><strong><span class=\"selected\">Aschegehalt<\/span><\/strong><\/td>\n<td><span class=\"selected\">\u2264 1,0%<\/span><\/td>\n<td><span class=\"selected\">USP<\/span><\/td>\n<\/tr>\n<tr>\n<td><strong><span class=\"selected\">Sch\u00fcttdichte<\/span><\/strong><\/td>\n<td><span class=\"selected\">0,35 - 0,55 g\/ml<\/span><\/td>\n<td><span class=\"selected\">USP<\/span><\/td>\n<\/tr>\n<tr>\n<td><strong><span class=\"selected\">Zapfstellendichte<\/span><\/strong><\/td>\n<td><span class=\"selected\">0,60 - 0,85 g\/ml<\/span><\/td>\n<td><span class=\"selected\">USP<\/span><\/td>\n<\/tr>\n<tr>\n<td><strong><span class=\"selected\">Schwermetalle<\/span><\/strong><\/td>\n<td><span class=\"selected\">\u2264 10 ppm<\/span><\/td>\n<td><span class=\"selected\">ICP-MS<\/span><\/td>\n<\/tr>\n<tr>\n<td><strong><span class=\"selected\">Arsen (As)<\/span><\/strong><\/td>\n<td><span class=\"selected\">\u2264 2 ppm<\/span><\/td>\n<td><span class=\"selected\">ICP-MS<\/span><\/td>\n<\/tr>\n<tr>\n<td><strong><span class=\"selected\">Blei (Pb)<\/span><\/strong><\/td>\n<td><span class=\"selected\">\u2264 3 ppm<\/span><\/td>\n<td><span class=\"selected\">ICP-MS<\/span><\/td>\n<\/tr>\n<tr>\n<td><strong><span class=\"selected\">R\u00fcckst\u00e4nde von L\u00f6sungsmitteln<\/span><\/strong><\/td>\n<td><span class=\"selected\">Entspricht der USP  \/ EP 5.4<\/span><\/td>\n<td><span class=\"selected\">GC-HS<\/span><\/td>\n<\/tr>\n<tr>\n<td><strong><span class=\"selected\">Gesamtplattenzahl<\/span><\/strong><\/td>\n<td><span class=\"selected\">\u2264 1.000 KBE\/g<\/span><\/td>\n<td><span class=\"selected\">USP<\/span><\/td>\n<\/tr>\n<tr>\n<td><strong><span class=\"selected\">Hefe und Schimmel<\/span><\/strong><\/td>\n<td><span class=\"selected\">\u2264 100 KBE\/g<\/span><\/td>\n<td><span class=\"selected\">USP<\/span><\/td>\n<\/tr>\n<tr>\n<td><strong><span class=\"selected\">E. Coli<\/span><\/strong><\/td>\n<td><span class=\"selected\">Negativ<\/span><\/td>\n<td><span class=\"selected\">USP<\/span><\/td>\n<\/tr>\n<tr>\n<td><strong><span class=\"selected\">Salmonellen<\/span><\/strong><\/td>\n<td><span class=\"selected\">Negativ<\/span><\/td>\n<td><span class=\"selected\">USP<\/span><\/td>\n<\/tr>\n<\/tbody>\n<\/table>\n<h2><strong><span class=\"selected\">Pr\u00fcfung und Qualit\u00e4tssicherung<\/span><\/strong><\/h2>\n<p><span class=\"selected\">Qualit\u00e4t ist nicht nur eine Kennzahl, sie ist die Grundlage unserer Produktionsphilosophie. Wir bieten unseren Kunden eine v\u00f6llig transparente und \u00fcberpr\u00fcfbare Qualit\u00e4tssicherung.<\/span><\/p>\n<ul>\n<li><strong><span class=\"selected\">Methodik:<\/span><\/strong><span class=\"selected\"> Wir verwenden ausschlie\u00dflich die Hochleistungsfl\u00fcssigkeitschromatographie (HPLC) f\u00fcr die Untersuchung von Fisetin. Diese hochspezifische Methode trennt und quantifiziert Fisetin genau und unterscheidet es von anderen Flavonoiden und Verunreinigungen - ein Pr\u00e4zisionsniveau, das weniger spezifische Methoden wie UV-Vis nicht bieten k\u00f6nnen.<\/span><\/li>\n<li><strong><span class=\"selected\">Konsistenz von Charge zu Charge:<\/span><\/strong><span class=\"selected\"> Als Originalhersteller und -exporteur kontrollieren wir jede Phase der Produktion - von der Beschaffung der Rohstoffe bis zur endg\u00fcltigen Extraktion und Reinigung. Diese vertikale Integration in Verbindung mit strengen prozessbegleitenden Kontrollen gew\u00e4hrleistet, dass jede Charge Fisetin, die Sie erhalten, dieselbe Reinheit und dieselben physikalischen Eigenschaften aufweist.<\/span><\/li>\n<li><strong><span class=\"selected\">Verf\u00fcgbare Dokumentation:<\/span><\/strong><span class=\"selected\"> Zur Unterst\u00fctzung Ihrer Qualit\u00e4ts- und Regulierungsteams bieten wir ein umfassendes Dokumentationspaket an:<\/span>\n<ul>\n<li><span class=\"selected\">Analysenzertifikat (COA) f\u00fcr jede spezifische Charge <\/span><strong><span class=\"selected\">[Laden Sie hier ein Muster der COA herunter]<\/span><\/strong><\/li>\n<li><span class=\"selected\">Sicherheitsdatenblatt (MSDS)<\/span><\/li>\n<li><span class=\"selected\">Umfassende Erkl\u00e4rung zu Allergenen<\/span><\/li>\n<li><span class=\"selected\">Non-GMO Project gepr\u00fcfte Erkl\u00e4rung<\/span><\/li>\n<li><span class=\"selected\">Koscher- und Halal-Zertifikate<\/span><\/li>\n<li><span class=\"selected\">Kopien unserer ISO 9001- und GMP-Produktionsst\u00e4ttenzertifikate<\/span><\/li>\n<\/ul>\n<\/li>\n<\/ul>\n<h2><strong><span class=\"selected\">Anwendungen und Formulierungshinweise<\/span><\/strong><\/h2>\n<p><span class=\"selected\">Unser Fisetin 98% HPLC-Pulver wurde f\u00fcr die Verwendung in einer Reihe von festen und fl\u00fcssigen Darreichungsformen entwickelt.<\/span><\/p>\n<ul>\n<li><strong><span class=\"selected\">Prim\u00e4re Anwendungen:<\/span><\/strong><span class=\"selected\"> Seine hohe Reinheit und Potenz machen es zu einem idealen Wirkstoff f\u00fcr hochwertige Nahrungserg\u00e4nzungsmittel und funktionelle Lebensmittel, die auf zellul\u00e4re Gesundheit und Langlebigkeit ausgerichtet sind.<\/span><\/li>\n<li><strong><span class=\"selected\">Empfohlene Darreichungsformen:<\/span><\/strong>\n<ul>\n<li><strong><span class=\"selected\">Kapseln und Tabletten:<\/span><\/strong><span class=\"selected\"> Mit ihrer ausgezeichneten Flie\u00dff\u00e4higkeit und einer kontrollierten Partikelgr\u00f6\u00dfe eignet sich diese Sorte sowohl f\u00fcr die Tablettierung unter direkter Kompression als auch f\u00fcr die Verkapselung mit hoher Geschwindigkeit, wodurch der Bedarf an zus\u00e4tzlichen Hilfsstoffen minimiert wird. Eine typische Verwendungsmenge liegt zwischen 100 mg und 250 mg pro Portion.<\/span><\/li>\n<li><strong><span class=\"selected\">Pulvermischungen:<\/span><\/strong><span class=\"selected\"> Das gleichm\u00e4\u00dfige, feine Pulver sorgt f\u00fcr eine homogene Verteilung, wenn es mit anderen Zutaten in Beuteln, Stickpacks oder Pulverformulierungen gemischt wird.<\/span><\/li>\n<li><strong><span class=\"selected\">Funktionelle Getr\u00e4nke und Fl\u00fcssigkeiten:<\/span><\/strong><span class=\"selected\"> Formulierer sollten beachten, dass Fisetin eine geringe native L\u00f6slichkeit in Wasser aufweist. F\u00fcr fl\u00fcssige Anwendungen wird die Herstellung einer stabilen Suspension oder der Einsatz von Solubilisierungstechnologien (z. B. Tr\u00e4ger auf Lipidbasis, Mikroemulsionen) empfohlen, um eine optimale Abgabe und Stabilit\u00e4t zu gew\u00e4hrleisten.<\/span><\/li>\n<\/ul>\n<\/li>\n<li><strong><span class=\"selected\">Tipps zur Formulierung:<\/span><\/strong>\n<ul>\n<li><span class=\"selected\">Die dem Fisetin innewohnende gelbe Farbe tr\u00e4gt zum Erscheinungsbild des Endprodukts bei und sollte bei der Entwicklung der Formulierung ber\u00fccksichtigt werden.<\/span><\/li>\n<li><span class=\"selected\">Bei Produkten, die auf eine verbesserte Bioverf\u00fcgbarkeit abzielen, kann eine Co-Formulierung mit Phospholipiden oder Tr\u00e4gern auf Lipidbasis wie MCT-\u00d6l erprobt werden.<\/span><\/li>\n<\/ul>\n<\/li>\n<\/ul>\n<h2><strong><span class=\"selected\">Kompatibilit\u00e4t &amp; Co-Formulierung<\/span><\/strong><\/h2>\n<p><span class=\"selected\">Fisetin ist chemisch stabil und weist eine ausgezeichnete Kompatibilit\u00e4t mit einer breiten Palette g\u00e4ngiger nutrazeutischer Inhaltsstoffe auf. Es kann effektiv zusammen mit formuliert werden:<\/span><\/p>\n<ul>\n<li><span class=\"selected\">Andere Flavonoide wie Quercetin und Luteolin<\/span><\/li>\n<li><span class=\"selected\">Vitamine (z. B. Vitamin C, Vitamin D3)<\/span><\/li>\n<li><span class=\"selected\">Mineralien (z. B. Zink, Magnesium)<\/span><\/li>\n<li><span class=\"selected\">Pr\u00e4biotische Fasern und andere pflanzliche Extrakte<\/span><\/li>\n<\/ul>\n<p><span class=\"selected\">Es bleibt in den meisten Dry-Blend-Systemen stabil und interagiert in der Regel nicht mit den \u00fcblichen Hilfsstoffen.<\/span><\/p>\n<h2><strong><span class=\"selected\">Stabilit\u00e4t und Lagerung<\/span><\/strong><\/h2>\n<p><span class=\"selected\">Eine sachgem\u00e4\u00dfe Handhabung und Lagerung ist entscheidend f\u00fcr die Erhaltung der Wirksamkeit und Haltbarkeit von hochreinem Fisetin.<\/span><\/p>\n<ul>\n<li><strong><span class=\"selected\">Stabilit\u00e4t:<\/span><\/strong><span class=\"selected\"> Das Pulver ist sehr stabil, wenn es vor Feuchtigkeit gesch\u00fctzt wird. Es ist empfindlich gegen Abbau bei l\u00e4ngerer Einwirkung von starkem Licht und hohen Temperaturen (&gt;40\u00b0C). Es ist am stabilsten in neutralen bis sauren pH-Umgebungen und kann in stark alkalischen Bedingungen abgebaut werden.<\/span><\/li>\n<li><strong><span class=\"selected\">Empfehlungen f\u00fcr die Lagerung:<\/span><\/strong><span class=\"selected\"> Um maximale Stabilit\u00e4t zu gew\u00e4hrleisten, in dicht verschlossenen, undurchsichtigen Beh\u00e4ltern an einem k\u00fchlen (unter 25\u00b0C) und trockenen Ort lagern. Von direktem Sonnenlicht und W\u00e4rmequellen fernhalten.<\/span><\/li>\n<li><strong><span class=\"selected\">Haltbarkeitsdauer:<\/span><\/strong><span class=\"selected\"> 24 Monate ab dem Herstellungsdatum, wenn es unter den empfohlenen Bedingungen gelagert wird.<\/span><\/li>\n<\/ul>\n<h2><strong><span class=\"selected\">Informationen zur Sicherheit und zu gesetzlichen Bestimmungen<\/span><\/strong><\/h2>\n<ul>\n<li><strong><span class=\"selected\">Rechtlicher Status:<\/span><\/strong><span class=\"selected\"> Fisetin wird in den Vereinigten Staaten und anderen Regionen h\u00e4ufig als Bestandteil von Nahrungserg\u00e4nzungsmitteln verwendet. Es liegt in der Verantwortung des Markeninhabers, sicherzustellen, dass sein Endprodukt allen lokalen und regionalen Vorschriften entspricht.<\/span><\/li>\n<li><strong><span class=\"selected\">Kennzeichnung:<\/span><\/strong><span class=\"selected\"> Bei Nahrungserg\u00e4nzungsmitteln in den USA sollte der Inhaltsstoff auf dem Etikett als \"Fisetin\" oder \"Smoke Tree Extract (<\/span><em><span class=\"selected\">Cotinus coggygria<\/span><\/em><span class=\"selected\">) (Stamm)\".<\/span><\/li>\n<li><strong><span class=\"selected\">Sicherheit:<\/span><\/strong><span class=\"selected\"> Bei der Verwendung von Fisetin in den f\u00fcr Nahrungserg\u00e4nzungsmittel typischen Mengen wird es im Allgemeinen als sicher angesehen. Dieses Produkt ist ein konzentrierter Extrakt, der f\u00fcr die Herstellung bestimmt ist und nicht zum direkten Verzehr. Es wird nicht f\u00fcr schwangere oder stillende Frauen ohne R\u00fccksprache mit einem Arzt empfohlen.<\/span><\/li>\n<\/ul>\n<h2><strong><span class=\"selected\">H\u00e4ufig gestellte Fragen (FAQ)<\/span><\/strong><\/h2>\n<p><strong><span class=\"selected\">Q1: Liefern Sie Fisetin direkt von Ihrer Fabrik?<\/span><\/strong><\/p>\n<p><span class=\"selected\">A: Ja, wir sind der Originalhersteller und ein weltweiter Lieferant von <\/span><em><span class=\"selected\">Cotinus coggygria<\/span><\/em><span class=\"selected\"> Auszug. Dieses Modell der Direktvermarktung gew\u00e4hrleistet eine vollst\u00e4ndige R\u00fcckverfolgbarkeit, wettbewerbsf\u00e4hige Preise und eine stabile, ununterbrochene Lieferkette f\u00fcr unsere Partner.<\/span><\/p>\n<p><strong><span class=\"selected\">F2: Welches Extraktionsl\u00f6sungsmittel wird bei diesem Verfahren verwendet?<\/span><\/strong><\/p>\n<p><span class=\"selected\">A: Wir verwenden f\u00fcr den Extraktionsprozess ausschlie\u00dflich Ethanol in Lebensmittelqualit\u00e4t und gereinigtes Wasser. Unsere Reinigungsmethoden sind darauf ausgelegt, diese L\u00f6sungsmittel wirksam zu entfernen, und unser Endprodukt h\u00e4lt die strengen Grenzwerte f\u00fcr L\u00f6sungsmittelr\u00fcckst\u00e4nde gem\u00e4\u00df USP  und EP 5.4 durchweg ein. Ein detaillierter L\u00f6sungsmittelbericht ist in jeder chargenspezifischen COA enthalten.<\/span><\/p>\n<p><strong><span class=\"selected\">Q3: Kann ich ein Muster f\u00fcr F&amp;E-Tests und Bewertungen erhalten?<\/span><\/strong><\/p>\n<p><span class=\"selected\">A: Auf jeden Fall. Wir ermutigen unsere Kunden, ihre eigenen Bewertungen vorzunehmen. Bitte verwenden Sie das unten stehende Kontaktformular, um ein kostenloses F&amp;E-Muster anzufordern. Unser technisches Team steht Ihnen auch f\u00fcr alle Fragen zur Verf\u00fcgung.<\/span><\/p>\n<p><strong><span class=\"selected\">Q4: Wie hoch ist Ihre Mindestbestellmenge (MOQ) f\u00fcr dieses Produkt?<\/span><\/strong><\/p>\n<p><span class=\"selected\">A: Unsere Standardverpackung und MOQ ist 25 kg in einer Fasertrommel. Wir sind jedoch flexibel und k\u00f6nnen oft kleinere Testbestellungen f\u00fcr die Entwicklung neuer Produkte unterst\u00fctzen. Bitte kontaktieren Sie uns mit Ihren spezifischen Mengenanforderungen f\u00fcr ein individuelles Angebot.<\/span><\/p>","protected":false},"excerpt":{"rendered":"<ul>\n<li><b>Produkt:<\/b> Fisetin 98% Pulver (HPLC)<\/li>\n<li><b>Quelle:<\/b> Hochreiner Extrakt aus <i>Cotinus coggygria<\/i> (Smoke Tree).<\/li>\n<li><b>Erscheinungsbild:<\/b> Feines, gelbes, kristallines Pulver.<\/li>\n<li><b>Anwendungen:<\/b> Ideal f\u00fcr Nahrungserg\u00e4nzungsmittel (Kapseln, Tabletten) und funktionelle Lebensmittel, die auf gesundes Altern und zellul\u00e4re Gesundheit abzielen.<\/li>\n<li><b>Wesentliche Merkmale:<\/b> Die Reinheit von \u226598% wurde durch HPLC best\u00e4tigt, die Flie\u00dff\u00e4higkeit ist ausgezeichnet, der R\u00fcckstand an L\u00f6sungsmitteln ist gering und es wird direkt von einem GMP-zertifizierten Hersteller bezogen.<\/li>\n<\/ul>","protected":false},"featured_media":1047,"comment_status":"open","ping_status":"closed","template":"","meta":{"_acf_changed":false},"product_brand":[],"product_cat":[21],"product_tag":[],"class_list":{"0":"post-1046","1":"product","2":"type-product","3":"status-publish","4":"has-post-thumbnail","6":"product_cat-plant-extracts","8":"first","9":"instock","10":"shipping-taxable","11":"product-type-simple"},"acf":[],"_links":{"self":[{"href":"https:\/\/bstextract.com\/de\/wp-json\/wp\/v2\/product\/1046","targetHints":{"allow":["GET"]}}],"collection":[{"href":"https:\/\/bstextract.com\/de\/wp-json\/wp\/v2\/product"}],"about":[{"href":"https:\/\/bstextract.com\/de\/wp-json\/wp\/v2\/types\/product"}],"replies":[{"embeddable":true,"href":"https:\/\/bstextract.com\/de\/wp-json\/wp\/v2\/comments?post=1046"}],"wp:featuredmedia":[{"embeddable":true,"href":"https:\/\/bstextract.com\/de\/wp-json\/wp\/v2\/media\/1047"}],"wp:attachment":[{"href":"https:\/\/bstextract.com\/de\/wp-json\/wp\/v2\/media?parent=1046"}],"wp:term":[{"taxonomy":"product_brand","embeddable":true,"href":"https:\/\/bstextract.com\/de\/wp-json\/wp\/v2\/product_brand?post=1046"},{"taxonomy":"product_cat","embeddable":true,"href":"https:\/\/bstextract.com\/de\/wp-json\/wp\/v2\/product_cat?post=1046"},{"taxonomy":"product_tag","embeddable":true,"href":"https:\/\/bstextract.com\/de\/wp-json\/wp\/v2\/product_tag?post=1046"}],"curies":[{"name":"wp","href":"https:\/\/api.w.org\/{rel}","templated":true}]}}