{"id":1093,"date":"2025-05-23T09:55:40","date_gmt":"2025-05-23T09:55:40","guid":{"rendered":"https:\/\/bstextract.com\/?post_type=product&#038;p=1093"},"modified":"2025-08-20T08:07:59","modified_gmt":"2025-08-20T08:07:59","slug":"bio-sojaproteinisolat","status":"publish","type":"product","link":"https:\/\/bstextract.com\/de\/produkt\/bio-sojaproteinisolat\/","title":{"rendered":"Bio-Sojaprotein-Isolat-Pulver"},"content":{"rendered":"<p><strong>Sojaprotein-Isolat<\/strong> ist ein hochreines Proteinpulver auf pflanzlicher Basis, das aus <strong>GVO-freie Sojabohnen<\/strong>. Mit einer <strong>90%-Proteingehalt<\/strong>Diese Zutat ist eine reichhaltige Quelle f\u00fcr komplettes Eiwei\u00df, das alle neun essenziellen Aminos\u00e4uren enth\u00e4lt und sich daher ideal f\u00fcr eine vegane und vegetarische Ern\u00e4hrung eignet.<\/p>\n<ul>\n<li><strong>Botanische Quelle<\/strong>: <em>Glycin max<\/em> (Sojabohnen)<\/li>\n<li><strong>CAS-Nummer<\/strong>: -<\/li>\n<li><strong>Andere Namen<\/strong>: Sojaproteinisolat, isoliertes Sojaprotein, Sojaproteinkonzentrat<\/li>\n<li><strong>Physisches Erscheinungsbild<\/strong>: Feines gelbes Pulver<\/li>\n<li><strong>Spezifikation<\/strong>: 90% Protein<\/li>\n<li><strong>Synonyme \/ Alternative Namen<\/strong>: Sojaprotein-Pulver, Soja-Isolat-Protein, isoliertes Soja-Protein<\/li>\n<li><strong>COA: <a href=\"https:\/\/bstextract.com\/wp-content\/uploads\/2025\/05\/Soy-Protein-Isolated-COA.pdf\">Sojaprotein isoliert COA<\/a><\/strong><\/li>\n<\/ul>\n<p>Durch fortschrittliche Filtrations- und Extraktionsverfahren hergestellt, sind unsere <strong>Sojaprotein-Isolat<\/strong> ist fettarm, cholesterinfrei und hoch verdaulich und eignet sich daher hervorragend f\u00fcr Sportern\u00e4hrung, Nahrungserg\u00e4nzungsmittel, funktionelle Lebensmittel und Getr\u00e4nke.<\/p>\n<p><img fetchpriority=\"high\" decoding=\"async\" class=\"aligncenter size-full wp-image-1097\" src=\"https:\/\/bstextract.com\/wp-content\/uploads\/2025\/05\/organic-soy-protein-600x338-1.webp\" alt=\"\" width=\"600\" height=\"338\" title=\"\" srcset=\"https:\/\/bstextract.com\/wp-content\/uploads\/2025\/05\/organic-soy-protein-600x338-1.webp 600w, https:\/\/bstextract.com\/wp-content\/uploads\/2025\/05\/organic-soy-protein-600x338-1-300x169.webp 300w, https:\/\/bstextract.com\/wp-content\/uploads\/2025\/05\/organic-soy-protein-600x338-1-18x10.webp 18w\" sizes=\"(max-width: 600px) 100vw, 600px\" \/><\/p>\n<h2>Technische Daten<\/h2>\n<div>\n<div tabindex=\"-1\">\n<table>\n<thead>\n<tr>\n<th>Parameter<\/th>\n<th>Spezifikation<\/th>\n<\/tr>\n<\/thead>\n<tbody>\n<tr>\n<td>Produktname<\/td>\n<td>Sojaprotein-Isolat<\/td>\n<\/tr>\n<tr>\n<td>Anderer Name<\/td>\n<td>Sojaprotein-Isolat<\/td>\n<\/tr>\n<tr>\n<td>Quelle<\/td>\n<td>Sojabohnen-Extrakt<\/td>\n<\/tr>\n<tr>\n<td>Erscheinungsbild<\/td>\n<td>Gelbes Puder<\/td>\n<\/tr>\n<tr>\n<td>Produkt-Spezifikation<\/td>\n<td>90%-Protein<\/td>\n<\/tr>\n<tr>\n<td>Verpackung<\/td>\n<td>1kg\/Beutel\/Karton oder 25kg\/Fass\/Karton, anpassbar<\/td>\n<\/tr>\n<tr>\n<td>Verf\u00fcgbarkeit von Proben<\/td>\n<td>Kostenlose Muster zur Verf\u00fcgung gestellt<\/td>\n<\/tr>\n<tr>\n<td>Haltbarkeitsdauer<\/td>\n<td>24 Monate (bei ordnungsgem\u00e4\u00dfer Lagerung)<\/td>\n<\/tr>\n<tr>\n<td>Lagerungsbedingungen<\/td>\n<td>In dichten, lichtbest\u00e4ndigen Beh\u00e4ltern aufbewahren. Vermeiden Sie direktes Sonnenlicht, Feuchtigkeit und \u00fcberm\u00e4\u00dfige Hitze.<\/td>\n<\/tr>\n<tr>\n<td>Zertifizierungen<\/td>\n<td>KOSHER, HACCP, ISO22000, HALAL, EU-Bio, USDA-Bio<\/td>\n<\/tr>\n<\/tbody>\n<\/table>\n<div>\n<div><\/div>\n<\/div>\n<\/div>\n<\/div>\n<p><strong>Wesentliche Merkmale<\/strong>:<\/p>\n<ul>\n<li>Hoher Proteingehalt (90%)<\/li>\n<li>Vollst\u00e4ndige pflanzliche Proteinquelle<\/li>\n<li>Veganer- und Vegetarierfreundlichkeit<\/li>\n<li>Fettarm, cholesterinfrei<\/li>\n<li>Frei von h\u00e4ufigen Allergenen wie Milchprodukten und Laktose<\/li>\n<li>Ausgezeichnete L\u00f6slichkeit und leicht in verschiedene Formulierungen zu mischen<\/li>\n<\/ul>\n<h2>Qualit\u00e4t und Einhaltung der Vorschriften<\/h2>\n<p>Unser <strong>Sojaprotein-Isolat<\/strong> wird unter strengen Qualit\u00e4tskontrollstandards hergestellt:<\/p>\n<ul>\n<li><strong>Zertifizierungen<\/strong>: KOSHER, HALAL, ISO22000, HACCP, EU Bio, USDA Bio<\/li>\n<li><strong>Einhaltung der Vorschriften<\/strong>: Entspricht den internationalen Normen USP, EP, CP<\/li>\n<li><strong>Pr\u00fcfung<\/strong>:\n<ul>\n<li>Reinheit des Proteins (90%)<\/li>\n<li>Mikrobiologische Sicherheit<\/li>\n<li>Schwermetalle<\/li>\n<li>R\u00fcckst\u00e4nde von Pestiziden<\/li>\n<\/ul>\n<\/li>\n<li><strong>COA<\/strong>: Analysezertifikat f\u00fcr jede Charge verf\u00fcgbar<\/li>\n<li><strong>Sicherheit<\/strong>: Vollst\u00e4ndige Kontaminationskontrolle und R\u00fcckverfolgbarkeit w\u00e4hrend der gesamten Produktion<\/li>\n<\/ul>\n<p><img decoding=\"async\" class=\"aligncenter wp-image-1539 size-large\" src=\"https:\/\/bstextract.com\/wp-content\/uploads\/2025\/05\/100011-1024x787.webp\" alt=\"USDA\" width=\"1024\" height=\"787\" title=\"\" srcset=\"https:\/\/bstextract.com\/wp-content\/uploads\/2025\/05\/100011-1024x787.webp 1024w, https:\/\/bstextract.com\/wp-content\/uploads\/2025\/05\/100011-300x230.webp 300w, https:\/\/bstextract.com\/wp-content\/uploads\/2025\/05\/100011-768x590.webp 768w, https:\/\/bstextract.com\/wp-content\/uploads\/2025\/05\/100011-1536x1180.webp 1536w, https:\/\/bstextract.com\/wp-content\/uploads\/2025\/05\/100011-16x12.webp 16w, https:\/\/bstextract.com\/wp-content\/uploads\/2025\/05\/100011-600x461.webp 600w, https:\/\/bstextract.com\/wp-content\/uploads\/2025\/05\/100011.webp 1700w\" sizes=\"(max-width: 1024px) 100vw, 1024px\" \/><\/p>\n<h2>Anwendungen<\/h2>\n<h3>Prim\u00e4rindustrie<\/h3>\n<ul>\n<li><strong>Sportliche Ern\u00e4hrung<\/strong><\/li>\n<li><strong>Nahrungserg\u00e4nzungsmittel<\/strong><\/li>\n<li><strong>Funktionelle Lebensmittel<\/strong><\/li>\n<li><strong>Getr\u00e4nke<\/strong><\/li>\n<li><strong>Mahlzeitenersatz-Pulver<\/strong><\/li>\n<li><strong>B\u00e4ckereiprodukte<\/strong><\/li>\n<li><strong>Vegane und vegetarische Lebensmittel<\/strong><\/li>\n<\/ul>\n<h3>Typische Anwendungsf\u00e4lle<\/h3>\n<ul>\n<li>Eiwei\u00dfshakes und Smoothies<\/li>\n<li>Mahlzeitenersatz und Produkte zur Gewichtskontrolle<\/li>\n<li>Mit Eiwei\u00df angereicherte Snacks und Riegel<\/li>\n<li>Joghurt und Milchalternativen auf pflanzlicher Basis<\/li>\n<li>Veganes Backen (Brot, Kuchen, Geb\u00e4ck)<\/li>\n<\/ul>\n<h3>Dosierungsempfehlungen<\/h3>\n<ul>\n<li>Allgemeine Verwendung: <strong>10-30g pro Portion<\/strong>je nach Formulierung<\/li>\n<li>Eiwei\u00dfgetr\u00e4nke: in der Regel 20 g pro Portion<\/li>\n<\/ul>\n<h3>Kompatibilit\u00e4t der Inhaltsstoffe<\/h3>\n<ul>\n<li>Gut kombinierbar mit:\n<ul>\n<li><a href=\"https:\/\/bstextract.com\/de\/produkt\/erbsenprotein\/\">Erbsenprotein<\/a><\/li>\n<li><a href=\"https:\/\/bstextract.com\/de\/produkt\/80-reisproteinpulver\/\">Braunes Reisprotein<\/a><\/li>\n<li>Haferprotein<\/li>\n<li>Superfoods und Pflanzenextrakte<\/li>\n<li>Vitamine und Mineralien<\/li>\n<\/ul>\n<\/li>\n<\/ul>\n<h2>Lieferung &amp; Service<\/h2>\n<ul>\n<li><strong>MOQ<\/strong>: 1kg<\/li>\n<li><strong>Verpackungs-Optionen<\/strong>:\n<ul>\n<li>1kg\/Beutel\/Karton<\/li>\n<li>25kg\/Fass\/Karton<\/li>\n<li>Kundenspezifische Verpackungen auf Anfrage erh\u00e4ltlich<\/li>\n<\/ul>\n<\/li>\n<li><strong>Lieferung in gro\u00dfen Mengen<\/strong>: Starke Produktionskapazit\u00e4ten und Unterst\u00fctzung der Lagerhaltung<\/li>\n<li><strong>OEM\/ODM<\/strong>: Vollst\u00e4ndiger Service f\u00fcr OEM\/ODM und Eigenmarkenoptionen<\/li>\n<li><strong>Vorlaufzeit<\/strong>: 5-7 Arbeitstage f\u00fcr vorr\u00e4tige Artikel<\/li>\n<li><strong>Versand<\/strong>: Weltweiter Versand per See-, Luft- oder Kurierdienst<\/li>\n<li><strong>Technische Unterst\u00fctzung<\/strong>: Formulierungsberatung und regulatorische Hinweise verf\u00fcgbar<\/li>\n<li><strong>After-Sales<\/strong>: Engagierte Kundenbetreuung und Nachbestellungsservice<\/li>\n<\/ul>\n<h2>Zeugnisse der Firma<\/h2>\n<p><strong>Xi'an Best Bio-Tech Co., Ltd.<\/strong> ist ein weltweiter Anbieter von <strong>pflanzliche Proteine<\/strong> und <strong>nat\u00fcrliche Kr\u00e4uterextrakte<\/strong>und bietet Kunden in \u00fcber 60 L\u00e4ndern qualitativ hochwertige Produkte und au\u00dfergew\u00f6hnlichen Service. Unser Werk in <strong>Yangling, China<\/strong> ist ausgestattet mit <strong>GMP-zertifizierte automatisierte Produktionslinien<\/strong> und fortschrittliche Qualit\u00e4tspr\u00fcfungsinstrumente.<\/p>\n<p>Die Zertifizierungen umfassen <strong>KOSCHER, HALAL, ISO9001, HACCP, USFDA<\/strong>Dadurch wird sichergestellt, dass unsere Produkte den strengen internationalen Normen entsprechen.<\/p>\n<p>Unser Produktportfolio umfasst:<\/p>\n<ul>\n<li><strong>Proteine auf Pflanzenbasis<\/strong><\/li>\n<li><strong>Pilzextrakte<\/strong><\/li>\n<li><strong>Kr\u00e4uterextrakte<\/strong><\/li>\n<li><strong>Obst- und Gem\u00fcsepulver<\/strong><\/li>\n<\/ul>\n<p>Wir verpflichten uns zur Bereitstellung <strong>sicher<\/strong>, <strong>wirksam<\/strong>und <strong>ma\u00dfgeschneiderte Zutaten<\/strong> zur Unterst\u00fctzung eines gesunden Lebensstils weltweit.<\/p>\n<h2>FAQs<\/h2>\n<h3>1. Wozu wird Sojaproteinisolat verwendet?<\/h3>\n<p>Es wird verwendet in <strong>Sportern\u00e4hrung<\/strong>, <strong>funktionelle Lebensmittel<\/strong>, <strong>Nahrungserg\u00e4nzungsmittel<\/strong>und <strong>pflanzliche Produkte<\/strong> als hochwertige Eiwei\u00dfquelle.<\/p>\n<h3>2. Wie hoch ist die typische Dosierung?<\/h3>\n<p>\u00dcbliche Portionsgr\u00f6\u00dfe: <strong>10-30g pro Portion<\/strong>je nach Anwendung.<\/p>\n<h3>3. Ist Ihr Sojaproteinisolat zertifiziert?<\/h3>\n<p>Ja - unser Produkt ist <strong>KOSHER, HALAL, ISO22000, HACCP, EU-Bio, USDA-Bio<\/strong> zertifiziert.<\/p>\n<h3>4. Bieten Sie OEM\/ODM-Dienste an?<\/h3>\n<p>Ja - wir bieten <strong>OEM\/ODM, Eigenmarke<\/strong>und ma\u00dfgeschneiderte Verpackungsl\u00f6sungen.<\/p>\n<h3>5. Wie hoch ist Ihr MOQ?<\/h3>\n<p><strong>1kg<\/strong>.<\/p>\n<h3>6. Wie sollte ich Sojaproteinisolat lagern?<\/h3>\n<p>Speichern in <strong>verschlossene, lichtbest\u00e4ndige Beh\u00e4lter<\/strong> weg von <strong>W\u00e4rme und Feuchtigkeit<\/strong> f\u00fcr optimale Qualit\u00e4t.<\/p>","protected":false},"excerpt":{"rendered":"<ul>\n<li><strong>Botanische Quelle<\/strong>: <em>Glycin max<\/em> (Sojabohnen)<\/li>\n<li><strong>Andere Namen<\/strong>: Sojaproteinisolat, isoliertes Sojaprotein, Sojaproteinkonzentrat<\/li>\n<li><strong>Physisches Erscheinungsbild<\/strong>: Feines gelbes Pulver<\/li>\n<li><strong>Spezifikation<\/strong>: 90% Protein<\/li>\n<li><strong>Synonyme \/ Alternative Namen<\/strong>: Sojaprotein-Pulver, Soja-Isolat-Protein, isoliertes Soja-Protein<\/li>\n<\/ul>\n<p>&nbsp;<\/p>","protected":false},"featured_media":1094,"comment_status":"open","ping_status":"closed","template":"","meta":{"_acf_changed":false},"product_brand":[],"product_cat":[21],"product_tag":[],"class_list":{"0":"post-1093","1":"product","2":"type-product","3":"status-publish","4":"has-post-thumbnail","6":"product_cat-plant-extracts","8":"first","9":"instock","10":"shipping-taxable","11":"product-type-simple"},"acf":[],"_links":{"self":[{"href":"https:\/\/bstextract.com\/de\/wp-json\/wp\/v2\/product\/1093","targetHints":{"allow":["GET"]}}],"collection":[{"href":"https:\/\/bstextract.com\/de\/wp-json\/wp\/v2\/product"}],"about":[{"href":"https:\/\/bstextract.com\/de\/wp-json\/wp\/v2\/types\/product"}],"replies":[{"embeddable":true,"href":"https:\/\/bstextract.com\/de\/wp-json\/wp\/v2\/comments?post=1093"}],"wp:featuredmedia":[{"embeddable":true,"href":"https:\/\/bstextract.com\/de\/wp-json\/wp\/v2\/media\/1094"}],"wp:attachment":[{"href":"https:\/\/bstextract.com\/de\/wp-json\/wp\/v2\/media?parent=1093"}],"wp:term":[{"taxonomy":"product_brand","embeddable":true,"href":"https:\/\/bstextract.com\/de\/wp-json\/wp\/v2\/product_brand?post=1093"},{"taxonomy":"product_cat","embeddable":true,"href":"https:\/\/bstextract.com\/de\/wp-json\/wp\/v2\/product_cat?post=1093"},{"taxonomy":"product_tag","embeddable":true,"href":"https:\/\/bstextract.com\/de\/wp-json\/wp\/v2\/product_tag?post=1093"}],"curies":[{"name":"wp","href":"https:\/\/api.w.org\/{rel}","templated":true}]}}