{"id":1125,"date":"2025-05-27T01:38:55","date_gmt":"2025-05-27T01:38:55","guid":{"rendered":"https:\/\/bstextract.com\/?post_type=product&#038;p=1125"},"modified":"2025-08-22T03:19:59","modified_gmt":"2025-08-22T03:19:59","slug":"pqq-pulver","status":"publish","type":"product","link":"https:\/\/bstextract.com\/de\/produkt\/pqq-pulver\/","title":{"rendered":"PQQ-Pulver"},"content":{"rendered":"<p><!-- Keyword Section (Outside Article) --><\/p>\n<h2><strong><span class=\"selected\">Produkt\u00fcbersicht<\/span><\/strong><\/h2>\n<p><span class=\"selected\">PQQ (Pyrrolochinolinchinon, CAS: 72909-34-3) ist eine leistungsstarke Chinonverbindung, die als funktionelle Zutat f\u00fcr moderne Nahrungserg\u00e4nzungsmittel und funktionelle Lebensmittel entwickelt wurde. Seine Rolle bei der Unterst\u00fctzung zellul\u00e4rer Funktionen macht es zu einem begehrten Bestandteil moderner Formulierungen.<\/span><\/p>\n<p><img fetchpriority=\"high\" decoding=\"async\" class=\"aligncenter size-large wp-image-1129\" src=\"https:\/\/bstextract.com\/wp-content\/uploads\/2025\/05\/pqq-powder-supplier-1024x416.jpg\" alt=\"\" width=\"800\" height=\"325\" title=\"\" srcset=\"https:\/\/bstextract.com\/wp-content\/uploads\/2025\/05\/pqq-powder-supplier-1024x416.jpg 1024w, https:\/\/bstextract.com\/wp-content\/uploads\/2025\/05\/pqq-powder-supplier-300x122.jpg 300w, https:\/\/bstextract.com\/wp-content\/uploads\/2025\/05\/pqq-powder-supplier-768x312.jpg 768w, https:\/\/bstextract.com\/wp-content\/uploads\/2025\/05\/pqq-powder-supplier-1536x624.jpg 1536w, https:\/\/bstextract.com\/wp-content\/uploads\/2025\/05\/pqq-powder-supplier-18x7.jpg 18w, https:\/\/bstextract.com\/wp-content\/uploads\/2025\/05\/pqq-powder-supplier-600x244.jpg 600w, https:\/\/bstextract.com\/wp-content\/uploads\/2025\/05\/pqq-powder-supplier.jpg 1920w\" sizes=\"(max-width: 800px) 100vw, 800px\" \/><\/p>\n<p><strong><span class=\"selected\">Die wichtigsten Vorteile<\/span><\/strong><span class=\"selected\">:<\/span><\/p>\n<ul>\n<li><strong><span class=\"selected\">H\u00f6chste Reinheit<\/span><\/strong><span class=\"selected\">: HPLC-Best\u00e4tigung von \u226599%, die maximale Wirksamkeit und minimale Verunreinigungen gew\u00e4hrleistet.<\/span><\/li>\n<li><strong><span class=\"selected\">Ausgezeichnete L\u00f6slichkeit<\/span><\/strong><span class=\"selected\">: L\u00f6st sich leicht auf und l\u00e4sst sich nahtlos in Getr\u00e4nke-, Fl\u00fcssigkeits- und Kosmetikformulierungen integrieren.<\/span><\/li>\n<li><strong><span class=\"selected\">Direkte Fabrikbeschaffung<\/span><\/strong><span class=\"selected\">: Direkt von unserer GMP-zertifizierten Fabrik bezogen, die eine vollst\u00e4ndige R\u00fcckverfolgbarkeit und eine stabile Lieferkette garantiert.<\/span><\/li>\n<li><strong><span class=\"selected\">Konsistenz von Charge zu Charge<\/span><\/strong><span class=\"selected\">: Strenge Qualit\u00e4tskontrollen gew\u00e4hrleisten eine zuverl\u00e4ssige Leistung Ihres Endprodukts.<\/span><\/li>\n<li><strong><span class=\"selected\">Umfassende Dokumentation<\/span><\/strong><span class=\"selected\">: Ein vollst\u00e4ndiges Dokumentationspaket (COA, MSDS, Allergenerkl\u00e4rung) ist verf\u00fcgbar.<\/span><\/li>\n<\/ul>\n<h2><strong><span class=\"selected\">Wichtige technische Spezifikationen<\/span><\/strong><\/h2>\n<table>\n<tbody>\n<tr>\n<th><span class=\"selected\">Parameter<\/span><\/th>\n<th><span class=\"selected\">Spezifikation<\/span><\/th>\n<th><span class=\"selected\">Typisches Ergebnis<\/span><\/th>\n<th><span class=\"selected\">Methode<\/span><\/th>\n<\/tr>\n<tr>\n<td><strong><span class=\"selected\">Identifizierung<\/span><\/strong><\/td>\n<td><span class=\"selected\">Entspricht dem IR-Spektrum<\/span><\/td>\n<td><span class=\"selected\">Entspricht<\/span><\/td>\n<td><span class=\"selected\">IR<\/span><\/td>\n<\/tr>\n<tr>\n<td><strong><span class=\"selected\">Erscheinungsbild<\/span><\/strong><\/td>\n<td><span class=\"selected\">Rotes bis r\u00f6tlich-braunes Pulver<\/span><\/td>\n<td><span class=\"selected\">Qualifiziert<\/span><\/td>\n<td><span class=\"selected\">Visuell<\/span><\/td>\n<\/tr>\n<tr>\n<td><strong><span class=\"selected\">Assay (Reinheit, als trocken)<\/span><\/strong><\/td>\n<td><span class=\"selected\">\u226599.0%<\/span><\/td>\n<td><span class=\"selected\">100.24%<\/span><\/td>\n<td><span class=\"selected\">HPLC<\/span><\/td>\n<\/tr>\n<tr>\n<td><strong><span class=\"selected\">Verlust beim Trocknen<\/span><\/strong><\/td>\n<td><span class=\"selected\">\u226412,0 g\/100g<\/span><\/td>\n<td><span class=\"selected\">9,03 g\/100g<\/span><\/td>\n<td><span class=\"selected\">Fischer-Titration<\/span><\/td>\n<\/tr>\n<tr>\n<td><strong><span class=\"selected\">Alkohol R\u00fcckstand<\/span><\/strong><\/td>\n<td><span class=\"selected\">\u22643000 mg\/kg<\/span><\/td>\n<td><span class=\"selected\">Qualifiziert<\/span><\/td>\n<td><span class=\"selected\">GC<\/span><\/td>\n<\/tr>\n<tr>\n<td><strong><span class=\"selected\">Schwermetalle<\/span><\/strong><\/td>\n<td><\/td>\n<td><\/td>\n<td><\/td>\n<\/tr>\n<tr>\n<td><span class=\"selected\">Blei (Pb)<\/span><\/td>\n<td><span class=\"selected\">\u22640,5 ppm<\/span><\/td>\n<td><span class=\"selected\">Qualifiziert<\/span><\/td>\n<td><span class=\"selected\">ICP-MS<\/span><\/td>\n<\/tr>\n<tr>\n<td><span class=\"selected\">Arsen (As)<\/span><\/td>\n<td><span class=\"selected\">\u22640,5 ppm<\/span><\/td>\n<td><span class=\"selected\">Qualifiziert<\/span><\/td>\n<td><span class=\"selected\">ICP-MS<\/span><\/td>\n<\/tr>\n<tr>\n<td><span class=\"selected\">Quecksilber (Hg)<\/span><\/td>\n<td><span class=\"selected\">\u22640,1 ppm<\/span><\/td>\n<td><span class=\"selected\">Qualifiziert<\/span><\/td>\n<td><span class=\"selected\">ICP-MS<\/span><\/td>\n<\/tr>\n<tr>\n<td><span class=\"selected\">Kadmium (Cd)<\/span><\/td>\n<td><span class=\"selected\">\u22640,5 ppm<\/span><\/td>\n<td><span class=\"selected\">Qualifiziert<\/span><\/td>\n<td><span class=\"selected\">ICP-MS<\/span><\/td>\n<\/tr>\n<tr>\n<td><strong><span class=\"selected\">Mikrobiologisch<\/span><\/strong><\/td>\n<td><\/td>\n<td><\/td>\n<td><\/td>\n<\/tr>\n<tr>\n<td><span class=\"selected\">Gesamtplattenzahl<\/span><\/td>\n<td><span class=\"selected\">\u22641000 cfu\/g<\/span><\/td>\n<td><span class=\"selected\">50 KBE\/g<\/span><\/td>\n<td><span class=\"selected\">MPN<\/span><\/td>\n<\/tr>\n<tr>\n<td><span class=\"selected\">Hefe und Schimmel<\/span><\/td>\n<td><span class=\"selected\">\u2264100 KBE\/g<\/span><\/td>\n<td><span class=\"selected\">10 KBE\/g<\/span><\/td>\n<td><span class=\"selected\">MPN<\/span><\/td>\n<\/tr>\n<tr>\n<td><span class=\"selected\">E. coli<\/span><\/td>\n<td><span class=\"selected\">Negativ\/10g<\/span><\/td>\n<td><span class=\"selected\">Qualifiziert<\/span><\/td>\n<td><span class=\"selected\">MPN<\/span><\/td>\n<\/tr>\n<tr>\n<td><span class=\"selected\">Salmonellen<\/span><\/td>\n<td><span class=\"selected\">Negativ\/10g<\/span><\/td>\n<td><span class=\"selected\">Qualifiziert<\/span><\/td>\n<td><span class=\"selected\">MPN<\/span><\/td>\n<\/tr>\n<tr>\n<td><span class=\"selected\">Staphylococcus aureus<\/span><\/td>\n<td><span class=\"selected\">Negativ\/10g<\/span><\/td>\n<td><span class=\"selected\">Qualifiziert<\/span><\/td>\n<td><span class=\"selected\">MPN<\/span><\/td>\n<\/tr>\n<\/tbody>\n<\/table>\n<h2><strong><span class=\"selected\">Qualit\u00e4tskontrolle und Dokumentation<\/span><\/strong><\/h2>\n<p><span class=\"selected\">Unser Engagement f\u00fcr Qualit\u00e4t wird durch strenge, validierte Analysemethoden best\u00e4tigt. Wir verwenden Hochleistungsfl\u00fcssigkeitschromatographie (HPLC) f\u00fcr die Genauigkeit der Analyse und induktiv gekoppelte Plasmamassenspektrometrie (ICP-MS) f\u00fcr den hochempfindlichen Nachweis von Schwermetallen. Da die <\/span><strong><span class=\"selected\">Originalhersteller und Exporteur<\/span><\/strong><span class=\"selected\">Bei jeder Bestellung liefern wir ein komplettes Paket von Dokumenten:<\/span><\/p>\n<ul>\n<li><span class=\"selected\">Analysenzertifikat (COA) f\u00fcr die jeweilige Charge<\/span><\/li>\n<li><span class=\"selected\">Sicherheitsdatenblatt (MSDS)<\/span><\/li>\n<li><span class=\"selected\">Allergene Erkl\u00e4rung<\/span><\/li>\n<li><span class=\"selected\">Non-GMO-Erkl\u00e4rung<\/span><\/li>\n<li><span class=\"selected\">Zertifizierungen (z. B. ISO, Halal\/Kosher, falls zutreffend)<\/span><\/li>\n<\/ul>\n<h2><strong><span class=\"selected\">Anwendungen und Formulierungshinweise<\/span><\/strong><\/h2>\n<p><span class=\"selected\">PQQ-Pulver ist ein vielseitiger Inhaltsstoff, der sich f\u00fcr verschiedene Darreichungsformen eignet.<\/span><\/p>\n<ul>\n<li><strong><span class=\"selected\">Nahrungserg\u00e4nzungsmittel<\/span><\/strong><span class=\"selected\">: Ideal f\u00fcr Kapseln und Tabletten, die auf kognitive Gesundheit und Zellenergie abzielen. Empfohlene Dosierung: 10-20 mg pro Portion.<\/span><\/li>\n<li><strong><span class=\"selected\">Funktionelle Getr\u00e4nke<\/span><\/strong><span class=\"selected\">: Aufgrund seiner guten Wasserl\u00f6slichkeit kann es in Energydrinks, nootropischen Shots und Anti-Aging-Getr\u00e4nken verwendet werden. Empfohlene Dosierung: 5-15 mg pro Portion. <\/span><strong><span class=\"selected\">Hinweis<\/span><\/strong><span class=\"selected\">: PQQ verleiht dem Endprodukt einen r\u00f6tlichen\/braunen Farbton.<\/span><\/li>\n<li><strong><span class=\"selected\">Kosmetika &amp; Hautpflege<\/span><\/strong><span class=\"selected\">: Kann in antioxidativen Seren, Anti-Aging-Cremes und Schutzlotionen verwendet werden. Empfohlener Gehalt: 0,1-0,5%.<\/span><\/li>\n<li><strong><span class=\"selected\">Tipp zur Formulierung<\/span><\/strong><span class=\"selected\">: F\u00fcr eine optimale Stabilit\u00e4t in w\u00e4ssrigen L\u00f6sungen wird empfohlen, den pH-Wert der Formulierung zwischen 3,0 und 6,0 zu halten.<\/span><\/li>\n<\/ul>\n<h2><strong><span class=\"selected\">Empfehlungen zu Stabilit\u00e4t und Lagerung<\/span><\/strong><\/h2>\n<ul>\n<li><strong><span class=\"selected\">Stabilit\u00e4t<\/span><\/strong><span class=\"selected\">: PQQ ist empfindlich gegen\u00fcber Licht und hohen Temperaturen. L\u00e4ngere Einwirkung kann zu einer Zersetzung f\u00fchren. Wir empfehlen die Verwendung einer lichtundurchl\u00e4ssigen Verpackung f\u00fcr das Endprodukt.<\/span><\/li>\n<li><strong><span class=\"selected\">Lagerung<\/span><\/strong><span class=\"selected\">: An einem k\u00fchlen, trockenen Ort (unter 25\u00b0C) im originalen, dicht verschlossenen Beh\u00e4lter aufbewahren und vor direkter Sonneneinstrahlung und Feuchtigkeit sch\u00fctzen.<\/span><\/li>\n<li><strong><span class=\"selected\">Haltbarkeitsdauer<\/span><\/strong><span class=\"selected\">24 Monate ab dem Herstellungsdatum, wenn es unter den empfohlenen Bedingungen gelagert wird.<\/span><\/li>\n<\/ul>\n<h2><strong><span class=\"selected\">Informationen zur Sicherheit und zu gesetzlichen Bestimmungen<\/span><\/strong><\/h2>\n<p><span class=\"selected\">Dieses Produkt ist f\u00fcr die Verwendung als Rohmaterial in der Produktion bestimmt. Es entspricht den branchen\u00fcblichen Grenzwerten f\u00fcr Schwermetalle und mikrobielle Kontamination. F\u00fcr den spezifischen regionalen regulatorischen Status (z. B. GRAS in den USA) wenden Sie sich bitte an unser Regulierungsteam, das Sie unterst\u00fctzt.<\/span><\/p>\n<h2><strong><span class=\"selected\">H\u00e4ufig gestellte Fragen (FAQ)<\/span><\/strong><\/h2>\n<p><strong><span class=\"selected\">F: Liefern Sie PQQ-Pulver direkt ab Werk?<\/span><\/strong><\/p>\n<p><span class=\"selected\">A: Ja, wir sind die <\/span><strong><span class=\"selected\">Originalhersteller<\/span><\/strong><span class=\"selected\">. Dies gew\u00e4hrleistet eine transparente und stabile Lieferkette, gleichbleibende Qualit\u00e4t und wettbewerbsf\u00e4hige Preise f\u00fcr unsere weltweiten Kunden.<\/span><\/p>\n<p><strong><span class=\"selected\">F: Was ist die Mindestbestellmenge (MOQ)?<\/span><\/strong><\/p>\n<p><span class=\"selected\">A: Unser Standard-MOQ betr\u00e4gt 25 kg. F\u00fcr F&amp;E oder die Pilotproduktion k\u00f6nnen auch kleinere Bestellungen f\u00fcr Versuche angenommen werden. Bitte kontaktieren Sie uns f\u00fcr ein Angebot.<\/span><\/p>\n<p><strong><span class=\"selected\">F: Kann ich ein Muster f\u00fcr Forschung und Entwicklung erhalten?<\/span><\/strong><\/p>\n<p><span class=\"selected\">A: Auf jeden Fall. Wir stellen Muster f\u00fcr Formulierungstests und Bewertungen zur Verf\u00fcgung. Bitte verwenden Sie die Schaltfl\u00e4che unten, um Ihre Anfrage einzureichen.<\/span><\/p>\n<p><strong><span class=\"selected\">F: Welche Verpackungsm\u00f6glichkeiten gibt es?<\/span><\/strong><\/p>\n<p><span class=\"selected\">A: PQQ-Pulver wird normalerweise in 1kg-Aluminiumfoliens\u00e4cken in 25kg-Fasertrommeln verpackt. Kundenspezifische Verpackungen sind f\u00fcr Gro\u00dfauftr\u00e4ge von Exporteuren erh\u00e4ltlich.<\/span><\/p>","protected":false},"excerpt":{"rendered":"<ul>\n<li><strong><span class=\"selected\">PQQ (Pyrrolochinolinchinon) Pulver \u226599% (HPLC)<\/span><\/strong><\/li>\n<li><span class=\"selected\">Ein hochreines, r\u00f6tlich-braunes, feines Pulver.<\/span><\/li>\n<li><span class=\"selected\">Ideal f\u00fcr Nahrungserg\u00e4nzungsmittel, nootropische Formeln und funktionelle Getr\u00e4nke.<\/span><\/li>\n<li><span class=\"selected\">Ausgezeichnete Wasserl\u00f6slichkeit und gleichbleibende Chargenqualit\u00e4t.<\/span><\/li>\n<li><span class=\"selected\">Erh\u00e4ltlich direkt vom Hersteller f\u00fcr eine zuverl\u00e4ssige, weltweite Versorgung.<\/span><\/li>\n<\/ul>","protected":false},"featured_media":1126,"comment_status":"open","ping_status":"closed","template":"","meta":{"_acf_changed":false},"product_brand":[],"product_cat":[15],"product_tag":[],"class_list":{"0":"post-1125","1":"product","2":"type-product","3":"status-publish","4":"has-post-thumbnail","6":"product_cat-dietary-supplements","8":"first","9":"instock","10":"shipping-taxable","11":"product-type-simple"},"acf":[],"_links":{"self":[{"href":"https:\/\/bstextract.com\/de\/wp-json\/wp\/v2\/product\/1125","targetHints":{"allow":["GET"]}}],"collection":[{"href":"https:\/\/bstextract.com\/de\/wp-json\/wp\/v2\/product"}],"about":[{"href":"https:\/\/bstextract.com\/de\/wp-json\/wp\/v2\/types\/product"}],"replies":[{"embeddable":true,"href":"https:\/\/bstextract.com\/de\/wp-json\/wp\/v2\/comments?post=1125"}],"wp:featuredmedia":[{"embeddable":true,"href":"https:\/\/bstextract.com\/de\/wp-json\/wp\/v2\/media\/1126"}],"wp:attachment":[{"href":"https:\/\/bstextract.com\/de\/wp-json\/wp\/v2\/media?parent=1125"}],"wp:term":[{"taxonomy":"product_brand","embeddable":true,"href":"https:\/\/bstextract.com\/de\/wp-json\/wp\/v2\/product_brand?post=1125"},{"taxonomy":"product_cat","embeddable":true,"href":"https:\/\/bstextract.com\/de\/wp-json\/wp\/v2\/product_cat?post=1125"},{"taxonomy":"product_tag","embeddable":true,"href":"https:\/\/bstextract.com\/de\/wp-json\/wp\/v2\/product_tag?post=1125"}],"curies":[{"name":"wp","href":"https:\/\/api.w.org\/{rel}","templated":true}]}}