{"id":1139,"date":"2025-05-27T02:04:27","date_gmt":"2025-05-27T02:04:27","guid":{"rendered":"https:\/\/bstextract.com\/?post_type=product&#038;p=1139"},"modified":"2025-11-21T02:49:36","modified_gmt":"2025-11-21T02:49:36","slug":"spermidin-trihydrochlorid","status":"publish","type":"product","link":"https:\/\/bstextract.com\/de\/produkt\/spermidin-trihydrochlorid\/","title":{"rendered":"Spermidin Trihydrochlorid"},"content":{"rendered":"<p><!-- Keyword Section (Outside Article) --><\/p>\n<h2>Was ist Spermidin Trihydrochlorid?<\/h2>\n<p><strong>Spermidin Trihydrochlorid<\/strong>, auch bekannt als <strong>Spermidin 3HCL<\/strong> oder <strong>Spermidin-Hydrochlorid<\/strong>ist ein hochgereinigtes Polyaminsalz, das aus nat\u00fcrlichen Quellen wie <a href=\"https:\/\/chtnature.com\/product\/wheat-germ-extract-spermidine-0-2-powder\/\" target=\"_blank\" rel=\"noopener\"><strong>Weizenkeimextrakt<\/strong><\/a>. Es wird durch die CAS-Nr. identifiziert. <strong>334-50-9<\/strong> und erscheint als eine feine <strong>wei\u00dfes Pulver<\/strong>. Unser Produkt ist standardisiert auf eine Reinheit von <strong>99%<\/strong>Dadurch wird eine pharmazeutische und nutrazeutische Qualit\u00e4t gew\u00e4hrleistet, die f\u00fcr fortschrittliche Gesundheits- und Langlebigkeitsformulierungen geeignet ist.<\/p>\n<p>Spermidin ist wissenschaftlich anerkannt f\u00fcr seine Rolle bei der Ausl\u00f6sung von <strong>Autophagie<\/strong>-der nat\u00fcrliche Prozess der Zellerneuerung des K\u00f6rpers. Es wird zunehmend f\u00fcr seine potenziellen Vorteile in folgenden Bereichen untersucht <strong>gesundes Altern, kognitive Unterst\u00fctzung, Immunmodulation und kardiovaskul\u00e4re Wellness<\/strong>.<\/p>\n<h2>Anwendungen von Spermidin Trihydrochlorid<\/h2>\n<p>Spermidin-Trihydrochlorid wird \u00fcblicherweise verwendet in <strong>Anti-Aging-Nahrungserg\u00e4nzungsmittel, Formeln zur Unterst\u00fctzung der Langlebigkeit und Produkte f\u00fcr die Zellgesundheit<\/strong>. Es wird typischerweise formuliert als <strong>Kapseln, Tabletten, Pulver und Funktionsgetr\u00e4nke<\/strong> f\u00fcr Verbraucher, die sich f\u00fcr Biohacking, die Gesundheit des Gehirns und die Optimierung der Lebensspanne interessieren.<\/p>\n<p>In der Forschung und pharmazeutischen Entwicklung wird Spermidin auch in Studien zu folgenden Themen eingesetzt <strong>Zellwachstum, Apoptoseregulierung und Autophagiepfade<\/strong>. Da die Nachfrage nach evidenzbasierten Inhaltsstoffen f\u00fcr Langlebigkeit weiter steigt, entwickelt sich Spermidin 3HCL zu einem Standardbestandteil in Nutrazeutika der n\u00e4chsten Generation.<\/p>\n<h2>H\u00e4ufig gestellte Fragen<\/h2>\n<p><strong>Wie hoch ist der Reinheitsgrad Ihres Spermidin-Trihydrochlorids?<\/strong><br \/>\nUnser Spermidin Trihydrochlorid ist standardisiert auf <strong>99% Reinheit<\/strong> f\u00fcr \u00fcberlegene Qualit\u00e4t und gleichbleibende Ergebnisse in den Formulierungen.<\/p>\n<p><strong>Wie sieht dieses Produkt aus?<\/strong><br \/>\nEs ist ein Bu\u00dfgeld, <strong>wei\u00dfes Pulver<\/strong> mit hervorragender L\u00f6slichkeit und hoher Stabilit\u00e4t sowohl f\u00fcr verkapselte als auch f\u00fcr fl\u00fcssige Formate.<\/p>\n<p><strong>Woher stammt Ihr Spermidin?<\/strong><br \/>\nUnser Spermidin 3HCL wird gewonnen aus <strong>Weizenkeimextrakt<\/strong>, eine nat\u00fcrliche und nachhaltige Quelle.<\/p>\n<p><strong>Was sind die wichtigsten Verwendungszwecke?<\/strong><br \/>\nVerwendet in <strong>Autophagie-f\u00f6rdernde Nahrungserg\u00e4nzungsmittel, kognitive Unterst\u00fctzung, Anti-Aging-Produkte und auf Langlebigkeit ausgerichtete Formulierungen<\/strong>.<\/p>\n<p><strong>Wie lange ist die Haltbarkeit und welche Lagerungsempfehlung gibt es?<\/strong><br \/>\nDie Haltbarkeitsdauer betr\u00e4gt <strong>24 Monate<\/strong> bei Speicherung in <strong>dichte, lichtbest\u00e4ndige Beh\u00e4lter<\/strong> vor Feuchtigkeit und Hitze sch\u00fctzen.<\/p>\n<p><strong>Welche Verpackungsm\u00f6glichkeiten gibt es?<\/strong><br \/>\nDie Standardverpackung umfasst <strong>1kg\/Beutel\/Karton<\/strong> oder <strong>25kg\/Fass oder Karton<\/strong>. Kundenspezifische Verpackungen sind auf Anfrage erh\u00e4ltlich.<\/p>\n<h2>\u00dcber Xi'an Best Bio-Tech Co, Ltd.<\/h2>\n<p><strong>Xi'an Best Bio-Tech Co., Ltd.<\/strong> widmet sich der Forschung, Entwicklung und dem weltweiten Handel mit hochwertigen nat\u00fcrlichen Kr\u00e4uterextrakten. Mit einem leidenschaftlichen und erfahrenen Team bieten wir einen 24\/7-Kundenservice und bem\u00fchen uns, Kunden in \u00fcber 60 L\u00e4ndern wettbewerbsf\u00e4hige Preise, stabile Qualit\u00e4t und aufmerksamen Service zu bieten.<\/p>\n<p>Unser Werk befindet sich in Yangling, Chinas gr\u00f6\u00dftem Zentrum f\u00fcr die Herstellung und den Vertrieb von Pflanzenextrakten. Ausgestattet mit fortschrittlichen Testinstrumenten und mehreren GMP-konformen automatisierten Produktionslinien gew\u00e4hrleisten wir eine strenge Qualit\u00e4tskontrolle von den Rohstoffen bis zum Endprodukt. Unsere Zertifizierungen umfassen <strong>Koscher, Halal, ISO9001 und USFDA<\/strong>.<\/p>\n<p>Unsere wichtigsten Produkte sind <strong>Pilzextrakte, Inhaltsstoffe f\u00fcr Nahrungserg\u00e4nzungsmittel, kosmetische Kr\u00e4uterextrakte sowie Obst- und Gem\u00fcsepulver<\/strong>. Wir sind bestrebt, sichere, wirksame und ma\u00dfgeschneiderte L\u00f6sungen anzubieten, die Kunden auf der ganzen Welt helfen, ein gesundes Leben zu f\u00fchren.<\/p>","protected":false},"excerpt":{"rendered":"<table>\n<tbody>\n<tr>\n<td colspan=\"1\" rowspan=\"1\">\n<div>\n<div><b>Anderer Name<\/b><\/div>\n<\/div>\n<\/td>\n<td colspan=\"1\" rowspan=\"1\">\n<div>\n<div>Spermidin 3HCL, Spermidinhydrochlorid<\/div>\n<\/div>\n<\/td>\n<\/tr>\n<tr>\n<td colspan=\"1\" rowspan=\"1\">\n<div>\n<div><b>CAS NO<\/b><\/div>\n<\/div>\n<\/td>\n<td colspan=\"1\" rowspan=\"1\">\n<div>\n<div>334-50-9<\/div>\n<\/div>\n<\/td>\n<\/tr>\n<tr>\n<td colspan=\"1\" rowspan=\"1\">\n<div>\n<div><b>Quelle<\/b><\/div>\n<\/div>\n<\/td>\n<td colspan=\"1\" rowspan=\"1\">\n<div>\n<div>Weizenkeim-Extrakt<\/div>\n<\/div>\n<\/td>\n<\/tr>\n<tr>\n<td colspan=\"1\" rowspan=\"1\">\n<div>\n<div><b>Erscheinungsbild<\/b><\/div>\n<\/div>\n<\/td>\n<td colspan=\"1\" rowspan=\"1\">\n<div>\n<div>Wei\u00dfes Puder<\/div>\n<\/div>\n<\/td>\n<\/tr>\n<tr>\n<td colspan=\"1\" rowspan=\"1\">\n<div>\n<div><b>Produkt-Spezifikation<\/b><\/div>\n<\/div>\n<\/td>\n<td colspan=\"1\" rowspan=\"1\">\n<div>\n<div>99%<\/div>\n<\/div>\n<\/td>\n<\/tr>\n<\/tbody>\n<\/table>","protected":false},"featured_media":1140,"comment_status":"open","ping_status":"closed","template":"","meta":{"_acf_changed":false},"product_brand":[],"product_cat":[15],"product_tag":[],"class_list":{"0":"post-1139","1":"product","2":"type-product","3":"status-publish","4":"has-post-thumbnail","6":"product_cat-dietary-supplements","8":"first","9":"instock","10":"shipping-taxable","11":"product-type-simple"},"acf":[],"_links":{"self":[{"href":"https:\/\/bstextract.com\/de\/wp-json\/wp\/v2\/product\/1139","targetHints":{"allow":["GET"]}}],"collection":[{"href":"https:\/\/bstextract.com\/de\/wp-json\/wp\/v2\/product"}],"about":[{"href":"https:\/\/bstextract.com\/de\/wp-json\/wp\/v2\/types\/product"}],"replies":[{"embeddable":true,"href":"https:\/\/bstextract.com\/de\/wp-json\/wp\/v2\/comments?post=1139"}],"wp:featuredmedia":[{"embeddable":true,"href":"https:\/\/bstextract.com\/de\/wp-json\/wp\/v2\/media\/1140"}],"wp:attachment":[{"href":"https:\/\/bstextract.com\/de\/wp-json\/wp\/v2\/media?parent=1139"}],"wp:term":[{"taxonomy":"product_brand","embeddable":true,"href":"https:\/\/bstextract.com\/de\/wp-json\/wp\/v2\/product_brand?post=1139"},{"taxonomy":"product_cat","embeddable":true,"href":"https:\/\/bstextract.com\/de\/wp-json\/wp\/v2\/product_cat?post=1139"},{"taxonomy":"product_tag","embeddable":true,"href":"https:\/\/bstextract.com\/de\/wp-json\/wp\/v2\/product_tag?post=1139"}],"curies":[{"name":"wp","href":"https:\/\/api.w.org\/{rel}","templated":true}]}}