{"id":1170,"date":"2025-05-29T02:57:51","date_gmt":"2025-05-29T02:57:51","guid":{"rendered":"https:\/\/bstextract.com\/?post_type=product&#038;p=1170"},"modified":"2025-05-30T02:33:12","modified_gmt":"2025-05-30T02:33:12","slug":"phosphatidylserin","status":"publish","type":"product","link":"https:\/\/bstextract.com\/de\/produkt\/phosphatidylserin\/","title":{"rendered":"Phosphatidylserin (PS)"},"content":{"rendered":"<h2>Was ist Phosphatidylserin?<\/h2>\n<p><strong>Phosphatidylserin (PS)<\/strong> ist ein nat\u00fcrlich vorkommendes Phospholipid und ein wichtiger struktureller Bestandteil von Zellmembranen, insbesondere im Gehirngewebe. Gewonnen aus <strong>Sojabohnenextrakt<\/strong>ist unser PS standardisiert auf <strong>20%, 50% und 70%<\/strong> Konzentrationen und erscheint als <strong>hellgelbes bis wei\u00dfes Pulver<\/strong>. Bekannt f\u00fcr die Unterst\u00fctzung <strong>kognitive Gesundheit, Ged\u00e4chtnisleistung und geistige Konzentration<\/strong>Es ist eine weit verbreitete funktionelle Zutat in der weltweiten Nutraceutical-Industrie.<\/p>\n<p>Als Fachmann <strong>Phosphatidylserin Hersteller und Fabrik<\/strong> mit Sitz in China bieten wir hochreines, aus Soja gewonnenes PS f\u00fcr Nahrungserg\u00e4nzungsmittel, Formeln f\u00fcr die Gesundheit des Gehirns und Wellness-Produkte. Unser Phosphatidylserin ist f\u00fcr eine breite Palette von Anwendungen geeignet, darunter <strong>Kapseln, Tabletten, Pulver und Funktionsgetr\u00e4nke<\/strong>.<\/p>\n<h2><a href=\"https:\/\/bstextract.com\/de\/phosphatidylserin-nutzen-verwendung-und-risiken\/\">Anwendungen von Phosphatidylserin<\/a><\/h2>\n<p>Phosphatidylserin wird \u00fcblicherweise verwendet in <strong>Nahrungserg\u00e4nzungsmittel zur Verbesserung des Ged\u00e4chtnisses, Nootropika, Produkte zum Stressabbau und Formeln zur Unterst\u00fctzung des Gehirns<\/strong>. Es tr\u00e4gt dazu bei, die Funktion der Neurotransmitter zu optimieren, den Cortisolspiegel zu senken und die geistige Leistungsf\u00e4higkeit zu verbessern, insbesondere bei \u00e4lteren Menschen und Personen mit kognitivem Abbau.<\/p>\n<p><img fetchpriority=\"high\" decoding=\"async\" class=\"aligncenter size-full wp-image-1165\" src=\"https:\/\/bstextract.com\/wp-content\/uploads\/2025\/05\/Phosphatidylserine-Benefits-Uses-and-Risks.png\" alt=\"\" width=\"1500\" height=\"1000\" title=\"\" srcset=\"https:\/\/bstextract.com\/wp-content\/uploads\/2025\/05\/Phosphatidylserine-Benefits-Uses-and-Risks.png 1500w, https:\/\/bstextract.com\/wp-content\/uploads\/2025\/05\/Phosphatidylserine-Benefits-Uses-and-Risks-300x200.png 300w, https:\/\/bstextract.com\/wp-content\/uploads\/2025\/05\/Phosphatidylserine-Benefits-Uses-and-Risks-1024x683.png 1024w, https:\/\/bstextract.com\/wp-content\/uploads\/2025\/05\/Phosphatidylserine-Benefits-Uses-and-Risks-768x512.png 768w, https:\/\/bstextract.com\/wp-content\/uploads\/2025\/05\/Phosphatidylserine-Benefits-Uses-and-Risks-18x12.png 18w, https:\/\/bstextract.com\/wp-content\/uploads\/2025\/05\/Phosphatidylserine-Benefits-Uses-and-Risks-600x400.png 600w\" sizes=\"(max-width: 1500px) 100vw, 1500px\" \/><\/p>\n<h2>H\u00e4ufig gestellte Fragen<\/h2>\n<p><strong>Aus welcher Quelle stammt Ihr Phosphatidylserin?<\/strong><br \/>\nUnser PS wird aus folgenden Quellen gewonnen <strong>GVO-freie Sojabohnen<\/strong>die eine hohe Reinheit und Pflanzenvertr\u00e4glichkeit gew\u00e4hrleisten.<\/p>\n<p><strong>Welche Konzentrationen gibt es?<\/strong><br \/>\nWir liefern PS mit <strong>20%, 50% und 70%<\/strong> Wirkstoffgehalt, um verschiedene Formulierungsanforderungen zu erf\u00fcllen.<\/p>\n<p><strong>Wie sieht das Pulver aus?<\/strong><br \/>\nEs ist ein <strong>hellgelbes bis wei\u00dfes Pulver<\/strong>geruchsneutral und hochstabil, geeignet f\u00fcr verschiedene Darreichungsformen.<\/p>\n<p><strong>Bieten Sie Gro\u00dflieferungen und individuelle Verpackungen an?<\/strong><br \/>\nJa, als vertrauensw\u00fcrdige <strong>Phosphatidylserin Fabrik und Lieferant<\/strong>bieten wir <strong>Gro\u00dfbestellungen, Eigenmarken-Dienstleistungen und <a href=\"https:\/\/bstextract.com\/de\/oem-odm-service\/\">OEM-Anpassung<\/a><\/strong>.<\/p>\n<p><strong>Wie sollte es gelagert werden?<\/strong><br \/>\nAufbewahren in einem <strong>k\u00fchler, trockener, lichtbest\u00e4ndiger Beh\u00e4lter<\/strong>. Haltbarkeitsdauer ist <strong>24 Monate<\/strong> unter angemessenen Lagerungsbedingungen.<\/p>\n<p><strong>Kann ich ein Muster anfordern?<\/strong><br \/>\nJa, <strong>Gratisproben<\/strong> sind f\u00fcr Tests und Produktentwicklung verf\u00fcgbar.<\/p>","protected":false},"excerpt":{"rendered":"<table>\n<tbody>\n<tr>\n<td colspan=\"1\" rowspan=\"1\">\n<div>\n<div><b>Anderer Name<\/b><\/div>\n<\/div>\n<\/td>\n<td colspan=\"1\" rowspan=\"1\">\n<div>\n<div>PS<\/div>\n<\/div>\n<\/td>\n<\/tr>\n<tr>\n<td colspan=\"1\" rowspan=\"1\">\n<div>\n<div><b>Quelle<\/b><\/div>\n<\/div>\n<\/td>\n<td colspan=\"1\" rowspan=\"1\">\n<div>\n<div>Sojabohnen-Extrakt<\/div>\n<\/div>\n<\/td>\n<\/tr>\n<tr>\n<td colspan=\"1\" rowspan=\"1\">\n<div>\n<div><b>Erscheinungsbild<\/b><\/div>\n<\/div>\n<\/td>\n<td colspan=\"1\" rowspan=\"1\">\n<div>\n<div>Hellgelbes bis wei\u00dfes Pulver<\/div>\n<\/div>\n<\/td>\n<\/tr>\n<tr>\n<td colspan=\"1\" rowspan=\"1\">\n<div>\n<div><b>Produkt-Spezifikation<\/b><\/div>\n<\/div>\n<\/td>\n<td colspan=\"1\" rowspan=\"1\">\n<div>\n<div>20% 50% 70%<\/div>\n<\/div>\n<\/td>\n<\/tr>\n<\/tbody>\n<\/table>","protected":false},"featured_media":1173,"comment_status":"open","ping_status":"closed","template":"","meta":{"_acf_changed":false},"product_brand":[],"product_cat":[15],"product_tag":[],"class_list":{"0":"post-1170","1":"product","2":"type-product","3":"status-publish","4":"has-post-thumbnail","6":"product_cat-dietary-supplements","8":"first","9":"instock","10":"shipping-taxable","11":"product-type-simple"},"acf":[],"_links":{"self":[{"href":"https:\/\/bstextract.com\/de\/wp-json\/wp\/v2\/product\/1170","targetHints":{"allow":["GET"]}}],"collection":[{"href":"https:\/\/bstextract.com\/de\/wp-json\/wp\/v2\/product"}],"about":[{"href":"https:\/\/bstextract.com\/de\/wp-json\/wp\/v2\/types\/product"}],"replies":[{"embeddable":true,"href":"https:\/\/bstextract.com\/de\/wp-json\/wp\/v2\/comments?post=1170"}],"wp:featuredmedia":[{"embeddable":true,"href":"https:\/\/bstextract.com\/de\/wp-json\/wp\/v2\/media\/1173"}],"wp:attachment":[{"href":"https:\/\/bstextract.com\/de\/wp-json\/wp\/v2\/media?parent=1170"}],"wp:term":[{"taxonomy":"product_brand","embeddable":true,"href":"https:\/\/bstextract.com\/de\/wp-json\/wp\/v2\/product_brand?post=1170"},{"taxonomy":"product_cat","embeddable":true,"href":"https:\/\/bstextract.com\/de\/wp-json\/wp\/v2\/product_cat?post=1170"},{"taxonomy":"product_tag","embeddable":true,"href":"https:\/\/bstextract.com\/de\/wp-json\/wp\/v2\/product_tag?post=1170"}],"curies":[{"name":"wp","href":"https:\/\/api.w.org\/{rel}","templated":true}]}}