{"id":1197,"date":"2025-05-30T02:04:08","date_gmt":"2025-05-30T02:04:08","guid":{"rendered":"https:\/\/bstextract.com\/?post_type=product&#038;p=1197"},"modified":"2025-05-30T02:14:50","modified_gmt":"2025-05-30T02:14:50","slug":"vitamin-b3","status":"publish","type":"product","link":"https:\/\/bstextract.com\/de\/produkt\/vitamin-b3\/","title":{"rendered":"Vitamin B3 Nicotinamid (Niacinamid-Pulver)"},"content":{"rendered":"<p><!-- Keyword Section (Outside Article) --><\/p>\n<h2>Was ist Nicotinamid (Vitamin B3)?<\/h2>\n<p><strong>Vitamin B3 Nicotinamid<\/strong>, auch bekannt als <strong>Niacinamid-Pulver<\/strong>ist die Amidform von Vitamin B3 (Niacin) und weithin bekannt f\u00fcr seine <strong>dermatologische und ern\u00e4hrungsphysiologische Vorteile<\/strong>. Mit CAS-Nr. <strong>98-92-0<\/strong> und der Summenformel <strong>C<sub>6<\/sub>H<sub>6<\/sub>N<sub>2<\/sub>O<\/strong>erscheint es als eine feine <strong>wei\u00dfes Pulver<\/strong> und ist standardisiert auf <strong>99% Reinheit<\/strong>.<\/p>\n<p>Als Schl\u00fcsselzutat in beiden <strong>kosmetische und pharmazeutische Formulierungen<\/strong>Nicotinamid ist wasserl\u00f6slich, hitzestabil und ideal f\u00fcr Anwendungen mit folgenden Schwerpunkten <strong>Hautton, Feuchtigkeitsspeicherung, Anti-Aging und Reparatur der Hautbarriere<\/strong>. Es wird auch h\u00e4ufig in Nahrungserg\u00e4nzungsmitteln verwendet f\u00fcr <strong>Unterst\u00fctzung des Stoffwechsels und der zellul\u00e4ren Energieproduktion<\/strong>.<\/p>\n<h2>Anwendungen von Vitamin B3 Nicotinamid<\/h2>\n<p>Als vertrauensw\u00fcrdiger <strong>Vitamin B3 Hersteller und Niacinamid Fabrik<\/strong>liefern wir hochreines Nicotinamid zur Verwendung in <strong>aufhellende Seren, Anti-Akne-Produkte, Feuchtigkeitscremes, Sonnenpflege und Anti-Aging-Formulierungen<\/strong>. Es wird besonders gesch\u00e4tzt f\u00fcr seine F\u00e4higkeit <strong>reduziert Hyperpigmentierung, verfeinert das Hautbild und verbessert die Elastizit\u00e4t<\/strong>.<\/p>\n<p>Im nutrazeutischen Sektor wird es h\u00e4ufig in folgenden Produkten verwendet <strong>Kapseln, Tabletten, Puder und Energiemischungen<\/strong> zur Unterst\u00fctzung <strong>die Gesundheit des Stoffwechsels, die Funktion des Nervensystems und die Ern\u00e4hrung der Haut<\/strong> von innen heraus. Sein nicht ausschwemmendes Profil macht es zu einer vorteilhaften Alternative zu Niacin in di\u00e4tetischen Anwendungen.<\/p>\n<h2>H\u00e4ufig gestellte Fragen<\/h2>\n<p><strong>Wie hoch ist der Reinheitsgrad Ihres Vitamin B3-Nicotinamids?<\/strong><br \/>\nUnser Niacinamid-Pulver ist standardisiert auf <strong>99% Reinheit<\/strong> und sowohl f\u00fcr kosmetische als auch f\u00fcr lebensmitteltechnische Anwendungen geeignet.<\/p>\n<p><strong>Wie sieht das Produkt aus?<\/strong><br \/>\nEs ist ein <strong>wei\u00dfes, geruchloses Pulver<\/strong> mit ausgezeichneter Wasserl\u00f6slichkeit und hoher Formulierungskompatibilit\u00e4t.<\/p>\n<p><strong>Was sind die wichtigsten Verwendungszwecke von Nicotinamid?<\/strong><br \/>\nVerwendet in <strong>aufhellende Hautpflegeprodukte, Anti-Aging-Formeln, Aknebehandlungen, Nahrungserg\u00e4nzungsmittel und Unterst\u00fctzung des Energiestoffwechsels<\/strong>.<\/p>\n<p><strong>K\u00f6nnen Sie Gro\u00dflieferungen oder OEM-Service anbieten?<\/strong><br \/>\nJa, als Profi <strong>Vitamin-B3-Fabrik<\/strong>bieten wir <strong>Gro\u00dfverpackungen, OEM\/ODM-Dienste und kundenspezifische Eigenmarkenl\u00f6sungen<\/strong>.<\/p>\n<p><strong>Wie lange ist es haltbar und wie sollte es gelagert werden?<\/strong><br \/>\nDie Haltbarkeitsdauer betr\u00e4gt <strong>24 Monate<\/strong> bei Speicherung in <strong>k\u00fchle, trockene und verschlossene Beh\u00e4lter<\/strong> vor direkter Sonneneinstrahlung und Feuchtigkeit gesch\u00fctzt werden.<\/p>\n<p><strong>Ist ein Muster verf\u00fcgbar?<\/strong><br \/>\nJa, wir bieten <strong>Gratisproben<\/strong> f\u00fcr Produkttests und F&amp;E-Zwecke.<\/p>","protected":false},"excerpt":{"rendered":"<table>\n<tbody>\n<tr>\n<td colspan=\"1\" rowspan=\"1\">\n<div>\n<div><b>Anderer Name<\/b><\/div>\n<\/div>\n<\/td>\n<td colspan=\"1\" rowspan=\"1\">\n<div>\n<div>Niacinamid-Pulver<\/div>\n<\/div>\n<\/td>\n<\/tr>\n<tr>\n<td colspan=\"1\" rowspan=\"1\">\n<div>\n<div><b>CAS NO<\/b><\/div>\n<\/div>\n<\/td>\n<td colspan=\"1\" rowspan=\"1\">\n<div>\n<div>98-92-0<\/div>\n<\/div>\n<\/td>\n<\/tr>\n<tr>\n<td colspan=\"1\" rowspan=\"1\">\n<div>\n<div><b>Molekulare Formel<\/b><\/div>\n<\/div>\n<\/td>\n<td colspan=\"1\" rowspan=\"1\">\n<div>\n<div>C6H6N2O<\/div>\n<\/div>\n<\/td>\n<\/tr>\n<tr>\n<td colspan=\"1\" rowspan=\"1\">\n<div>\n<div><b>Erscheinungsbild<\/b><\/div>\n<\/div>\n<\/td>\n<td colspan=\"1\" rowspan=\"1\">\n<div>\n<div>Wei\u00dfes Puder<\/div>\n<\/div>\n<\/td>\n<\/tr>\n<tr>\n<td colspan=\"1\" rowspan=\"1\">\n<div>\n<div><b>Produkt-Spezifikation<\/b><\/div>\n<\/div>\n<\/td>\n<td colspan=\"1\" rowspan=\"1\">\n<div>\n<div>99%<\/div>\n<\/div>\n<\/td>\n<\/tr>\n<\/tbody>\n<\/table>","protected":false},"featured_media":1198,"comment_status":"open","ping_status":"closed","template":"","meta":{"_acf_changed":false},"product_brand":[],"product_cat":[22],"product_tag":[],"class_list":{"0":"post-1197","1":"product","2":"type-product","3":"status-publish","4":"has-post-thumbnail","6":"product_cat-cosmetic-personal-care-ingredients","8":"first","9":"instock","10":"shipping-taxable","11":"product-type-simple"},"acf":[],"_links":{"self":[{"href":"https:\/\/bstextract.com\/de\/wp-json\/wp\/v2\/product\/1197","targetHints":{"allow":["GET"]}}],"collection":[{"href":"https:\/\/bstextract.com\/de\/wp-json\/wp\/v2\/product"}],"about":[{"href":"https:\/\/bstextract.com\/de\/wp-json\/wp\/v2\/types\/product"}],"replies":[{"embeddable":true,"href":"https:\/\/bstextract.com\/de\/wp-json\/wp\/v2\/comments?post=1197"}],"wp:featuredmedia":[{"embeddable":true,"href":"https:\/\/bstextract.com\/de\/wp-json\/wp\/v2\/media\/1198"}],"wp:attachment":[{"href":"https:\/\/bstextract.com\/de\/wp-json\/wp\/v2\/media?parent=1197"}],"wp:term":[{"taxonomy":"product_brand","embeddable":true,"href":"https:\/\/bstextract.com\/de\/wp-json\/wp\/v2\/product_brand?post=1197"},{"taxonomy":"product_cat","embeddable":true,"href":"https:\/\/bstextract.com\/de\/wp-json\/wp\/v2\/product_cat?post=1197"},{"taxonomy":"product_tag","embeddable":true,"href":"https:\/\/bstextract.com\/de\/wp-json\/wp\/v2\/product_tag?post=1197"}],"curies":[{"name":"wp","href":"https:\/\/api.w.org\/{rel}","templated":true}]}}