{"id":1216,"date":"2025-06-03T02:31:32","date_gmt":"2025-06-03T02:31:32","guid":{"rendered":"https:\/\/bstextract.com\/?post_type=product&#038;p=1216"},"modified":"2025-06-03T03:02:04","modified_gmt":"2025-06-03T03:02:04","slug":"kojisaure-dipalmitat-pulver","status":"publish","type":"product","link":"https:\/\/bstextract.com\/de\/produkt\/kojisaure-dipalmitat-pulver\/","title":{"rendered":"Kojis\u00e4ure-Dipalmitat-Pulver"},"content":{"rendered":"<p><!-- Keyword Section (Outside Article) --><\/p>\n<h2>Was ist Kojis\u00e4ure-Dipalmitat?<\/h2>\n<p><strong>Kojis\u00e4ure-Dipalmitat<\/strong> ist ein stabiles, \u00f6ll\u00f6sliches Derivat der Kojis\u00e4ure, das f\u00fcr eine verbesserte Wirksamkeit und Formulierungsstabilit\u00e4t in kosmetischen Anwendungen entwickelt wurde. Identifiziert durch die CAS-Nr. <strong>79725-98-7<\/strong> und der Summenformel <strong>C<sub>38<\/sub>H<sub>66<\/sub>O<sub>6<\/sub><\/strong>erscheint diese hochreine Verbindung als feine <strong>wei\u00dfes Pulver<\/strong> und ist standardisiert auf <strong>99% Reinheit<\/strong>.<\/p>\n<p>Im Vergleich zum Standard <a href=\"https:\/\/bstextract.com\/de\/produkt\/kojisaure-pulver\/\">Kojis\u00e4ure<\/a>Kojic Acid Dipalmitate bietet bessere <strong>Best\u00e4ndigkeit gegen Hitze, Licht und Oxidation<\/strong>und hat gleichzeitig eine stark aufhellende Wirkung auf die Haut. Es wird h\u00e4ufig in fortschrittlichen Hautpflegeformulierungen verwendet, die auf Folgendes abzielen <strong>Hyperpigmentierung, Melasma, Altersflecken und ungleichm\u00e4\u00dfiger Hautton<\/strong>.<\/p>\n<h2>Anwendungen von Kojis\u00e4ure-Dipalmitat<\/h2>\n<p>Als ein f\u00fchrendes <strong>Kojic Acid Dipalmitate Hersteller und Fabrik f\u00fcr kosmetische Inhaltsstoffe<\/strong>liefern wir diesen erstklassigen Inhaltsstoff f\u00fcr die Verwendung in <strong>aufhellende Cremes, aufhellende Seren, Lotionen, Seifen und Anti-Aging-Formulierungen<\/strong>. Seine Lipidl\u00f6slichkeit macht es besonders wirksam bei <strong>Emulsionen und Cremes auf \u00d6lbasis<\/strong>.<\/p>\n<p>Kojis\u00e4ure-Dipalmitat wirkt durch Hemmung <strong>Tyrosinase<\/strong> Aktivit\u00e4t, des f\u00fcr die Melaninproduktion verantwortlichen Schl\u00fcsselenzyms, ohne Reizungen hervorzurufen. Es ist sowohl auf den asiatischen als auch auf den globalen Hautpflegem\u00e4rkten wegen seiner Sicherheit, Stabilit\u00e4t und sichtbaren Ergebnisse sehr beliebt. <strong>Produkte zur Hautaufhellung und Verbesserung der Ausstrahlung<\/strong>.<\/p>\n<h2>H\u00e4ufig gestellte Fragen<\/h2>\n<p><strong>Wie hoch ist der Reinheitsgrad Ihres Kojis\u00e4ure-Dipalmitats?<\/strong><br \/>\nUnser Produkt ist standardisiert auf <strong>99% Reinheit<\/strong> und eignet sich f\u00fcr kosmetisch wirksame Formulierungen.<\/p>\n<p><strong>Wie ist das Aussehen des Produkts?<\/strong><br \/>\nEs ist eine sch\u00f6ne <strong>wei\u00dfes Pulver<\/strong>Die Substanz ist geruchlos und unter den \u00fcblichen Lager- und Formulierungsbedingungen stabil.<\/p>\n<p><strong>Was sind seine wichtigsten Verwendungszwecke?<\/strong><br \/>\nVerwendet in <strong>aufhellende Hautpflege, Pigmentkorrektur, Anti-Aging-Kosmetik und aufhellende Formulierungen<\/strong>.<\/p>\n<p><strong>Was ist der Vorteil gegen\u00fcber normaler Kojis\u00e4ure?<\/strong><br \/>\nEs ist stabiler, \u00f6ll\u00f6slich und <strong>weniger wahrscheinlich oxidieren oder abbauen<\/strong> w\u00e4hrend der Lagerung oder der Verarbeitung der Formulierung.<\/p>","protected":false},"excerpt":{"rendered":"<table class=\"has-title all magic-13\">\n<tbody>\n<tr>\n<td colspan=\"1\" rowspan=\"1\">\n<div class=\"magic-17\" data-spm-anchor-id=\"a2700.details-description.0.i0.3b4aOlPCOlPCfT\">\n<div class=\"magic-4\" data-spm-anchor-id=\"a2700.details-description.0.i4.3b4aOlPCOlPCfT\"><span style=\"font-family: Verdana;\"><b data-spm-anchor-id=\"a2700.pc-decorate.0.i14.2a723333YPnhvL\">CAS NO<\/b><\/span><\/div>\n<\/div>\n<\/td>\n<td colspan=\"1\" rowspan=\"1\">\n<div class=\"magic-18\">\n<div class=\"magic-4\" data-spm-anchor-id=\"a2700.pc-decorate.0.i18.6a9333331GeDax\"><span style=\"font-family: Verdana;\">79725-98-7<\/span><\/div>\n<\/div>\n<\/td>\n<\/tr>\n<tr>\n<td colspan=\"1\" rowspan=\"1\">\n<div class=\"magic-17\">\n<div class=\"magic-4\" data-spm-anchor-id=\"a2700.pc-decorate.0.i17.6a9333331GeDax\"><span class=\"magic-12\" style=\"font-family: Verdana;\"><b data-spm-anchor-id=\"a2700.pc-decorate.0.i57.31b63333K2rRRx\">Molekulare Formel<\/b><\/span><\/div>\n<\/div>\n<\/td>\n<td colspan=\"1\" rowspan=\"1\">\n<div class=\"magic-18\" data-spm-anchor-id=\"a2700.details-description.0.i1.3b4aOlPCOlPCfT\">\n<div class=\"magic-4\" data-spm-anchor-id=\"a2700.pc-decorate.0.i13.63af3333GJR6zY\"><span class=\"magic-12\" style=\"font-family: Verdana;\">C38H66O6<\/span><\/div>\n<\/div>\n<\/td>\n<\/tr>\n<tr>\n<td colspan=\"1\" rowspan=\"1\">\n<div class=\"magic-17\">\n<div class=\"magic-4\" data-spm-anchor-id=\"a2700.pc-decorate.0.i24.314e3333J7ECxY\"><span class=\"magic-12\" style=\"font-family: Verdana;\"><b data-spm-anchor-id=\"a2700.pc-decorate.0.i56.31b63333K2rRRx\">Erscheinungsbild<\/b><\/span><\/div>\n<\/div>\n<\/td>\n<td colspan=\"1\" rowspan=\"1\">\n<div class=\"magic-18\">\n<div class=\"magic-4\" data-spm-anchor-id=\"a2700.pc-decorate.0.i16.314e3333J7ECxY\"><span class=\"magic-12\" style=\"font-family: Verdana;\">Wei\u00dfes Puder<\/span><\/div>\n<\/div>\n<\/td>\n<\/tr>\n<tr>\n<td colspan=\"1\" rowspan=\"1\">\n<div class=\"magic-14\">\n<div class=\"magic-4\" data-spm-anchor-id=\"a2700.pc-decorate.0.i104.48d23333C7xf0C\"><b class=\"magic-15\"><span class=\"magic-12\" style=\"font-family: Verdana;\">Produkt-Spezifikation<\/span><\/b><\/div>\n<\/div>\n<\/td>\n<td colspan=\"1\" rowspan=\"1\">\n<div class=\"magic-16\" data-spm-anchor-id=\"a2700.details-description.0.i3.3b4aOlPCOlPCfT\">\n<div class=\"magic-4\" data-spm-anchor-id=\"a2700.pc-decorate.0.i37.48d23333C7xf0C\"><span class=\"magic-15\" data-spm-anchor-id=\"a2700.pc-decorate.0.i39.48d23333C7xf0C\"><span class=\"magic-12\" style=\"font-family: Verdana;\">99%<\/span><\/span><\/div>\n<\/div>\n<\/td>\n<\/tr>\n<\/tbody>\n<\/table>","protected":false},"featured_media":1217,"comment_status":"open","ping_status":"closed","template":"","meta":{"_acf_changed":false},"product_brand":[],"product_cat":[22],"product_tag":[],"class_list":{"0":"post-1216","1":"product","2":"type-product","3":"status-publish","4":"has-post-thumbnail","6":"product_cat-cosmetic-personal-care-ingredients","8":"first","9":"instock","10":"shipping-taxable","11":"product-type-simple"},"acf":[],"_links":{"self":[{"href":"https:\/\/bstextract.com\/de\/wp-json\/wp\/v2\/product\/1216","targetHints":{"allow":["GET"]}}],"collection":[{"href":"https:\/\/bstextract.com\/de\/wp-json\/wp\/v2\/product"}],"about":[{"href":"https:\/\/bstextract.com\/de\/wp-json\/wp\/v2\/types\/product"}],"replies":[{"embeddable":true,"href":"https:\/\/bstextract.com\/de\/wp-json\/wp\/v2\/comments?post=1216"}],"wp:featuredmedia":[{"embeddable":true,"href":"https:\/\/bstextract.com\/de\/wp-json\/wp\/v2\/media\/1217"}],"wp:attachment":[{"href":"https:\/\/bstextract.com\/de\/wp-json\/wp\/v2\/media?parent=1216"}],"wp:term":[{"taxonomy":"product_brand","embeddable":true,"href":"https:\/\/bstextract.com\/de\/wp-json\/wp\/v2\/product_brand?post=1216"},{"taxonomy":"product_cat","embeddable":true,"href":"https:\/\/bstextract.com\/de\/wp-json\/wp\/v2\/product_cat?post=1216"},{"taxonomy":"product_tag","embeddable":true,"href":"https:\/\/bstextract.com\/de\/wp-json\/wp\/v2\/product_tag?post=1216"}],"curies":[{"name":"wp","href":"https:\/\/api.w.org\/{rel}","templated":true}]}}