{"id":1247,"date":"2025-06-04T02:13:23","date_gmt":"2025-06-04T02:13:23","guid":{"rendered":"https:\/\/bstextract.com\/?post_type=product&#038;p=1247"},"modified":"2025-07-23T08:57:08","modified_gmt":"2025-07-23T08:57:08","slug":"azelainsaure-pulver","status":"publish","type":"product","link":"https:\/\/bstextract.com\/de\/produkt\/azelainsaure-pulver\/","title":{"rendered":"Azelains\u00e4ure-Pulver"},"content":{"rendered":"<p><!-- Keyword Section (Outside Article) --><\/p>\n<p>Als einer der f\u00fchrenden <b>Hersteller<\/b> von hochreinen kosmetischen Inhaltsstoffen, <b>BSTBIO<\/b> bietet dieses au\u00dfergew\u00f6hnliche Azelains\u00e4ure-Pulver mit einem garantierten Reinheitsgrad von \u00fcber 99% an. Diese multifunktionale Dicarbons\u00e4ure ist ein Eckpfeiler f\u00fcr moderne Hautpflegeformulierungen und bekannt f\u00fcr ihre Wirksamkeit bei der Behandlung von Akne, Rosazea und Hyperpigmentierung.<\/p>\n<ul>\n<li><b>Hohe Reinheit, hohe Leistung:<\/b> Mit einem typischen Assay von 99,78% gew\u00e4hrleistet unsere Azelains\u00e4ure maximale Wirksamkeit und zuverl\u00e4ssige Ergebnisse in Ihren kosmetischen Produkten.<\/li>\n<li><b>Kosmetische G\u00fcteklasse Exzellenz:<\/b> Dieses speziell f\u00fcr die topische Anwendung hergestellte Pulver weist einen extrem niedrigen Gehalt an Verunreinigungen und Schwermetallen auf und erf\u00fcllt die strengen Qualit\u00e4tsanforderungen der Hautpflegeindustrie.<\/li>\n<li><b>Bew\u00e4hrte Wirksamkeit:<\/b> Ein bew\u00e4hrter Wirkstoff, der f\u00fcr seine F\u00e4higkeit bekannt ist,:\n<ul>\n<li>Reduziert Akne verursachende Bakterien und befreit die Poren von Verstopfungen.<\/li>\n<li>Lindert Entz\u00fcndungen und mildert das Erscheinungsbild der Rosazea.<\/li>\n<li>Hemmt Tyrosinase, um dunkle Flecken zu korrigieren und den Hautton auszugleichen.<\/li>\n<\/ul>\n<\/li>\n<li><b>Freundliche Formulierung:<\/b> Dieses feine, wei\u00dfe Pulver ist ideal f\u00fcr die Einarbeitung in eine Vielzahl von Produkttypen, einschlie\u00dflich:\n<ul>\n<li>Aknebehandlung Seren &amp; Cremes<\/li>\n<li>Formulierungen zur Linderung von Rosazea und R\u00f6tungen<\/li>\n<li>Hautaufhellung &amp; Pigmentierungskorrektoren<\/li>\n<li>Peeling-Lotionen und -Reinigungsmittel<\/li>\n<\/ul>\n<\/li>\n<li><b>Ihr zuverl\u00e4ssiger Partner:<\/b> W\u00e4hlen Sie <b>BSTBIO<\/b> als Ihr <b>Anbieter<\/b> f\u00fcr gleichbleibende Qualit\u00e4t und eine vollst\u00e4ndig r\u00fcckverfolgbare Lieferkette, die die Integrit\u00e4t und Sicherheit Ihres Endprodukts gew\u00e4hrleistet.<\/li>\n<\/ul>","protected":false},"excerpt":{"rendered":"<ul>\n<li><b>Hohe Reinheit Aktiv:<\/b> \u226599% Azelains\u00e4ure in kosmetischer Qualit\u00e4t f\u00fcr maximale Wirksamkeit.<\/li>\n<li><b>Multi-Action-Inhaltsstoff:<\/b> Klinisch anerkannt zur Behandlung von Akne, Rosazea und Hyperpigmentierung.<\/li>\n<li><b>Aufhellung der Haut:<\/b> Reduziert wirksam das Auftreten von dunklen Flecken und f\u00f6rdert einen gleichm\u00e4\u00dfigen Hautton.<\/li>\n<li><b>Ultra-geringe Verunreinigungen:<\/b> Erf\u00fcllt strenge Normen f\u00fcr die Verwendung in Hochleistungs-Hautpflegeprodukten.<\/li>\n<li><b>Qualit\u00e4t von BSTBIO:<\/b> Die zuverl\u00e4ssige Wahl f\u00fcr Ihren Formulierungsbedarf.<\/li>\n<\/ul>","protected":false},"featured_media":1248,"comment_status":"open","ping_status":"closed","template":"","meta":{"_acf_changed":false},"product_brand":[],"product_cat":[22,49],"product_tag":[],"class_list":{"0":"post-1247","1":"product","2":"type-product","3":"status-publish","4":"has-post-thumbnail","6":"product_cat-cosmetic-personal-care-ingredients","7":"product_cat-hot-product","9":"first","10":"instock","11":"shipping-taxable","12":"product-type-simple"},"acf":[],"_links":{"self":[{"href":"https:\/\/bstextract.com\/de\/wp-json\/wp\/v2\/product\/1247","targetHints":{"allow":["GET"]}}],"collection":[{"href":"https:\/\/bstextract.com\/de\/wp-json\/wp\/v2\/product"}],"about":[{"href":"https:\/\/bstextract.com\/de\/wp-json\/wp\/v2\/types\/product"}],"replies":[{"embeddable":true,"href":"https:\/\/bstextract.com\/de\/wp-json\/wp\/v2\/comments?post=1247"}],"wp:featuredmedia":[{"embeddable":true,"href":"https:\/\/bstextract.com\/de\/wp-json\/wp\/v2\/media\/1248"}],"wp:attachment":[{"href":"https:\/\/bstextract.com\/de\/wp-json\/wp\/v2\/media?parent=1247"}],"wp:term":[{"taxonomy":"product_brand","embeddable":true,"href":"https:\/\/bstextract.com\/de\/wp-json\/wp\/v2\/product_brand?post=1247"},{"taxonomy":"product_cat","embeddable":true,"href":"https:\/\/bstextract.com\/de\/wp-json\/wp\/v2\/product_cat?post=1247"},{"taxonomy":"product_tag","embeddable":true,"href":"https:\/\/bstextract.com\/de\/wp-json\/wp\/v2\/product_tag?post=1247"}],"curies":[{"name":"wp","href":"https:\/\/api.w.org\/{rel}","templated":true}]}}