{"id":1253,"date":"2025-06-04T02:36:13","date_gmt":"2025-06-04T02:36:13","guid":{"rendered":"https:\/\/bstextract.com\/?post_type=product&#038;p=1253"},"modified":"2025-06-26T07:25:34","modified_gmt":"2025-06-26T07:25:34","slug":"hersteller-von-glabridinpulver","status":"publish","type":"product","link":"https:\/\/bstextract.com\/de\/produkt\/hersteller-von-glabridinpulver\/","title":{"rendered":"Glabridin"},"content":{"rendered":"<p><strong>Glabridin<\/strong> (CAS 59870-68-7) ist eine bioaktive Verbindung, die in der S\u00fc\u00dfholzwurzel vorkommt und vor allem f\u00fcr ihre starke antioxidative und entz\u00fcndungshemmende Wirkung sowie f\u00fcr ihre F\u00e4higkeit bekannt ist, die Haut durch Hemmung der Tyrosinase aufzuhellen. Es zeigt auch eine leichte \u00f6strogen\u00e4hnliche Aktivit\u00e4t und hat antimikrobielle Eigenschaften, weshalb es h\u00e4ufig in Hautpflegeprodukten verwendet und auf sein Potenzial bei der Behandlung von Stoffwechsel- und neurodegenerativen Erkrankungen untersucht wird.<\/p>\n<p><img fetchpriority=\"high\" decoding=\"async\" class=\"aligncenter size-full wp-image-1266\" src=\"https:\/\/bstextract.com\/wp-content\/uploads\/2025\/06\/Glabridin-source-1.webp\" alt=\"\" width=\"1000\" height=\"368\" title=\"\" srcset=\"https:\/\/bstextract.com\/wp-content\/uploads\/2025\/06\/Glabridin-source-1.webp 1000w, https:\/\/bstextract.com\/wp-content\/uploads\/2025\/06\/Glabridin-source-1-300x110.webp 300w, https:\/\/bstextract.com\/wp-content\/uploads\/2025\/06\/Glabridin-source-1-768x283.webp 768w, https:\/\/bstextract.com\/wp-content\/uploads\/2025\/06\/Glabridin-source-1-18x7.webp 18w, https:\/\/bstextract.com\/wp-content\/uploads\/2025\/06\/Glabridin-source-1-600x221.webp 600w\" sizes=\"(max-width: 1000px) 100vw, 1000px\" \/><\/p>\n<ul>\n<li><strong>Produktname<\/strong>: Glabridin<\/li>\n<li><strong>Anderer Name<\/strong>: DGL (Deglycyrrhizinated Licorice)<\/li>\n<li><strong>CAS-Nummer<\/strong>: 59870-68-7<\/li>\n<li><strong>Molekulare Formel<\/strong>: C\u2082\u2080H\u2082\u2080O\u2084<\/li>\n<li><strong>Quelle<\/strong>: S\u00fc\u00dfholzwurzel-Extrakt<\/li>\n<li><strong>Erscheinungsbild<\/strong>: Wei\u00dfes Pulver<\/li>\n<li><strong>Reinheitsoptionen<\/strong>: 40%-98%<\/li>\n<\/ul>\n<p>Als <strong>nicht reizend<\/strong>, <strong>nat\u00fcrliche Alternative zu Hydrochinon<\/strong>Glabridin ist ein hochwertiger Wirkstoff, der weltweit in hochwertigen Hautpflege- und K\u00f6rperpflegemarken bevorzugt wird.<\/p>\n<h2>Technische Daten<\/h2>\n<div>\n<div tabindex=\"-1\">\n<table>\n<thead>\n<tr>\n<th><strong>Parameter<\/strong><\/th>\n<th><strong>Spezifikation<\/strong><\/th>\n<\/tr>\n<\/thead>\n<tbody>\n<tr>\n<td>Produktname<\/td>\n<td>Glabridin<\/td>\n<\/tr>\n<tr>\n<td>Anderer Name<\/td>\n<td>DGL<\/td>\n<\/tr>\n<tr>\n<td>CAS-Nummer<\/td>\n<td>59870-68-7<\/td>\n<\/tr>\n<tr>\n<td>Molekulare Formel<\/td>\n<td>C\u2082\u2080H\u2082\u2080O\u2084<\/td>\n<\/tr>\n<tr>\n<td>Quelle<\/td>\n<td>S\u00fc\u00dfholzwurzel-Extrakt<\/td>\n<\/tr>\n<tr>\n<td>Erscheinungsbild<\/td>\n<td>Wei\u00dfes Puder<\/td>\n<\/tr>\n<tr>\n<td>Produkt-Spezifikation<\/td>\n<td>40%, 60%, 90%, 98% Glabridin<\/td>\n<\/tr>\n<tr>\n<td>Verpackung<\/td>\n<td>1kg\/Beutel\/Karton oder 25kg\/Fass\/Karton, anpassbar<\/td>\n<\/tr>\n<tr>\n<td>Muster<\/td>\n<td>Kostenlose Muster verf\u00fcgbar<\/td>\n<\/tr>\n<tr>\n<td>Haltbarkeitsdauer<\/td>\n<td>24 Monate bei ordnungsgem\u00e4\u00dfer Lagerung<\/td>\n<\/tr>\n<tr>\n<td>Lagerung<\/td>\n<td>In dichten, lichtbest\u00e4ndigen Beh\u00e4ltern aufbewahren; Sonnenlicht, Feuchtigkeit und Hitze vermeiden<\/td>\n<\/tr>\n<tr>\n<td>Zertifizierungen<\/td>\n<td>KOSHER, HACCP, ISO22000, HALAL, EU-Bio, USDA-Bio<\/td>\n<\/tr>\n<\/tbody>\n<\/table>\n<div>\n<div><\/div>\n<\/div>\n<\/div>\n<\/div>\n<h2>Wesentliche Merkmale<\/h2>\n<ul>\n<li>Hochreine <strong>nat\u00fcrlicher Hautaufheller<\/strong><\/li>\n<li>Starke <strong>Entz\u00fcndungshemmend<\/strong> und <strong>Antioxidans<\/strong> Auswirkungen<\/li>\n<li>Ungiftig und <strong>nicht reizend<\/strong> f\u00fcr empfindliche Haut<\/li>\n<li>\u00c4u\u00dferst stabil in Creme-, Lotion- und Serumformulierungen<\/li>\n<li>Wirksam in niedrigen Konzentrationen (0,1%-0,5%)<\/li>\n<li>Bio-zertifiziert und geeignet f\u00fcr <strong>Clean-Label<\/strong> Produkte<\/li>\n<\/ul>\n<h2>Qualit\u00e4t und Einhaltung der Vorschriften<\/h2>\n<p>Hergestellt unter <strong>strenge Qualit\u00e4tskontrollprotokolle<\/strong>:<\/p>\n<ul>\n<li><strong>GMP-zertifizierte Produktionsst\u00e4tte<\/strong><\/li>\n<li>Hochpr\u00e4zise HPLC-Tests f\u00fcr den Glabridin-Gehalt<\/li>\n<li>COA, MSDS und Laborberichte Dritter verf\u00fcgbar<\/li>\n<li>Strenge Tests f\u00fcr:\n<ul>\n<li>Reinheit und Wirkstoffgehalt<\/li>\n<li>Schwermetalle, L\u00f6sungsmittel und mikrobielle Verunreinigungen<\/li>\n<\/ul>\n<\/li>\n<li>Zertifiziert: <strong>KOSHER<\/strong>, <strong>HALAL<\/strong>, <strong>HACCP<\/strong>, <strong>ISO22000<\/strong>, <strong>EU &amp; USDA Bio<\/strong><\/li>\n<\/ul>\n<h2>Anwendungen<\/h2>\n<h3>Prim\u00e4rindustrie<\/h3>\n<ul>\n<li><strong>Kosmetika &amp; Hautpflege (Aufhellung, Anti-Aging)<\/strong><\/li>\n<li><strong>Pharmazeutische und dermazeutische Produkte<\/strong><\/li>\n<li><strong>Funktionelle K\u00f6rperpflege<\/strong><\/li>\n<li><strong>Naturkosmetik &amp; Saubere Sch\u00f6nheit<\/strong><\/li>\n<\/ul>\n<p><img decoding=\"async\" class=\"aligncenter size-full wp-image-1257\" src=\"https:\/\/bstextract.com\/wp-content\/uploads\/2025\/06\/function-3.jpg\" alt=\"\" width=\"1000\" height=\"412\" title=\"\" srcset=\"https:\/\/bstextract.com\/wp-content\/uploads\/2025\/06\/function-3.jpg 1000w, https:\/\/bstextract.com\/wp-content\/uploads\/2025\/06\/function-3-300x124.jpg 300w, https:\/\/bstextract.com\/wp-content\/uploads\/2025\/06\/function-3-768x316.jpg 768w, https:\/\/bstextract.com\/wp-content\/uploads\/2025\/06\/function-3-18x7.jpg 18w, https:\/\/bstextract.com\/wp-content\/uploads\/2025\/06\/function-3-600x247.jpg 600w\" sizes=\"(max-width: 1000px) 100vw, 1000px\" \/><\/p>\n<h3>Gemeinsame Formulierungen<\/h3>\n<ul>\n<li>Aufhellende Seren und Fleckenkorrektoren<\/li>\n<li>Bleichende Cremes f\u00fcr Tag und Nacht<\/li>\n<li>BB-Cremes und CC-Cremes<\/li>\n<li>Beruhigende Lotionen bei R\u00f6tungen und Reizungen<\/li>\n<li>Nachbehandlungspflege (z. B. nach Peelings oder Laser)<\/li>\n<\/ul>\n<h3>Empfohlener Verwendungszweck<\/h3>\n<ul>\n<li>Typische Dosierung: <strong>0,1%-0,5%<\/strong>je nach Formulierung<\/li>\n<li>L\u00f6slich in Ethanol, Propylenglykol und Emulgatoren<\/li>\n<\/ul>\n<h3>Kompatible Inhaltsstoffe<\/h3>\n<ul>\n<li><a href=\"https:\/\/bstextract.com\/de\/produkt\/vitamin-b3\/\">Niacinamid<\/a><\/li>\n<li>Vitamin C (Ascorbins\u00e4ure)<\/li>\n<li>Hyalurons\u00e4ure<\/li>\n<li><a href=\"https:\/\/bstextract.com\/de\/produkt\/desoxyarbutin-d-arbutin\/\">Alpha-Arbutin<\/a><\/li>\n<li>S\u00fc\u00dfholz-Wasser-Extrakt<\/li>\n<\/ul>\n<h2>Versorgung &amp; Dienstleistungen<\/h2>\n<ul>\n<li><strong>MOQ<\/strong>: 1kg<\/li>\n<li><strong>Verf\u00fcgbare Verpackungen<\/strong>:\n<ul>\n<li>1kg\/Beutel\/Karton<\/li>\n<li>25kg\/Fass\/Karton<\/li>\n<li>Anpassbare Verpackung auf Anfrage<\/li>\n<\/ul>\n<\/li>\n<li><strong>Vorlaufzeit<\/strong>: 5-7 Arbeitstage f\u00fcr vorr\u00e4tige Artikel<\/li>\n<li><strong>Versand<\/strong>: Weltweite Logistikunterst\u00fctzung per See-, Luft- oder Expressfracht<\/li>\n<li><strong>OEM\/ODM-Unterst\u00fctzung<\/strong>:\n<ul>\n<li>Kundenspezifische Formulierungen<\/li>\n<li>Private Etikettierung<\/li>\n<li>Regulatorische Unterst\u00fctzung<\/li>\n<\/ul>\n<\/li>\n<\/ul>\n<h2>Zeugnisse der Firma<\/h2>\n<p><strong>Xi'an Best Bio-Tech Co., Ltd.<\/strong> ist ein f\u00fchrender Hersteller von <strong>Wirkstoffe auf Pflanzenbasis<\/strong>und bietet hochwertige Rohstoffe f\u00fcr Kunden in \u00fcber <strong>60 L\u00e4nder<\/strong>. Mit Sitz in <strong>Yangling, China<\/strong>Unsere Fabrik ist ausgestattet mit <strong>automatisierte GMP-Produktionslinien<\/strong> und <strong>fortgeschrittene analytische Laboratorien<\/strong>.<\/p>\n<ul>\n<li>\u00dcber 15 Jahre Erfahrung im Export<\/li>\n<li>Schwerpunkt auf kosmetischen Wirkstoffen, Adaptogenen und Extrakten in Lebensmittelqualit\u00e4t<\/li>\n<li>Zertifiziert durch <strong>ISO9001<\/strong>, <strong>HACCP<\/strong>, <strong>USFDA<\/strong>, <strong>HALAL<\/strong>, <strong>KOSHER<\/strong>, <strong>EU &amp; USDA Bio<\/strong><\/li>\n<li>Stark <strong>Team f\u00fcr F&amp;E und Formulierungsunterst\u00fctzung<\/strong><\/li>\n<\/ul>\n<h2>H\u00e4ufig gestellte Fragen (FAQ)<\/h2>\n<h3>1. Wof\u00fcr wird Glabridin verwendet?<\/h3>\n<p>Glabridin wird haupts\u00e4chlich verwendet in <strong>hautaufhellende und entz\u00fcndungshemmende kosmetische Produkte<\/strong> wegen seiner nat\u00fcrlich aufhellenden und antioxidativen Eigenschaften.<\/p>\n<h3>2. Ist es sicher f\u00fcr empfindliche Haut?<\/h3>\n<p>Ja, Glabridin ist <strong>nicht reizend<\/strong> und geeignet f\u00fcr <strong>empfindliche und entz\u00fcndete Haut<\/strong>insbesondere bei niedrigen Konzentrationen.<\/p>\n<h3>3. Welche Reinheitsoptionen gibt es?<\/h3>\n<p>Wir bieten Glabridin in <strong>Reinheitsgrade 40%, 60%, 90% und 98%<\/strong> um verschiedenen Formulierungsanforderungen gerecht zu werden.<\/p>\n<h3>4. K\u00f6nnen Sie die Entwicklung kundenspezifischer Formulierungen unterst\u00fctzen?<\/h3>\n<p>Ja - wir bieten <strong>OEM\/ODM-Dienstleistungen<\/strong>technische Dokumentation und <strong>Formulierungsberatung<\/strong>.<\/p>\n<h3>5. Wie sollte Glabridin aufbewahrt werden?<\/h3>\n<p>Behalten Sie <strong>versiegelte, undurchsichtige Beh\u00e4lter<\/strong> vor direkter Sonneneinstrahlung und Hitze gesch\u00fctzt, unter trockenen, k\u00fchlen Bedingungen.<\/p>","protected":false},"excerpt":{"rendered":"<ul>\n<li><strong>Produktname<\/strong>: Glabridin<\/li>\n<li><strong>Anderer Name<\/strong>: DGL (Deglycyrrhizinated Licorice)<\/li>\n<li><strong>CAS-Nummer<\/strong>: 59870-68-7<\/li>\n<li><strong>Molekulare Formel<\/strong>: C\u2082\u2080H\u2082\u2080O\u2084<\/li>\n<li><strong>Quelle<\/strong>: S\u00fc\u00dfholzwurzel-Extrakt<\/li>\n<li><strong>Erscheinungsbild<\/strong>: Wei\u00dfes Pulver<\/li>\n<li><strong>Reinheitsoptionen<\/strong>: 40%-98%<\/li>\n<\/ul>","protected":false},"featured_media":1254,"comment_status":"open","ping_status":"closed","template":"","meta":{"_acf_changed":false},"product_brand":[],"product_cat":[22],"product_tag":[],"class_list":{"0":"post-1253","1":"product","2":"type-product","3":"status-publish","4":"has-post-thumbnail","6":"product_cat-cosmetic-personal-care-ingredients","8":"first","9":"instock","10":"shipping-taxable","11":"product-type-simple"},"acf":[],"_links":{"self":[{"href":"https:\/\/bstextract.com\/de\/wp-json\/wp\/v2\/product\/1253","targetHints":{"allow":["GET"]}}],"collection":[{"href":"https:\/\/bstextract.com\/de\/wp-json\/wp\/v2\/product"}],"about":[{"href":"https:\/\/bstextract.com\/de\/wp-json\/wp\/v2\/types\/product"}],"replies":[{"embeddable":true,"href":"https:\/\/bstextract.com\/de\/wp-json\/wp\/v2\/comments?post=1253"}],"wp:featuredmedia":[{"embeddable":true,"href":"https:\/\/bstextract.com\/de\/wp-json\/wp\/v2\/media\/1254"}],"wp:attachment":[{"href":"https:\/\/bstextract.com\/de\/wp-json\/wp\/v2\/media?parent=1253"}],"wp:term":[{"taxonomy":"product_brand","embeddable":true,"href":"https:\/\/bstextract.com\/de\/wp-json\/wp\/v2\/product_brand?post=1253"},{"taxonomy":"product_cat","embeddable":true,"href":"https:\/\/bstextract.com\/de\/wp-json\/wp\/v2\/product_cat?post=1253"},{"taxonomy":"product_tag","embeddable":true,"href":"https:\/\/bstextract.com\/de\/wp-json\/wp\/v2\/product_tag?post=1253"}],"curies":[{"name":"wp","href":"https:\/\/api.w.org\/{rel}","templated":true}]}}