{"id":1306,"date":"2025-06-05T06:23:51","date_gmt":"2025-06-05T06:23:51","guid":{"rendered":"https:\/\/bstextract.com\/?post_type=product&#038;p=1306"},"modified":"2025-06-05T06:23:51","modified_gmt":"2025-06-05T06:23:51","slug":"griffonia-samenextrakt","status":"publish","type":"product","link":"https:\/\/bstextract.com\/de\/produkt\/griffonia-samenextrakt\/","title":{"rendered":"Griffonia-Samen-Extrakt (5-HTP)"},"content":{"rendered":"<p><!-- Keyword Section (Outside Article) --><\/p>\n<h2>Was ist 5-HTP?<\/h2>\n<p><strong>5-HTP<\/strong> (5-Hydroxytryptophan) ist eine nat\u00fcrlich vorkommende Aminos\u00e4ureverbindung, die aus den Samen der westafrikanischen Pflanze <strong>Griffonia simplicifolia<\/strong>. Es dient als direkter Vorl\u00e4ufer von Serotonin, einem Neurotransmitter, der zur Regulierung der <strong>Stimmung, Schlaf, Appetit und Stressniveau<\/strong>.<\/p>\n<p>Unser 5-HTP wird aus hochwertigem <strong>Griffonia-Samen-Extrakt<\/strong> und pr\u00e4sentiert als reine <strong>wei\u00dfes Pulver<\/strong> mit <strong>98% Reinheit<\/strong>. Es ist ideal f\u00fcr die Verwendung in Premium <strong>Stimmungsaufhellung, Schlafhilfe und Anti-Stress-Formulierungen<\/strong> in der Nahrungserg\u00e4nzungsmittelindustrie.<\/p>\n<h2>Warum unser 5-HTP w\u00e4hlen?<\/h2>\n<p>Als Fachmann <strong>5-HTP-Hersteller und Lieferant von Griffonia-Samenextrakt<\/strong>liefern wir hochreine, pflanzliche Inhaltsstoffe, auf die sich Formulierer und globale Marken f\u00fcr Nahrungserg\u00e4nzungsmittel verlassen.<\/p>\n<ul>\n<li>\ud83c\udf3f <strong>Pflanzliche Quelle<\/strong>-nat\u00fcrlich extrahiert aus den Samen von Griffonia simplicifolia<\/li>\n<li>\ud83e\udde0 <strong>Unterst\u00fctzt die Serotoninproduktion<\/strong>-hilft, die Stimmung auszugleichen, \u00c4ngste abzubauen und die Entspannung zu f\u00f6rdern<\/li>\n<li>\ud83d\ude34 <strong>F\u00f6rdert einen gesunden Schlafzyklus<\/strong>-verwendet in nat\u00fcrlichen Schlafmitteln und Mischungen zum Stressabbau<\/li>\n<li>\ud83c\udf0e <strong>Vegan, kennzeichnungsfrei und ohne GVO<\/strong>-konform mit globalen Regulierungsstandards<\/li>\n<\/ul>\n<h2>Anwendungen von Griffonia-Samenextrakt (5-HTP)<\/h2>\n<p>5-HTP ist weit verbreitet in:<\/p>\n<ul>\n<li>\ud83d\udc8a <strong>Kapseln zur Stimmungsaufhellung und zum Stressabbau<\/strong><\/li>\n<li>\ud83c\udf19 <strong>Nat\u00fcrliche Nahrungserg\u00e4nzungsmittel zur Unterst\u00fctzung des Schlafs<\/strong><\/li>\n<li>\ud83c\udf6c <strong>Funktionelle Gummib\u00e4rchen und Softgels<\/strong><\/li>\n<li>\ud83e\udd64 <strong>Entspannungsgetr\u00e4nke und Wellness-Pulver<\/strong><\/li>\n<\/ul>\n<p>Es kann mit anderen beruhigenden pflanzlichen Stoffen kombiniert werden wie <strong>Melatonin, L-Theanin, GABA, Magnesium und Baldrianwurzel<\/strong> zur Verbesserung der Wirksamkeit in Formeln f\u00fcr Schlaf und mentales Wohlbefinden.<\/p>\n<h2>H\u00e4ufig gestellte Fragen<\/h2>\n<p><strong>Was ist der Wirkstoff in Ihrem Extrakt?<\/strong><br \/>\nUnser Extrakt enth\u00e4lt <strong>5-Hydroxytryptophan (5-HTP) mit einer Reinheit von 98%<\/strong>, abgeleitet von <strong>Griffonia Saatgut<\/strong>.<\/p>\n<p><strong>Wie sieht das Produkt aus?<\/strong><br \/>\nEs ist eine sch\u00f6ne <strong>wei\u00dfes Pulver<\/strong>Geruchlos und gut l\u00f6slich, ideal f\u00fcr Kapsel- und Pulverformulierungen.<\/p>\n<p><strong>Welche gesundheitlichen Vorteile bietet das 5-HTP?<\/strong><br \/>\nSie unterst\u00fctzt <strong>emotionale Ausgeglichenheit, Verringerung von \u00c4ngsten, Verbesserung der Schlafqualit\u00e4t, kann helfen, Appetit und Verlangen zu kontrollieren<\/strong>.<\/p>\n<p><strong>Ist dies ein Naturprodukt?<\/strong><br \/>\nJa, unser 5-HTP wird vollst\u00e4ndig aus **nat\u00fcrlichen Griffonia-Samen** extrahiert und ist frei von synthetischen Zusatzstoffen.<\/p>\n<p><strong>Bieten Sie OEM- und Massenlieferungen an?<\/strong><br \/>\nJa, wir sind ein zertifiziertes <strong>5-HTP Fabrik und Exporteur<\/strong>und bietet <strong>Gro\u00dfmengen, Private Labeling und OEM\/ODM-Dienstleistungen<\/strong>.<\/p>\n<p><strong>Wie lauten die Verpackungs- und Lagerungsempfehlungen?<\/strong><br \/>\nStandardverpackung: <strong>1kg\/Beutel\/Karton<\/strong> oder <strong>25kg\/Fass<\/strong><br \/>\nLagerung: Lagern in einem <strong>k\u00fchler, trockener, verschlossener Beh\u00e4lter<\/strong> vor Licht und Feuchtigkeit gesch\u00fctzt. Haltbarkeitsdauer: <strong>24 Monate<\/strong>.<\/p>","protected":false},"excerpt":{"rendered":"<table class=\"has-title all magic-14\">\n<tbody>\n<tr>\n<td colspan=\"1\" rowspan=\"1\">\n<div class=\"magic-15\">\n<div class=\"magic-4\" data-spm-anchor-id=\"a2700.pc-decorate.0.i76.48d23333C7xf0C\"><span class=\"magic-12\" data-spm-anchor-id=\"a2700.pc-decorate.0.i34.48d23333C7xf0C\"><b class=\"magic-12\" data-spm-anchor-id=\"a2700.pc-decorate.0.i58.48d23333C7xf0C\"><span class=\"magic-13\" style=\"font-family: Verdana;\">Produktname<\/span><\/b><\/span><\/div>\n<\/div>\n<\/td>\n<td colspan=\"1\" rowspan=\"1\">\n<div class=\"magic-16\">\n<div class=\"magic-4\" data-spm-anchor-id=\"a2700.pc-decorate.0.i83.48d23333C7xf0C\"><span class=\"magic-13\" style=\"font-family: Verdana;\">5-HTP<\/span><\/div>\n<\/div>\n<\/td>\n<\/tr>\n<tr>\n<td colspan=\"1\" rowspan=\"1\">\n<div class=\"magic-17\">\n<div class=\"magic-4\" data-spm-anchor-id=\"a2700.pc-decorate.0.i20.516c3333vWDxW7\"><span style=\"font-family: Verdana;\"><b>Anderer Name<\/b><\/span><\/div>\n<\/div>\n<\/td>\n<td colspan=\"1\" rowspan=\"1\">\n<div class=\"magic-18\">\n<div class=\"magic-4\" data-spm-anchor-id=\"a2700.details-description.0.i0.47f2aDiWaDiW7Z\"><span style=\"font-family: Verdana;\">5-Hydroxytryptophan<\/span><\/div>\n<div class=\"magic-4\"><span style=\"font-family: Verdana;\">5 Hydroxytryptophan<\/span><\/div>\n<div class=\"magic-4\"><span style=\"font-family: Verdana;\">5HTP<\/span><\/div>\n<\/div>\n<\/td>\n<\/tr>\n<tr>\n<td colspan=\"1\" rowspan=\"1\">\n<div class=\"magic-17\">\n<div class=\"magic-4\" data-spm-anchor-id=\"a2700.pc-decorate.0.i12.516c3333vWDxW7\"><span class=\"magic-13\" style=\"font-family: Verdana;\"><b data-spm-anchor-id=\"a2700.pc-decorate.0.i21.7f2b3333wqVamu\">Quelle<\/b><\/span><\/div>\n<\/div>\n<\/td>\n<td colspan=\"1\" rowspan=\"1\">\n<div class=\"magic-18\">\n<div class=\"magic-4\" data-spm-anchor-id=\"a2700.pc-decorate.0.i16.756b3333nY57Jw\"><span class=\"magic-13\" style=\"font-family: Verdana;\">Griffonia-Samen-Extrakt<\/span><\/div>\n<\/div>\n<\/td>\n<\/tr>\n<tr>\n<td colspan=\"1\" rowspan=\"1\">\n<div class=\"magic-17\">\n<div class=\"magic-4\" data-spm-anchor-id=\"a2700.pc-decorate.0.i24.314e3333J7ECxY\"><span class=\"magic-13\" style=\"font-family: Verdana;\"><b data-spm-anchor-id=\"a2700.pc-decorate.0.i56.31b63333K2rRRx\">Erscheinungsbild<\/b><\/span><\/div>\n<\/div>\n<\/td>\n<td colspan=\"1\" rowspan=\"1\">\n<div class=\"magic-18\">\n<div class=\"magic-4\" data-spm-anchor-id=\"a2700.pc-decorate.0.i16.314e3333J7ECxY\"><span class=\"magic-13\" style=\"font-family: Verdana;\">Wei\u00dfes Puder<\/span><\/div>\n<\/div>\n<\/td>\n<\/tr>\n<tr>\n<td colspan=\"1\" rowspan=\"1\">\n<div class=\"magic-15\">\n<div class=\"magic-4\" data-spm-anchor-id=\"a2700.pc-decorate.0.i104.48d23333C7xf0C\"><b class=\"magic-12\"><span class=\"magic-13\" style=\"font-family: Verdana;\">Produkt-Spezifikation<\/span><\/b><\/div>\n<\/div>\n<\/td>\n<td colspan=\"1\" rowspan=\"1\">\n<div class=\"magic-16\">\n<div class=\"magic-4\" data-spm-anchor-id=\"a2700.pc-decorate.0.i37.48d23333C7xf0C\"><span class=\"magic-12\" data-spm-anchor-id=\"a2700.pc-decorate.0.i39.48d23333C7xf0C\"><span class=\"magic-13\" style=\"font-family: Verdana;\">98%<\/span><\/span><\/div>\n<\/div>\n<\/td>\n<\/tr>\n<\/tbody>\n<\/table>","protected":false},"featured_media":1313,"comment_status":"open","ping_status":"closed","template":"","meta":{"_acf_changed":false},"product_brand":[],"product_cat":[21],"product_tag":[],"class_list":{"0":"post-1306","1":"product","2":"type-product","3":"status-publish","4":"has-post-thumbnail","6":"product_cat-plant-extracts","8":"first","9":"instock","10":"shipping-taxable","11":"product-type-simple"},"acf":[],"_links":{"self":[{"href":"https:\/\/bstextract.com\/de\/wp-json\/wp\/v2\/product\/1306","targetHints":{"allow":["GET"]}}],"collection":[{"href":"https:\/\/bstextract.com\/de\/wp-json\/wp\/v2\/product"}],"about":[{"href":"https:\/\/bstextract.com\/de\/wp-json\/wp\/v2\/types\/product"}],"replies":[{"embeddable":true,"href":"https:\/\/bstextract.com\/de\/wp-json\/wp\/v2\/comments?post=1306"}],"wp:featuredmedia":[{"embeddable":true,"href":"https:\/\/bstextract.com\/de\/wp-json\/wp\/v2\/media\/1313"}],"wp:attachment":[{"href":"https:\/\/bstextract.com\/de\/wp-json\/wp\/v2\/media?parent=1306"}],"wp:term":[{"taxonomy":"product_brand","embeddable":true,"href":"https:\/\/bstextract.com\/de\/wp-json\/wp\/v2\/product_brand?post=1306"},{"taxonomy":"product_cat","embeddable":true,"href":"https:\/\/bstextract.com\/de\/wp-json\/wp\/v2\/product_cat?post=1306"},{"taxonomy":"product_tag","embeddable":true,"href":"https:\/\/bstextract.com\/de\/wp-json\/wp\/v2\/product_tag?post=1306"}],"curies":[{"name":"wp","href":"https:\/\/api.w.org\/{rel}","templated":true}]}}