{"id":1321,"date":"2025-06-06T06:44:59","date_gmt":"2025-06-06T06:44:59","guid":{"rendered":"https:\/\/bstextract.com\/?post_type=product&#038;p=1321"},"modified":"2025-06-11T02:52:01","modified_gmt":"2025-06-11T02:52:01","slug":"wasserlinsenextrakt-pulver","status":"publish","type":"product","link":"https:\/\/bstextract.com\/de\/produkt\/wasserlinsenextrakt-pulver\/","title":{"rendered":"Entengr\u00fctze-Pulver"},"content":{"rendered":"<p><!-- Keyword Section (Outside Article) --><\/p>\n<p><!-- Product Content --><\/p>\n<h2>Was ist Entengr\u00fctze-Pulver?<\/h2>\n<p><strong>Entengr\u00fctze-Pulver<\/strong> ist ein hochkonzentrierter pflanzlicher Wirkstoff, der aus der Wasserpflanze <em>Kleiner Leimkraut<\/em>auch bekannt als Wasserlinsen. Traditionell in der Naturheilkunde verwendet, wird dieses Pulver f\u00fcr seinen reichen Gehalt an <strong>Flavone<\/strong>eine Art leistungsstarker <strong>Botanisches Flavonoid<\/strong> bekannt f\u00fcr die Unterst\u00fctzung der Entgiftung, der Hautgesundheit und des Gleichgewichts des Immunsystems.<\/p>\n<p><img fetchpriority=\"high\" decoding=\"async\" class=\"aligncenter wp-image-1323\" src=\"https:\/\/bstextract.com\/wp-content\/uploads\/2025\/06\/108__21996.webp\" alt=\"\" width=\"1024\" height=\"735\" title=\"\" srcset=\"https:\/\/bstextract.com\/wp-content\/uploads\/2025\/06\/108__21996.webp 1280w, https:\/\/bstextract.com\/wp-content\/uploads\/2025\/06\/108__21996-300x215.webp 300w, https:\/\/bstextract.com\/wp-content\/uploads\/2025\/06\/108__21996-1024x735.webp 1024w, https:\/\/bstextract.com\/wp-content\/uploads\/2025\/06\/108__21996-768x551.webp 768w, https:\/\/bstextract.com\/wp-content\/uploads\/2025\/06\/108__21996-18x12.webp 18w, https:\/\/bstextract.com\/wp-content\/uploads\/2025\/06\/108__21996-600x431.webp 600w\" sizes=\"(max-width: 1024px) 100vw, 1024px\" \/><\/p>\n<p>Unser Wasserlinsen-Pulver erscheint als feines <strong>braun-gelbes Pulver<\/strong>, standardisiert in Extraktverh\u00e4ltnissen von <strong>5:1, 10:1 und 20:1<\/strong>und getestet mit <strong>TLC (D\u00fcnnschichtchromatographie)<\/strong>. Gefr\u00e4st zu einem <strong>80 Maschen<\/strong> Dank seiner Feinheit l\u00e4sst es sich leicht in Formeln f\u00fcr eine Vielzahl von Gesundheits- und Wellnessanwendungen einarbeiten.<\/p>\n<h2>Warum unser Entengr\u00fctze-Pulver?<\/h2>\n<p>Als engagierter <strong>Entengr\u00fctze Pulver Hersteller und Lieferant von botanischem Extrakt<\/strong>Mit unseren Produkten gew\u00e4hrleisten wir saubere, pflanzliche Inhaltsstoffe, die sich f\u00fcr Nahrungserg\u00e4nzungsmittel, funktionelle Lebensmittel und TCM-Rezepturen eignen.<\/p>\n<ul>\n<li>\ud83c\udf3f <strong>Reich an pflanzlichen Flavonoiden<\/strong>-unterst\u00fctzt den antioxidativen Schutz und die Immunantwort<\/li>\n<li>\ud83c\udf0a <strong>Traditionell zur Reinigung und Entgiftung der Haut verwendet<\/strong><\/li>\n<li>\ud83e\uddea <strong>TLC-gepr\u00fcft auf Konsistenz und Reinheit<\/strong><\/li>\n<li>\ud83d\udc8a <strong>Geeignet f\u00fcr Kapseln, Pulver, Tees und Wellness-Mischungen<\/strong><\/li>\n<\/ul>\n<h2>Anwendungen von Wasserlinsen-Pulver<\/h2>\n<p><strong>Entengr\u00fctze-Pulver<\/strong> ist weit verbreitet in:<\/p>\n<ul>\n<li>\ud83c\udf75 <strong>Entgiftung und leberunterst\u00fctzende Kr\u00e4utermischungen<\/strong><\/li>\n<li>\ud83d\udc8a <strong>Nahrungserg\u00e4nzungsmittel f\u00fcr das Immunsystem auf Flavonoidbasis<\/strong><\/li>\n<li>\ud83e\uddec <strong>Funktionelle Lebensmittelpulver und gr\u00fcne Superfood-Mischungen<\/strong><\/li>\n<li>\ud83c\udf3f <strong>TCM-Formeln und pflanzliche Antioxidantien<\/strong><\/li>\n<\/ul>\n<p>Es wird h\u00e4ufig mit Kr\u00e4utern kombiniert wie <strong>L\u00f6wenzahn, Klettenwurzel und chlorophyllreiches Gr\u00fcnzeug<\/strong> um wirksame reinigende und hautpflegende Mischungen herzustellen.<\/p>\n<h2>Spezifikationen<\/h2>\n<table>\n<tbody>\n<tr>\n<th>Produktname<\/th>\n<td>Entengr\u00fctze-Pulver<\/td>\n<\/tr>\n<tr>\n<th>Erscheinungsbild<\/th>\n<td>Braun-gelbes Pulver<\/td>\n<\/tr>\n<tr>\n<th>Aktiver Inhaltsstoff<\/th>\n<td>Flavone (Botanische Flavonoide)<\/td>\n<\/tr>\n<tr>\n<th>Spezifikation<\/th>\n<td>5:1, 10:1, 20:1<\/td>\n<\/tr>\n<tr>\n<th>Pr\u00fcfverfahren<\/th>\n<td>TLC (D\u00fcnnschichtchromatographie)<\/td>\n<\/tr>\n<tr>\n<th>Maschenweite<\/th>\n<td>80 Maschen<\/td>\n<\/tr>\n<\/tbody>\n<\/table>\n<h2>H\u00e4ufig gestellte Fragen<\/h2>\n<p><strong>Wof\u00fcr wird Entengr\u00fctze-Pulver verwendet?<\/strong><br \/>\nEs wird \u00fcblicherweise verwendet f\u00fcr <strong>Entgiftungsunterst\u00fctzung, entz\u00fcndungshemmende Anwendungen, Immunregulierung und Formeln f\u00fcr die Hautgesundheit<\/strong>.<\/p>\n<p><strong>Woher kommt Ihr Wasserlinsen-Pulver?<\/strong><br \/>\nWir beziehen und gewinnen es aus hochwertigen <strong>Kleiner Leimkraut<\/strong>der f\u00fcr seine hohe Konzentration an aktiven Flavonen bekannt ist.<\/p>\n<p><strong>Ist dieses Produkt wasserl\u00f6slich?<\/strong><br \/>\nDa es teilweise wasserdispergierbar ist, wird es am besten in <strong>Kapseln, Tabletten, Kr\u00e4utertees oder Pulver<\/strong> als klare fl\u00fcssige L\u00f6sungen.<\/p>\n<p><strong>Bieten Sie kundenspezifische Formulierungen oder OEM-Unterst\u00fctzung an?<\/strong><br \/>\nJa. Wir bieten <strong>OEM\/ODM-Dienste, Gro\u00dflieferungen und private Etikettierung<\/strong> mit niedrigem MOQ und schneller weltweiter Lieferung.<\/p>\n<p><strong>Wie lange ist die Haltbarkeit?<\/strong><br \/>\nDie Haltbarkeitsdauer betr\u00e4gt <strong>24 Monate<\/strong> wenn es in einer verschlossenen, k\u00fchlen und trockenen Umgebung und vor direkter Sonneneinstrahlung gesch\u00fctzt gelagert wird.<\/p>\n<h2>\u00dcber Xi'an Best Bio-Tech Co, Ltd.<\/h2>\n<p><strong>Xi'an Best Bio-Tech Co., Ltd.<\/strong> ist eine vertrauensw\u00fcrdige globale <strong>Entengr\u00fctze Pulver Hersteller und Lieferant von pflanzlichen Inhaltsstoffen<\/strong> mit Sitz in Yangling, China. Mit jahrzehntelanger Erfahrung in der Kr\u00e4uterextraktion liefern wir sichere, saubere und hochwirksame Inhaltsstoffe an Kunden in mehr als <strong>60 L\u00e4nder<\/strong>.<\/p>\n<p>Unser Werk ist GMP-zertifiziert und erf\u00fcllt internationale Standards, darunter <strong>ISO9001, USFDA, Halal, Kosher und HACCP<\/strong>. Vom Rohstoff bis zum fertigen Extrakt sorgen wir f\u00fcr vollst\u00e4ndige R\u00fcckverfolgbarkeit und strenge Qualit\u00e4tskontrollen.<\/p>\n<p>Partner mit uns f\u00fcr <strong>Bulk-Lieferung, kundenspezifische Extrakte, Rezepturentwicklung und OEM-\/Private-Label-Dienste<\/strong>. Kostenlose Muster auf Anfrage erh\u00e4ltlich.<\/p>","protected":false},"excerpt":{"rendered":"<table>\n<tbody>\n<tr>\n<th>Produktname<\/th>\n<td>Entengr\u00fctze-Pulver (Lemna minor-Extrakt)<\/td>\n<\/tr>\n<tr>\n<th>Erscheinungsbild<\/th>\n<td>Braun-gelbes Pulver<\/td>\n<\/tr>\n<tr>\n<th>Aktiver Inhaltsstoff<\/th>\n<td>Flavone (Botanische Flavonoide)<\/td>\n<\/tr>\n<tr>\n<th>Spezifikation<\/th>\n<td>5:1, 10:1, 20:1<\/td>\n<\/tr>\n<tr>\n<th>Pr\u00fcfverfahren<\/th>\n<td>TLC (D\u00fcnnschichtchromatographie)<\/td>\n<\/tr>\n<tr>\n<th>Maschenweite<\/th>\n<td>80 Maschen<\/td>\n<\/tr>\n<\/tbody>\n<\/table>","protected":false},"featured_media":1322,"comment_status":"open","ping_status":"closed","template":"","meta":{"_acf_changed":false},"product_brand":[],"product_cat":[21],"product_tag":[],"class_list":{"0":"post-1321","1":"product","2":"type-product","3":"status-publish","4":"has-post-thumbnail","6":"product_cat-plant-extracts","8":"first","9":"instock","10":"shipping-taxable","11":"product-type-simple"},"acf":[],"_links":{"self":[{"href":"https:\/\/bstextract.com\/de\/wp-json\/wp\/v2\/product\/1321","targetHints":{"allow":["GET"]}}],"collection":[{"href":"https:\/\/bstextract.com\/de\/wp-json\/wp\/v2\/product"}],"about":[{"href":"https:\/\/bstextract.com\/de\/wp-json\/wp\/v2\/types\/product"}],"replies":[{"embeddable":true,"href":"https:\/\/bstextract.com\/de\/wp-json\/wp\/v2\/comments?post=1321"}],"wp:featuredmedia":[{"embeddable":true,"href":"https:\/\/bstextract.com\/de\/wp-json\/wp\/v2\/media\/1322"}],"wp:attachment":[{"href":"https:\/\/bstextract.com\/de\/wp-json\/wp\/v2\/media?parent=1321"}],"wp:term":[{"taxonomy":"product_brand","embeddable":true,"href":"https:\/\/bstextract.com\/de\/wp-json\/wp\/v2\/product_brand?post=1321"},{"taxonomy":"product_cat","embeddable":true,"href":"https:\/\/bstextract.com\/de\/wp-json\/wp\/v2\/product_cat?post=1321"},{"taxonomy":"product_tag","embeddable":true,"href":"https:\/\/bstextract.com\/de\/wp-json\/wp\/v2\/product_tag?post=1321"}],"curies":[{"name":"wp","href":"https:\/\/api.w.org\/{rel}","templated":true}]}}