{"id":1353,"date":"2025-06-09T02:21:54","date_gmt":"2025-06-09T02:21:54","guid":{"rendered":"https:\/\/bstextract.com\/?post_type=product&#038;p=1353"},"modified":"2025-06-09T02:22:15","modified_gmt":"2025-06-09T02:22:15","slug":"astaxanthin-pulver","status":"publish","type":"product","link":"https:\/\/bstextract.com\/de\/produkt\/astaxanthin-pulver\/","title":{"rendered":"Astaxanthin-Pulver (Haematococcus Pluvialis-Extrakt)"},"content":{"rendered":"<p><!-- Keyword Section (Outside Article) --><\/p>\n<h2>Was ist Astaxanthin-Pulver?<\/h2>\n<p><strong>Astaxanthin-Pulver<\/strong> ist ein starkes nat\u00fcrliches Antioxidans, das aus der Mikroalge <strong>Haematococcus pluvialis<\/strong>. Es ist als eines der wirksamsten fettl\u00f6slichen Carotinoide in der Natur bekannt und bietet au\u00dfergew\u00f6hnliche Unterst\u00fctzung f\u00fcr <strong>Hautgesundheit, Augenschutz, Gehirnfunktion und sportliche Leistung<\/strong>.<\/p>\n<p><img fetchpriority=\"high\" decoding=\"async\" class=\"aligncenter wp-image-1359\" src=\"https:\/\/bstextract.com\/wp-content\/uploads\/2025\/06\/10001-1.webp\" alt=\"\" width=\"1024\" height=\"451\" title=\"\" srcset=\"https:\/\/bstextract.com\/wp-content\/uploads\/2025\/06\/10001-1.webp 1600w, https:\/\/bstextract.com\/wp-content\/uploads\/2025\/06\/10001-1-300x132.webp 300w, https:\/\/bstextract.com\/wp-content\/uploads\/2025\/06\/10001-1-1024x451.webp 1024w, https:\/\/bstextract.com\/wp-content\/uploads\/2025\/06\/10001-1-768x338.webp 768w, https:\/\/bstextract.com\/wp-content\/uploads\/2025\/06\/10001-1-1536x677.webp 1536w, https:\/\/bstextract.com\/wp-content\/uploads\/2025\/06\/10001-1-18x8.webp 18w, https:\/\/bstextract.com\/wp-content\/uploads\/2025\/06\/10001-1-600x264.webp 600w\" sizes=\"(max-width: 1024px) 100vw, 1024px\" \/><\/p>\n<p>Unser Astaxanthin ist in Form eines Konzentrats erh\u00e4ltlich <strong>dunkelrotes Pulver<\/strong> mit aktiven Inhalten standardisiert auf <strong>1%, 2%, 3%, 4% und 5%<\/strong>. Identifiziert durch CAS-Nr. <strong>472-61-7<\/strong>Dieser hochwertige Extrakt wird h\u00e4ufig verwendet in <strong>nutrazeutische, kosmetische, Lebensmittel- und Futtermittelanwendungen<\/strong>.<\/p>\n<h2>Warum sollten Sie sich f\u00fcr unseren Haematococcus Pluvialis-Extrakt entscheiden?<\/h2>\n<p>Als spezialisierte <strong>Astaxanthin Pulver Hersteller und Haematococcus Pluvialis Extrakt Fabrik<\/strong>gew\u00e4hrleisten wir h\u00f6chste Produktqualit\u00e4t, Bioverf\u00fcgbarkeit und Flexibilit\u00e4t bei der Formulierung.<\/p>\n<ul>\n<li>\ud83d\udee1\ufe0f <strong>Hohe antioxidative Wirkung<\/strong>6000-mal st\u00e4rker als Vitamin C und 800-mal st\u00e4rker als <a href=\"https:\/\/bstextract.com\/de\/produkt\/coenzym-q10-pulver\/\">CoQ10<\/a><\/li>\n<li>\ud83d\udcaa <strong>Unterst\u00fctzt Ausdauer und Erholung<\/strong>-Ideal f\u00fcr Sportler und aktive Lebensstile<\/li>\n<li>\ud83d\udc41\ufe0f <strong>Sch\u00fctzt Augen und Haut vor oxidativen Sch\u00e4den<\/strong> und UV-Belastung<\/li>\n<li>\ud83d\udc8a <strong>Geeignet f\u00fcr Softgels, Kapseln, Gummib\u00e4rchen, Pulver und funktionelle Getr\u00e4nke<\/strong><\/li>\n<\/ul>\n<h2>Anwendungen von Astaxanthin-Pulver<\/h2>\n<p><strong>Astaxanthin-Pulver<\/strong> ist weit verbreitet in:<\/p>\n<ul>\n<li>\ud83d\udc8a <strong>Nahrungserg\u00e4nzungsmittel<\/strong> zur Unterst\u00fctzung von Immunit\u00e4t, Kognition, Herz-Kreislauf-System und Haut<\/li>\n<li>\ud83e\uddf4 <strong>Kosmezeutische Produkte<\/strong> wie Anti-Aging-Cremes, Sonnenschutzmittel und Augenpflege<\/li>\n<li>\ud83c\udf7d\ufe0f <strong>Funktionelle Lebensmittel und Getr\u00e4nke<\/strong> entz\u00fcndungshemmend und energief\u00f6rdernd wirken<\/li>\n<li>\ud83d\udc1f <strong>Aquakultur und Ern\u00e4hrung von Haustieren<\/strong> zur Verbesserung der Farbe und des oxidativen Gleichgewichts<\/li>\n<\/ul>\n<p>Als nat\u00fcrliches, unbedenkliches Antioxidans ist es ideal f\u00fcr <strong>Premium-Wellness-Marken und Sportern\u00e4hrungslinien<\/strong>.<\/p>\n<h2>Spezifikationen<\/h2>\n<table>\n<tbody>\n<tr>\n<th>Produktname<\/th>\n<td>Astaxanthin-Pulver<\/td>\n<\/tr>\n<tr>\n<th>Quelle<\/th>\n<td>Haematococcus Pluvialis-Extrakt<\/td>\n<\/tr>\n<tr>\n<th>CAS-Nr.<\/th>\n<td>472-61-7<\/td>\n<\/tr>\n<tr>\n<th>Erscheinungsbild<\/th>\n<td>Dunkelrotes Pulver<\/td>\n<\/tr>\n<tr>\n<th>Verf\u00fcgbare Spezifikationen<\/th>\n<td>1%, 2%, 3%, 4%, 5% Astaxanthin<\/td>\n<\/tr>\n<\/tbody>\n<\/table>\n<h2>H\u00e4ufig gestellte Fragen<\/h2>\n<p><strong>Was ist die Hauptquelle f\u00fcr Ihr Astaxanthin-Pulver?<\/strong><br \/>\nUnser Astaxanthin wird aus hochwertigen **Haematococcus pluvialis Mikroalgen** gewonnen, der reichsten nat\u00fcrlichen Quelle f\u00fcr bioaktives Astaxanthin.<\/p>\n<p><strong>Was sind die typischen Anwendungen?<\/strong><br \/>\nVerwendung in **Nahrungserg\u00e4nzungsmitteln, Hautpflegeprodukten, funktionellen Getr\u00e4nken, Tiernahrung und Aquafutter**.<\/p>\n<p><strong>Welche Farbe und Textur hat es?<\/strong><br \/>\nEs handelt sich um ein **tiefrotes, feines Pulver** mit ausgezeichneter Dispergierbarkeit und antioxidativer Stabilit\u00e4t.<\/p>\n<p><strong>Ist Ihr Astaxanthin nat\u00fcrlich?<\/strong><br \/>\nJa, es ist ein **nat\u00fcrlicher, nicht gentechnisch ver\u00e4nderter, l\u00f6sungsmittelfreier Extrakt**, der durch ein sauberes Extraktionsverfahren gewonnen wird.<\/p>\n<p><strong>Unterst\u00fctzen Sie Gro\u00df- und OEM-Bestellungen?<\/strong><br \/>\nJa, wir bieten **Lieferungen als Bulkware, Eigenmarkenoptionen und OEM\/ODM-Dienstleistungen** in unserem zertifizierten Werk an.<\/p>\n<p><strong>Was sind Ihre Richtlinien f\u00fcr die Lagerung und Verpackung?<\/strong><br \/>\nIn einem **k\u00fchlen, trockenen, lichtgesch\u00fctzten Beh\u00e4lter** lagern. Die Standardverpackung umfasst **1kg\/Sack oder 25kg\/Fass**. Haltbarkeitsdauer: **24 Monate**.<\/p>","protected":false},"excerpt":{"rendered":"<table>\n<tbody>\n<tr>\n<th>CAS-Nr.<\/th>\n<td>472-61-7<\/td>\n<\/tr>\n<tr>\n<th>Erscheinungsbild<\/th>\n<td>Dunkelrotes Pulver<\/td>\n<\/tr>\n<tr>\n<th>Verf\u00fcgbare Spezifikationen<\/th>\n<td>1%, 2%, 3%, 4%, 5% Astaxanthin<\/td>\n<\/tr>\n<\/tbody>\n<\/table>","protected":false},"featured_media":1356,"comment_status":"open","ping_status":"closed","template":"","meta":{"_acf_changed":false},"product_brand":[],"product_cat":[22],"product_tag":[],"class_list":{"0":"post-1353","1":"product","2":"type-product","3":"status-publish","4":"has-post-thumbnail","6":"product_cat-cosmetic-personal-care-ingredients","8":"first","9":"instock","10":"shipping-taxable","11":"product-type-simple"},"acf":[],"_links":{"self":[{"href":"https:\/\/bstextract.com\/de\/wp-json\/wp\/v2\/product\/1353","targetHints":{"allow":["GET"]}}],"collection":[{"href":"https:\/\/bstextract.com\/de\/wp-json\/wp\/v2\/product"}],"about":[{"href":"https:\/\/bstextract.com\/de\/wp-json\/wp\/v2\/types\/product"}],"replies":[{"embeddable":true,"href":"https:\/\/bstextract.com\/de\/wp-json\/wp\/v2\/comments?post=1353"}],"wp:featuredmedia":[{"embeddable":true,"href":"https:\/\/bstextract.com\/de\/wp-json\/wp\/v2\/media\/1356"}],"wp:attachment":[{"href":"https:\/\/bstextract.com\/de\/wp-json\/wp\/v2\/media?parent=1353"}],"wp:term":[{"taxonomy":"product_brand","embeddable":true,"href":"https:\/\/bstextract.com\/de\/wp-json\/wp\/v2\/product_brand?post=1353"},{"taxonomy":"product_cat","embeddable":true,"href":"https:\/\/bstextract.com\/de\/wp-json\/wp\/v2\/product_cat?post=1353"},{"taxonomy":"product_tag","embeddable":true,"href":"https:\/\/bstextract.com\/de\/wp-json\/wp\/v2\/product_tag?post=1353"}],"curies":[{"name":"wp","href":"https:\/\/api.w.org\/{rel}","templated":true}]}}