{"id":1382,"date":"2025-06-10T02:18:14","date_gmt":"2025-06-10T02:18:14","guid":{"rendered":"https:\/\/bstextract.com\/?post_type=product&#038;p=1382"},"modified":"2025-06-23T01:25:39","modified_gmt":"2025-06-23T01:25:39","slug":"kava-extrakt","status":"publish","type":"product","link":"https:\/\/bstextract.com\/de\/produkt\/kava-extrakt\/","title":{"rendered":"10%-70% Kava-Extrakt"},"content":{"rendered":"<p><!-- Keyword Section (Outside Article) --><\/p>\n<h2>Was ist Kava-Extrakt?<\/h2>\n<p><strong>Kava-Extrakt<\/strong> ist ein botanischer Extrakt aus den Wurzeln des <em>Piper methysticum<\/em> Pflanze, die im S\u00fcdpazifik beheimatet ist. Sie ist bekannt f\u00fcr ihre nat\u00fcrlich vorkommenden Verbindungen namens <strong>Kavalaktone<\/strong>Kava wird traditionell als Heilmittel verwendet. <strong>beruhigende, stimmungsstabilisierende und angstl\u00f6sende pflanzliche Erg\u00e4nzung<\/strong>.<\/p>\n<p><img fetchpriority=\"high\" decoding=\"async\" class=\"aligncenter wp-image-1389\" src=\"https:\/\/bstextract.com\/wp-content\/uploads\/2025\/06\/main-image-1-scaled-1.webp\" alt=\"\" width=\"1024\" height=\"683\" title=\"\" srcset=\"https:\/\/bstextract.com\/wp-content\/uploads\/2025\/06\/main-image-1-scaled-1.webp 1620w, https:\/\/bstextract.com\/wp-content\/uploads\/2025\/06\/main-image-1-scaled-1-300x200.webp 300w, https:\/\/bstextract.com\/wp-content\/uploads\/2025\/06\/main-image-1-scaled-1-1024x683.webp 1024w, https:\/\/bstextract.com\/wp-content\/uploads\/2025\/06\/main-image-1-scaled-1-768x512.webp 768w, https:\/\/bstextract.com\/wp-content\/uploads\/2025\/06\/main-image-1-scaled-1-1536x1024.webp 1536w, https:\/\/bstextract.com\/wp-content\/uploads\/2025\/06\/main-image-1-scaled-1-18x12.webp 18w, https:\/\/bstextract.com\/wp-content\/uploads\/2025\/06\/main-image-1-scaled-1-600x400.webp 600w\" sizes=\"(max-width: 1024px) 100vw, 1024px\" \/><\/p>\n<p>&nbsp;<\/p>\n<p>Unser Kava-Extrakt in Premium-Qualit\u00e4t ist als feines <strong>braunes bis gelbes Pulver<\/strong> und standardisiert zu enthalten <strong>10% bis 70% Kavalaktone<\/strong>Das macht es sehr anpassungsf\u00e4hig f\u00fcr die Formulierung in einer Vielzahl von Gesundheits- und Wellnessprodukten. Identifiziert durch <strong>CAS-Nr. 9000-38-8<\/strong>ist es ideal f\u00fcr den Einsatz in der <strong>Nahrungserg\u00e4nzungsmittel-, Getr\u00e4nke- und Naturkostindustrie<\/strong>.<\/p>\n<h2>Warum sollten Sie unseren Kava-Extrakt w\u00e4hlen?<\/h2>\n<p>Als zuverl\u00e4ssiger <strong>Kava-Extrakt Hersteller und Lieferant von Botanicals<\/strong>bieten wir ein sicheres und wirksames Produkt an, das den modernen Formulierungsstandards f\u00fcr nat\u00fcrliche Entspannung und Stressabbau entspricht.<\/p>\n<ul>\n<li>\ud83c\udf3f <strong>Reich an Kavalactonen<\/strong>-Klinisch untersucht zur Reduzierung von \u00c4ngsten und Spannungen<\/li>\n<li>\ud83d\udca7 <strong>Nicht-sedierend, nicht s\u00fcchtig machend und schnell wirkend<\/strong><\/li>\n<li>\ud83d\udc8a <strong>Perfekt f\u00fcr Kapseln, Tees, Tinkturen und fl\u00fcssige Entspannungsmittel<\/strong><\/li>\n<li>\ud83e\uddd8\u200d\u2640\ufe0f <strong>F\u00f6rdert eine ruhige Stimmung, geistige Klarheit und erholsamen Schlaf<\/strong><\/li>\n<\/ul>\n<h2>Anwendungen von Kava-Extrakt<\/h2>\n<p><strong>Kava-Extrakt<\/strong> ist weit verbreitet in:<\/p>\n<ul>\n<li>\ud83d\udc8a <strong>Pflanzliche Pr\u00e4parate gegen Angstzust\u00e4nde und Stress<\/strong><\/li>\n<li>\ud83e\uddf4 <strong>Topische und therapeutische Formeln zur Muskelentspannung<\/strong><\/li>\n<li>\ud83e\udd64 <strong>Nat\u00fcrliche Beruhigungsgetr\u00e4nke und Kr\u00e4utermischungen<\/strong><\/li>\n<li>\ud83c\udf3f <strong>Traditionelle Medizin und moderne Phytotherapie-Mischungen<\/strong><\/li>\n<\/ul>\n<p>Es wird \u00fcblicherweise mit anderen Adaptogenen formuliert wie <strong>Passionsblume, Baldrianwurzel und Ashwagandha<\/strong> f\u00fcr verbesserte Synergieeffekte in Produkten zum Stressabbau.<\/p>\n<h2>Spezifikationen<\/h2>\n<table>\n<tbody>\n<tr>\n<th>Produktname<\/th>\n<td>Kava-Extrakt<\/td>\n<\/tr>\n<tr>\n<th>Aktiver Inhaltsstoff<\/th>\n<td>Kavalaktone<\/td>\n<\/tr>\n<tr>\n<th>CAS-Nr.<\/th>\n<td>9000-38-8<\/td>\n<\/tr>\n<tr>\n<th>Erscheinungsbild<\/th>\n<td>Braunes bis gelbes Pulver<\/td>\n<\/tr>\n<tr>\n<th>Spezifikation<\/th>\n<td>10%-70% Kavalaktone<\/td>\n<\/tr>\n<\/tbody>\n<\/table>\n<h2>H\u00e4ufig gestellte Fragen<\/h2>\n<p><strong>Was sind Kavalactone?<\/strong><br \/>\nKavalactone sind die aktiven Verbindungen in Kava, die f\u00fcr seine <strong>beruhigende, angstl\u00f6sende und muskelentspannende Wirkung<\/strong>. Sie wirken auf die GABA-Bahnen im Gehirn und f\u00f6rdern die Entspannung ohne Sedierung.<\/p>\n<p><strong>Wie wird Kava-Extrakt verwendet?<\/strong><br \/>\n\u00dcblicherweise verwendet in <strong>Kapseln, Kr\u00e4utertees, funktionelle Getr\u00e4nke, Tinkturen und topische L\u00f6sungen<\/strong>.<\/p>\n<p><strong>Ist dieses Produkt f\u00fcr den t\u00e4glichen Gebrauch sicher?<\/strong><br \/>\nJa, wenn es gem\u00e4\u00df den empfohlenen Dosierungsrichtlinien verwendet wird. Unser Kava-Extrakt wird unter strengen Qualit\u00e4tskontrollen hergestellt, um sicherzustellen <strong>Reinheit und Konformit\u00e4t<\/strong>.<\/p>\n<p><strong>Kann ich OEM oder Private Labeling beantragen?<\/strong><br \/>\nGanz genau. Wir bieten <strong>OEM\/ODM-Dienstleistungen, Bulk-Lieferung und kundenspezifische Formulierungen<\/strong>.<\/p>\n<p><strong>Wie lange ist die Haltbarkeit?<\/strong><br \/>\nDie Haltbarkeitsdauer betr\u00e4gt <strong>24 Monate<\/strong> wenn sie an einem k\u00fchlen, trockenen Ort in einem verschlossenen Beh\u00e4lter gelagert werden.<\/p>\n<h2>\u00dcber Xi'an Best Bio-Tech Co, Ltd.<\/h2>\n<p><strong>Xi'an Best Bio-Tech Co., Ltd.<\/strong> ist eine f\u00fchrende <strong>Kava-Extrakt Hersteller und Anbieter von Kr\u00e4uterextrakten<\/strong> mit Sitz in Yangling, China. Wir sind auf die Herstellung hochwertiger, standardisierter Pflanzenextrakte f\u00fcr die globale Gesundheits- und Wellnessbranche spezialisiert.<\/p>\n<p>Mit GMP-zertifizierten Produktionslinien und Zertifizierungen wie <strong>ISO9001, USFDA, Kosher, Halal und HACCP<\/strong>bedienen wir Kunden in \u00fcber <strong>60 L\u00e4nder<\/strong>. Unsere wichtigsten Produktkategorien sind <strong>pflanzliche Antistressmittel, Adaptogene, Nootropika und funktionelle Lebensmittelzutaten<\/strong>.<\/p>\n<p>Partner mit uns f\u00fcr <strong>Rohstoffe in loser Sch\u00fcttung, kundenspezifische Formulierung, Herstellung von Eigenmarken<\/strong>und schnelle, zuverl\u00e4ssige Unterst\u00fctzung bei der Entwicklung Ihrer n\u00e4chsten beruhigenden oder auf Wellness ausgerichteten Produktlinie.<\/p>","protected":false},"excerpt":{"rendered":"<table>\n<tbody>\n<tr>\n<th>Aktiver Inhaltsstoff<\/th>\n<td>Kavalaktone<\/td>\n<\/tr>\n<tr>\n<th>CAS-Nr.<\/th>\n<td>9000-38-8<\/td>\n<\/tr>\n<tr>\n<th>Erscheinungsbild<\/th>\n<td>Braunes bis gelbes Pulver<\/td>\n<\/tr>\n<tr>\n<th>Spezifikation<\/th>\n<td>10%-70% Kavalaktone<\/td>\n<\/tr>\n<\/tbody>\n<\/table>","protected":false},"featured_media":1383,"comment_status":"open","ping_status":"closed","template":"","meta":{"_acf_changed":false},"product_brand":[],"product_cat":[21],"product_tag":[],"class_list":{"0":"post-1382","1":"product","2":"type-product","3":"status-publish","4":"has-post-thumbnail","6":"product_cat-plant-extracts","8":"first","9":"instock","10":"shipping-taxable","11":"product-type-simple"},"acf":[],"_links":{"self":[{"href":"https:\/\/bstextract.com\/de\/wp-json\/wp\/v2\/product\/1382","targetHints":{"allow":["GET"]}}],"collection":[{"href":"https:\/\/bstextract.com\/de\/wp-json\/wp\/v2\/product"}],"about":[{"href":"https:\/\/bstextract.com\/de\/wp-json\/wp\/v2\/types\/product"}],"replies":[{"embeddable":true,"href":"https:\/\/bstextract.com\/de\/wp-json\/wp\/v2\/comments?post=1382"}],"wp:featuredmedia":[{"embeddable":true,"href":"https:\/\/bstextract.com\/de\/wp-json\/wp\/v2\/media\/1383"}],"wp:attachment":[{"href":"https:\/\/bstextract.com\/de\/wp-json\/wp\/v2\/media?parent=1382"}],"wp:term":[{"taxonomy":"product_brand","embeddable":true,"href":"https:\/\/bstextract.com\/de\/wp-json\/wp\/v2\/product_brand?post=1382"},{"taxonomy":"product_cat","embeddable":true,"href":"https:\/\/bstextract.com\/de\/wp-json\/wp\/v2\/product_cat?post=1382"},{"taxonomy":"product_tag","embeddable":true,"href":"https:\/\/bstextract.com\/de\/wp-json\/wp\/v2\/product_tag?post=1382"}],"curies":[{"name":"wp","href":"https:\/\/api.w.org\/{rel}","templated":true}]}}