{"id":1410,"date":"2025-06-11T07:00:22","date_gmt":"2025-06-11T07:00:22","guid":{"rendered":"https:\/\/bstextract.com\/?post_type=product&#038;p=1410"},"modified":"2025-06-11T07:10:23","modified_gmt":"2025-06-11T07:10:23","slug":"bio-super-green-pulver","status":"publish","type":"product","link":"https:\/\/bstextract.com\/de\/produkt\/bio-super-green-pulver\/","title":{"rendered":"Bio-Supergr\u00fcn-Pulver"},"content":{"rendered":"<p><!-- Keyword Section (Outside Article) --><\/p>\n<h2>Was ist Organic Super Greens Powder?<\/h2>\n<p><strong>Bio-Supergr\u00fcn-Pulver<\/strong>, auch bekannt als <strong>Bio-Superfood-Pulver<\/strong> oder <strong>Supergreen-Pulver<\/strong>ist eine n\u00e4hrstoffreiche Mischung aus nat\u00fcrlichen gr\u00fcnen Inhaltsstoffen zur Unterst\u00fctzung der t\u00e4glichen Energie, der Entgiftung und des allgemeinen Wohlbefindens. Dieses funktionelle gr\u00fcne Pulver enth\u00e4lt eine synergetische Mischung aus <strong>Chlorella, Spirulina, Gr\u00fcnkohl, Weizengras, <a href=\"https:\/\/bstextract.com\/de\/produkt\/bio-gerstengraspulver\/\">Gerstengras<\/a><\/strong>und andere antioxidantienreiche Supernahrungsmittel.<\/p>\n<p><img fetchpriority=\"high\" decoding=\"async\" class=\"alignnone wp-image-1413\" src=\"https:\/\/bstextract.com\/wp-content\/uploads\/2025\/06\/3-5-5.webp\" alt=\"Bio-Supergr\u00fcn-Pulver\" width=\"500\" height=\"500\" title=\"\" srcset=\"https:\/\/bstextract.com\/wp-content\/uploads\/2025\/06\/3-5-5.webp 800w, https:\/\/bstextract.com\/wp-content\/uploads\/2025\/06\/3-5-5-300x300.webp 300w, https:\/\/bstextract.com\/wp-content\/uploads\/2025\/06\/3-5-5-150x150.webp 150w, https:\/\/bstextract.com\/wp-content\/uploads\/2025\/06\/3-5-5-768x768.webp 768w, https:\/\/bstextract.com\/wp-content\/uploads\/2025\/06\/3-5-5-12x12.webp 12w, https:\/\/bstextract.com\/wp-content\/uploads\/2025\/06\/3-5-5-600x600.webp 600w, https:\/\/bstextract.com\/wp-content\/uploads\/2025\/06\/3-5-5-100x100.webp 100w\" sizes=\"(max-width: 500px) 100vw, 500px\" \/><img decoding=\"async\" class=\"alignnone wp-image-1414\" src=\"https:\/\/bstextract.com\/wp-content\/uploads\/2025\/06\/4-2-3.webp\" alt=\"Bio-Supergr\u00fcn-Pulver\" width=\"500\" height=\"500\" title=\"\" srcset=\"https:\/\/bstextract.com\/wp-content\/uploads\/2025\/06\/4-2-3.webp 800w, https:\/\/bstextract.com\/wp-content\/uploads\/2025\/06\/4-2-3-300x300.webp 300w, https:\/\/bstextract.com\/wp-content\/uploads\/2025\/06\/4-2-3-150x150.webp 150w, https:\/\/bstextract.com\/wp-content\/uploads\/2025\/06\/4-2-3-768x768.webp 768w, https:\/\/bstextract.com\/wp-content\/uploads\/2025\/06\/4-2-3-12x12.webp 12w, https:\/\/bstextract.com\/wp-content\/uploads\/2025\/06\/4-2-3-600x600.webp 600w, https:\/\/bstextract.com\/wp-content\/uploads\/2025\/06\/4-2-3-100x100.webp 100w\" sizes=\"(max-width: 500px) 100vw, 500px\" \/><\/p>\n<p>Produziert in einer feinen, lebendigen <strong>gr\u00fcnes Pulver<\/strong> mit einer <strong>Partikelgr\u00f6\u00dfe 40-60 mesh<\/strong>Unser Supergreens-Pulver ist ideal zum Einr\u00fchren in Smoothies, Shakes, Kapseln oder funktionelle Getr\u00e4nke. Ganz gleich, ob Sie auf die Gesundheit des Immunsystems, die Unterst\u00fctzung der Verdauung oder die t\u00e4gliche alkalisierende Ern\u00e4hrung abzielen, diese Mischung bietet eine leistungsstarke, pflanzliche L\u00f6sung.<\/p>\n<h2>Warum sollten Sie unser Bio-Superfood-Pulver w\u00e4hlen?<\/h2>\n<p>Als zertifizierter <strong>Hersteller von Supergreens Powder<\/strong>Wir bieten Premium-Qualit\u00e4t, vollst\u00e4ndige R\u00fcckverfolgbarkeit und Bulk-\/Private-Label-Optionen, um den unterschiedlichen Marktanforderungen gerecht zu werden.<\/p>\n<ul>\n<li>\ud83c\udf3f <strong>Auf Vollwertkost basierende Formel<\/strong>-Enth\u00e4lt organisches Gr\u00fcnzeug und Algen f\u00fcr N\u00e4hrstoffsynergien<\/li>\n<li>\ud83d\udcaa <strong>Reich an Chlorophyll, Vitaminen, Mineralien und Antioxidantien<\/strong><\/li>\n<li>\ud83c\udf43 <strong>Unterst\u00fctzt die Entgiftung, das Gleichgewicht des Immunsystems und die Gesundheit der Verdauung<\/strong><\/li>\n<li>\ud83e\uddf4 <strong>Geeignet f\u00fcr Getr\u00e4nke in Pulverform, Kapseln, Tabletten oder Energiemischungen<\/strong><\/li>\n<\/ul>\n<h2>Anwendungen von Organic Super Greens Powder<\/h2>\n<p><strong>Bio-Supergreen-Pulver<\/strong> wird verwendet in:<\/p>\n<ul>\n<li>\ud83e\udd64 <strong>Funktionelle gr\u00fcne Getr\u00e4nke, Smoothie-Booster und Detox-Shakes<\/strong><\/li>\n<li>\ud83d\udc8a <strong>Superfood-Kapseln und gr\u00fcne Tabletten<\/strong><\/li>\n<li>\ud83e\uddc3 <strong>Clean-Label-Getr\u00e4nkepulver und Wellness-Mischungen<\/strong><\/li>\n<li>\ud83c\udf7d\ufe0f <strong>Pflanzliche Mahlzeitenersatzprodukte und Fitnessformeln<\/strong><\/li>\n<\/ul>\n<p>Sie werden oft mit Probiotika, Adaptogenen oder pflanzlichen Proteinen kombiniert, um eine vollst\u00e4ndige Unterst\u00fctzung durch Superfoods zu gew\u00e4hrleisten.<\/p>\n<h2>Spezifikationen<\/h2>\n<table>\n<tbody>\n<tr>\n<th>Produktname<\/th>\n<td>Bio-Supergr\u00fcn-Pulver<\/td>\n<\/tr>\n<tr>\n<th>Andere Namen<\/th>\n<td>Bio-Superfood-Pulver, Supergreens-Pulver<\/td>\n<\/tr>\n<tr>\n<th>Aktive Inhaltsstoffe<\/th>\n<td>Chlorella, Spirulina, Gr\u00fcnkohl, Weizengras, <a href=\"https:\/\/bstextract.com\/de\/produkt\/bio-gerstengraspulver\/\">Gerstengras<\/a>, usw.<\/td>\n<\/tr>\n<tr>\n<th>Erscheinungsbild<\/th>\n<td>Gr\u00fcnes Pulver<\/td>\n<\/tr>\n<tr>\n<th>Partikelgr\u00f6\u00dfe<\/th>\n<td>40 Maschen - 60 Maschen<\/td>\n<\/tr>\n<tr>\n<th>Paket<\/th>\n<td>240g\/Jar oder kundenspezifisch nach Kundenwunsch<\/td>\n<\/tr>\n<tr>\n<th>Muster<\/th>\n<td>Kostenlose Muster verf\u00fcgbar<\/td>\n<\/tr>\n<\/tbody>\n<\/table>\n<h2>H\u00e4ufig gestellte Fragen<\/h2>\n<p><strong>Was sind die wichtigsten Vorteile von Organic Super Greens Powder?<\/strong><br \/>\nSie bietet t\u00e4glich <strong>Entgiftung, Unterst\u00fctzung des Immunsystems, Schutz vor Antioxidantien und Verbesserung der Verdauung<\/strong> dank seines konzentrierten gr\u00fcnen N\u00e4hrstoffprofils.<\/p>\n<p><strong>Kann ich die Formel individuell anpassen?<\/strong><br \/>\nJa. Wir bieten unseren Kunden die **Entwicklung individueller Mischungen, die Verpackung von Eigenmarken und die flexible Beschaffung von Inhaltsstoffen**.<\/p>\n<p><strong>Wie schmeckt das Pulver?<\/strong><br \/>\nEr hat einen **mild-erdig-gr\u00fcnen Geschmack**, der h\u00e4ufig mit Minze, Zitrone oder Fruchtmischungen in Smoothies oder Getr\u00e4nken verfeinert wird.<\/p>\n<p><strong>Unterst\u00fctzen Sie OEM und Private Labeling?<\/strong><br \/>\nJa. Wir bieten **Rohpulver in loser Sch\u00fcttung, einzelhandelsfertige Gl\u00e4ser und White-Label-Dienstleistungen** f\u00fcr globale Kunden.<\/p>\n<p><strong>Wie lange ist die Haltbarkeit?<\/strong><br \/>\nDas Produkt ist **24 Monate** lang haltbar, wenn es an einem **verschlossenen, k\u00fchlen und trockenen Ort** gelagert wird, der vor direkter Sonneneinstrahlung gesch\u00fctzt ist.<\/p>\n<h2>\u00dcber Xi'an Best Bio-Tech Co, Ltd.<\/h2>\n<p><strong>Xi'an Best Bio-Tech Co., Ltd.<\/strong> ist eine vertrauensw\u00fcrdige <strong>Hersteller von Bio-Supergreen-Pulver und Anbieter von Superfood-Zutaten<\/strong> mit Sitz in Yangling, China. Wir sind spezialisiert auf hochwertige Kr\u00e4uter- und N\u00e4hrstoffpulver mit weltweiten Zertifizierungen, darunter <strong>ISO9001, USFDA, Halal, Kosher und HACCP<\/strong>.<\/p>\n<p>Mit fortschrittlichen Produktionsanlagen und strenger Qualit\u00e4tskontrolle liefern wir \u00fcber <strong>200 pflanzliche und funktionelle Inhaltsstoffe<\/strong> an Kunden in \u00fcber 60 L\u00e4ndern. Ganz gleich, ob Sie eine gr\u00fcne Nahrungserg\u00e4nzungslinie aufbauen oder individuelle Superfood-Mischungen ben\u00f6tigen, wir bieten <strong>kostenlose Muster, Lieferung in gro\u00dfen Mengen, OEM-Unterst\u00fctzung und schnelle Lieferung weltweit<\/strong>.<\/p>","protected":false},"excerpt":{"rendered":"<table>\n<tbody>\n<tr>\n<th>Produktname<\/th>\n<td>Bio-Supergr\u00fcn-Pulver<\/td>\n<\/tr>\n<tr>\n<th>Andere Namen<\/th>\n<td>Bio-Superfood-Pulver, Supergreens-Pulver<\/td>\n<\/tr>\n<tr>\n<th>Aktive Inhaltsstoffe<\/th>\n<td>Chlorella, Spirulina, Gr\u00fcnkohl, Weizengras, <a href=\"https:\/\/bstextract.com\/de\/produkt\/bio-gerstengraspulver\/\">Gerstengras<\/a>, usw.<\/td>\n<\/tr>\n<tr>\n<th>Erscheinungsbild<\/th>\n<td>Gr\u00fcnes Pulver<\/td>\n<\/tr>\n<tr>\n<th>Partikelgr\u00f6\u00dfe<\/th>\n<td>40 Maschen - 60 Maschen<\/td>\n<\/tr>\n<tr>\n<th>Paket<\/th>\n<td>240g\/Jar oder kundenspezifisch nach Kundenwunsch<\/td>\n<\/tr>\n<tr>\n<th>Muster<\/th>\n<td>Kostenlose Muster verf\u00fcgbar<\/td>\n<\/tr>\n<\/tbody>\n<\/table>","protected":false},"featured_media":1411,"comment_status":"open","ping_status":"closed","template":"","meta":{"_acf_changed":false},"product_brand":[],"product_cat":[44],"product_tag":[],"class_list":{"0":"post-1410","1":"product","2":"type-product","3":"status-publish","4":"has-post-thumbnail","6":"product_cat-oem-odm","8":"first","9":"instock","10":"shipping-taxable","11":"product-type-simple"},"acf":[],"_links":{"self":[{"href":"https:\/\/bstextract.com\/de\/wp-json\/wp\/v2\/product\/1410","targetHints":{"allow":["GET"]}}],"collection":[{"href":"https:\/\/bstextract.com\/de\/wp-json\/wp\/v2\/product"}],"about":[{"href":"https:\/\/bstextract.com\/de\/wp-json\/wp\/v2\/types\/product"}],"replies":[{"embeddable":true,"href":"https:\/\/bstextract.com\/de\/wp-json\/wp\/v2\/comments?post=1410"}],"wp:featuredmedia":[{"embeddable":true,"href":"https:\/\/bstextract.com\/de\/wp-json\/wp\/v2\/media\/1411"}],"wp:attachment":[{"href":"https:\/\/bstextract.com\/de\/wp-json\/wp\/v2\/media?parent=1410"}],"wp:term":[{"taxonomy":"product_brand","embeddable":true,"href":"https:\/\/bstextract.com\/de\/wp-json\/wp\/v2\/product_brand?post=1410"},{"taxonomy":"product_cat","embeddable":true,"href":"https:\/\/bstextract.com\/de\/wp-json\/wp\/v2\/product_cat?post=1410"},{"taxonomy":"product_tag","embeddable":true,"href":"https:\/\/bstextract.com\/de\/wp-json\/wp\/v2\/product_tag?post=1410"}],"curies":[{"name":"wp","href":"https:\/\/api.w.org\/{rel}","templated":true}]}}