{"id":1433,"date":"2025-06-12T08:00:41","date_gmt":"2025-06-12T08:00:41","guid":{"rendered":"https:\/\/bstextract.com\/?post_type=product&#038;p=1433"},"modified":"2025-07-30T02:52:33","modified_gmt":"2025-07-30T02:52:33","slug":"monchsfruchtextrakt","status":"publish","type":"product","link":"https:\/\/bstextract.com\/de\/produkt\/monchsfruchtextrakt\/","title":{"rendered":"M\u00f6nchsfrucht-Extrakt"},"content":{"rendered":"<p><!-- Keyword Section (Outside Article) --><\/p>\n<p>Als einer der f\u00fchrenden <b>Hersteller<\/b> von nat\u00fcrlichen S\u00fc\u00dfungsmitteln, <b>BSTBIO<\/b> bietet hochreinen M\u00f6nchsfrucht-Extrakt, ein revolution\u00e4res kalorienfreies S\u00fc\u00dfungsmittel, das aus der <i>Siraitia grosvenorii<\/i> Frucht. Unser Extrakt ist die perfekte L\u00f6sung f\u00fcr Strategien zur Zuckerreduzierung, denn er liefert einen sauberen, s\u00fc\u00dfen Geschmack ohne die Kalorien oder den Nachgeschmack, die mit anderen S\u00fc\u00dfungsmitteln verbunden sind.<\/p>\n<p><img fetchpriority=\"high\" decoding=\"async\" class=\"aligncenter size-full wp-image-1441\" src=\"https:\/\/bstextract.com\/wp-content\/uploads\/2025\/06\/GettyImages-1130519486-dc99352c8cfe4af8822e08340750a0f5.webp\" alt=\"\" width=\"750\" height=\"500\" title=\"\" srcset=\"https:\/\/bstextract.com\/wp-content\/uploads\/2025\/06\/GettyImages-1130519486-dc99352c8cfe4af8822e08340750a0f5.webp 750w, https:\/\/bstextract.com\/wp-content\/uploads\/2025\/06\/GettyImages-1130519486-dc99352c8cfe4af8822e08340750a0f5-300x200.webp 300w, https:\/\/bstextract.com\/wp-content\/uploads\/2025\/06\/GettyImages-1130519486-dc99352c8cfe4af8822e08340750a0f5-18x12.webp 18w, https:\/\/bstextract.com\/wp-content\/uploads\/2025\/06\/GettyImages-1130519486-dc99352c8cfe4af8822e08340750a0f5-600x400.webp 600w\" sizes=\"(max-width: 750px) 100vw, 750px\" \/><\/p>\n<p>Wir bieten ein vielseitiges Angebot an Spezifikationen, um die genauen Anforderungen Ihrer Formulierung zu erf\u00fcllen:<\/p>\n<ul>\n<li><b>Standardisierte Extrakte (Mogrosid V 25% - 50%):<\/b> Unsere beliebtesten Optionen, standardisiert auf einen bestimmten Prozentsatz der aktiven Verbindung Mogrosid V. Dies bietet eine gleichbleibende, zuverl\u00e4ssige S\u00fc\u00dfe f\u00fcr Anwendungen, die eine pr\u00e4zise Formulierung erfordern, von Getr\u00e4nken bis zu S\u00fc\u00dfungsmitteln f\u00fcr Tabletten. H\u00f6here Prozents\u00e4tze bieten eine h\u00f6here Intensit\u00e4t der S\u00fc\u00dfe.<\/li>\n<li><b>Verh\u00e4ltnisextrakte (10:1, 20:1):<\/b> Ideal f\u00fcr Anwendungen, bei denen neben der S\u00fc\u00dfe ein abgerundetes, nat\u00fcrliches Fruchtgeschmacksprofil erw\u00fcnscht ist. Diese Extrakte sind perfekt f\u00fcr Nahrungserg\u00e4nzungsmittel und funktionelle Lebensmittel.<\/li>\n<\/ul>\n<p><b>Warum sollten Sie sich f\u00fcr den M\u00f6nchsfrucht-Extrakt von BSTBIO entscheiden?<\/b><\/p>\n<ul>\n<li><b>Null Kalorien und Null Glyk\u00e4mischer Index:<\/b> Eine ausgezeichnete Wahl f\u00fcr Diabetiker-, Keto- und Gewichtsmanagementprodukte.<\/li>\n<li><b>Sauberer, zucker\u00e4hnlicher Geschmack:<\/b> Gefeiert f\u00fcr seine angenehme S\u00fc\u00dfe ohne die bitteren oder lakritz\u00e4hnlichen Noten, die in einigen anderen hochintensiven S\u00fc\u00dfungsmitteln vorkommen.<\/li>\n<li><b>Hitzebest\u00e4ndig:<\/b> Beh\u00e4lt seine S\u00fc\u00dfe auch bei der Verarbeitung bei hohen Temperaturen und eignet sich daher hervorragend zum Backen, Pasteurisieren und Kochen.<\/li>\n<li><b>Breite Anwendungen:<\/b>\n<ul>\n<li>Getr\u00e4nke (RTD-Tees, S\u00e4fte, verbesserte W\u00e4sser)<\/li>\n<li>Ern\u00e4hrungs- und Sporterg\u00e4nzungsmittel (Proteinpulver, Pre-Workouts)<\/li>\n<li>Molkereiprodukte und Desserts (Joghurt, Eiscreme)<\/li>\n<li>B\u00e4ckerei und Konditorei<\/li>\n<\/ul>\n<\/li>\n<\/ul>\n<p>Partner mit <b>BSTBIO<\/b>, Ihr vertrauter <b>Anbieter<\/b>f\u00fcr eine best\u00e4ndige und zuverl\u00e4ssige Quelle f\u00fcr hochwertigen M\u00f6nchsfruchtextrakt.<\/p>","protected":false},"excerpt":{"rendered":"<ul>\n<li><b>Kalorienfreier nat\u00fcrlicher S\u00fc\u00dfstoff:<\/b> Der perfekte Zuckerersatz aus der Luo Han Guo Frucht.<\/li>\n<li><b>Mehrere St\u00e4rken:<\/b> Erh\u00e4ltlich in standardisierten Mogrosid V (25%-50%) und Ratio-Extrakten.<\/li>\n<li><b>Sauberer, s\u00fc\u00dfer Geschmack:<\/b> Kein bitterer Nachgeschmack, sondern ein zucker\u00e4hnliches Geschmacksprofil.<\/li>\n<li><b>Hitzestabil und vielseitig:<\/b> Ideal f\u00fcr Getr\u00e4nke, zum Backen, f\u00fcr Nahrungserg\u00e4nzungsmittel und f\u00fcr ketofreundliche Lebensmittel.<\/li>\n<li><b>Qualit\u00e4t von BSTBIO:<\/b> Ihr Experte <b>Hersteller<\/b> f\u00fcr nat\u00fcrliche S\u00fc\u00dfungsl\u00f6sungen.<\/li>\n<\/ul>","protected":false},"featured_media":1434,"comment_status":"open","ping_status":"closed","template":"","meta":{"_acf_changed":false},"product_brand":[],"product_cat":[21,49],"product_tag":[],"class_list":{"0":"post-1433","1":"product","2":"type-product","3":"status-publish","4":"has-post-thumbnail","6":"product_cat-plant-extracts","7":"product_cat-hot-product","9":"first","10":"instock","11":"shipping-taxable","12":"product-type-simple"},"acf":[],"_links":{"self":[{"href":"https:\/\/bstextract.com\/de\/wp-json\/wp\/v2\/product\/1433","targetHints":{"allow":["GET"]}}],"collection":[{"href":"https:\/\/bstextract.com\/de\/wp-json\/wp\/v2\/product"}],"about":[{"href":"https:\/\/bstextract.com\/de\/wp-json\/wp\/v2\/types\/product"}],"replies":[{"embeddable":true,"href":"https:\/\/bstextract.com\/de\/wp-json\/wp\/v2\/comments?post=1433"}],"wp:featuredmedia":[{"embeddable":true,"href":"https:\/\/bstextract.com\/de\/wp-json\/wp\/v2\/media\/1434"}],"wp:attachment":[{"href":"https:\/\/bstextract.com\/de\/wp-json\/wp\/v2\/media?parent=1433"}],"wp:term":[{"taxonomy":"product_brand","embeddable":true,"href":"https:\/\/bstextract.com\/de\/wp-json\/wp\/v2\/product_brand?post=1433"},{"taxonomy":"product_cat","embeddable":true,"href":"https:\/\/bstextract.com\/de\/wp-json\/wp\/v2\/product_cat?post=1433"},{"taxonomy":"product_tag","embeddable":true,"href":"https:\/\/bstextract.com\/de\/wp-json\/wp\/v2\/product_tag?post=1433"}],"curies":[{"name":"wp","href":"https:\/\/api.w.org\/{rel}","templated":true}]}}