{"id":1474,"date":"2025-06-23T01:19:10","date_gmt":"2025-06-23T01:19:10","guid":{"rendered":"https:\/\/bstextract.com\/?post_type=product&#038;p=1474"},"modified":"2025-06-23T01:20:24","modified_gmt":"2025-06-23T01:20:24","slug":"ginseng-extrakt","status":"publish","type":"product","link":"https:\/\/bstextract.com\/de\/produkt\/ginseng-extrakt\/","title":{"rendered":"5%-80% Ginseng-Extrakt"},"content":{"rendered":"<p><!-- Keyword Section (Outside Article) --><\/p>\n<h2>Was ist Ginseng-Extrakt?<\/h2>\n<p><strong>Ginseng-Extrakt<\/strong> ist ein botanisches Pulver, das aus den Wurzeln der <em>Panax ginseng C.A. Meyer<\/em>ein bekanntes adaptogenes Kraut in der Traditionellen Chinesischen Medizin (TCM). Der Extrakt ist standardisiert und enth\u00e4lt aktive <strong>Ginsenoside<\/strong>die als die wichtigsten pharmakologisch wirksamen Bestandteile gelten. Je nach Extraktionsverfahren erscheint der Ginsengextrakt typischerweise als <strong>hellgelbes Pulver<\/strong> und ist in verschiedenen Konzentrationen erh\u00e4ltlich bei <strong>5% bis 80% Ginsenoside<\/strong>.<\/p>\n<p><img fetchpriority=\"high\" decoding=\"async\" class=\"aligncenter wp-image-1476 size-full\" src=\"https:\/\/bstextract.com\/wp-content\/uploads\/2025\/06\/b2343f72-5025-4a9e-a8a6-59859e10cacb.webp\" alt=\" Ginseng\" width=\"1024\" height=\"575\" title=\"\" srcset=\"https:\/\/bstextract.com\/wp-content\/uploads\/2025\/06\/b2343f72-5025-4a9e-a8a6-59859e10cacb.webp 1024w, https:\/\/bstextract.com\/wp-content\/uploads\/2025\/06\/b2343f72-5025-4a9e-a8a6-59859e10cacb-300x168.webp 300w, https:\/\/bstextract.com\/wp-content\/uploads\/2025\/06\/b2343f72-5025-4a9e-a8a6-59859e10cacb-768x431.webp 768w, https:\/\/bstextract.com\/wp-content\/uploads\/2025\/06\/b2343f72-5025-4a9e-a8a6-59859e10cacb-18x10.webp 18w, https:\/\/bstextract.com\/wp-content\/uploads\/2025\/06\/b2343f72-5025-4a9e-a8a6-59859e10cacb-600x337.webp 600w\" sizes=\"(max-width: 1024px) 100vw, 1024px\" \/><\/p>\n<p>Ginseng-Extrakt ist bekannt f\u00fcr seine F\u00e4higkeit, den Energiestoffwechsel, die Immunfunktion und die Stressanpassung zu unterst\u00fctzen, und wird h\u00e4ufig in Nahrungserg\u00e4nzungsmitteln und Wellness-Produkten verwendet. Als erfahrener <strong>Ginseng-Extrakt Lieferant und Hersteller<\/strong>Wir bieten gleichbleibende Qualit\u00e4t und flexible Sortenoptionen f\u00fcr die unterschiedlichsten Formulierungsanforderungen.<\/p>\n<h2>Funktionelle Merkmale und technische Eigenschaften<\/h2>\n<ul>\n<li><strong>Adaptogene Unterst\u00fctzung:<\/strong> Erh\u00f6ht die Widerstandsf\u00e4higkeit gegen\u00fcber k\u00f6rperlichem und geistigem Stress<\/li>\n<li><strong>Energie und Vitalit\u00e4t:<\/strong> F\u00f6rdert die Ausdauer und reduziert die M\u00fcdigkeit<\/li>\n<li><strong>Funktion des Immunsystems:<\/strong> Moduliert Immunreaktionen und unterst\u00fctzt das allgemeine Wohlbefinden<\/li>\n<li><strong>Breite Palette an Qualit\u00e4ten:<\/strong> Standardisiert von 5% bis zu 80% Gesamt-Ginsenoside<\/li>\n<li><strong>Sauberes botanisches Profil:<\/strong> Extrahiert aus hochwertigen Panax-Ginseng-Wurzeln ohne synthetische Zusatzstoffe<\/li>\n<\/ul>\n<h2>Typische Produktspezifikationen<\/h2>\n<table border=\"1\" cellspacing=\"0\" cellpadding=\"6\">\n<tbody>\n<tr>\n<th>Produktname<\/th>\n<td>Ginseng-Extrakt<\/td>\n<\/tr>\n<tr>\n<th>Aktiver Inhaltsstoff<\/th>\n<td>Ginsenoside<\/td>\n<\/tr>\n<tr>\n<th>Erscheinungsbild<\/th>\n<td>Hellgelbes Pulver<\/td>\n<\/tr>\n<tr>\n<th>Spezifikation<\/th>\n<td>5%, 20%, 50%, 60%, 80% Ginsenoside<\/td>\n<\/tr>\n<tr>\n<th>L\u00f6slichkeit<\/th>\n<td>Wasserl\u00f6slich (variiert je nach Sorte)<\/td>\n<\/tr>\n<tr>\n<th>Pr\u00fcfverfahren<\/th>\n<td>HPLC<\/td>\n<\/tr>\n<tr>\n<th>Haltbarkeitsdauer<\/th>\n<td>24 Monate bei ordnungsgem\u00e4\u00dfer Aufbewahrung<\/td>\n<\/tr>\n<tr>\n<th>Lagerung<\/th>\n<td>In verschlossenen Beh\u00e4ltern an einem k\u00fchlen, trockenen und vor Sonnenlicht gesch\u00fctzten Ort aufbewahren<\/td>\n<\/tr>\n<tr>\n<th>Bescheinigungen<\/th>\n<td>ISO22000, HACCP, KOSHER, HALAL, Bio verf\u00fcgbar<\/td>\n<\/tr>\n<\/tbody>\n<\/table>\n<h2>Anwendungsbereiche<\/h2>\n<ul>\n<li><strong>Nahrungserg\u00e4nzungsmittel:<\/strong> Kapseln, Tabletten und Pulvermischungen f\u00fcr Energie und Vitalit\u00e4t<\/li>\n<li><strong>Funktionelle Getr\u00e4nke:<\/strong> Kr\u00e4utergetr\u00e4nke und Energy Shots mit den adaptogenen Vorteilen von Ginseng<\/li>\n<li><strong>Traditionelle pflanzliche Formeln:<\/strong> Wird in TCM-inspirierten Formulierungen f\u00fcr Gleichgewicht und Langlebigkeit verwendet<\/li>\n<li><strong>Sportern\u00e4hrung:<\/strong> Wird in Pre-Workout- oder Ausdauerprodukten zur Bek\u00e4mpfung von M\u00fcdigkeit eingesetzt<\/li>\n<\/ul>\n<h2>H\u00e4ufig gestellte Fragen<\/h2>\n<p><strong>Was sind Ginsenoside?<\/strong><br \/>\nDie Ginsenoside sind die prim\u00e4ren Wirkstoffe des Panax ginseng und tragen zu seiner adaptogenen und immunmodulierenden Wirkung bei.<\/p>\n<p><strong>Welche Extraktionsmethoden verwenden Sie?<\/strong><br \/>\nWir verwenden eine fortschrittliche Wasser-Ethanol-Extraktion nach GMP-Verfahren, um die Reinheit und Konsistenz des Ginsenosidgehalts zu gew\u00e4hrleisten.<\/p>\n<p><strong>Wird Ihr Ginsengextrakt aus echten Panax-Ginseng-Wurzeln gewonnen?<\/strong><br \/>\nJa. Unsere Rohstoffe werden aus sorgf\u00e4ltig ausgew\u00e4hlten Panax-Ginseng-Wurzeln gewonnen, um Authentizit\u00e4t und R\u00fcckverfolgbarkeit zu gew\u00e4hrleisten.<\/p>\n<p><strong>Was sind die Unterschiede zwischen den Sorten 5%, 20%, 50% und 80%?<\/strong><br \/>\nH\u00f6here Konzentrationsstufen liefern gr\u00f6\u00dfere Mengen an Ginsenosiden und eignen sich f\u00fcr konzentrierte Formulierungen oder gezielte Wirkungen.<\/p>\n<p><strong>Bieten Sie Dokumentations- und Bulk-Lieferoptionen an?<\/strong><br \/>\nJa. Als zuverl\u00e4ssiger <strong>Ginseng-Extrakt Lieferant<\/strong>Wir bieten flexible Verpackungen und eine vollst\u00e4ndige technische Dokumentation (COA, MSDS, TDS, Pr\u00fcfberichte Dritter).<\/p>","protected":false},"excerpt":{"rendered":"<table>\n<tbody>\n<tr>\n<th>Produktname<\/th>\n<td>Ginseng-Extrakt<\/td>\n<\/tr>\n<tr>\n<th>Aktiver Inhaltsstoff<\/th>\n<td>Ginsenoside<\/td>\n<\/tr>\n<tr>\n<th>Erscheinungsbild<\/th>\n<td>Hellgelbes Pulver<\/td>\n<\/tr>\n<tr>\n<th>Spezifikation<\/th>\n<td>5%, 20%, 50%, 60%, 80% Ginsenoside<\/td>\n<\/tr>\n<tr>\n<th>L\u00f6slichkeit<\/th>\n<td>Wasserl\u00f6slich (variiert je nach Sorte)<\/td>\n<\/tr>\n<\/tbody>\n<\/table>","protected":false},"featured_media":1478,"comment_status":"open","ping_status":"closed","template":"","meta":{"_acf_changed":false},"product_brand":[],"product_cat":[21],"product_tag":[],"class_list":{"0":"post-1474","1":"product","2":"type-product","3":"status-publish","4":"has-post-thumbnail","6":"product_cat-plant-extracts","8":"first","9":"instock","10":"shipping-taxable","11":"product-type-simple"},"acf":[],"_links":{"self":[{"href":"https:\/\/bstextract.com\/de\/wp-json\/wp\/v2\/product\/1474","targetHints":{"allow":["GET"]}}],"collection":[{"href":"https:\/\/bstextract.com\/de\/wp-json\/wp\/v2\/product"}],"about":[{"href":"https:\/\/bstextract.com\/de\/wp-json\/wp\/v2\/types\/product"}],"replies":[{"embeddable":true,"href":"https:\/\/bstextract.com\/de\/wp-json\/wp\/v2\/comments?post=1474"}],"wp:featuredmedia":[{"embeddable":true,"href":"https:\/\/bstextract.com\/de\/wp-json\/wp\/v2\/media\/1478"}],"wp:attachment":[{"href":"https:\/\/bstextract.com\/de\/wp-json\/wp\/v2\/media?parent=1474"}],"wp:term":[{"taxonomy":"product_brand","embeddable":true,"href":"https:\/\/bstextract.com\/de\/wp-json\/wp\/v2\/product_brand?post=1474"},{"taxonomy":"product_cat","embeddable":true,"href":"https:\/\/bstextract.com\/de\/wp-json\/wp\/v2\/product_cat?post=1474"},{"taxonomy":"product_tag","embeddable":true,"href":"https:\/\/bstextract.com\/de\/wp-json\/wp\/v2\/product_tag?post=1474"}],"curies":[{"name":"wp","href":"https:\/\/api.w.org\/{rel}","templated":true}]}}