{"id":1530,"date":"2025-06-24T06:04:16","date_gmt":"2025-06-24T06:04:16","guid":{"rendered":"https:\/\/bstextract.com\/?post_type=product&#038;p=1530"},"modified":"2025-06-24T06:08:33","modified_gmt":"2025-06-24T06:08:33","slug":"maulbeerblatterextrakt","status":"publish","type":"product","link":"https:\/\/bstextract.com\/de\/produkt\/maulbeerblatterextrakt\/","title":{"rendered":"Maulbeerblattextrakt DNJ 1%-10%"},"content":{"rendered":"<p><strong>Extrakt aus Maulbeerbl\u00e4ttern<\/strong> ist ein hochwertiger nat\u00fcrlicher Extrakt aus den Bl\u00e4ttern der <em>Morus alba<\/em> (Wei\u00dfe Maulbeere) Pflanze. Es ist standardisiert f\u00fcr <strong>1-Deoxynojirimycin (DNJ)<\/strong>eine starke bioaktive Verbindung, die f\u00fcr ihre blutzuckerregulierenden Eigenschaften und ihre antioxidative Wirkung bekannt ist.<\/p>\n<ul>\n<li><strong>Botanische Quelle<\/strong>: <em>Morus alba<\/em> (Maulbeerblatt)<\/li>\n<li><strong>CAS-Nummer<\/strong>: 19130-96-2<\/li>\n<li><strong>Molekulare Formel<\/strong>: C\u2086H\u2081\u2083NO\u2084<\/li>\n<li><strong>Physisches Erscheinungsbild<\/strong>: Braun-gelbes Pulver<\/li>\n<li><strong>Spezifikation<\/strong>: DNJ 1%, 5%, 10%<\/li>\n<li><strong>Synonyme \/ Alternative Namen<\/strong>: Maulbeerextrakt, Maulbeerblatt DNJ-Extrakt, Morus alba Blattextrakt<\/li>\n<li><strong>COA: <a href=\"https:\/\/bstextract.com\/wp-content\/uploads\/2025\/06\/Mulberry-Leaf-Extract-COA.pdf\">Maulbeerblattextrakt COA<\/a><\/strong><\/li>\n<\/ul>\n<p>Unser <strong>Extrakt aus Maulbeerbl\u00e4ttern<\/strong> wird mit Hilfe fortschrittlicher Techniken hergestellt, um die Wirkstoffe zu konservieren und eine optimale Qualit\u00e4t und Wirksamkeit f\u00fcr eine breite Palette von Anwendungen zu gew\u00e4hrleisten.<\/p>\n<p><img fetchpriority=\"high\" decoding=\"async\" class=\"aligncenter wp-image-1536 size-large\" src=\"https:\/\/bstextract.com\/wp-content\/uploads\/2025\/06\/Mulberry-Leaf-Extract-1024x614.webp\" alt=\"Extrakt aus Maulbeerbl\u00e4ttern\" width=\"800\" height=\"480\" title=\"\" srcset=\"https:\/\/bstextract.com\/wp-content\/uploads\/2025\/06\/Mulberry-Leaf-Extract-1024x614.webp 1024w, https:\/\/bstextract.com\/wp-content\/uploads\/2025\/06\/Mulberry-Leaf-Extract-300x180.webp 300w, https:\/\/bstextract.com\/wp-content\/uploads\/2025\/06\/Mulberry-Leaf-Extract-768x461.webp 768w, https:\/\/bstextract.com\/wp-content\/uploads\/2025\/06\/Mulberry-Leaf-Extract-18x12.webp 18w, https:\/\/bstextract.com\/wp-content\/uploads\/2025\/06\/Mulberry-Leaf-Extract-600x360.webp 600w, https:\/\/bstextract.com\/wp-content\/uploads\/2025\/06\/Mulberry-Leaf-Extract.webp 1134w\" sizes=\"(max-width: 800px) 100vw, 800px\" \/><\/p>\n<h2>Technische Daten<\/h2>\n<div>\n<div tabindex=\"-1\">\n<table>\n<thead>\n<tr>\n<th>Parameter<\/th>\n<th>Spezifikation<\/th>\n<\/tr>\n<\/thead>\n<tbody>\n<tr>\n<td>Produktname<\/td>\n<td>Extrakt aus Maulbeerbl\u00e4ttern<\/td>\n<\/tr>\n<tr>\n<td>Aktiver Inhaltsstoff<\/td>\n<td>1-Deoxynojirimycin (DNJ)<\/td>\n<\/tr>\n<tr>\n<td>CAS-Nummer<\/td>\n<td>19130-96-2<\/td>\n<\/tr>\n<tr>\n<td>Molekulare Formel<\/td>\n<td>C\u2086H\u2081\u2083NO\u2084<\/td>\n<\/tr>\n<tr>\n<td>Erscheinungsbild<\/td>\n<td>Braun-gelbes Pulver<\/td>\n<\/tr>\n<tr>\n<td>Produkt-Spezifikation<\/td>\n<td>1%, 5%, 10% DNJ<\/td>\n<\/tr>\n<tr>\n<td>Verpackung<\/td>\n<td>1kg\/Beutel\/Karton oder 25kg\/Fass\/Karton, anpassbar<\/td>\n<\/tr>\n<tr>\n<td>Verf\u00fcgbarkeit von Proben<\/td>\n<td>Frei zur Verf\u00fcgung gestellt<\/td>\n<\/tr>\n<tr>\n<td>Haltbarkeitsdauer<\/td>\n<td>24 Monate (bei ordnungsgem\u00e4\u00dfer Lagerung)<\/td>\n<\/tr>\n<tr>\n<td>Lagerungsbedingungen<\/td>\n<td>In dichten, lichtbest\u00e4ndigen Beh\u00e4ltern aufbewahren. Vermeiden Sie direktes Sonnenlicht, Feuchtigkeit und \u00fcberm\u00e4\u00dfige Hitze.<\/td>\n<\/tr>\n<tr>\n<td>Zertifizierungen<\/td>\n<td>KOSHER, HACCP, ISO22000, HALAL, EU-Bio, USDA-Bio<\/td>\n<\/tr>\n<\/tbody>\n<\/table>\n<div>\n<div><\/div>\n<\/div>\n<\/div>\n<\/div>\n<p><strong>Wesentliche Merkmale<\/strong>:<\/p>\n<ul>\n<li>Standardisiert f\u00fcr <strong>DNJ 1%, 5% oder 10%<\/strong><\/li>\n<li>Starke blutzuckerregulierende Wirkung<\/li>\n<li>Feines braungelbes Pulver zur einfachen Formulierung<\/li>\n<li>Kostenlose Muster verf\u00fcgbar<\/li>\n<li>Bio-zertifiziert f\u00fcr globale M\u00e4rkte<\/li>\n<\/ul>\n<h2>Qualit\u00e4t und Einhaltung der Vorschriften<\/h2>\n<p>Unser <strong>Extrakt aus Maulbeerbl\u00e4ttern<\/strong> unterliegt strengen Qualit\u00e4tssicherungsprozessen:<\/p>\n<ul>\n<li><strong>Zertifizierungen<\/strong>: KOSHER, HALAL, ISO22000, HACCP, EU Bio, USDA Bio<\/li>\n<li><strong>Einhaltung von Normen<\/strong>: USP, EP, CP-Normen<\/li>\n<li><strong>Pr\u00fcfung<\/strong>: Interne und externe Pr\u00fcfungen f\u00fcr:\n<ul>\n<li>DNJ-Inhalt<\/li>\n<li>Mikrobiologische Reinheit<\/li>\n<li>Schwermetalle (Pb, As, Cd, Hg)<\/li>\n<li>R\u00fcckst\u00e4nde von Pestiziden<\/li>\n<\/ul>\n<\/li>\n<li><strong>COA<\/strong>: Mit jeder Charge wird ein Analysezertifikat mitgeliefert<\/li>\n<li><strong>Sicherheit<\/strong>: Hergestellt unter strenger Kontaminationskontrolle und vollst\u00e4ndiger R\u00fcckverfolgbarkeit<\/li>\n<\/ul>\n<h2>Anwendungen<\/h2>\n<h3>Prim\u00e4rindustrie<\/h3>\n<ul>\n<li><strong>Nahrungserg\u00e4nzungsmittel<\/strong><\/li>\n<li><strong>Funktionelle Lebensmittel<\/strong><\/li>\n<li><strong>Kosmetika &amp; Hautpflege<\/strong><\/li>\n<li><strong>Pharmazeutische Erzeugnisse<\/strong><\/li>\n<li><strong>Getr\u00e4nke<\/strong><\/li>\n<\/ul>\n<h3>Typische Anwendungsf\u00e4lle<\/h3>\n<ul>\n<li>Kapseln und Tabletten f\u00fcr <strong>Blutzuckermanagement<\/strong><\/li>\n<li>Funktionelle Tees und Gesundheitsgetr\u00e4nke<\/li>\n<li>Hautpflegeprodukte mit <strong>Anti-Aging<\/strong> und <strong>Aufhellung<\/strong> Vorteile<\/li>\n<li>Pulvermischungen und N\u00e4hrstoffriegel<\/li>\n<\/ul>\n<h3>Dosierungsempfehlungen<\/h3>\n<ul>\n<li>Typische Dosierung: <strong>250 mg bis 1000 mg\/Tag<\/strong>je nach Produkttyp und Formulierung <em>(wenden Sie sich an die Produktentwickler oder an medizinisches Fachpersonal)<\/em><\/li>\n<\/ul>\n<h3>Kompatibilit\u00e4t der Inhaltsstoffe<\/h3>\n<ul>\n<li>Passt gut zu:\n<ul>\n<li><strong>Bittermelonen-Extrakt<\/strong><\/li>\n<li><a href=\"https:\/\/bstextract.com\/de\/produkt\/coptis-chinensis-extrakt\/\"><strong>Berberin<\/strong><\/a><\/li>\n<li><strong>Zimt-Extrakt<\/strong><\/li>\n<li><strong>Gymnema Sylvestre-Extrakt<\/strong><\/li>\n<\/ul>\n<\/li>\n<\/ul>\n<h2>Lieferung &amp; Service<\/h2>\n<ul>\n<li><strong>MOQ<\/strong>: 1kg<\/li>\n<li><strong>Verpackungs-Optionen<\/strong>:\n<ul>\n<li>1kg\/Beutel\/Karton<\/li>\n<li>25kg\/Fass\/Karton<\/li>\n<li>Kundenspezifische Verpackungen verf\u00fcgbar<\/li>\n<\/ul>\n<\/li>\n<li><strong>Lieferung in gro\u00dfen Mengen<\/strong>: Starke Produktionskapazit\u00e4t mit kurzen Vorlaufzeiten<\/li>\n<li><strong>OEM\/ODM<\/strong>: Kundenspezifische Formulierungen und Unterst\u00fctzung von Handelsmarken<\/li>\n<li><strong>Vorlaufzeit<\/strong>: 5-7 Arbeitstage f\u00fcr Lagerprodukte<\/li>\n<li><strong>Versand<\/strong>: Weltweiter Versand per Luft-, See- oder Expresskurier<\/li>\n<li><strong>Unterst\u00fctzung<\/strong>: Fachkundige technische Unterst\u00fctzung und rechtliche Beratung<\/li>\n<li><strong>After-Sales<\/strong>: Umfassende Kundenbetreuung und Unterst\u00fctzung bei Nachbestellungen<\/li>\n<\/ul>\n<h2>Zeugnisse der Firma<\/h2>\n<p><strong>Xi'an Best Bio-Tech Co., Ltd.<\/strong> ist ein f\u00fchrender Hersteller von <strong>nat\u00fcrliche Kr\u00e4uterextrakte<\/strong>Wir bieten unseren Kunden in \u00fcber 60 L\u00e4ndern wettbewerbsf\u00e4hige Preise und einen hervorragenden Service. Mit unserem erfahrenen F&amp;E- und Vertriebsteam bieten wir <strong>24\/7 Unterst\u00fctzung<\/strong> und auf die Kundenbed\u00fcrfnisse zugeschnittene L\u00f6sungen.<\/p>\n<p>Unser Produktionsstandort in <strong>Yangling, China<\/strong> bietet fortschrittliche Ausr\u00fcstung und <strong>GMP-zertifizierte automatisierte Produktionslinien<\/strong>. Wir setzen strenge Qualit\u00e4tsstandards mit Zertifizierungen von <strong>KOSHER, HALAL, ISO9001 und USFDA<\/strong>.<\/p>\n<p>Wir sind spezialisiert auf:<\/p>\n<ul>\n<li><strong>Pilzextrakte<\/strong><\/li>\n<li><strong>Inhaltsstoffe von Nahrungserg\u00e4nzungsmitteln<\/strong><\/li>\n<li><strong>Kosmetische Kr\u00e4uterextrakte<\/strong><\/li>\n<li><strong>Obst- und Gem\u00fcsepulver<\/strong><\/li>\n<\/ul>\n<p>Unsere Aufgabe ist es, Folgendes zu bieten <strong>sichere, wirksame und ma\u00dfgeschneiderte pflanzliche Extrakte<\/strong> Kunden bei der F\u00f6rderung eines <strong>gesunde Lebensweise<\/strong> weltweit.<\/p>\n<h2>FAQs<\/h2>\n<h3>1. Wof\u00fcr wird Maulbeerblattextrakt verwendet?<\/h3>\n<p>Es wird h\u00e4ufig in Nahrungserg\u00e4nzungsmitteln und funktionellen Lebensmitteln verwendet, um <strong>Blutzuckerkontrolle<\/strong>, <strong>Gewichtsmanagement<\/strong>und <strong>Anti-Aging-Hautpflege<\/strong>.<\/p>\n<h3>2. Wie hoch ist die empfohlene Dosierung?<\/h3>\n<p>Die typische Tagesdosis reicht von <strong>250 mg bis 1000 mg\/Tag<\/strong>je nach Produktformulierung.<\/p>\n<h3>3. Ist Ihr Maulbeerblattextrakt zertifiziert?<\/h3>\n<p>Ja - <strong>KOSHER, HALAL, ISO22000, HACCP, EU-Bio, USDA-Bio<\/strong> mit vollst\u00e4ndiger COA und Pr\u00fcfberichten Dritter.<\/p>\n<h3>4. Bieten Sie OEM\/ODM-Dienste an?<\/h3>\n<p>Ja - wir bieten vollst\u00e4ndige <strong>OEM\/ODM-Dienstleistungen<\/strong>, Eigenmarkenl\u00f6sungen und Unterst\u00fctzung bei der Formulierung.<\/p>\n<h3>5. Wie hoch ist Ihr MOQ?<\/h3>\n<p><strong>1kg<\/strong>.<\/p>\n<h3>6. Wie sollte ich das Produkt lagern?<\/h3>\n<p>Speichern in <strong>verschlossene, lichtbest\u00e4ndige Beh\u00e4lter<\/strong>, weg von <strong>W\u00e4rme<\/strong> und <strong>Feuchtigkeit<\/strong> f\u00fcr eine optimale Lagerf\u00e4higkeit.<\/p>","protected":false},"excerpt":{"rendered":"<ul>\n<li><strong>Botanische Quelle<\/strong>: <em>Morus alba<\/em> (Maulbeerblatt)<\/li>\n<li><strong>CAS-Nummer<\/strong>: 19130-96-2<\/li>\n<li><strong>Molekulare Formel<\/strong>: C\u2086H\u2081\u2083NO\u2084<\/li>\n<li><strong>Physisches Erscheinungsbild<\/strong>: Braun-gelbes Pulver<\/li>\n<li><strong>Spezifikation<\/strong>: DNJ 1%, 5%, 10%<\/li>\n<li><strong>Synonyme \/ Alternative Namen<\/strong>: Maulbeerextrakt, Maulbeerblatt DNJ-Extrakt, Morus alba Blattextrakt<\/li>\n<\/ul>","protected":false},"featured_media":1531,"comment_status":"open","ping_status":"closed","template":"","meta":{"_acf_changed":false},"product_brand":[],"product_cat":[21],"product_tag":[],"class_list":{"0":"post-1530","1":"product","2":"type-product","3":"status-publish","4":"has-post-thumbnail","6":"product_cat-plant-extracts","8":"first","9":"instock","10":"shipping-taxable","11":"product-type-simple"},"acf":[],"_links":{"self":[{"href":"https:\/\/bstextract.com\/de\/wp-json\/wp\/v2\/product\/1530","targetHints":{"allow":["GET"]}}],"collection":[{"href":"https:\/\/bstextract.com\/de\/wp-json\/wp\/v2\/product"}],"about":[{"href":"https:\/\/bstextract.com\/de\/wp-json\/wp\/v2\/types\/product"}],"replies":[{"embeddable":true,"href":"https:\/\/bstextract.com\/de\/wp-json\/wp\/v2\/comments?post=1530"}],"wp:featuredmedia":[{"embeddable":true,"href":"https:\/\/bstextract.com\/de\/wp-json\/wp\/v2\/media\/1531"}],"wp:attachment":[{"href":"https:\/\/bstextract.com\/de\/wp-json\/wp\/v2\/media?parent=1530"}],"wp:term":[{"taxonomy":"product_brand","embeddable":true,"href":"https:\/\/bstextract.com\/de\/wp-json\/wp\/v2\/product_brand?post=1530"},{"taxonomy":"product_cat","embeddable":true,"href":"https:\/\/bstextract.com\/de\/wp-json\/wp\/v2\/product_cat?post=1530"},{"taxonomy":"product_tag","embeddable":true,"href":"https:\/\/bstextract.com\/de\/wp-json\/wp\/v2\/product_tag?post=1530"}],"curies":[{"name":"wp","href":"https:\/\/api.w.org\/{rel}","templated":true}]}}