{"id":1884,"date":"2025-07-04T01:10:27","date_gmt":"2025-07-04T01:10:27","guid":{"rendered":"https:\/\/bstextract.com\/?post_type=product&#038;p=1884"},"modified":"2025-07-04T01:12:19","modified_gmt":"2025-07-04T01:12:19","slug":"kolostralmilchpulver","status":"publish","type":"product","link":"https:\/\/bstextract.com\/de\/produkt\/kolostralmilchpulver\/","title":{"rendered":"Kolostrum-Pulver"},"content":{"rendered":"<p><strong>Kolostrum-Pulver<\/strong> ist ein hochwertiger funktioneller Inhaltsstoff, der aus der ersten Milch gewonnen wird, die gesunde Milchk\u00fche innerhalb von 72 Stunden nach dem Kalben absondern. Nat\u00fcrlich reich an <strong>Immunglobuline<\/strong> (haupts\u00e4chlich <strong>IgG<\/strong>), <strong>Lactoferrin<\/strong>, <strong>Prolin-reiche Peptide<\/strong>und <strong>Wachstumsfaktoren<\/strong>Es ist weithin anerkannt f\u00fcr seine F\u00e4higkeit, die Immunfunktion, die Darmgesundheit und die Genesung zu unterst\u00fctzen.<\/p>\n<p><img fetchpriority=\"high\" decoding=\"async\" class=\"aligncenter size-full wp-image-1889\" src=\"https:\/\/bstextract.com\/wp-content\/uploads\/2025\/07\/5-1.webp\" alt=\"\" width=\"800\" height=\"800\" title=\"\" srcset=\"https:\/\/bstextract.com\/wp-content\/uploads\/2025\/07\/5-1.webp 800w, https:\/\/bstextract.com\/wp-content\/uploads\/2025\/07\/5-1-300x300.webp 300w, https:\/\/bstextract.com\/wp-content\/uploads\/2025\/07\/5-1-150x150.webp 150w, https:\/\/bstextract.com\/wp-content\/uploads\/2025\/07\/5-1-768x768.webp 768w, https:\/\/bstextract.com\/wp-content\/uploads\/2025\/07\/5-1-12x12.webp 12w, https:\/\/bstextract.com\/wp-content\/uploads\/2025\/07\/5-1-600x600.webp 600w, https:\/\/bstextract.com\/wp-content\/uploads\/2025\/07\/5-1-100x100.webp 100w\" sizes=\"(max-width: 800px) 100vw, 800px\" \/><\/p>\n<p>Unser Rinderkolostrum wird aus streng kontrollierten Betrieben bezogen und schonend verarbeitet <strong>Niedertemperatur-Spr\u00fchtrocknung<\/strong>Dadurch wird eine hohe Bioaktivit\u00e4t bei gleichzeitiger Erhaltung der wichtigsten N\u00e4hrstoffe gew\u00e4hrleistet. Das Pulver ist erh\u00e4ltlich in standardisierten IgG-Konzentrationen von <strong>10%<\/strong>, <strong>20%<\/strong>und <strong>25%<\/strong>die f\u00fcr eine Vielzahl von Gesundheitsanwendungen ma\u00dfgeschneidert sind.<\/p>\n<h3>Einzigartige Vorteile<\/h3>\n<ul>\n<li>stammt von antibiotika- und hormonfreien Milchk\u00fchen<\/li>\n<li>Hohe Bioverf\u00fcgbarkeit von immununterst\u00fctzenden Proteinen (insbesondere IgG)<\/li>\n<li>L\u00f6slich, geruchsarm und leicht in Nahrungserg\u00e4nzungsmittel und Getr\u00e4nke zu mischen<\/li>\n<li>Flexible Konzentrationsoptionen zur Erf\u00fcllung spezifischer Formulierungsziele<\/li>\n<li>Weitreichende Anwendung in der Human- und Tierern\u00e4hrung<\/li>\n<\/ul>\n<h2>Technische Daten<\/h2>\n<div>\n<div tabindex=\"-1\">\n<table>\n<thead>\n<tr>\n<th><strong>Artikel<\/strong><\/th>\n<th><strong>Einzelheiten<\/strong><\/th>\n<\/tr>\n<\/thead>\n<tbody>\n<tr>\n<td>Produktname<\/td>\n<td>Kolostrum-Pulver<\/td>\n<\/tr>\n<tr>\n<td>Anderer Name<\/td>\n<td>Rinderkolostrum-Pulver<\/td>\n<\/tr>\n<tr>\n<td>Erscheinungsbild<\/td>\n<td>Hellgelbes Pulver<\/td>\n<\/tr>\n<tr>\n<td>Spezifikation (IgG)<\/td>\n<td>10%, 20%, 25%<\/td>\n<\/tr>\n<tr>\n<td>Aktive Komponenten<\/td>\n<td>IgG, IgA, IgM, Lactoferrin, PRPs<\/td>\n<\/tr>\n<tr>\n<td>Verfahren<\/td>\n<td>Spr\u00fchtrocknung bei niedriger Temperatur<\/td>\n<\/tr>\n<tr>\n<td>Paket<\/td>\n<td>120g\/Jar oder kundenspezifisch auf Anfrage<\/td>\n<\/tr>\n<tr>\n<td>Muster<\/td>\n<td>Frei zur Verf\u00fcgung gestellt<\/td>\n<\/tr>\n<tr>\n<td>Haltbarkeitsdauer<\/td>\n<td>24 Monate bei ordnungsgem\u00e4\u00dfer Aufbewahrung<\/td>\n<\/tr>\n<tr>\n<td>Lagerung<\/td>\n<td>An einem verschlossenen, k\u00fchlen, trockenen Ort, vor Licht und Feuchtigkeit gesch\u00fctzt aufbewahren<\/td>\n<\/tr>\n<tr>\n<td>Zertifizierungen<\/td>\n<td>KOSHER, HALAL, HACCP, ISO22000, USDA\/EU Bio<\/td>\n<\/tr>\n<\/tbody>\n<\/table>\n<div>\n<div><\/div>\n<\/div>\n<\/div>\n<\/div>\n<h2>Anwendungen<\/h2>\n<ul>\n<li>Nahrungserg\u00e4nzungsmittel f\u00fcr das Immunsystem (Pulver, Kapseln, Kautabletten)<\/li>\n<li>Funktionelle Getr\u00e4nke und Molkereimischungen<\/li>\n<li>Produkte f\u00fcr die Ern\u00e4hrung von Kindern und \u00e4lteren Menschen<\/li>\n<li>Darmreinigungsmischungen f\u00fcr IBD und Leaky Gut<\/li>\n<li>Nahrungserg\u00e4nzungsmittel f\u00fcr Tiere und Tiergesundheit<\/li>\n<\/ul>\n<h2>H\u00e4ufig gestellte Fragen (FAQ)<\/h2>\n<p><strong>1. Was ist der Unterschied zwischen 10%, 20% und 25% IgG?<\/strong><br \/>\nDiese Zahlen geben die Konzentration von Immunglobulin G (IgG) an.<\/p>\n<ul>\n<li><strong>10% IgG<\/strong>: Geeignet f\u00fcr allgemeines Wohlbefinden oder di\u00e4tetische Lebensmittel<\/li>\n<li><strong>20% IgG<\/strong>: H\u00e4ufig in Immunrezepturen mit mittlerer Potenz verwendet<\/li>\n<li><strong>25% IgG<\/strong>: Entwickelt f\u00fcr hochwirksame oder klinische Anwendungen<\/li>\n<\/ul>\n<p><strong>2. Kann Ihr Kolostralmilchpulver in S\u00e4uglingsnahrung verwendet werden?<\/strong><br \/>\nJa, technisch gesehen ist er geeignet, aber er muss den \u00f6rtlichen Vorschriften f\u00fcr S\u00e4uglingsnahrung entsprechen. Wir bieten <strong>vollst\u00e4ndige R\u00fcckverfolgbarkeit und Pr\u00fcfdokumentation<\/strong> zur Unterst\u00fctzung der beh\u00f6rdlichen Zulassung.<\/p>\n<p><strong>3. Ist dieses Produkt milchallergenfrei?<\/strong><br \/>\nNein. Da es sich um ein Kuhmilchprodukt handelt, kann es enthalten <strong>Restmilchproteine und Laktose<\/strong>und wird nicht f\u00fcr Personen mit schweren Milchallergien empfohlen.<\/p>\n<p><strong>4. Kann Kolostralmilchpulver in der Heimtiernahrung verwendet werden?<\/strong><br \/>\nGanz genau. Es wird h\u00e4ufig verwendet in <strong>Ern\u00e4hrung von Hunden, Katzen, Pferden und Nutztieren<\/strong> zur Unterst\u00fctzung des Immunsystems und der Verdauung. Es sind auch Optionen in Futtermittelqualit\u00e4t erh\u00e4ltlich.<\/p>\n<p><strong>5. Bieten Sie Eigenmarken oder individuelle Formeln an?<\/strong><br \/>\nJa. Wir bieten <strong>OEM\/ODM-Dienstleistungen<\/strong>, einschlie\u00dflich:<\/p>\n<ul>\n<li>Kundenspezifische IgG-Spezifikationen<\/li>\n<li>Mischungen mit Probiotika, Vitaminen oder anderen Wirkstoffen<\/li>\n<li>Anpassung der Verpackung: Beutel, Gl\u00e4ser, F\u00e4sser<\/li>\n<li>Unterst\u00fctzung bei der Einhaltung von Etiketten und Vorschriften<\/li>\n<\/ul>","protected":false},"excerpt":{"rendered":"<ul>\n<li>stammt von antibiotika- und hormonfreien Milchk\u00fchen<\/li>\n<li>Hohe Bioverf\u00fcgbarkeit von immununterst\u00fctzenden Proteinen (insbesondere IgG)<\/li>\n<li>L\u00f6slich, geruchsarm und leicht in Nahrungserg\u00e4nzungsmittel und Getr\u00e4nke zu mischen<\/li>\n<li>Flexible Konzentrationsoptionen zur Erf\u00fcllung spezifischer Formulierungsziele<\/li>\n<li>Weitreichende Anwendung in der Human- und Tierern\u00e4hrung<\/li>\n<\/ul>","protected":false},"featured_media":1885,"comment_status":"open","ping_status":"closed","template":"","meta":{"_acf_changed":false},"product_brand":[],"product_cat":[44],"product_tag":[],"class_list":{"0":"post-1884","1":"product","2":"type-product","3":"status-publish","4":"has-post-thumbnail","6":"product_cat-oem-odm","8":"first","9":"instock","10":"shipping-taxable","11":"product-type-simple"},"acf":[],"_links":{"self":[{"href":"https:\/\/bstextract.com\/de\/wp-json\/wp\/v2\/product\/1884","targetHints":{"allow":["GET"]}}],"collection":[{"href":"https:\/\/bstextract.com\/de\/wp-json\/wp\/v2\/product"}],"about":[{"href":"https:\/\/bstextract.com\/de\/wp-json\/wp\/v2\/types\/product"}],"replies":[{"embeddable":true,"href":"https:\/\/bstextract.com\/de\/wp-json\/wp\/v2\/comments?post=1884"}],"wp:featuredmedia":[{"embeddable":true,"href":"https:\/\/bstextract.com\/de\/wp-json\/wp\/v2\/media\/1885"}],"wp:attachment":[{"href":"https:\/\/bstextract.com\/de\/wp-json\/wp\/v2\/media?parent=1884"}],"wp:term":[{"taxonomy":"product_brand","embeddable":true,"href":"https:\/\/bstextract.com\/de\/wp-json\/wp\/v2\/product_brand?post=1884"},{"taxonomy":"product_cat","embeddable":true,"href":"https:\/\/bstextract.com\/de\/wp-json\/wp\/v2\/product_cat?post=1884"},{"taxonomy":"product_tag","embeddable":true,"href":"https:\/\/bstextract.com\/de\/wp-json\/wp\/v2\/product_tag?post=1884"}],"curies":[{"name":"wp","href":"https:\/\/api.w.org\/{rel}","templated":true}]}}