{"id":1926,"date":"2025-07-07T05:51:15","date_gmt":"2025-07-07T05:51:15","guid":{"rendered":"https:\/\/bstextract.com\/?post_type=product&#038;p=1926"},"modified":"2025-07-07T05:52:28","modified_gmt":"2025-07-07T05:52:28","slug":"d-biotin-pulver-vitamin-b7-erganzung","status":"publish","type":"product","link":"https:\/\/bstextract.com\/de\/produkt\/d-biotin-pulver-vitamin-b7-erganzung\/","title":{"rendered":"D-Biotin-Pulver"},"content":{"rendered":"<p data-start=\"352\" data-end=\"656\"><strong data-start=\"352\" data-end=\"362\">Biotin<\/strong>, auch bekannt als <strong data-start=\"378\" data-end=\"392\">Vitamin B7<\/strong>, <strong data-start=\"394\" data-end=\"407\">Vitamin H<\/strong>, oder <strong data-start=\"412\" data-end=\"424\">D-Biotin<\/strong>ist ein wasserl\u00f6sliches B-Vitamin, das f\u00fcr die menschliche Gesundheit unerl\u00e4sslich ist. Es spielt eine wichtige Rolle bei <strong data-start=\"508\" data-end=\"532\">Fetts\u00e4uresynthese<\/strong>, <strong data-start=\"534\" data-end=\"559\">Aminos\u00e4urestoffwechsel<\/strong>und <strong data-start=\"565\" data-end=\"587\">Glukosestoffwechsel<\/strong>und unterst\u00fctzt die Gesundheit von Haut, Haaren, N\u00e4geln und des Nervensystems.<\/p>\n<p data-start=\"352\" data-end=\"656\"><img fetchpriority=\"high\" decoding=\"async\" class=\"aligncenter wp-image-1931 size-full\" src=\"https:\/\/bstextract.com\/wp-content\/uploads\/2025\/07\/d-biotin-cas-58-85-5-vitamin-h35127821147.webp\" alt=\"D-Biotin-Pulver\" width=\"600\" height=\"465\" title=\"\" srcset=\"https:\/\/bstextract.com\/wp-content\/uploads\/2025\/07\/d-biotin-cas-58-85-5-vitamin-h35127821147.webp 600w, https:\/\/bstextract.com\/wp-content\/uploads\/2025\/07\/d-biotin-cas-58-85-5-vitamin-h35127821147-300x233.webp 300w, https:\/\/bstextract.com\/wp-content\/uploads\/2025\/07\/d-biotin-cas-58-85-5-vitamin-h35127821147-15x12.webp 15w\" sizes=\"(max-width: 600px) 100vw, 600px\" \/><\/p>\n<p data-start=\"658\" data-end=\"936\">Unser Biotinpulver wird durch Fermentation extrahiert und unter strenger Qualit\u00e4tskontrolle verarbeitet, um eine hohe Reinheit, L\u00f6slichkeit und Stabilit\u00e4t zu gew\u00e4hrleisten. <strong data-start=\"830\" data-end=\"857\">Nahrungserg\u00e4nzungsmittel<\/strong>, <strong data-start=\"859\" data-end=\"879\">funktionelle Lebensmittel<\/strong>, <strong data-start=\"881\" data-end=\"904\">angereicherte Getr\u00e4nke<\/strong>und <strong data-start=\"910\" data-end=\"935\">kosmetische Formulierungen<\/strong>.<\/p>\n<h3 data-start=\"943\" data-end=\"965\"><strong data-start=\"947\" data-end=\"965\">Wichtige Parameter<\/strong><\/h3>\n<ul data-start=\"967\" data-end=\"1284\">\n<li data-start=\"967\" data-end=\"1002\">\n<p data-start=\"969\" data-end=\"1002\"><strong data-start=\"969\" data-end=\"986\">Produktname:<\/strong> Biotin-Pulver<\/p>\n<\/li>\n<li data-start=\"1003\" data-end=\"1055\">\n<p data-start=\"1005\" data-end=\"1055\"><strong data-start=\"1005\" data-end=\"1021\">Andere Namen:<\/strong> Vitamin B7, D-Biotin, Vitamin H<\/p>\n<\/li>\n<li data-start=\"1056\" data-end=\"1083\">\n<p data-start=\"1058\" data-end=\"1083\"><strong data-start=\"1058\" data-end=\"1073\">CAS-Nummer:<\/strong> 58-85-5<\/p>\n<\/li>\n<li data-start=\"1084\" data-end=\"1116\">\n<p data-start=\"1086\" data-end=\"1116\"><strong data-start=\"1086\" data-end=\"1101\">Erscheinungsbild:<\/strong> Wei\u00dfes Puder<\/p>\n<\/li>\n<li data-start=\"1117\" data-end=\"1150\">\n<p data-start=\"1119\" data-end=\"1150\"><strong data-start=\"1119\" data-end=\"1140\">Reinheit verf\u00fcgbar:<\/strong> 1%, 98%<\/p>\n<\/li>\n<li data-start=\"1151\" data-end=\"1206\">\n<p data-start=\"1153\" data-end=\"1206\"><strong data-start=\"1153\" data-end=\"1168\">L\u00f6slichkeit:<\/strong> Leicht l\u00f6slich in Wasser und Ethanol<\/p>\n<\/li>\n<li data-start=\"1207\" data-end=\"1245\">\n<p data-start=\"1209\" data-end=\"1245\"><strong data-start=\"1209\" data-end=\"1231\">Molekulare Formel:<\/strong> C10H16N2O3S<\/p>\n<\/li>\n<li data-start=\"1246\" data-end=\"1284\">\n<p data-start=\"1248\" data-end=\"1284\"><strong data-start=\"1248\" data-end=\"1269\">Molekulargewicht:<\/strong> 244,31 g\/mol<\/p>\n<\/li>\n<li data-start=\"1246\" data-end=\"1284\"><strong>COA<\/strong>: <a href=\"https:\/\/bstextract.com\/wp-content\/uploads\/2025\/07\/D-Biotin-Powder-COA.pdf\">D-Biotin-Pulver COA<\/a><\/li>\n<\/ul>\n<h2 data-start=\"1291\" data-end=\"1322\"><strong data-start=\"1294\" data-end=\"1322\">Technische Daten<\/strong><\/h2>\n<div class=\"_tableContainer_80l1q_1\">\n<div class=\"_tableWrapper_80l1q_14 group flex w-fit flex-col-reverse\" tabindex=\"-1\">\n<table class=\"w-fit min-w-(--thread-content-width)\" data-start=\"1324\" data-end=\"2597\">\n<thead data-start=\"1324\" data-end=\"1399\">\n<tr data-start=\"1324\" data-end=\"1399\">\n<th data-start=\"1324\" data-end=\"1350\" data-col-size=\"sm\"><strong data-start=\"1326\" data-end=\"1339\">Parameter<\/strong><\/th>\n<th data-start=\"1350\" data-end=\"1399\" data-col-size=\"md\"><strong data-start=\"1352\" data-end=\"1369\">Spezifikation<\/strong><\/th>\n<\/tr>\n<\/thead>\n<tbody data-start=\"1477\" data-end=\"2597\">\n<tr data-start=\"1477\" data-end=\"1553\">\n<td data-start=\"1477\" data-end=\"1504\" data-col-size=\"sm\">Produktname<\/td>\n<td data-col-size=\"md\" data-start=\"1504\" data-end=\"1553\">Biotin-Pulver<\/td>\n<\/tr>\n<tr data-start=\"1554\" data-end=\"1631\">\n<td data-start=\"1554\" data-end=\"1581\" data-col-size=\"sm\">CAS-Nummer<\/td>\n<td data-col-size=\"md\" data-start=\"1581\" data-end=\"1631\">58-85-5<\/td>\n<\/tr>\n<tr data-start=\"1632\" data-end=\"1708\">\n<td data-start=\"1632\" data-end=\"1659\" data-col-size=\"sm\">Erscheinungsbild<\/td>\n<td data-col-size=\"md\" data-start=\"1659\" data-end=\"1708\">Wei\u00dfes Puder<\/td>\n<\/tr>\n<tr data-start=\"1709\" data-end=\"1785\">\n<td data-start=\"1709\" data-end=\"1736\" data-col-size=\"sm\">Assay<\/td>\n<td data-col-size=\"md\" data-start=\"1736\" data-end=\"1785\">1%, 98% (HPLC oder UV)<\/td>\n<\/tr>\n<tr data-start=\"1786\" data-end=\"1863\">\n<td data-start=\"1786\" data-end=\"1813\" data-col-size=\"sm\">L\u00f6slichkeit<\/td>\n<td data-col-size=\"md\" data-start=\"1813\" data-end=\"1863\">Wasserl\u00f6slich<\/td>\n<\/tr>\n<tr data-start=\"1864\" data-end=\"1941\">\n<td data-start=\"1864\" data-end=\"1891\" data-col-size=\"sm\">Partikelgr\u00f6\u00dfe<\/td>\n<td data-col-size=\"md\" data-start=\"1891\" data-end=\"1941\">100% Durchgang 80 Maschen<\/td>\n<\/tr>\n<tr data-start=\"1942\" data-end=\"2019\">\n<td data-start=\"1942\" data-end=\"1969\" data-col-size=\"sm\">Feuchtigkeitsgehalt<\/td>\n<td data-col-size=\"md\" data-start=\"1969\" data-end=\"2019\">\u22645.0%<\/td>\n<\/tr>\n<tr data-start=\"2020\" data-end=\"2096\">\n<td data-start=\"2020\" data-end=\"2047\" data-col-size=\"sm\">Schwermetalle<\/td>\n<td data-col-size=\"md\" data-start=\"2047\" data-end=\"2096\">&lt;10 ppm<\/td>\n<\/tr>\n<tr data-start=\"2097\" data-end=\"2174\">\n<td data-start=\"2097\" data-end=\"2124\" data-col-size=\"sm\">Blei<\/td>\n<td data-col-size=\"md\" data-start=\"2124\" data-end=\"2174\">\u22641,0 mg\/kg<\/td>\n<\/tr>\n<tr data-start=\"2175\" data-end=\"2252\">\n<td data-start=\"2175\" data-end=\"2202\" data-col-size=\"sm\">Arsen<\/td>\n<td data-col-size=\"md\" data-start=\"2202\" data-end=\"2252\">\u22641,0 mg\/kg<\/td>\n<\/tr>\n<tr data-start=\"2253\" data-end=\"2333\">\n<td data-start=\"2253\" data-end=\"2280\" data-col-size=\"sm\">Verpackung<\/td>\n<td data-col-size=\"md\" data-start=\"2280\" data-end=\"2333\">1kg\/Beutel\/Karton oder 25kg\/Fass\/Karton (anpassbar)<\/td>\n<\/tr>\n<tr data-start=\"2334\" data-end=\"2411\">\n<td data-start=\"2334\" data-end=\"2361\" data-col-size=\"sm\">Haltbarkeitsdauer<\/td>\n<td data-col-size=\"md\" data-start=\"2361\" data-end=\"2411\">24 Monate bei ordnungsgem\u00e4\u00dfer Lagerung<\/td>\n<\/tr>\n<tr data-start=\"2412\" data-end=\"2509\">\n<td data-start=\"2412\" data-end=\"2439\" data-col-size=\"sm\">Lagerung<\/td>\n<td data-col-size=\"md\" data-start=\"2439\" data-end=\"2509\">Trocken, k\u00fchl und verschlossen aufbewahren; Licht und Feuchtigkeit vermeiden<\/td>\n<\/tr>\n<tr data-start=\"2510\" data-end=\"2597\">\n<td data-start=\"2510\" data-end=\"2537\" data-col-size=\"sm\">Zertifizierungen<\/td>\n<td data-col-size=\"md\" data-start=\"2537\" data-end=\"2597\">KOSHER, HALAL, ISO22000, HACCP, EU-Bio, USDA-Bio<\/td>\n<\/tr>\n<\/tbody>\n<\/table>\n<div class=\"sticky end-(--thread-content-margin) h-0 self-end select-none\">\n<div class=\"absolute end-0 flex items-end\"><\/div>\n<\/div>\n<\/div>\n<\/div>\n<h2 data-start=\"2604\" data-end=\"2623\"><strong data-start=\"2607\" data-end=\"2623\">Wesentliche Merkmale<\/strong><\/h2>\n<ul data-start=\"2625\" data-end=\"3013\">\n<li data-start=\"2625\" data-end=\"2672\">\n<p data-start=\"2627\" data-end=\"2672\">Reines <strong data-start=\"2632\" data-end=\"2644\">D-Biotin<\/strong> aus dem Fermentationsprozess<\/p>\n<\/li>\n<li data-start=\"2673\" data-end=\"2733\">\n<p data-start=\"2675\" data-end=\"2733\">Wesentliches Vitamin des B-Komplexes zur Unterst\u00fctzung des Energiestoffwechsels<\/p>\n<\/li>\n<li data-start=\"2734\" data-end=\"2778\">\n<p data-start=\"2736\" data-end=\"2778\">Verbessert <strong data-start=\"2745\" data-end=\"2769\">Haare, Haut und N\u00e4gel<\/strong> Gesundheit<\/p>\n<\/li>\n<li data-start=\"2779\" data-end=\"2835\">\n<p data-start=\"2781\" data-end=\"2835\">Verbessert <strong data-start=\"2790\" data-end=\"2821\">Kohlenhydrate und Aminos\u00e4uren<\/strong> Nutzung<\/p>\n<\/li>\n<li data-start=\"2836\" data-end=\"2894\">\n<p data-start=\"2838\" data-end=\"2894\">Wasserl\u00f6slich, hoch bioverf\u00fcgbar und veganfreundlich<\/p>\n<\/li>\n<li data-start=\"2895\" data-end=\"2934\">\n<p data-start=\"2897\" data-end=\"2934\">Nicht-GMO, glutenfrei, allergenfrei<\/p>\n<\/li>\n<li data-start=\"2935\" data-end=\"3013\">\n<p data-start=\"2937\" data-end=\"3013\">Geeignet f\u00fcr <strong data-start=\"2950\" data-end=\"3013\">Kapseln, Tabletten, Softgels, Vormischungen, Getr\u00e4nke, Kosmetika<\/strong><\/p>\n<\/li>\n<\/ul>\n<h2 data-start=\"3020\" data-end=\"3039\"><strong data-start=\"3023\" data-end=\"3039\">Anwendungen<\/strong><\/h2>\n<h3 data-start=\"3041\" data-end=\"3067\"><strong data-start=\"3045\" data-end=\"3067\">Prim\u00e4rindustrie<\/strong><\/h3>\n<ul data-start=\"3068\" data-end=\"3304\">\n<li data-start=\"3068\" data-end=\"3124\">\n<p data-start=\"3070\" data-end=\"3124\"><strong data-start=\"3070\" data-end=\"3088\">Nutrazeutika<\/strong> (Erg\u00e4nzungsmittel f\u00fcr Haare, N\u00e4gel und Sch\u00f6nheit)<\/p>\n<\/li>\n<li data-start=\"3125\" data-end=\"3160\">\n<p data-start=\"3127\" data-end=\"3160\"><strong data-start=\"3127\" data-end=\"3158\">Funktionelle Lebensmittel und Getr\u00e4nke<\/strong><\/p>\n<\/li>\n<li data-start=\"3161\" data-end=\"3207\">\n<p data-start=\"3163\" data-end=\"3207\"><strong data-start=\"3163\" data-end=\"3205\">Formeln zur Unterst\u00fctzung von Energie und Stoffwechsel<\/strong><\/p>\n<\/li>\n<li data-start=\"3208\" data-end=\"3243\">\n<p data-start=\"3210\" data-end=\"3243\"><strong data-start=\"3210\" data-end=\"3241\">Kosmetika und K\u00f6rperpflegemittel<\/strong><\/p>\n<\/li>\n<li data-start=\"3244\" data-end=\"3304\">\n<p data-start=\"3246\" data-end=\"3304\"><strong data-start=\"3246\" data-end=\"3304\">Tiernahrung (Heimtier-\/Futtermittelqualit\u00e4t auf Anfrage erh\u00e4ltlich)<\/strong><\/p>\n<\/li>\n<\/ul>\n<h3 data-start=\"3311\" data-end=\"3339\"><strong data-start=\"3315\" data-end=\"3339\">Formulierungsbeispiele<\/strong><\/h3>\n<ul data-start=\"3340\" data-end=\"3513\">\n<li data-start=\"3340\" data-end=\"3370\">\n<p data-start=\"3342\" data-end=\"3370\">Gummib\u00e4rchen f\u00fcr Haare und N\u00e4gel<\/p>\n<\/li>\n<li data-start=\"3371\" data-end=\"3406\">\n<p data-start=\"3373\" data-end=\"3406\">Energydrinks und Vitaminspritzen<\/p>\n<\/li>\n<li data-start=\"3407\" data-end=\"3438\">\n<p data-start=\"3409\" data-end=\"3438\">Mit Biotin angereicherte Gesichtsseren<\/p>\n<\/li>\n<li data-start=\"3439\" data-end=\"3475\">\n<p data-start=\"3441\" data-end=\"3475\">Kollagen + Biotin Sch\u00f6nheitspulver<\/p>\n<\/li>\n<li data-start=\"3476\" data-end=\"3513\">\n<p data-start=\"3478\" data-end=\"3513\">Multivitamintabletten mit B-Komplex<\/p>\n<\/li>\n<\/ul>\n<h2 data-start=\"3520\" data-end=\"3545\"><strong data-start=\"3523\" data-end=\"3545\">Empfohlene Dosierung<\/strong><\/h2>\n<div class=\"_tableContainer_80l1q_1\">\n<div class=\"_tableWrapper_80l1q_14 group flex w-fit flex-col-reverse\" tabindex=\"-1\">\n<table class=\"w-fit min-w-(--thread-content-width)\" data-start=\"3547\" data-end=\"3791\">\n<thead data-start=\"3547\" data-end=\"3602\">\n<tr data-start=\"3547\" data-end=\"3602\">\n<th data-start=\"3547\" data-end=\"3571\" data-col-size=\"sm\"><strong data-start=\"3549\" data-end=\"3564\">Anmeldung<\/strong><\/th>\n<th data-start=\"3571\" data-end=\"3602\" data-col-size=\"md\"><strong data-start=\"3573\" data-end=\"3593\">Empfohlene Dosierung<\/strong><\/th>\n<\/tr>\n<\/thead>\n<tbody data-start=\"3660\" data-end=\"3791\">\n<tr data-start=\"3660\" data-end=\"3734\">\n<td data-start=\"3660\" data-end=\"3685\" data-col-size=\"sm\">Nahrungserg\u00e4nzungsmittel<\/td>\n<td data-col-size=\"md\" data-start=\"3685\" data-end=\"3734\">30-5000 mcg\/Tag (je nach Region\/Formulierung)<\/td>\n<\/tr>\n<tr data-start=\"3735\" data-end=\"3791\">\n<td data-start=\"3735\" data-end=\"3760\" data-col-size=\"sm\">Kosmetische Anwendung (topisch)<\/td>\n<td data-col-size=\"md\" data-start=\"3760\" data-end=\"3791\">0,1%-1,0% in Cremes, Seren<\/td>\n<\/tr>\n<\/tbody>\n<\/table>\n<div class=\"sticky end-(--thread-content-margin) h-0 self-end select-none\">\n<div class=\"absolute end-0 flex items-end\"><\/div>\n<\/div>\n<\/div>\n<\/div>\n<blockquote data-start=\"3793\" data-end=\"3863\">\n<p data-start=\"3795\" data-end=\"3863\"><em data-start=\"3795\" data-end=\"3863\">Hinweis: Befolgen Sie stets die \u00f6rtlichen beh\u00f6rdlichen Richtlinien f\u00fcr Dosierungsgrenzen.<\/em><\/p>\n<\/blockquote>\n<h2 data-start=\"3870\" data-end=\"3901\"><strong data-start=\"3873\" data-end=\"3901\">Kompatibilit\u00e4t der Inhaltsstoffe<\/strong><\/h2>\n<ul data-start=\"3903\" data-end=\"4019\">\n<li data-start=\"3903\" data-end=\"3924\">\n<p data-start=\"3905\" data-end=\"3924\">Kollagen-Peptide<\/p>\n<\/li>\n<li data-start=\"3925\" data-end=\"3938\">\n<p data-start=\"3927\" data-end=\"3938\">Vitamin C<\/p>\n<\/li>\n<li data-start=\"3939\" data-end=\"3947\">\n<p data-start=\"3941\" data-end=\"3947\">Zink<\/p>\n<\/li>\n<li data-start=\"3948\" data-end=\"3979\">\n<p data-start=\"3950\" data-end=\"3979\">MSM (Methylsulfonylmethan)<\/p>\n<\/li>\n<li data-start=\"3980\" data-end=\"3999\">\n<p data-start=\"3982\" data-end=\"3999\">Hyalurons\u00e4ure<\/p>\n<\/li>\n<li data-start=\"4000\" data-end=\"4019\">\n<p data-start=\"4002\" data-end=\"4019\">Keratin-Extrakt<\/p>\n<\/li>\n<\/ul>\n<h2 data-start=\"4440\" data-end=\"4479\"><strong data-start=\"4443\" data-end=\"4479\">H\u00e4ufig gestellte Fragen (FAQ)<\/strong><\/h2>\n<p data-start=\"4481\" data-end=\"4614\"><strong data-start=\"4481\" data-end=\"4512\">1. Wof\u00fcr wird Biotin verwendet?<\/strong><br data-start=\"4512\" data-end=\"4515\" \/>Vor allem f\u00fcr <strong data-start=\"4529\" data-end=\"4561\">Unterst\u00fctzung f\u00fcr Haut, Haare und N\u00e4gel<\/strong>sondern spielt auch eine entscheidende Rolle f\u00fcr die Gesundheit des Stoffwechsels.<\/p>\n<p data-start=\"4616\" data-end=\"4695\"><strong data-start=\"4616\" data-end=\"4643\">2. Ist es wasserl\u00f6slich?<\/strong><br data-start=\"4643\" data-end=\"4646\" \/>Ja, Biotin ist ein <strong data-start=\"4663\" data-end=\"4686\">vollst\u00e4ndig wasserl\u00f6slich<\/strong> Vitamin.<\/p>\n<p data-start=\"4697\" data-end=\"4835\"><strong data-start=\"4697\" data-end=\"4740\">3. Ist Ihr Biotin nat\u00fcrlich oder synthetisch?<\/strong><br data-start=\"4740\" data-end=\"4743\" \/>Sie wird hergestellt \u00fcber <strong data-start=\"4762\" data-end=\"4778\">G\u00e4rung<\/strong> unter Verwendung gentechnikfreier Substrate und nach hohen Standards gereinigt.<\/p>\n<p data-start=\"4837\" data-end=\"4980\"><strong data-start=\"4837\" data-end=\"4884\">4. Kann Biotin in Hautpflegeprodukten verwendet werden?<\/strong><br data-start=\"4884\" data-end=\"4887\" \/>Ja, Biotin kann aufgenommen werden in <strong data-start=\"4924\" data-end=\"4955\">Lotionen, Cremes und Seren<\/strong> f\u00fcr die \u00f6rtliche Anwendung.<\/p>\n<p data-start=\"4982\" data-end=\"5108\"><strong data-start=\"4982\" data-end=\"5015\">5. Welche Noten gibt es?<\/strong><br data-start=\"5015\" data-end=\"5018\" \/>Wir bieten <strong data-start=\"5027\" data-end=\"5048\">1% und 98% Biotin<\/strong>die f\u00fcr unterschiedliche Anwendungsanforderungen und Kostenziele geeignet sind.<\/p>","protected":false},"excerpt":{"rendered":"<ul data-start=\"967\" data-end=\"1284\">\n<li data-start=\"1003\" data-end=\"1055\">\n<p data-start=\"1005\" data-end=\"1055\"><strong data-start=\"1005\" data-end=\"1021\">Andere Namen:<\/strong> Vitamin B7, D-Biotin, Vitamin H<\/p>\n<\/li>\n<li data-start=\"1056\" data-end=\"1083\">\n<p data-start=\"1058\" data-end=\"1083\"><strong data-start=\"1058\" data-end=\"1073\">CAS-Nummer:<\/strong> 58-85-5<\/p>\n<\/li>\n<li data-start=\"1084\" data-end=\"1116\">\n<p data-start=\"1086\" data-end=\"1116\"><strong data-start=\"1086\" data-end=\"1101\">Erscheinungsbild:<\/strong> Wei\u00dfes Puder<\/p>\n<\/li>\n<li data-start=\"1117\" data-end=\"1150\">\n<p data-start=\"1119\" data-end=\"1150\"><strong data-start=\"1119\" data-end=\"1140\">Reinheit verf\u00fcgbar:<\/strong> 1%, 98%<\/p>\n<\/li>\n<li data-start=\"1151\" data-end=\"1206\">\n<p data-start=\"1153\" data-end=\"1206\"><strong data-start=\"1153\" data-end=\"1168\">L\u00f6slichkeit:<\/strong> Leicht l\u00f6slich in Wasser und Ethanol<\/p>\n<\/li>\n<li data-start=\"1207\" data-end=\"1245\">\n<p data-start=\"1209\" data-end=\"1245\"><strong data-start=\"1209\" data-end=\"1231\">Molekulare Formel:<\/strong> C10H16N2O3S<\/p>\n<\/li>\n<li data-start=\"1246\" data-end=\"1284\">\n<p data-start=\"1248\" data-end=\"1284\"><strong data-start=\"1248\" data-end=\"1269\">Molekulargewicht:<\/strong> 244,31 g\/mol<\/p>\n<\/li>\n<\/ul>","protected":false},"featured_media":1928,"comment_status":"open","ping_status":"closed","template":"","meta":{"_acf_changed":false},"product_brand":[],"product_cat":[23],"product_tag":[],"class_list":{"0":"post-1926","1":"product","2":"type-product","3":"status-publish","4":"has-post-thumbnail","6":"product_cat-food-additives","8":"first","9":"instock","10":"shipping-taxable","11":"product-type-simple"},"acf":[],"_links":{"self":[{"href":"https:\/\/bstextract.com\/de\/wp-json\/wp\/v2\/product\/1926","targetHints":{"allow":["GET"]}}],"collection":[{"href":"https:\/\/bstextract.com\/de\/wp-json\/wp\/v2\/product"}],"about":[{"href":"https:\/\/bstextract.com\/de\/wp-json\/wp\/v2\/types\/product"}],"replies":[{"embeddable":true,"href":"https:\/\/bstextract.com\/de\/wp-json\/wp\/v2\/comments?post=1926"}],"wp:featuredmedia":[{"embeddable":true,"href":"https:\/\/bstextract.com\/de\/wp-json\/wp\/v2\/media\/1928"}],"wp:attachment":[{"href":"https:\/\/bstextract.com\/de\/wp-json\/wp\/v2\/media?parent=1926"}],"wp:term":[{"taxonomy":"product_brand","embeddable":true,"href":"https:\/\/bstextract.com\/de\/wp-json\/wp\/v2\/product_brand?post=1926"},{"taxonomy":"product_cat","embeddable":true,"href":"https:\/\/bstextract.com\/de\/wp-json\/wp\/v2\/product_cat?post=1926"},{"taxonomy":"product_tag","embeddable":true,"href":"https:\/\/bstextract.com\/de\/wp-json\/wp\/v2\/product_tag?post=1926"}],"curies":[{"name":"wp","href":"https:\/\/api.w.org\/{rel}","templated":true}]}}