{"id":2145,"date":"2025-07-16T06:44:20","date_gmt":"2025-07-16T06:44:20","guid":{"rendered":"https:\/\/bstextract.com\/?post_type=product&#038;p=2145"},"modified":"2025-07-18T00:50:03","modified_gmt":"2025-07-18T00:50:03","slug":"gymnema-sylvester-extrakt","status":"publish","type":"product","link":"https:\/\/bstextract.com\/de\/produkt\/gymnema-sylvester-extrakt\/","title":{"rendered":"Gymnema Sylvestre-Extrakt"},"content":{"rendered":"<p>Gymnema Sylvestre-Extrakt, auch bekannt als die <em>\"Zucker-Zerst\u00f6rer\"<\/em>ist ein bekanntes ayurvedisches Kraut, das zur Unterst\u00fctzung eines gesunden Blutzuckerspiegels und zur Verringerung des Verlangens nach S\u00fc\u00dfem verwendet wird. Ver\u00f6ffentlichte Studien \u00fcber <a href=\"https:\/\/pubmed.ncbi.nlm.nih.gov\/16323223\/\" target=\"_blank\" rel=\"nofollow noopener\">PubMed<\/a> haben gezeigt, dass seine <strong>antidiabetische und hypoglyk\u00e4mische Wirkungen<\/strong>und ist damit ein bew\u00e4hrter Inhaltsstoff f\u00fcr <em>nat\u00fcrliche Blutzuckerunterst\u00fctzung<\/em>.<\/p>\n<p><img fetchpriority=\"high\" decoding=\"async\" class=\"aligncenter wp-image-2245\" src=\"https:\/\/bstextract.com\/wp-content\/uploads\/2025\/07\/gymnema-sylvestre-extract-300x169.webp\" alt=\"\" width=\"758\" height=\"427\" title=\"\" srcset=\"https:\/\/bstextract.com\/wp-content\/uploads\/2025\/07\/gymnema-sylvestre-extract-300x169.webp 300w, https:\/\/bstextract.com\/wp-content\/uploads\/2025\/07\/gymnema-sylvestre-extract-1024x576.webp 1024w, https:\/\/bstextract.com\/wp-content\/uploads\/2025\/07\/gymnema-sylvestre-extract-768x432.webp 768w, https:\/\/bstextract.com\/wp-content\/uploads\/2025\/07\/gymnema-sylvestre-extract-1536x864.webp 1536w, https:\/\/bstextract.com\/wp-content\/uploads\/2025\/07\/gymnema-sylvestre-extract-18x10.webp 18w, https:\/\/bstextract.com\/wp-content\/uploads\/2025\/07\/gymnema-sylvestre-extract-600x338.webp 600w, https:\/\/bstextract.com\/wp-content\/uploads\/2025\/07\/gymnema-sylvestre-extract.webp 1920w\" sizes=\"(max-width: 758px) 100vw, 758px\" \/><\/p>\n<p>Nach Angaben von <a href=\"https:\/\/www.webmd.com\/vitamins\/ai\/ingredientmono-841\/gymnema\" target=\"_blank\" rel=\"nofollow noopener\">WebMD<\/a>, <strong>Gymnema sylvestre-Extrakt<\/strong> kann auch dazu beitragen, die Zuckeraufnahme im Darm zu verringern, was die <strong>Gewichtsmanagement<\/strong> Anstrengungen.<\/p>\n<p>BSTBIO ist ein <strong>GMP-zertifizierte Fabrik und Exporteur<\/strong> seit \u00fcber 10 Jahren auf Pflanzenextrakte spezialisiert. Unser <strong>Gymnema Sylvestre-Extrakt<\/strong> sorgf\u00e4ltig verarbeitet wird, um sicherzustellen <strong>hoher Reinheitsgrad und konstanter Gehalt an Gymnemic Acid<\/strong>und ist damit ein idealer Rohstoff f\u00fcr <strong>Marken f\u00fcr Nahrungserg\u00e4nzungsmittel, Hersteller von funktionellen Lebensmitteln und Formulierer von pflanzlichen Produkten<\/strong>.<\/p>\n<p>Durch die direkte Zusammenarbeit mit den <strong>Hersteller<\/strong>profitieren Sie von <strong>wettbewerbsf\u00e4hige Preise, strenge Qualit\u00e4tskontrolle und stabile Versorgung<\/strong> f\u00fcr Ihre Produktionsbed\u00fcrfnisse. Unser Extrakt entspricht den internationalen Normen wie <strong>USDA Bio, EU Bio, HALAL, KOSHER, ISO22000 und HACCP<\/strong>und gew\u00e4hrleisten Qualit\u00e4t und Sicherheit f\u00fcr die globalen M\u00e4rkte.<\/p>\n<h2>Anwendungen von Gymnema Sylvestre-Extrakt<\/h2>\n<ul>\n<li><strong>Blutzucker-Management<\/strong><br \/>\nBeliebt in Nahrungserg\u00e4nzungsmitteln, die zur Aufrechterhaltung eines normalen Blutzuckerspiegels beitragen.<\/li>\n<li><strong>Gewichtsmanagement und Appetitkontrolle<\/strong><br \/>\nHilft, das Verlangen nach Zucker zu reduzieren, und ist daher ideal f\u00fcr <strong>Nahrungserg\u00e4nzungsmittel zur Gewichtsreduktion<\/strong>.<\/li>\n<li><strong>Kapseln, Tabletten und Pulver<\/strong><br \/>\nLeicht zu integrieren in <strong>Nahrungserg\u00e4nzungsmittel oder pflanzliche Zubereitungen<\/strong>.<\/li>\n<li><strong>Funktionelle Getr\u00e4nke und diabetikerfreundliche Lebensmittel<\/strong><br \/>\nWird als nat\u00fcrliche pflanzliche Zutat in Tees, Gesundheitsgetr\u00e4nken und als Mahlzeitenersatz verwendet.<\/li>\n<li><strong>Ayurvedische und traditionelle Medizin<\/strong><br \/>\nSeit Jahrhunderten bew\u00e4hrt als nat\u00fcrliches Kraut f\u00fcr <strong>Unterst\u00fctzung des metabolischen Gleichgewichts und des Zuckerstoffwechsels.<\/strong><\/li>\n<\/ul>\n<p>Mit unserem <strong>Werksbelieferung<\/strong>k\u00f6nnen Sie ganz einfach erstellen <strong>hochwertige Fertigerzeugnisse<\/strong> die den internationalen Normen entsprechen.<\/p>","protected":false},"excerpt":{"rendered":"<p><strong>Botanischer Name:<\/strong> <em>Gymnema sylvestre<\/em><br \/>\n<strong>Aktiver Inhaltsstoff:<\/strong> Gymnemische S\u00e4ure<br \/>\n<strong>Spezifikation:<\/strong> 25% - 75% Gymnemic Acid<br \/>\n<strong>Erscheinungsbild:<\/strong> Gelb-braunes feines Pulver<br \/>\n<strong>Verwendetes Teil:<\/strong> Blatt<br \/>\n<strong>Bescheinigungen:<\/strong> KOSHER, HALAL, HACCP, ISO22000, USDA Bio, EU Bio<br \/>\n<strong>Haltbarkeitsdauer:<\/strong> 24 Monate bei ordnungsgem\u00e4\u00dfer Lagerung<\/p>","protected":false},"featured_media":2235,"comment_status":"open","ping_status":"closed","template":"","meta":{"_acf_changed":false},"product_brand":[],"product_cat":[49,21],"product_tag":[],"class_list":{"0":"post-2145","1":"product","2":"type-product","3":"status-publish","4":"has-post-thumbnail","6":"product_cat-hot-product","7":"product_cat-plant-extracts","9":"first","10":"instock","11":"shipping-taxable","12":"product-type-simple"},"acf":[],"_links":{"self":[{"href":"https:\/\/bstextract.com\/de\/wp-json\/wp\/v2\/product\/2145","targetHints":{"allow":["GET"]}}],"collection":[{"href":"https:\/\/bstextract.com\/de\/wp-json\/wp\/v2\/product"}],"about":[{"href":"https:\/\/bstextract.com\/de\/wp-json\/wp\/v2\/types\/product"}],"replies":[{"embeddable":true,"href":"https:\/\/bstextract.com\/de\/wp-json\/wp\/v2\/comments?post=2145"}],"wp:featuredmedia":[{"embeddable":true,"href":"https:\/\/bstextract.com\/de\/wp-json\/wp\/v2\/media\/2235"}],"wp:attachment":[{"href":"https:\/\/bstextract.com\/de\/wp-json\/wp\/v2\/media?parent=2145"}],"wp:term":[{"taxonomy":"product_brand","embeddable":true,"href":"https:\/\/bstextract.com\/de\/wp-json\/wp\/v2\/product_brand?post=2145"},{"taxonomy":"product_cat","embeddable":true,"href":"https:\/\/bstextract.com\/de\/wp-json\/wp\/v2\/product_cat?post=2145"},{"taxonomy":"product_tag","embeddable":true,"href":"https:\/\/bstextract.com\/de\/wp-json\/wp\/v2\/product_tag?post=2145"}],"curies":[{"name":"wp","href":"https:\/\/api.w.org\/{rel}","templated":true}]}}