{"id":2271,"date":"2025-07-18T06:16:58","date_gmt":"2025-07-18T06:16:58","guid":{"rendered":"https:\/\/bstextract.com\/?post_type=product&#038;p=2271"},"modified":"2025-07-18T06:52:15","modified_gmt":"2025-07-18T06:52:15","slug":"kudzuwurzel-extrakt","status":"publish","type":"product","link":"https:\/\/bstextract.com\/de\/produkt\/kudzuwurzel-extrakt\/","title":{"rendered":"Kudzuwurzel-Extrakt"},"content":{"rendered":"<p><strong>Kudzuwurzel-Extrakt<\/strong>, auch bekannt als <strong>Pueraria Mirifica-Extrakt<\/strong>wird aus den Wurzeln der <strong>Pueraria mirifica<\/strong> Pflanze. Dieses traditionelle pflanzliche Heilmittel wird sehr gesch\u00e4tzt wegen seines hohen Gehalts an <strong>Isoflavone<\/strong>die nat\u00fcrliche Phyto\u00f6strogene sind, von denen bekannt ist, dass sie <strong>unterst\u00fctzen das hormonelle Gleichgewicht, f\u00f6rdern die Gesundheit der Haut und tragen zur allgemeinen Vitalit\u00e4t bei<\/strong>. Es wird h\u00e4ufig verwendet in <strong>Nahrungserg\u00e4nzungsmittel, Formulierungen f\u00fcr die Gesundheit von Frauen, Kosmetika und nutrazeutische Produkte<\/strong>.<\/p>\n<p>Als <strong>zuverl\u00e4ssiger Hersteller<\/strong>, <strong>XI'AN BEST BIO-TECH CO., LTD.<\/strong>, gegr\u00fcndet 2017, ist spezialisiert auf <strong>hochwertige Pflanzenextrakte, Nahrungserg\u00e4nzungsmittel, Superfoods und nat\u00fcrliche Farbstoffe f\u00fcr Lebensmittel<\/strong>. Verwendung von <strong>fortschrittliche Extraktionstechnologie<\/strong>stellen wir sicher, dass <strong>Kudzuwurzel-Extrakt<\/strong> beh\u00e4lt seine bioaktiven Verbindungen in <strong>hohe Konzentrationen<\/strong>die den weltweiten Standards f\u00fcr Reinheit und Wirksamkeit entsprechen.<\/p>\n<h3><strong>Details zum Produkt<\/strong><\/h3>\n<ul>\n<li><strong>Produktname:<\/strong> Kudzuwurzel-Extrakt<\/li>\n<li><strong>Anderer Name:<\/strong> Pueraria Mirifica-Extrakt<\/li>\n<li><strong>Aktiver Inhaltsstoff:<\/strong> Isoflavone<\/li>\n<li><strong>Erscheinungsbild:<\/strong> Braunes Puder<\/li>\n<li><strong>Produktspezifikation:<\/strong> 40% - 80% Isoflavone<\/li>\n<\/ul>\n<h3><strong>Botanische Informationen<\/strong><\/h3>\n<ul>\n<li><strong>Botanischer Name:<\/strong> Pueraria mirifica<\/li>\n<li><strong>Allgemeiner Name:<\/strong> Kudzu-Wurzel, Thai Kudzu<\/li>\n<li><strong>Familie:<\/strong> Fabaceae<\/li>\n<li><strong>Verwendete Teile:<\/strong> Wurzel<\/li>\n<\/ul>\n<h3><strong>Hintergrund und traditionelle Verwendung der Pflanze<\/strong><\/h3>\n<p>Pueraria mirifica ist heimisch in <strong>Thailand, Myanmar und andere s\u00fcdostasiatische Regionen<\/strong>. Es wird seit langem verwendet in <strong>traditionelle thail\u00e4ndische und ayurvedische Medizin<\/strong> f\u00fcr <strong>Wellness f\u00fcr Frauen, Verj\u00fcngung und Steigerung der Vitalit\u00e4t<\/strong>. Aufgrund seiner <strong>phyto\u00f6strogene Eigenschaften<\/strong>ist es ein wichtiger Bestandteil von <strong>Anti-Aging-Hautpflege, hormonunterst\u00fctzende Nahrungserg\u00e4nzungsmittel und funktionelle Gesundheitsprodukte<\/strong>.<\/p>\n<h3><strong>Aktive Prinzipien &amp; Zusammensetzung<\/strong><\/h3>\n<p>Kudzuwurzel-Extrakt ist standardisiert f\u00fcr <strong>Isoflavone<\/strong>die daf\u00fcr bekannt sind:<br \/>\n\u2705 Unterst\u00fctzung <strong>Hormonhaushalt<\/strong> nat\u00fcrlich<br \/>\n\u2705 Hilfe bei der Pflege <strong>Elastizit\u00e4t und jugendliches Aussehen der Haut<\/strong><br \/>\n\u2705 F\u00f6rdern <strong>Gesundheit der Knochen und des Herz-Kreislauf-Systems<\/strong><br \/>\n\u2705 Handeln als <strong>Antioxidantien<\/strong> den oxidativen Stress zu reduzieren<\/p>","protected":false},"excerpt":{"rendered":"<p><strong>Produktname:<\/strong> Kudzuwurzel-Extrakt<\/p>\n<p><strong>Anderer Name:<\/strong> Pueraria Mirifica-Extrakt<\/p>\n<p><strong>Aktiver Inhaltsstoff:<\/strong> Isoflavone<\/p>\n<p><strong>Erscheinungsbild:<\/strong> Braunes Puder<\/p>\n<p><strong>Produktspezifikation:<\/strong> 40% - 80% Isoflavone<\/p>","protected":false},"featured_media":2273,"comment_status":"open","ping_status":"closed","template":"","meta":{"_acf_changed":false},"product_brand":[],"product_cat":[49,21],"product_tag":[],"class_list":{"0":"post-2271","1":"product","2":"type-product","3":"status-publish","4":"has-post-thumbnail","6":"product_cat-hot-product","7":"product_cat-plant-extracts","9":"first","10":"instock","11":"shipping-taxable","12":"product-type-simple"},"acf":[],"_links":{"self":[{"href":"https:\/\/bstextract.com\/de\/wp-json\/wp\/v2\/product\/2271","targetHints":{"allow":["GET"]}}],"collection":[{"href":"https:\/\/bstextract.com\/de\/wp-json\/wp\/v2\/product"}],"about":[{"href":"https:\/\/bstextract.com\/de\/wp-json\/wp\/v2\/types\/product"}],"replies":[{"embeddable":true,"href":"https:\/\/bstextract.com\/de\/wp-json\/wp\/v2\/comments?post=2271"}],"wp:featuredmedia":[{"embeddable":true,"href":"https:\/\/bstextract.com\/de\/wp-json\/wp\/v2\/media\/2273"}],"wp:attachment":[{"href":"https:\/\/bstextract.com\/de\/wp-json\/wp\/v2\/media?parent=2271"}],"wp:term":[{"taxonomy":"product_brand","embeddable":true,"href":"https:\/\/bstextract.com\/de\/wp-json\/wp\/v2\/product_brand?post=2271"},{"taxonomy":"product_cat","embeddable":true,"href":"https:\/\/bstextract.com\/de\/wp-json\/wp\/v2\/product_cat?post=2271"},{"taxonomy":"product_tag","embeddable":true,"href":"https:\/\/bstextract.com\/de\/wp-json\/wp\/v2\/product_tag?post=2271"}],"curies":[{"name":"wp","href":"https:\/\/api.w.org\/{rel}","templated":true}]}}