{"id":2365,"date":"2025-07-23T02:41:01","date_gmt":"2025-07-23T02:41:01","guid":{"rendered":"https:\/\/bstextract.com\/?post_type=product&#038;p=2365"},"modified":"2025-07-23T02:45:05","modified_gmt":"2025-07-23T02:45:05","slug":"schmetterlingserbsenpulver","status":"publish","type":"product","link":"https:\/\/bstextract.com\/de\/produkt\/schmetterlingserbsenpulver\/","title":{"rendered":"Schmetterlingserbse-Pulver"},"content":{"rendered":"<p>Unter <b>BSTBIO<\/b>sind wir ein engagiertes <b>Anbieter<\/b> innovativer nat\u00fcrlicher Inhaltsstoffe. Wir bieten dieses hochwertige Schmetterlingserbsenpulver an, das direkt aus dem <i>Clitoria ternatea<\/i> Blume als au\u00dfergew\u00f6hnliche Wahl f\u00fcr Marken, die nach optisch ansprechenden L\u00f6sungen f\u00fcr Inhaltsstoffe mit sauberem Etikett suchen. Ihre einzigartigen, pH-sensitiven Eigenschaften erm\u00f6glichen eine magische Farbver\u00e4nderung von einem tiefen Blau zu einem satten Violett und bieten dem Endverbraucher ein interaktives Erlebnis.<\/p>\n<ul>\n<li><b>Lebendige nat\u00fcrliche Farbe:<\/b> Verleiht einen brillanten blauen Farbton, der in sauren Umgebungen (z. B. bei einem Spritzer Zitrone) nat\u00fcrlich in Violett \u00fcbergeht - perfekt f\u00fcr die Kreation von \"Instagram-tauglichen\" Getr\u00e4nken und Speisen.<\/li>\n<li><b>Ultrafeine Masche 450:<\/b> Als qualit\u00e4tsbewusstes Unternehmen <b>Hersteller<\/b>, <b>BSTBIO<\/b> gew\u00e4hrleistet die au\u00dfergew\u00f6hnlich feine Partikelgr\u00f6\u00dfe unseres Pulvers eine schnelle, klumpenfreie Aufl\u00f6sung und ein sanftes Mundgef\u00fchl, ideal f\u00fcr Lattes, Cocktails und andere fl\u00fcssige Anwendungen.<\/li>\n<li><b>100% Reines Bl\u00fctenpulver:<\/b> Hergestellt aus einer einzigen Zutat - 01% Schmetterlingsbl\u00fctler. Es ist frei von Zusatzstoffen und k\u00fcnstlichen Farbstoffen und erf\u00fcllt die h\u00f6chsten Standards f\u00fcr nat\u00fcrliche Produkte.<\/li>\n<li><b>Vielseitige Anwendungen:<\/b> Ein ausgezeichnetes nat\u00fcrliches F\u00e4rbemittel f\u00fcr:\n<ul>\n<li>Teespezialit\u00e4ten &amp; \"Blaue Milchkaffees\"<\/li>\n<li>Cocktails und Mocktails<\/li>\n<li>Backen (Kuchen, Zuckerguss) &amp; Konditorei<\/li>\n<li>Joghurts, Smoothies und Desserts<\/li>\n<\/ul>\n<\/li>\n<li><b>Qualit\u00e4t und Sicherheit werden von BSTBIO garantiert:<\/b> Vertrauen in eine <b>Anbieter<\/b> der Qualit\u00e4t verpflichtet. Jede <b>BSTBIO<\/b> Charge wird vollst\u00e4ndig auf Schwermetalle und mikrobiologische Verunreinigungen getestet, um sicherzustellen, dass sie den Sicherheitsstandards f\u00fcr Lebensmittel entspricht.<\/li>\n<\/ul>","protected":false},"excerpt":{"rendered":"<ul>\n<li><b>Lebendiger nat\u00fcrlicher Farbstoff:<\/b> 100% reines Pulver aus <i>Clitoria ternatea<\/i> Blumen, die einen brillanten, nat\u00fcrlichen Blauton ergeben.<\/li>\n<li><b>pH-empfindliche Magie:<\/b> Eine atemberaubende Farbver\u00e4nderung von tiefem Blau zu sattem Purpur, wenn S\u00e4ure zugef\u00fchrt wird.<\/li>\n<li><b>Hervorragende L\u00f6slichkeit:<\/b> Die ultrafeinen 450er Maschen sorgen f\u00fcr sofortiges, klumpenfreies Mischen in Getr\u00e4nken, Lattes und Speisen.<\/li>\n<li><b>Clean-Label-Auswahl:<\/b> Die perfekte Zutat f\u00fcr die Herstellung nat\u00fcrlicher, optisch ansprechender Produkte.<\/li>\n<li><b>Gepr\u00fcfte Qualit\u00e4t von BSTBIO:<\/b> Ihr zuverl\u00e4ssiger Partner f\u00fcr hochreine, lebensmitteltaugliche pflanzliche Inhaltsstoffe.<\/li>\n<\/ul>","protected":false},"featured_media":2366,"comment_status":"open","ping_status":"closed","template":"","meta":{"_acf_changed":false},"product_brand":[],"product_cat":[21,49],"product_tag":[],"class_list":{"0":"post-2365","1":"product","2":"type-product","3":"status-publish","4":"has-post-thumbnail","6":"product_cat-plant-extracts","7":"product_cat-hot-product","9":"first","10":"instock","11":"shipping-taxable","12":"product-type-simple"},"acf":[],"_links":{"self":[{"href":"https:\/\/bstextract.com\/de\/wp-json\/wp\/v2\/product\/2365","targetHints":{"allow":["GET"]}}],"collection":[{"href":"https:\/\/bstextract.com\/de\/wp-json\/wp\/v2\/product"}],"about":[{"href":"https:\/\/bstextract.com\/de\/wp-json\/wp\/v2\/types\/product"}],"replies":[{"embeddable":true,"href":"https:\/\/bstextract.com\/de\/wp-json\/wp\/v2\/comments?post=2365"}],"wp:featuredmedia":[{"embeddable":true,"href":"https:\/\/bstextract.com\/de\/wp-json\/wp\/v2\/media\/2366"}],"wp:attachment":[{"href":"https:\/\/bstextract.com\/de\/wp-json\/wp\/v2\/media?parent=2365"}],"wp:term":[{"taxonomy":"product_brand","embeddable":true,"href":"https:\/\/bstextract.com\/de\/wp-json\/wp\/v2\/product_brand?post=2365"},{"taxonomy":"product_cat","embeddable":true,"href":"https:\/\/bstextract.com\/de\/wp-json\/wp\/v2\/product_cat?post=2365"},{"taxonomy":"product_tag","embeddable":true,"href":"https:\/\/bstextract.com\/de\/wp-json\/wp\/v2\/product_tag?post=2365"}],"curies":[{"name":"wp","href":"https:\/\/api.w.org\/{rel}","templated":true}]}}