{"id":2612,"date":"2025-08-19T07:38:14","date_gmt":"2025-08-19T07:38:14","guid":{"rendered":"https:\/\/bstextract.com\/?post_type=product&#038;p=2612"},"modified":"2025-08-19T07:40:38","modified_gmt":"2025-08-19T07:40:38","slug":"kiefernpollenpulver-mit-gebrochener-zellwand","status":"publish","type":"product","link":"https:\/\/bstextract.com\/de\/produkt\/kiefernpollenpulver-mit-gebrochener-zellwand\/","title":{"rendered":"Kiefernpollen-Pulver mit gebrochener Zellwand"},"content":{"rendered":"<h2><strong><span class=\"selected\">Produkt\u00fcbersicht<\/span><\/strong><\/h2>\n<p><span class=\"selected\">Unser Cell-Wall Broken Pine Pollen Powder ist ein hochwertiger, n\u00e4hrstoffreicher Inhaltsstoff, der aus den wild geernteten Pollen der Kiefer gewonnen wird. <\/span><em><span class=\"selected\">Pinus massoniana<\/span><\/em><span class=\"selected\"> Baum. Um das volle N\u00e4hrstoffpotenzial zu erschlie\u00dfen, setzen wir ein hochentwickeltes Niedertemperatur-Luftstrom-Pulverisierungsverfahren ein. Dieses Verfahren bricht die starre Zellwand des Pollens effektiv auf und verbessert die Bioverf\u00fcgbarkeit und Verdaulichkeit der enthaltenen Vitamine, Mineralien, Aminos\u00e4uren und Antioxidantien erheblich. Das Ergebnis ist ein feines, gut dispergierbares Pulver, das sich perfekt f\u00fcr die heutigen anspruchsvollen Formulierungen von Nahrungserg\u00e4nzungsmitteln und funktionellen Lebensmitteln eignet.<\/span><\/p>\n<p><strong><span class=\"selected\">Einzigartige Vorteile:<\/span><\/strong><\/p>\n<ul>\n<li><strong><span class=\"selected\">\u00dcber 98% Zellwand-Bruchrate:<\/span><\/strong><span class=\"selected\"> Gew\u00e4hrleistet eine maximale N\u00e4hrstofffreisetzung und -absorption f\u00fcr eine \u00fcberragende Wirksamkeit in Ihrem Endprodukt.<\/span><\/li>\n<li><strong><span class=\"selected\">Feines 80-Mesh-Pulver:<\/span><\/strong><span class=\"selected\"> Garantiert hervorragende Flie\u00dff\u00e4higkeit und Homogenit\u00e4t in Mischungen, ideal f\u00fcr Hochgeschwindigkeitsverkapselung und Tablettierung.<\/span><\/li>\n<li><strong><span class=\"selected\">Direkt vom Hersteller:<\/span><\/strong><span class=\"selected\"> Sie werden direkt von unserem Werk bezogen, um eine vollst\u00e4ndige R\u00fcckverfolgbarkeit, gleichbleibende Qualit\u00e4t und eine zuverl\u00e4ssige Lieferkette zu gew\u00e4hrleisten.<\/span><\/li>\n<li><strong><span class=\"selected\">Rigoros getestet:<\/span><\/strong><span class=\"selected\"> Jede Charge wird sorgf\u00e4ltig auf Reinheit, Schwermetalle und mikrobielle Verunreinigungen analysiert, um strenge Qualit\u00e4tsstandards zu erf\u00fcllen.<\/span><\/li>\n<li><strong><span class=\"selected\">Clean-Label Ready:<\/span><\/strong><span class=\"selected\"> Zertifiziert als nicht gentechnisch ver\u00e4ndert und nicht bestrahlt, perfekt f\u00fcr Produkte, die auf gesundheitsbewusste Verbraucher abzielen.<\/span><\/li>\n<\/ul>\n<h2><strong><span class=\"selected\">Wichtige technische Parameter<\/span><\/strong><\/h2>\n<table>\n<tbody>\n<tr>\n<th><span class=\"selected\">Artikel<\/span><\/th>\n<th><span class=\"selected\">Standard<\/span><\/th>\n<th><span class=\"selected\">Typisches Ergebnis<\/span><\/th>\n<th><span class=\"selected\">Methode<\/span><\/th>\n<\/tr>\n<tr>\n<td><strong><span class=\"selected\">Physikalische und chemische Analyse<\/span><\/strong><\/td>\n<td><\/td>\n<td><\/td>\n<td><\/td>\n<\/tr>\n<tr>\n<td><span class=\"selected\">Erscheinungsbild<\/span><\/td>\n<td><span class=\"selected\">Hellgelbes Pulver<\/span><\/td>\n<td><span class=\"selected\">Qualifiziert<\/span><\/td>\n<td><span class=\"selected\">Visuell<\/span><\/td>\n<\/tr>\n<tr>\n<td><span class=\"selected\">Maschenweite<\/span><\/td>\n<td><span class=\"selected\">100% Pass 80 Masche<\/span><\/td>\n<td><span class=\"selected\">Qualifiziert<\/span><\/td>\n<td><span class=\"selected\">CP2015<\/span><\/td>\n<\/tr>\n<tr>\n<td><span class=\"selected\">Aschegehalt<\/span><\/td>\n<td><span class=\"selected\">\u22645.0%<\/span><\/td>\n<td><span class=\"selected\">2.04%<\/span><\/td>\n<td><span class=\"selected\">CP2015<\/span><\/td>\n<\/tr>\n<tr>\n<td><span class=\"selected\">Verlust beim Trocknen<\/span><\/td>\n<td><span class=\"selected\">\u22648.0%<\/span><\/td>\n<td><span class=\"selected\">3.15%<\/span><\/td>\n<td><span class=\"selected\">CP2015<\/span><\/td>\n<\/tr>\n<tr>\n<td><strong><span class=\"selected\">R\u00fcckstandsanalyse<\/span><\/strong><\/td>\n<td><\/td>\n<td><\/td>\n<td><\/td>\n<\/tr>\n<tr>\n<td><span class=\"selected\">Schwermetalle<\/span><\/td>\n<td><span class=\"selected\">\u226420ppm<\/span><\/td>\n<td><span class=\"selected\">Qualifiziert<\/span><\/td>\n<td><span class=\"selected\">CP2015<\/span><\/td>\n<\/tr>\n<tr>\n<td><span class=\"selected\">Pb<\/span><\/td>\n<td><span class=\"selected\">\u22642ppm<\/span><\/td>\n<td><span class=\"selected\">Qualifiziert<\/span><\/td>\n<td><span class=\"selected\">GB\/T 5009.12-2003<\/span><\/td>\n<\/tr>\n<tr>\n<td><span class=\"selected\">Als<\/span><\/td>\n<td><span class=\"selected\">\u22642ppm<\/span><\/td>\n<td><span class=\"selected\">Qualifiziert<\/span><\/td>\n<td><span class=\"selected\">GB\/T 5009.11-2003<\/span><\/td>\n<\/tr>\n<tr>\n<td><span class=\"selected\">Hg<\/span><\/td>\n<td><span class=\"selected\">\u22642ppm<\/span><\/td>\n<td><span class=\"selected\">Qualifiziert<\/span><\/td>\n<td><span class=\"selected\">GB\/T 5009.15-2003<\/span><\/td>\n<\/tr>\n<tr>\n<td><span class=\"selected\">Cd<\/span><\/td>\n<td><span class=\"selected\">\u22642ppm<\/span><\/td>\n<td><span class=\"selected\">Qualifiziert<\/span><\/td>\n<td><span class=\"selected\">GB\/T 5009.17-2003<\/span><\/td>\n<\/tr>\n<tr>\n<td><span class=\"selected\">R\u00fcckst\u00e4nde von Pestiziden<\/span><\/td>\n<td><span class=\"selected\">Erf\u00fcllt USP-Anforderungen<\/span><\/td>\n<td><span class=\"selected\">Qualifiziert<\/span><\/td>\n<td><span class=\"selected\">USP34<\/span><\/td>\n<\/tr>\n<tr>\n<td><strong><span class=\"selected\">Mikrobiologisch<\/span><\/strong><\/td>\n<td><\/td>\n<td><\/td>\n<td><\/td>\n<\/tr>\n<tr>\n<td><span class=\"selected\">Gesamtplattenzahl<\/span><\/td>\n<td><span class=\"selected\">\u226410.000 KBE\/g<\/span><\/td>\n<td><span class=\"selected\">100 KBE\/g<\/span><\/td>\n<td><span class=\"selected\">AOAC990.12,16.<\/span><\/td>\n<\/tr>\n<tr>\n<td><span class=\"selected\">Hefe und Schimmel<\/span><\/td>\n<td><span class=\"selected\">\u22641.000 KBE\/g<\/span><\/td>\n<td><span class=\"selected\">&lt;10 KBE\/g<\/span><\/td>\n<td><span class=\"selected\">AOAC996.08, 991.14<\/span><\/td>\n<\/tr>\n<tr>\n<td><span class=\"selected\">E.coli<\/span><\/td>\n<td><span class=\"selected\">Negativ<\/span><\/td>\n<td><span class=\"selected\">Negativ<\/span><\/td>\n<td><span class=\"selected\">AOAC2001.05<\/span><\/td>\n<\/tr>\n<tr>\n<td><span class=\"selected\">Salmonellen<\/span><\/td>\n<td><span class=\"selected\">Negativ<\/span><\/td>\n<td><span class=\"selected\">Negativ<\/span><\/td>\n<td><span class=\"selected\">AOAC990.12<\/span><\/td>\n<\/tr>\n<tr>\n<td><strong><span class=\"selected\">Allgemeiner Status<\/span><\/strong><\/td>\n<td><\/td>\n<td><\/td>\n<td><\/td>\n<\/tr>\n<tr>\n<td><span class=\"selected\">GVO-frei<\/span><\/td>\n<td><span class=\"selected\">Erf\u00fcllt<\/span><\/td>\n<td><span class=\"selected\">Erf\u00fcllt<\/span><\/td>\n<td><span class=\"selected\">&#8211;<\/span><\/td>\n<\/tr>\n<tr>\n<td><span class=\"selected\">Nicht-Strahlung<\/span><\/td>\n<td><span class=\"selected\">Erf\u00fcllt<\/span><\/td>\n<td><span class=\"selected\">Erf\u00fcllt<\/span><\/td>\n<td><span class=\"selected\">&#8211;<\/span><\/td>\n<\/tr>\n<\/tbody>\n<\/table>\n<h2><strong><span class=\"selected\">Qualit\u00e4tskontrolle und Dokumentation<\/span><\/strong><\/h2>\n<p><span class=\"selected\">Unser Engagement f\u00fcr Qualit\u00e4t ist absolut. Wir stellen sicher, dass jede Charge Kiefernpollenpulver die strengen Standards der Pharmakop\u00f6en wie der Chinese Pharmacopoeia (CP) und der United States Pharmacopeia (USP) erf\u00fcllt. Unser Verfahren ist validiert, um eine gleichbleibende Partikelgr\u00f6\u00dfe, Reinheit und Sicherheit von Charge zu Charge zu gew\u00e4hrleisten. Als prim\u00e4re <\/span><strong><span class=\"selected\">Exporteur<\/span><\/strong><span class=\"selected\"> von Kiefernpollenpulver bieten wir Ihnen eine umfassende Dokumentation, um Ihre internationalen Versand- und Regulierungsanforderungen zu unterst\u00fctzen.<\/span><\/p>\n<ul>\n<li><strong><span class=\"selected\">Verf\u00fcgbare Dokumente:<\/span><\/strong>\n<ul>\n<li><a href=\"https:\/\/bstextract.com\/wp-content\/uploads\/2025\/08\/Cell-Wall-Broken-Pine-Pollen-Powder-COA.pdf\"><span class=\"selected\">Analysezertifikat (COA)<\/span><\/a><\/li>\n<li><span class=\"selected\">Sicherheitsdatenblatt (MSDS)<\/span><\/li>\n<li><span class=\"selected\">Allergene Erkl\u00e4rung<\/span><\/li>\n<li><span class=\"selected\">Non-GMO-Erkl\u00e4rung<\/span><\/li>\n<li><span class=\"selected\">Koscher\/Halal-Zertifizierung auf Anfrage erh\u00e4ltlich.<\/span><\/li>\n<\/ul>\n<\/li>\n<\/ul>\n<h2><strong><span class=\"selected\">Anwendungen und Formulierungshinweise<\/span><\/strong><\/h2>\n<p><span class=\"selected\">Unser Cell-Wall Broken Pine Pollen Powder ist ein vielseitiger Inhaltsstoff f\u00fcr verschiedene Anwendungen.<\/span><\/p>\n<ul>\n<li><strong><span class=\"selected\">Nahrungserg\u00e4nzungsmittel:<\/span><\/strong>\n<ul>\n<li><strong><span class=\"selected\">Kapseln\/Tabletten:<\/span><\/strong><span class=\"selected\"> Aufgrund seiner ausgezeichneten Flie\u00dff\u00e4higkeit und gleichm\u00e4\u00dfigen Partikelgr\u00f6\u00dfe ist es ideal f\u00fcr die direkte Kompression und die Hochgeschwindigkeitskapselung. Eine typische empfohlene Dosierung ist 500mg - 1500mg pro Portion.<\/span><\/li>\n<li><strong><span class=\"selected\">Pulvermischungen:<\/span><\/strong><span class=\"selected\"> L\u00e4sst sich nahtlos mit Proteinpulvern, gr\u00fcnen Superfoods und anderen nutrazeutischen Inhaltsstoffen mischen, ohne zu klumpen.<\/span><\/li>\n<\/ul>\n<\/li>\n<li><strong><span class=\"selected\">Funktionelle Lebensmittel und Getr\u00e4nke:<\/span><\/strong>\n<ul>\n<li><span class=\"selected\">Kann in Ern\u00e4hrungsriegeln, Smoothies und Wellness-Shots verwendet werden. Obwohl es sehr nahrhaft ist, kann sein ausgepr\u00e4gtes Geschmacksprofil in Getr\u00e4nken eine Formulierung mit nat\u00fcrlichen S\u00fc\u00dfungsmitteln oder Maskierungsmitteln wie Zitrusextrakten f\u00fcr eine optimale Schmackhaftigkeit erfordern.<\/span><\/li>\n<\/ul>\n<\/li>\n<li><strong><span class=\"selected\">Cosmeceuticals:<\/span><\/strong>\n<ul>\n<li><span class=\"selected\">Sein reichhaltiges nat\u00fcrliches Antioxidantienprofil macht es zu einem geeigneten Zusatz f\u00fcr Formulierungen wie Gesichtsmasken oder Cremes, die die Haut vor oxidativem Stress sch\u00fctzen sollen.<\/span><\/li>\n<\/ul>\n<\/li>\n<\/ul>\n<h2><strong><span class=\"selected\">Empfehlungen zu Stabilit\u00e4t und Lagerung<\/span><\/strong><\/h2>\n<ul>\n<li><strong><span class=\"selected\">Haltbarkeitsdauer:<\/span><\/strong><span class=\"selected\"> 24 Monate ab dem Herstellungsdatum bei korrekter Lagerung.<\/span><\/li>\n<li><strong><span class=\"selected\">Lagerungsbedingungen:<\/span><\/strong><span class=\"selected\"> Das Pulver ist hygroskopisch. An einem k\u00fchlen, trockenen Ort (unter 25 \u00b0C) und vor direkter Sonneneinstrahlung und Feuchtigkeit gesch\u00fctzt lagern. In dem urspr\u00fcnglichen, dicht verschlossenen Beh\u00e4lter aufbewahren, um die Integrit\u00e4t zu erhalten.<\/span><\/li>\n<\/ul>\n<h2><strong><span class=\"selected\">Informationen zur Sicherheit und zu gesetzlichen Bestimmungen<\/span><\/strong><\/h2>\n<p><span class=\"selected\">Kiefernpollenpulver ist in vielen Regionen allgemein als Lebensmittelzutat anerkannt. Es liegt in der Verantwortung des Formulierers, sicherzustellen, dass das Endprodukt alle lokalen und regionalen Vorschriften f\u00fcr den vorgesehenen Markt erf\u00fcllt.<\/span><\/p>\n<h2><strong><span class=\"selected\">H\u00e4ufig gestellte Fragen (FAQ)<\/span><\/strong><\/h2>\n<p><strong><span class=\"selected\">F: Sind Sie die direkte Fabrik oder eine Handelsgesellschaft?<\/span><\/strong><\/p>\n<p><span class=\"selected\">A: Wir sind das Original <\/span><strong><span class=\"selected\">Werk<\/span><\/strong><span class=\"selected\"> und <\/span><strong><span class=\"selected\">Hersteller<\/span><\/strong><span class=\"selected\"> von Kiefernpollenpulver mit gebrochener Zellwand. Dies gew\u00e4hrleistet, dass unsere Kunden von einer stabilen, transparenten und hochwertigen Lieferkette profitieren.<\/span><\/p>\n<p><strong><span class=\"selected\">F: Welche Methode zum Aufbrechen der Zellw\u00e4nde verwenden Sie?<\/span><\/strong><\/p>\n<p><span class=\"selected\">A: Wir verwenden eine Niedrigtemperatur-Luftstrom-Pulverisierungsmethode. Diese fortschrittliche Technik bricht die Zellwand effektiv auf, ohne \u00fcberm\u00e4\u00dfige Hitze zu verwenden, wodurch die empfindlichen, hitzeempfindlichen N\u00e4hrstoffe im Pollen erhalten bleiben.<\/span><\/p>\n<p><strong><span class=\"selected\">F: Kann ich eine Probe zum Testen erhalten?<\/span><\/strong><\/p>\n<p><span class=\"selected\">A: Ja, wir stellen qualifizierten Unternehmen Muster f\u00fcr Formulierungs- und F&amp;E-Zwecke zur Verf\u00fcgung. Bitte verwenden Sie das unten stehende Anfrageformular, um unser Team zu kontaktieren.<\/span><\/p>\n<p><strong><span class=\"selected\">F: Wie hoch ist Ihre Mindestbestellmenge (MOQ)?<\/span><\/strong><\/p>\n<p><span class=\"selected\">A: Unser Standard-MOQ ist 25 kg. F\u00fcr Anfragen im Pilotma\u00dfstab oder f\u00fcr F&amp;E-Mengen kontaktieren Sie uns bitte, um Ihre spezifischen Bed\u00fcrfnisse zu besprechen.<\/span><\/p>","protected":false},"excerpt":{"rendered":"<ul>\n<li><strong><span class=\"selected\">Produkt:<\/span><\/strong><span class=\"selected\"> Kiefernpollen-Pulver mit gebrochener Zellwand<\/span><\/li>\n<li><strong><span class=\"selected\">Spezifikation:<\/span><\/strong><span class=\"selected\"> &gt;98% Zellwand-Bruchrate, 100% Pass 80 Mesh<\/span><\/li>\n<li><strong><span class=\"selected\">Quelle:<\/span><\/strong><span class=\"selected\"> Wild geernteter Pollen von Pinus massoniana.<\/span><\/li>\n<li><strong><span class=\"selected\">Format:<\/span><\/strong><span class=\"selected\"> Feines, hellgelbes Pulver mit ausgezeichneter Flie\u00dff\u00e4higkeit.<\/span><\/li>\n<li><strong><span class=\"selected\">Anwendungen:<\/span><\/strong><span class=\"selected\"> Ideal f\u00fcr Nahrungserg\u00e4nzungsmittel (Kapseln, Tabletten, Pulver), funktionelle Lebensmittel und Nutrazeutika-Mischungen.<\/span><\/li>\n<li><strong><span class=\"selected\">Die wichtigsten Vorteile:<\/span><\/strong><span class=\"selected\"> Hohe Reinheit, verbesserte Verdaulichkeit, nicht gentechnisch ver\u00e4ndert und nicht bestrahlt. Erh\u00e4ltlich direkt vom Hersteller f\u00fcr gleichbleibende Qualit\u00e4t.<\/span><\/li>\n<\/ul>","protected":false},"featured_media":2613,"comment_status":"open","ping_status":"closed","template":"","meta":{"_acf_changed":false},"product_brand":[],"product_cat":[15],"product_tag":[],"class_list":{"0":"post-2612","1":"product","2":"type-product","3":"status-publish","4":"has-post-thumbnail","6":"product_cat-dietary-supplements","8":"first","9":"instock","10":"shipping-taxable","11":"product-type-simple"},"acf":[],"_links":{"self":[{"href":"https:\/\/bstextract.com\/de\/wp-json\/wp\/v2\/product\/2612","targetHints":{"allow":["GET"]}}],"collection":[{"href":"https:\/\/bstextract.com\/de\/wp-json\/wp\/v2\/product"}],"about":[{"href":"https:\/\/bstextract.com\/de\/wp-json\/wp\/v2\/types\/product"}],"replies":[{"embeddable":true,"href":"https:\/\/bstextract.com\/de\/wp-json\/wp\/v2\/comments?post=2612"}],"wp:featuredmedia":[{"embeddable":true,"href":"https:\/\/bstextract.com\/de\/wp-json\/wp\/v2\/media\/2613"}],"wp:attachment":[{"href":"https:\/\/bstextract.com\/de\/wp-json\/wp\/v2\/media?parent=2612"}],"wp:term":[{"taxonomy":"product_brand","embeddable":true,"href":"https:\/\/bstextract.com\/de\/wp-json\/wp\/v2\/product_brand?post=2612"},{"taxonomy":"product_cat","embeddable":true,"href":"https:\/\/bstextract.com\/de\/wp-json\/wp\/v2\/product_cat?post=2612"},{"taxonomy":"product_tag","embeddable":true,"href":"https:\/\/bstextract.com\/de\/wp-json\/wp\/v2\/product_tag?post=2612"}],"curies":[{"name":"wp","href":"https:\/\/api.w.org\/{rel}","templated":true}]}}