{"id":2645,"date":"2025-08-20T07:15:56","date_gmt":"2025-08-20T07:15:56","guid":{"rendered":"https:\/\/bstextract.com\/?post_type=product&#038;p=2645"},"modified":"2025-08-20T07:15:56","modified_gmt":"2025-08-20T07:15:56","slug":"dihydromyricetin-98-hplc-pulver","status":"publish","type":"product","link":"https:\/\/bstextract.com\/de\/produkt\/dihydromyricetin-98-hplc-pulver\/","title":{"rendered":"Dihydromyricetin 98% Pulver"},"content":{"rendered":"<h2><strong><span class=\"selected\">Produkt\u00fcbersicht<\/span><\/strong><\/h2>\n<p><span class=\"selected\">Dihydromyricetin (DHM), auch als Ampelopsin bekannt, ist ein starkes Flavonoid, das aus den Bl\u00e4ttern und St\u00e4ngeln der Reben-Teepflanze (<\/span><em><span class=\"selected\">Ampelopsis grossedentata<\/span><\/em><span class=\"selected\">). Als Schl\u00fcsselbestandteil wird es bei der Entwicklung von hochwertigen Nahrungserg\u00e4nzungsmitteln und funktionellen Getr\u00e4nken, insbesondere zur Unterst\u00fctzung der Lebergesundheit und zur Erholung nach Alkoholkonsum, sehr gesch\u00e4tzt. Unser DHM wird mittels HPLC auf einen garantierten Mindestgehalt von 98% gereinigt, was eine maximale Wirksamkeit, Konsistenz von Charge zu Charge und eine hervorragende Leistung in Ihrer Formulierung gew\u00e4hrleistet.<\/span><\/p>\n<p><strong><span class=\"selected\">Die wichtigsten Vorteile:<\/span><\/strong><\/p>\n<ul>\n<li><strong><span class=\"selected\">Garantierte \u226598,0%-Reinheit durch HPLC:<\/span><\/strong><span class=\"selected\"> Gepr\u00fcft durch eine hochspezifische und genaue Analysemethode f\u00fcr eine zuverl\u00e4ssige Dosierung.<\/span><\/li>\n<li><strong><span class=\"selected\">Direkte Hersteller-Beschaffung:<\/span><\/strong><span class=\"selected\"> Direkt aus dem <\/span><strong><span class=\"selected\">Originalhersteller<\/span><\/strong><span class=\"selected\"> f\u00fcr vollst\u00e4ndige R\u00fcckverfolgbarkeit und eine transparente Lieferkette.<\/span><\/li>\n<li><strong><span class=\"selected\">Hervorragende Formulierungseigenschaften:<\/span><\/strong><span class=\"selected\"> Ausgezeichnete L\u00f6slichkeit und Flie\u00dff\u00e4higkeit f\u00fcr vielf\u00e4ltige und anspruchsvolle Anwendungen.<\/span><\/li>\n<li><strong><span class=\"selected\">Konsistente Chargenqualit\u00e4t:<\/span><\/strong><span class=\"selected\"> Produziert in unserem GMP-zertifizierten <\/span><strong><span class=\"selected\">Werk<\/span><\/strong><span class=\"selected\"> um bei jeder Bestellung zuverl\u00e4ssiges und hochwertiges Material zu gew\u00e4hrleisten.<\/span><\/li>\n<li><strong><span class=\"selected\">Zuverl\u00e4ssige globale Versorgung:<\/span><\/strong><span class=\"selected\"> Als erfahrener globaler <\/span><strong><span class=\"selected\">Anbieter<\/span><\/strong><span class=\"selected\">halten wir ein stabiles Lager vor, um Ihren Bedarf an Massenproduktion zu decken.<\/span><\/li>\n<\/ul>\n<h2><strong><span class=\"selected\">Wichtige technische Parameter<\/span><\/strong><\/h2>\n<table>\n<tbody>\n<tr>\n<th><span class=\"selected\">Parameter<\/span><\/th>\n<th><span class=\"selected\">Spezifikation<\/span><\/th>\n<\/tr>\n<tr>\n<td><strong><span class=\"selected\">Aktiver Inhaltsstoff<\/span><\/strong><\/td>\n<td><span class=\"selected\">Dihydromyriketin (DHM, Ampelopsin)<\/span><\/td>\n<\/tr>\n<tr>\n<td><strong><span class=\"selected\">Spezifikation<\/span><\/strong><\/td>\n<td><strong><span class=\"selected\">\u226598.0% (Methode: HPLC)<\/span><\/strong><span class=\"selected\"> \/ Auch erh\u00e4ltlich in 40%<\/span><\/td>\n<\/tr>\n<tr>\n<td><strong><span class=\"selected\">CAS-Nummer<\/span><\/strong><\/td>\n<td><span class=\"selected\">27200-12-0<\/span><\/td>\n<\/tr>\n<tr>\n<td><strong><span class=\"selected\">Quelle<\/span><\/strong><\/td>\n<td><em><span class=\"selected\">Ampelopsis grossedentata<\/span><\/em><span class=\"selected\"> (Reben-Tee) Blatt und St\u00e4ngel<\/span><\/td>\n<\/tr>\n<tr>\n<td><strong><span class=\"selected\">Erscheinungsbild<\/span><\/strong><\/td>\n<td><span class=\"selected\">Wei\u00dfes bis hellgelbes feines Pulver<\/span><\/td>\n<\/tr>\n<tr>\n<td><strong><span class=\"selected\">Partikelgr\u00f6\u00dfe<\/span><\/strong><\/td>\n<td><span class=\"selected\">95% Pass 80 Masche<\/span><\/td>\n<\/tr>\n<tr>\n<td><strong><span class=\"selected\">L\u00f6slichkeit<\/span><\/strong><\/td>\n<td><span class=\"selected\">L\u00f6slich in Ethanol, Propylenglykol; schwach l\u00f6slich in hei\u00dfem Wasser<\/span><\/td>\n<\/tr>\n<tr>\n<td><strong><span class=\"selected\">Aschegehalt<\/span><\/strong><\/td>\n<td><span class=\"selected\">\u22641,0%<\/span><\/td>\n<\/tr>\n<tr>\n<td><strong><span class=\"selected\">Verlust beim Trocknen<\/span><\/strong><\/td>\n<td><strong><span class=\"selected\">\u22642.0%<\/span><\/strong><\/td>\n<\/tr>\n<tr>\n<td><strong><span class=\"selected\">Schwermetalle<\/span><\/strong><\/td>\n<td><span class=\"selected\">\u226410 ppm<\/span><\/td>\n<\/tr>\n<tr>\n<td><strong><span class=\"selected\">Blei (Pb)<\/span><\/strong><\/td>\n<td><span class=\"selected\">\u22641 ppm<\/span><\/td>\n<\/tr>\n<tr>\n<td><strong><span class=\"selected\">Arsen (As)<\/span><\/strong><\/td>\n<td><span class=\"selected\">\u22641 ppm<\/span><\/td>\n<\/tr>\n<tr>\n<td><strong><span class=\"selected\">Quecksilber (Hg)<\/span><\/strong><\/td>\n<td><span class=\"selected\">\u22640,5 ppm<\/span><\/td>\n<\/tr>\n<tr>\n<td><strong><span class=\"selected\">Kadmium (Cd)<\/span><\/strong><\/td>\n<td><span class=\"selected\">\u22641 ppm<\/span><\/td>\n<\/tr>\n<tr>\n<td><strong><span class=\"selected\">Mikrobiologie<\/span><\/strong><\/td>\n<td><\/td>\n<\/tr>\n<tr>\n<td><span class=\"selected\">- Gesamtplattenzahl<\/span><\/td>\n<td><span class=\"selected\">\u22641000 cfu\/g<\/span><\/td>\n<\/tr>\n<tr>\n<td><span class=\"selected\">- Hefe und Schimmel<\/span><\/td>\n<td><span class=\"selected\">\u2264100 KBE\/g<\/span><\/td>\n<\/tr>\n<tr>\n<td><span class=\"selected\">- E. Coli<\/span><\/td>\n<td><span class=\"selected\">Negativ<\/span><\/td>\n<\/tr>\n<tr>\n<td><span class=\"selected\">- Salmonellen<\/span><\/td>\n<td><span class=\"selected\">Negativ<\/span><\/td>\n<\/tr>\n<tr>\n<td><strong><span class=\"selected\">L\u00f6sungsmittelr\u00fcckst\u00e4nde<\/span><\/strong><\/td>\n<td><span class=\"selected\">Entspricht der USP<\/span><\/td>\n<\/tr>\n<tr>\n<td><strong><span class=\"selected\">Verpackung<\/span><\/strong><\/td>\n<td><span class=\"selected\">1kg\/Beutel, 25kg\/Fass. Kundenspezifische Verpackung verf\u00fcgbar.<\/span><\/td>\n<\/tr>\n<tr>\n<td><strong><span class=\"selected\">Infos liefern<\/span><\/strong><\/td>\n<td><span class=\"selected\">Gr\u00f6\u00dfere Mengen direkt bei unserem <\/span><strong><span class=\"selected\">Werk<\/span><\/strong><span class=\"selected\">.<\/span><\/td>\n<\/tr>\n<\/tbody>\n<\/table>\n<h2><strong><span class=\"selected\">Qualit\u00e4tskontrolle und Dokumentation<\/span><\/strong><\/h2>\n<p><span class=\"selected\">Qualit\u00e4t ist der Eckpfeiler unseres Herstellungsprozesses. Bei unserer Analysemethode handelt es sich um ein vollst\u00e4ndig validiertes HPLC-Verfahren (High-Performance Liquid Chromatography), das eine genaue und spezifische Quantifizierung von Dihydromyricetin gew\u00e4hrleistet, frei von Interferenzen mit anderen Pflanzenstoffen. Zur Unterst\u00fctzung Ihrer Qualit\u00e4tssicherungs- und Aufsichtsbeh\u00f6rdenteams stellen wir einen vollst\u00e4ndigen Satz von Dokumenten zur Verf\u00fcgung.<\/span><\/p>\n<p><strong><span class=\"selected\">Verf\u00fcgbare Dokumente:<\/span><\/strong><\/p>\n<ul>\n<li><span class=\"selected\"><a href=\"https:\/\/bstextract.com\/wp-content\/uploads\/2025\/08\/Dihydromyricetin-COA.pdf\">Analysezertifikat (COA)<\/a> spezifisch f\u00fcr jede Charge<\/span><\/li>\n<li><span class=\"selected\">Sicherheitsdatenblatt (MSDS)<\/span><\/li>\n<li><span class=\"selected\">Allergene Erkl\u00e4rung<\/span><\/li>\n<li><span class=\"selected\">Non-GMO-Erkl\u00e4rung<\/span><\/li>\n<li><span class=\"selected\">Flussdiagramm der Herstellung<\/span><\/li>\n<\/ul>\n<h2><strong><span class=\"selected\">Anwendungen und Formulierungshinweise<\/span><\/strong><\/h2>\n<p><span class=\"selected\">Unser Dihydromyricetin 98%-Pulver ist f\u00fcr die nahtlose Integration in eine Vielzahl von Verabreichungssystemen konzipiert.<\/span><\/p>\n<ul>\n<li><strong><span class=\"selected\">Nahrungserg\u00e4nzungsmittel:<\/span><\/strong>\n<ul>\n<li><strong><span class=\"selected\">Kapseln\/Tabletten:<\/span><\/strong><span class=\"selected\"> Die ausgezeichnete Flie\u00dff\u00e4higkeit und die stabile Partikelgr\u00f6\u00dfenverteilung des Materials machen es ideal f\u00fcr die direkte Kompression und die Hochgeschwindigkeitsverkapselung, wodurch eine gleichm\u00e4\u00dfige Formf\u00fcllung und eine konsistente Dosierung gew\u00e4hrleistet werden. <\/span><strong><span class=\"selected\">Wir empfehlen eine Dosierung von 100-300 mg pro Portion.<\/span><\/strong><\/li>\n<\/ul>\n<\/li>\n<li><strong><span class=\"selected\">Funktionelle Getr\u00e4nke:<\/span><\/strong>\n<ul>\n<li><strong><span class=\"selected\">Ready-to-Drink (RTD) &amp; Shots:<\/span><\/strong><span class=\"selected\"> DHM ist zwar in Wasser nur geringf\u00fcgig l\u00f6slich, seine L\u00f6slichkeit wird jedoch in Co-L\u00f6sungsmittelsystemen erheblich verbessert. Wir empfehlen die Verwendung von lebensmittelechten L\u00f6sungsmitteln wie Glycerin oder Propylenglykol, um Klarheit und Stabilit\u00e4t in fl\u00fcssigen Formulierungen zu erreichen.<\/span><\/li>\n<\/ul>\n<\/li>\n<li><strong><span class=\"selected\">Tipps zur Formulierung:<\/span><\/strong>\n<ul>\n<li><strong><span class=\"selected\">Geschmacksprofil:<\/span><\/strong><span class=\"selected\"> DHM kann bei h\u00f6heren Konzentrationen eine leichte, charakteristische Bitterkeit verleihen. Standard-Aromamaskierungsmittel k\u00f6nnen wirksam eingesetzt werden, um ein schmackhaftes Endprodukt zu erzeugen.<\/span><\/li>\n<li><strong><span class=\"selected\">pH-Stabilit\u00e4t:<\/span><\/strong><span class=\"selected\"> F\u00fcr eine optimale Stabilit\u00e4t in fl\u00fcssigen Systemen wird empfohlen, den pH-Wert der Formulierung zwischen 4,0 und 6,5 zu halten.<\/span><\/li>\n<\/ul>\n<\/li>\n<\/ul>\n<h2><strong><span class=\"selected\">Stabilit\u00e4t und Lagerung<\/span><\/strong><\/h2>\n<ul>\n<li><strong><span class=\"selected\">Haltbarkeitsdauer:<\/span><\/strong><span class=\"selected\"> 24 Monate ab dem Herstellungsdatum, wenn es unter den empfohlenen Bedingungen gelagert wird.<\/span><\/li>\n<li><strong><span class=\"selected\">Lagerungsbedingungen:<\/span><\/strong><span class=\"selected\"> An einem k\u00fchlen, trockenen Ort (unter 25\u00b0C) in der originalen, dicht verschlossenen Verpackung aufbewahren. Vor direktem Sonnenlicht, Hitze und Feuchtigkeit sch\u00fctzen, um die Wirksamkeit und Qualit\u00e4t zu erhalten.<\/span><\/li>\n<\/ul>\n<h2><strong><span class=\"selected\">Informationen zur Sicherheit und zu gesetzlichen Bestimmungen<\/span><\/strong><\/h2>\n<p><span class=\"selected\">Dieses Produkt ist zur Verwendung als Zutat in Nahrungserg\u00e4nzungsmitteln und funktionellen Lebensmitteln bestimmt. Als einer der f\u00fchrenden <\/span><strong><span class=\"selected\">Exporteur<\/span><\/strong><span class=\"selected\">stellen wir die erforderlichen Unterlagen f\u00fcr die Einfuhrgenehmigung zur Verf\u00fcgung. Es liegt in der Verantwortung unserer Kunden, sicherzustellen, dass die Verwendung dieses Inhaltsstoffs und die Vermarktung des Endprodukts mit allen geltenden lokalen und regionalen Vorschriften \u00fcbereinstimmen.<\/span><\/p>\n<h3><strong><span class=\"selected\">H\u00e4ufig gestellte Fragen (FAQ)<\/span><\/strong><\/h3>\n<p><strong><span class=\"selected\">F: Sind Sie der direkte Hersteller dieses DHM?<\/span><\/strong><\/p>\n<p><span class=\"selected\">A: Ja, wir sind die <\/span><strong><span class=\"selected\">Originalhersteller und Exporteur<\/span><\/strong><span class=\"selected\">. Wir kontrollieren die gesamte Lieferkette, von der Rohstoffbeschaffung und -extraktion bis zur Endreinigung, was eine vollst\u00e4ndige R\u00fcckverfolgbarkeit und gleichbleibende Qualit\u00e4t garantiert.<\/span><\/p>\n<p><strong><span class=\"selected\">F: Kann ich eine Probe zum Testen meiner Formulierung erhalten?<\/span><\/strong><\/p>\n<p><span class=\"selected\">A: Auf jeden Fall. Wir empfehlen F&amp;E-Tests, um die Leistung in Ihrer spezifischen Matrix zu validieren. Bitte verwenden Sie die Schaltfl\u00e4che \"Muster anfordern\" oder kontaktieren Sie unser Vertriebsteam, um eine Lieferung zu vereinbaren.<\/span><\/p>\n<p><strong><span class=\"selected\">F: Was ist die Mindestbestellmenge (MOQ)?<\/span><\/strong><\/p>\n<p><span class=\"selected\">A: Unser Standard-MOQ ist 25 kg f\u00fcr Gro\u00dfauftr\u00e4ge. Wir sind jedoch flexibel und k\u00f6nnen kleinere Probebestellungen f\u00fcr F&amp;E-Evaluierung besprechen. Bitte kontaktieren Sie uns f\u00fcr ein individuelles Angebot.<\/span><\/p>\n<p><strong><span class=\"selected\">F: Stellen Sie einen Laborbericht eines Dritten zur Verf\u00fcgung?<\/span><\/strong><\/p>\n<p><span class=\"selected\">A: Ja, auf Anfrage k\u00f6nnen wir analytische Berichte von Dritten zur Verf\u00fcgung stellen, um die Reinheit, den Schwermetallgehalt und die mikrobiologische Sicherheit unserer DHM zu \u00fcberpr\u00fcfen.<\/span><\/p>\n<h3><strong><span class=\"selected\">Angebot oder Muster anfordern<\/span><\/strong><\/h3>\n<p><span class=\"selected\">Sind Sie bereit, Ihre Formulierung mit hochreinem Dihydromyricetin aufzuwerten? Kontaktieren Sie uns noch heute, um ein Muster anzufordern, ein unverbindliches Angebot zu erhalten oder unser technisches Datenblatt herunterzuladen.<\/span><\/p>","protected":false},"excerpt":{"rendered":"<ul>\n<li><strong><span class=\"selected\">Dihydromyricetin (DHM) Pulver \u2265 98% (HPLC)<\/span><\/strong><\/li>\n<li><span class=\"selected\">Extrahiert aus der Pr\u00e4mie <\/span><em><span class=\"selected\">Ampelopsis grossedentata<\/span><\/em><span class=\"selected\"> (Reben-Tee).<\/span><\/li>\n<li><span class=\"selected\">Ein feines, wei\u00dfes bis hellgelbes Pulver.<\/span><\/li>\n<li><span class=\"selected\">Ideal f\u00fcr Nahrungserg\u00e4nzungsmittel, funktionelle Getr\u00e4nke und Formulierungen zur Erholung nach Alkoholkonsum.<\/span><\/li>\n<li><span class=\"selected\">Es zeichnet sich durch hohe Reinheit, hervorragende Chargenkonsistenz und ausgezeichnete physikalische Eigenschaften f\u00fcr die Herstellung aus.<\/span><\/li>\n<\/ul>","protected":false},"featured_media":2648,"comment_status":"open","ping_status":"closed","template":"","meta":{"_acf_changed":false},"product_brand":[],"product_cat":[21],"product_tag":[],"class_list":{"0":"post-2645","1":"product","2":"type-product","3":"status-publish","4":"has-post-thumbnail","6":"product_cat-plant-extracts","8":"first","9":"instock","10":"shipping-taxable","11":"product-type-simple"},"acf":[],"_links":{"self":[{"href":"https:\/\/bstextract.com\/de\/wp-json\/wp\/v2\/product\/2645","targetHints":{"allow":["GET"]}}],"collection":[{"href":"https:\/\/bstextract.com\/de\/wp-json\/wp\/v2\/product"}],"about":[{"href":"https:\/\/bstextract.com\/de\/wp-json\/wp\/v2\/types\/product"}],"replies":[{"embeddable":true,"href":"https:\/\/bstextract.com\/de\/wp-json\/wp\/v2\/comments?post=2645"}],"wp:featuredmedia":[{"embeddable":true,"href":"https:\/\/bstextract.com\/de\/wp-json\/wp\/v2\/media\/2648"}],"wp:attachment":[{"href":"https:\/\/bstextract.com\/de\/wp-json\/wp\/v2\/media?parent=2645"}],"wp:term":[{"taxonomy":"product_brand","embeddable":true,"href":"https:\/\/bstextract.com\/de\/wp-json\/wp\/v2\/product_brand?post=2645"},{"taxonomy":"product_cat","embeddable":true,"href":"https:\/\/bstextract.com\/de\/wp-json\/wp\/v2\/product_cat?post=2645"},{"taxonomy":"product_tag","embeddable":true,"href":"https:\/\/bstextract.com\/de\/wp-json\/wp\/v2\/product_tag?post=2645"}],"curies":[{"name":"wp","href":"https:\/\/api.w.org\/{rel}","templated":true}]}}