{"id":2695,"date":"2025-08-22T07:07:54","date_gmt":"2025-08-22T07:07:54","guid":{"rendered":"https:\/\/bstextract.com\/?post_type=product&#038;p=2695"},"modified":"2025-08-22T07:07:54","modified_gmt":"2025-08-22T07:07:54","slug":"glucomannan-konjakgummi-pulver-lieferant","status":"publish","type":"product","link":"https:\/\/bstextract.com\/de\/produkt\/glucomannan-konjakgummi-pulver-lieferant\/","title":{"rendered":"Glucomannan-Pulver"},"content":{"rendered":"<p><span class=\"selected\">Glucomannan-Pulver, gewonnen aus der Wurzel des <\/span><strong><span class=\"selected\">Amorphophallus konjac<\/span><\/strong><span class=\"selected\"> Pflanze, ist ein hochwertiger, wasserl\u00f6slicher Ballaststoff. Er ist weithin f\u00fcr seine au\u00dfergew\u00f6hnlichen Gelier- und Verdickungseigenschaften bekannt und dient als vielseitiges Hydrokolloid in Lebensmitteln, Getr\u00e4nken und Nahrungserg\u00e4nzungsformulierungen. Unser Engagement f\u00fcr strenge Qualit\u00e4tskontrollen und technische Spitzenleistungen gew\u00e4hrleistet ein Produkt, das eine gleichbleibende, zuverl\u00e4ssige Leistung f\u00fcr Ihre anspruchsvollsten Anwendungen bietet.<\/span><\/p>\n<p><img fetchpriority=\"high\" decoding=\"async\" class=\"aligncenter size-large wp-image-2700\" src=\"https:\/\/bstextract.com\/wp-content\/uploads\/2025\/08\/konjac-glucomannan-powder-extract-1024x768.webp\" alt=\"\" width=\"800\" height=\"600\" title=\"\" srcset=\"https:\/\/bstextract.com\/wp-content\/uploads\/2025\/08\/konjac-glucomannan-powder-extract-1024x768.webp 1024w, https:\/\/bstextract.com\/wp-content\/uploads\/2025\/08\/konjac-glucomannan-powder-extract-300x225.webp 300w, https:\/\/bstextract.com\/wp-content\/uploads\/2025\/08\/konjac-glucomannan-powder-extract-768x576.webp 768w, https:\/\/bstextract.com\/wp-content\/uploads\/2025\/08\/konjac-glucomannan-powder-extract-16x12.webp 16w, https:\/\/bstextract.com\/wp-content\/uploads\/2025\/08\/konjac-glucomannan-powder-extract-600x450.webp 600w, https:\/\/bstextract.com\/wp-content\/uploads\/2025\/08\/konjac-glucomannan-powder-extract.webp 1200w\" sizes=\"(max-width: 800px) 100vw, 800px\" \/><\/p>\n<ul>\n<li><strong><span class=\"selected\">Au\u00dfergew\u00f6hnliche Viskosit\u00e4t:<\/span><\/strong><span class=\"selected\"> Im Labor getestet, um eine Viskosit\u00e4t von <\/span><strong><span class=\"selected\">16.000 mPa.s<\/span><\/strong><span class=\"selected\"> in einer 1%-L\u00f6sung, die f\u00fcr eine hervorragende Verdickung und Textur sorgt.<\/span><\/li>\n<li><strong><span class=\"selected\">Strenge Qualit\u00e4t und Reinheit:<\/span><\/strong><span class=\"selected\"> Garantiert niedriger Sulfitgehalt (0,3 g\/kg getestet), der die Einhaltung der strengen internationalen Sicherheitsstandards gew\u00e4hrleistet.<\/span><\/li>\n<li><strong><span class=\"selected\">Optimale Dispergierbarkeit:<\/span><\/strong><span class=\"selected\"> Einheitliche Partikelgr\u00f6\u00dfe (<\/span><strong><span class=\"selected\">90% Pass 40 Maschen<\/span><\/strong><span class=\"selected\">) verhindert das Verklumpen und erm\u00f6glicht eine gleichm\u00e4\u00dfige Verteilung.<\/span><\/li>\n<li><strong><span class=\"selected\">Direkt vom Hersteller:<\/span><\/strong><span class=\"selected\"> Sie werden direkt von unserer Fabrik bezogen, was wettbewerbsf\u00e4hige Preise und eine vollst\u00e4ndige R\u00fcckverfolgbarkeit vom Rohstoff bis zum Endprodukt gew\u00e4hrleistet.<\/span><\/li>\n<\/ul>\n<h2><strong><span class=\"selected\">Wichtigste technische Parameter und verf\u00fcgbare Qualit\u00e4ten<\/span><\/strong><\/h2>\n<p><span class=\"selected\">Wir stellen ein umfassendes und transparentes technisches Datenblatt f\u00fcr unser Glucomannan-Pulver zur Verf\u00fcgung, das Ihnen helfen soll, es nahtlos in Ihre Rezepturen zu integrieren. Alle Spezifikationen werden durch strenge interne und externe Labortests best\u00e4tigt.<\/span><\/p>\n<table>\n<tbody>\n<tr>\n<th><span class=\"selected\">Artikel<\/span><\/th>\n<th><span class=\"selected\">Normen<\/span><\/th>\n<th><span class=\"selected\">Pr\u00fcfverfahren<\/span><\/th>\n<\/tr>\n<tr>\n<td><strong><span class=\"selected\">Erscheinungsbild<\/span><\/strong><\/td>\n<td><span class=\"selected\">Wei\u00dfes Granulat mit leichten braunen Flecken<\/span><\/td>\n<td><span class=\"selected\">Visuelle Inspektion<\/span><\/td>\n<\/tr>\n<tr>\n<td><strong><span class=\"selected\">Glucomannan-Gehalt<\/span><\/strong><\/td>\n<td><strong><span class=\"selected\">\u226570%<\/span><\/strong><span class=\"selected\"> (Gepr\u00fcft bei <\/span><strong><span class=\"selected\">70.3%<\/span><\/strong><span class=\"selected\">)<\/span><\/td>\n<td><span class=\"selected\">HPLC<\/span><\/td>\n<\/tr>\n<tr>\n<td><strong><span class=\"selected\">Viskosit\u00e4t<\/span><\/strong><\/td>\n<td><strong><span class=\"selected\">16.000 mPa.s<\/span><\/strong><\/td>\n<td><span class=\"selected\">1% w\u00e4ssrige L\u00f6sung, 30\u00b0C, 12 bis 4 Rotor<\/span><\/td>\n<\/tr>\n<tr>\n<td><strong><span class=\"selected\">Maschenweite<\/span><\/strong><\/td>\n<td><strong><span class=\"selected\">90% Pass 40 Maschen<\/span><\/strong><\/td>\n<td><span class=\"selected\">Standard-Siebanalyse<\/span><\/td>\n<\/tr>\n<tr>\n<td><strong><span class=\"selected\">Verlust beim Trocknen<\/span><\/strong><\/td>\n<td><strong><span class=\"selected\">\u226410%<\/span><\/strong><span class=\"selected\"> (Gepr\u00fcft bei <\/span><strong><span class=\"selected\">9.1%<\/span><\/strong><span class=\"selected\">)<\/span><\/td>\n<td><span class=\"selected\">Gravimetrisch<\/span><\/td>\n<\/tr>\n<tr>\n<td><strong><span class=\"selected\">Aschegehalt<\/span><\/strong><\/td>\n<td><strong><span class=\"selected\">\u22642%<\/span><\/strong><span class=\"selected\"> (Gepr\u00fcft bei <\/span><strong><span class=\"selected\">1.44%<\/span><\/strong><span class=\"selected\">)<\/span><\/td>\n<td><span class=\"selected\">Muffelofen-Methode<\/span><\/td>\n<\/tr>\n<tr>\n<td><strong><span class=\"selected\">pH-Wert<\/span><\/strong><\/td>\n<td><strong><span class=\"selected\">6.0 &#8211; 7.0<\/span><\/strong><span class=\"selected\"> (Gepr\u00fcft bei <\/span><strong><span class=\"selected\">6.1<\/span><\/strong><span class=\"selected\">)<\/span><\/td>\n<td><span class=\"selected\">pH-Meter<\/span><\/td>\n<\/tr>\n<tr>\n<td><strong><span class=\"selected\">Sulfit<\/span><\/strong><span class=\"selected\"> (als <\/span><code><span class=\"selected\">SO\u2082<\/span><\/code><span class=\"selected\">)<\/span><\/td>\n<td><strong><span class=\"selected\">\u22640,5 g\/kg<\/span><\/strong><span class=\"selected\"> (Gepr\u00fcft bei <\/span><strong><span class=\"selected\">0,3 g\/kg<\/span><\/strong><span class=\"selected\">)<\/span><\/td>\n<td><span class=\"selected\">Titrimetrische Methode<\/span><\/td>\n<\/tr>\n<\/tbody>\n<\/table>\n<h2><strong><span class=\"selected\">Qualit\u00e4tssicherung und Zertifizierungen<\/span><\/strong><\/h2>\n<p><span class=\"selected\">Als Original <\/span><strong><span class=\"selected\">Hersteller<\/span><\/strong><span class=\"selected\"> und vertrauensw\u00fcrdige globale <\/span><strong><span class=\"selected\">Anbieter<\/span><\/strong><span class=\"selected\">Bei der Herstellung von Glucomannan stehen Qualit\u00e4t und Sicherheit an erster Stelle. Unser Glucomannan-Pulver wird in einer GMP-konformen Anlage hergestellt, die strenge ISO-Qualit\u00e4tsmanagementsysteme einh\u00e4lt, um Produktintegrit\u00e4t, Sicherheit und Konsistenz von Charge zu Charge zu gew\u00e4hrleisten.<\/span><\/p>\n<h3><strong><span class=\"selected\">R\u00fcckverfolgbarkeit und Pr\u00fcfmethoden<\/span><\/strong><\/h3>\n<p><span class=\"selected\">Wir gew\u00e4hrleisten die vollst\u00e4ndige R\u00fcckverfolgbarkeit von der Quelle der Konjac-Wurzel bis zum verpackten Endprodukt. Jede Charge wird einem strengen Pr\u00fcfprotokoll unterzogen, bei dem validierte Analysemethoden zum Einsatz kommen, darunter die Hochleistungsfl\u00fcssigkeitschromatographie (HPLC) f\u00fcr die Reinheitsbewertung und die induktiv gekoppelte Plasmamassenspektrometrie (ICP-MS) f\u00fcr die Schwermetallanalyse, um sicherzustellen, dass die internationalen Standards eingehalten und \u00fcbertroffen werden.<\/span><\/p>\n<h3><strong><span class=\"selected\">Verf\u00fcgbare Dokumente<\/span><\/strong><\/h3>\n<p><span class=\"selected\">Zur Unterst\u00fctzung Ihrer Qualit\u00e4tssicherungs- und Regulierungsanforderungen stellen wir f\u00fcr jede Sendung einen umfassenden Satz von Dokumenten zur Verf\u00fcgung:<\/span><\/p>\n<ul>\n<li><span class=\"selected\">Analysezertifikat (COA)<\/span><\/li>\n<li><span class=\"selected\">Sicherheitsdatenblatt (MSDS)<\/span><\/li>\n<li><span class=\"selected\">Erkl\u00e4rung zur Allergenfreiheit<\/span><\/li>\n<li><span class=\"selected\">Non-GMO-Erkl\u00e4rung<\/span><\/li>\n<li><span class=\"selected\">Koscher- und Halal-Zertifikate<\/span><\/li>\n<\/ul>\n<h2><strong><span class=\"selected\">Anwendungen &amp; Formulierungsleitfaden<\/span><\/strong><\/h2>\n<p><span class=\"selected\">Unser Glucomannan-Pulver ist ein hochfunktioneller Inhaltsstoff, der sich f\u00fcr ein breites Spektrum von Anwendungen in verschiedenen Branchen eignet. Seine einzigartigen Eigenschaften machen es zu einer ausgezeichneten Wahl f\u00fcr die Herstellung innovativer Produkte mit sauberem Etikett.<\/span><\/p>\n<h3><strong><span class=\"selected\">Nahrungserg\u00e4nzungsmittel<\/span><\/strong><\/h3>\n<ul>\n<li><strong><span class=\"selected\">Kapseln und Tabletten:<\/span><\/strong><span class=\"selected\"> Ideal als hochreine Ballaststoffquelle. Dank seiner ausgezeichneten Flie\u00dff\u00e4higkeit eignet es sich f\u00fcr die direkte Kompression und Kapself\u00fcllung. (Empfohlene Dosierung: 500 mg - 1.500 mg pro Portion).<\/span><\/li>\n<li><strong><span class=\"selected\">Gummib\u00e4rchen &amp; Softgels:<\/span><\/strong><span class=\"selected\"> Wirkt als hervorragendes Geliermittel, um in veganen und gelatinefreien Formulierungen eine w\u00fcnschenswerte Kautextur zu erzeugen.<\/span><\/li>\n<\/ul>\n<h3><strong><span class=\"selected\">Funktionelle Lebensmittel und Getr\u00e4nke<\/span><\/strong><\/h3>\n<ul>\n<li><strong><span class=\"selected\">Verdickungsmittel:<\/span><\/strong><span class=\"selected\"> Perfekt f\u00fcr kalorienarme Getr\u00e4nke, So\u00dfen und Suppen, die ein glattes Mundgef\u00fchl und eine stabile Viskosit\u00e4t ohne Beeintr\u00e4chtigung des Geschmacks bieten.<\/span><\/li>\n<li><strong><span class=\"selected\">Anreicherung mit Ballaststoffen:<\/span><\/strong><span class=\"selected\"> L\u00e4sst sich leicht in Mahlzeitenersatz-Shakes, Backwaren und Nudeln einarbeiten, um den Ballaststoffgehalt zu erh\u00f6hen.<\/span><\/li>\n<\/ul>\n<h2><strong><span class=\"selected\">H\u00e4ufig gestellte Fragen<\/span><\/strong><\/h2>\n<p><strong><span class=\"selected\">F: Wie hoch ist Ihre Mindestbestellmenge (MOQ)?<\/span><\/strong><\/p>\n<p><span class=\"selected\">A: Wir unterst\u00fctzen Unternehmen jeder Gr\u00f6\u00dfe. Wenden Sie sich bitte an unser Vertriebsteam und teilen Sie uns Ihren Mengenbedarf mit. Wir werden Ihnen eine ma\u00dfgeschneiderte L\u00f6sung anbieten, von F&amp;E-Mustern bis hin zu ganzen Containerladungen.<\/span><\/p>\n<p><strong><span class=\"selected\">F: Liefern Sie direkt von Ihrem Werk aus?<\/span><\/strong><\/p>\n<p><span class=\"selected\">A: Ja, wir sind das Original <\/span><strong><span class=\"selected\">Hersteller<\/span><\/strong><span class=\"selected\"> und <\/span><strong><span class=\"selected\">Exporteur<\/span><\/strong><span class=\"selected\"> von Konjakgummi-Pulver. Beschaffung direkt von unserem <\/span><strong><span class=\"selected\">Werk<\/span><\/strong><span class=\"selected\"> gew\u00e4hrleistet, dass Sie ein hochwertiges, vollst\u00e4ndig r\u00fcckverfolgbares Produkt zu einem wettbewerbsf\u00e4higen Preis erhalten.<\/span><\/p>\n<p><strong><span class=\"selected\">F: Wie stellen Sie die Konsistenz von Charge zu Charge sicher?<\/span><\/strong><\/p>\n<p><span class=\"selected\">A: Unser Produktionsprozess unterliegt den strengen GMP- und ISO-Normen. Wir \u00fcberwachen Schl\u00fcsselparameter wie Viskosit\u00e4t, Reinheit und Partikelgr\u00f6\u00dfe f\u00fcr jede Charge, um eine gleichbleibende Leistung in Ihren Formulierungen zu gew\u00e4hrleisten.<\/span><\/p>\n<p><strong><span class=\"selected\">F: Wie sollte ich das Pulver mit Feuchtigkeit versorgen, um ein Verklumpen zu vermeiden?<\/span><\/strong><\/p>\n<p><span class=\"selected\">A: Um optimale Ergebnisse zu erzielen, empfehlen wir, das Pulver in den Strudel von aufgew\u00fchltem kaltem Wasser zu geben oder es mit anderen trockenen Zutaten (wie Zucker oder Maltodextrin) zu vermischen, bevor Sie Fl\u00fcssigkeit hinzuf\u00fcgen. Dies gew\u00e4hrleistet eine schnelle und klumpenfreie Hydratation.<\/span><\/p>\n<h3><strong><span class=\"selected\">Sind Sie bereit, Ihre Formulierung zu verbessern?<\/span><\/strong><\/h3>\n<p><span class=\"selected\">Fordern Sie noch heute ein kostenloses Muster oder ein detailliertes Angebot an. Unser technisches Team unterst\u00fctzt Sie gerne bei der Auswahl der perfekten Glucomannanqualit\u00e4t f\u00fcr Ihre spezifische Anwendung.<\/span><\/p>","protected":false},"excerpt":{"rendered":"<ul>\n<li><b>Produktname und Spezifikationen:<\/b> Glucomannan-Pulver, das in hochreinen Qualit\u00e4ten wie 70%, 90% und 95% angeboten wird.<\/li>\n<li><b>Quelle und Form:<\/b> Ein feines wei\u00dfes Pulver, das aus der Konjac-Wurzel gewonnen wird und als hochwertiges Hydrokolloid fungiert.<\/li>\n<li><b>Wichtigste technische Daten:<\/b> Bekannt f\u00fcr sein au\u00dfergew\u00f6hnliches Viskosit\u00e4tsprofil, mit Sorten, die auf \u00fcber 16.000 <code>mPa.s<\/code> in einer 1%-L\u00f6sung.<\/li>\n<li><b>Prim\u00e4re Anwendungen:<\/b> Ideal f\u00fcr Nahrungserg\u00e4nzungsmittel, funktionelle Lebensmittel und Getr\u00e4nke als Verdickungs- und Geliermittel.<\/li>\n<li><b>Einzigartige Vorteile:<\/b> Garantiert niedriger Sulfitgehalt und hervorragende Konsistenz von Charge zu Charge.<\/li>\n<\/ul>","protected":false},"featured_media":2698,"comment_status":"open","ping_status":"closed","template":"","meta":{"_acf_changed":false},"product_brand":[],"product_cat":[21],"product_tag":[],"class_list":{"0":"post-2695","1":"product","2":"type-product","3":"status-publish","4":"has-post-thumbnail","6":"product_cat-plant-extracts","8":"first","9":"instock","10":"shipping-taxable","11":"product-type-simple"},"acf":[],"_links":{"self":[{"href":"https:\/\/bstextract.com\/de\/wp-json\/wp\/v2\/product\/2695","targetHints":{"allow":["GET"]}}],"collection":[{"href":"https:\/\/bstextract.com\/de\/wp-json\/wp\/v2\/product"}],"about":[{"href":"https:\/\/bstextract.com\/de\/wp-json\/wp\/v2\/types\/product"}],"replies":[{"embeddable":true,"href":"https:\/\/bstextract.com\/de\/wp-json\/wp\/v2\/comments?post=2695"}],"wp:featuredmedia":[{"embeddable":true,"href":"https:\/\/bstextract.com\/de\/wp-json\/wp\/v2\/media\/2698"}],"wp:attachment":[{"href":"https:\/\/bstextract.com\/de\/wp-json\/wp\/v2\/media?parent=2695"}],"wp:term":[{"taxonomy":"product_brand","embeddable":true,"href":"https:\/\/bstextract.com\/de\/wp-json\/wp\/v2\/product_brand?post=2695"},{"taxonomy":"product_cat","embeddable":true,"href":"https:\/\/bstextract.com\/de\/wp-json\/wp\/v2\/product_cat?post=2695"},{"taxonomy":"product_tag","embeddable":true,"href":"https:\/\/bstextract.com\/de\/wp-json\/wp\/v2\/product_tag?post=2695"}],"curies":[{"name":"wp","href":"https:\/\/api.w.org\/{rel}","templated":true}]}}