{"id":2720,"date":"2025-08-26T06:15:20","date_gmt":"2025-08-26T06:15:20","guid":{"rendered":"https:\/\/bstextract.com\/?post_type=product&#038;p=2720"},"modified":"2025-08-26T06:15:20","modified_gmt":"2025-08-26T06:15:20","slug":"spirulina-pulver-60-eiweis","status":"publish","type":"product","link":"https:\/\/bstextract.com\/de\/produkt\/spirulina-pulver-60-eiweis\/","title":{"rendered":"Spirulina-Pulver"},"content":{"rendered":"<h2><strong><span class=\"selected\">Produkt\u00fcbersicht<\/span><\/strong><\/h2>\n<p><span class=\"selected\">Unser Spirulina-Pulver ist ein hochwertiges, dunkelgr\u00fcnes, feines Pulver, das aus sorgf\u00e4ltig kultivierten <\/span><em><span class=\"selected\">Arthrospira platensis<\/span><\/em><span class=\"selected\">. Diese Zutat ist f\u00fcr ihre au\u00dfergew\u00f6hnliche N\u00e4hrstoffdichte bekannt und dient als leistungsstarkes pflanzliches Protein, was sie zu einer idealen Wahl f\u00fcr Formulierer in der Nahrungserg\u00e4nzungs-, Functional Food- und Getr\u00e4nkeindustrie macht. Wir stellen sicher, dass jede Charge die strengen Qualit\u00e4tsstandards erf\u00fcllt, damit Sie einen zuverl\u00e4ssigen und wirksamen Inhaltsstoff f\u00fcr Ihre Produktentwicklung erhalten.<\/span><\/p>\n<ul>\n<li><strong><span class=\"selected\">Garantierter Proteingehalt:<\/span><\/strong><span class=\"selected\"> Mindestproteingehalt von 60%, genau \u00fcberpr\u00fcft durch die branchen\u00fcbliche Kjeldahl-Methode f\u00fcr zuverl\u00e4ssige Rezepturberechnungen.<\/span><\/li>\n<li><strong><span class=\"selected\">Optimierte Partikelgr\u00f6\u00dfe:<\/span><\/strong><span class=\"selected\"> Mit einem Anteil von \u226595% an Partikeln, die ein 80-Mesh-Sieb passieren, bietet unser Pulver eine hervorragende Dispergierbarkeit und Homogenit\u00e4t in Mischungen und fl\u00fcssigen Anwendungen.<\/span><\/li>\n<li><strong><span class=\"selected\">Strenge Schadstoffkontrolle:<\/span><\/strong><span class=\"selected\"> Jede Charge wird nach strengen Standards (CP2015, GB\/T) auf Schwermetalle und Mikrobiologie getestet, um die Sicherheit und die Einhaltung von Vorschriften zu gew\u00e4hrleisten.<\/span><\/li>\n<li><strong><span class=\"selected\">Direkt vom Hersteller:<\/span><\/strong><span class=\"selected\"> Da wir die Produkte direkt von unserem Werk beziehen, bieten wir vollst\u00e4ndige R\u00fcckverfolgbarkeit, gleichbleibende Qualit\u00e4t und eine stabile Lieferkette, auf die Sie sich verlassen k\u00f6nnen.<\/span><\/li>\n<\/ul>\n<h2><strong><span class=\"selected\">Wichtige technische Spezifikationen<\/span><\/strong><\/h2>\n<table>\n<tbody>\n<tr>\n<th><span class=\"selected\">Artikel<\/span><\/th>\n<th><span class=\"selected\">Standard<\/span><\/th>\n<th><span class=\"selected\">Typisches Ergebnis<\/span><\/th>\n<th><span class=\"selected\">Methode<\/span><\/th>\n<\/tr>\n<tr>\n<td><strong><span class=\"selected\">Physikalische und chemische Analyse<\/span><\/strong><\/td>\n<td><\/td>\n<td><\/td>\n<td><\/td>\n<\/tr>\n<tr>\n<td><span class=\"selected\">Erscheinungsbild<\/span><\/td>\n<td><span class=\"selected\">Dunkelgr\u00fcnes Pulver<\/span><\/td>\n<td><span class=\"selected\">Qualifiziert<\/span><\/td>\n<td><span class=\"selected\">Visuell<\/span><\/td>\n<\/tr>\n<tr>\n<td><span class=\"selected\">Partikelgr\u00f6\u00dfe<\/span><\/td>\n<td><span class=\"selected\">\u226595% Durchgang 80mesh<\/span><\/td>\n<td><span class=\"selected\">Qualifiziert<\/span><\/td>\n<td><span class=\"selected\">Sieb mit 80 Maschen<\/span><\/td>\n<\/tr>\n<tr>\n<td><span class=\"selected\">Geruch und Geschmack<\/span><\/td>\n<td><span class=\"selected\">Charakteristisch<\/span><\/td>\n<td><span class=\"selected\">99.6%<\/span><\/td>\n<td><span class=\"selected\">Organoleptisch<\/span><\/td>\n<\/tr>\n<tr>\n<td><span class=\"selected\">Assay (Protein)<\/span><\/td>\n<td><span class=\"selected\">\u226560%<\/span><\/td>\n<td><span class=\"selected\">60.52%<\/span><\/td>\n<td><span class=\"selected\">Kjeldahl<\/span><\/td>\n<\/tr>\n<tr>\n<td><span class=\"selected\">Identifizierung<\/span><\/td>\n<td><span class=\"selected\">Qualifiziert mit TLC<\/span><\/td>\n<td><span class=\"selected\">Qualifiziert<\/span><\/td>\n<td><span class=\"selected\">TLC<\/span><\/td>\n<\/tr>\n<tr>\n<td><span class=\"selected\">Aschegehalt<\/span><\/td>\n<td><span class=\"selected\">\u22648.0%<\/span><\/td>\n<td><span class=\"selected\">6.81%<\/span><\/td>\n<td><span class=\"selected\">Eur.Ph.6.0 [2.4.16]<\/span><\/td>\n<\/tr>\n<tr>\n<td><span class=\"selected\">Wasser<\/span><\/td>\n<td><span class=\"selected\">\u22647.0%<\/span><\/td>\n<td><span class=\"selected\">6.49%<\/span><\/td>\n<td><span class=\"selected\">Eur.Ph.6.0 [2.4.16]<\/span><\/td>\n<\/tr>\n<tr>\n<td><strong><span class=\"selected\">R\u00fcckstandsanalyse<\/span><\/strong><\/td>\n<td><\/td>\n<td><\/td>\n<td><\/td>\n<\/tr>\n<tr>\n<td><span class=\"selected\">Schwermetall<\/span><\/td>\n<td><span class=\"selected\">\u226410ppm<\/span><\/td>\n<td><span class=\"selected\">Qualifiziert<\/span><\/td>\n<td><span class=\"selected\">CP2015<\/span><\/td>\n<\/tr>\n<tr>\n<td><span class=\"selected\">Pb<\/span><\/td>\n<td><span class=\"selected\">\u22643ppm<\/span><\/td>\n<td><span class=\"selected\">Qualifiziert<\/span><\/td>\n<td><span class=\"selected\">GB\/T 5009.12-2003<\/span><\/td>\n<\/tr>\n<tr>\n<td><span class=\"selected\">Als<\/span><\/td>\n<td><span class=\"selected\">\u22642ppm<\/span><\/td>\n<td><span class=\"selected\">Qualifiziert<\/span><\/td>\n<td><span class=\"selected\">GB\/T 5009.11-2003<\/span><\/td>\n<\/tr>\n<tr>\n<td><span class=\"selected\">Hg<\/span><\/td>\n<td><span class=\"selected\">\u22640,1ppm<\/span><\/td>\n<td><span class=\"selected\">Qualifiziert<\/span><\/td>\n<td><span class=\"selected\">GB\/T 5009.15-2003<\/span><\/td>\n<\/tr>\n<tr>\n<td><span class=\"selected\">Cd<\/span><\/td>\n<td><span class=\"selected\">\u22641ppm<\/span><\/td>\n<td><span class=\"selected\">Qualifiziert<\/span><\/td>\n<td><span class=\"selected\">GB\/T 5009.17-2003<\/span><\/td>\n<\/tr>\n<tr>\n<td><strong><span class=\"selected\">Mikrobiologisch<\/span><\/strong><\/td>\n<td><\/td>\n<td><\/td>\n<td><\/td>\n<\/tr>\n<tr>\n<td><span class=\"selected\">Gesamtplattenzahl<\/span><\/td>\n<td><span class=\"selected\">\u22645000cfu\/g<\/span><\/td>\n<td><span class=\"selected\">200cfu\/g<\/span><\/td>\n<td><span class=\"selected\">AOAC990.12,16.<\/span><\/td>\n<\/tr>\n<tr>\n<td><span class=\"selected\">Hefe und Schimmel<\/span><\/td>\n<td><span class=\"selected\">\u2264100cfu\/g<\/span><\/td>\n<td><span class=\"selected\">&lt;10cfu\/g<\/span><\/td>\n<td><span class=\"selected\">AOAC996.08<\/span><\/td>\n<\/tr>\n<tr>\n<td><span class=\"selected\">E.coli<\/span><\/td>\n<td><span class=\"selected\">Negativ<\/span><\/td>\n<td><span class=\"selected\">Negativ<\/span><\/td>\n<td><span class=\"selected\">AOAC2001.05<\/span><\/td>\n<\/tr>\n<tr>\n<td><span class=\"selected\">Salmonellen<\/span><\/td>\n<td><span class=\"selected\">Negativ<\/span><\/td>\n<td><span class=\"selected\">Negativ<\/span><\/td>\n<td><span class=\"selected\">AOAC990.12<\/span><\/td>\n<\/tr>\n<\/tbody>\n<\/table>\n<h2><strong><span class=\"selected\">Qualit\u00e4tskontrolle und Pr\u00fcfmethodik<\/span><\/strong><\/h2>\n<p><strong><span class=\"selected\">Umfassende Analyse f\u00fcr Reinheit und Sicherheit<\/span><\/strong><span class=\"selected\"> Wir verwenden ein mehrstufiges Qualit\u00e4tskontrollsystem. Der Proteingehalt wird mit der Kjeldahl-Methode best\u00e4tigt, die eine genauere Messung als einfache Stickstoff-Umrechnungsfaktoren erm\u00f6glicht. Die Schwermetallanalyse wird mit validierten GB\/T-Methoden durchgef\u00fchrt, und die mikrobiologische Sicherheit wird durch AOAC-Testprotokolle nach Industriestandard gew\u00e4hrleistet. Dieser strenge Ansatz garantiert, dass unser Spirulina-Pulver nicht nur wirksam, sondern auch au\u00dfergew\u00f6hnlich rein und sicher f\u00fcr den Verzehr ist.<\/span><\/p>\n<p><strong><span class=\"selected\">Konsistenz von Charge zu Charge<\/span><\/strong><span class=\"selected\"> Wie das Original <\/span><strong><span class=\"selected\">Hersteller<\/span><\/strong><span class=\"selected\">Wir kontrollieren den gesamten Produktionsprozess streng, vom Anbau bis zur Endverpackung. Dies gew\u00e4hrleistet eine bemerkenswerte Konsistenz von Charge zu Charge in Bezug auf Farbe, Partikelgr\u00f6\u00dfe und Proteingehalt, was f\u00fcr die Aufrechterhaltung der Qualit\u00e4t und Vorhersagbarkeit Ihrer Endprodukte entscheidend ist.<\/span><\/p>\n<p><strong><span class=\"selected\">Verf\u00fcgbare Dokumentation<\/span><\/strong><span class=\"selected\"> Auf Wunsch stellen wir ein umfassendes Dokumentationspaket f\u00fcr Ihre Qualit\u00e4ts- und Aufsichtsbeh\u00f6rdenteams zur Verf\u00fcgung, das Folgendes enth\u00e4lt:<\/span><\/p>\n<ul>\n<li><span class=\"selected\">Analysezertifikat (<a href=\"https:\/\/bstextract.com\/wp-content\/uploads\/2025\/08\/Spirulina-Powder-COA.pdf\">Spirulina-Pulver COA<\/a>) f\u00fcr jede einzelne Charge<\/span><\/li>\n<li><span class=\"selected\">Sicherheitsdatenblatt (MSDS)<\/span><\/li>\n<li><span class=\"selected\">Allergene Erkl\u00e4rung<\/span><\/li>\n<li><span class=\"selected\">N\u00e4hrwertbezogene Informationen<\/span><\/li>\n<\/ul>\n<h2><strong><span class=\"selected\">Anwendungen und Formulierungshinweise<\/span><\/strong><\/h2>\n<p><span class=\"selected\">Die feine Partikelgr\u00f6\u00dfe und der hohe Proteingehalt unseres Spirulina-Pulvers machen es zu einer vielseitigen Zutat f\u00fcr verschiedene Anwendungen.<\/span><\/p>\n<ul>\n<li><strong><span class=\"selected\">Nahrungserg\u00e4nzungsmittel (Tabletten und Kapseln):<\/span><\/strong><span class=\"selected\"> Das 80-Mesh-Pulver sorgt f\u00fcr eine gleichm\u00e4\u00dfige Vermischung mit anderen Hilfsstoffen und erleichtert eine gleichm\u00e4\u00dfige Tablettenkompression und eine konsistente Kapself\u00fcllung. Empfohlene Aufnahmemenge: 250mg - 1000mg pro Portion.<\/span><\/li>\n<li><strong><span class=\"selected\">Funktionelle Lebensmittel und Getr\u00e4nke:<\/span><\/strong><span class=\"selected\"> Ideal zur Bereicherung von Proteinriegeln, Mahlzeitenersatz-Shakes und gr\u00fcnen Smoothie-Mischungen. Spirulina hat zwar einen charakteristischen Geschmack, der jedoch leicht mit nat\u00fcrlichen Aromen und S\u00fc\u00dfungsmitteln \u00fcberdeckt werden kann. Wir empfehlen, mit einem Anteil von 1-3% an der Gesamtrezeptur zu beginnen und diesen je nach den sensorischen Zielen anzupassen. Die feinen Maschen sorgen f\u00fcr eine bessere Suspension in Fl\u00fcssigkeiten, obwohl ein Stabilisierungsmittel f\u00fcr trinkfertige Getr\u00e4nke von Vorteil sein kann.<\/span><\/li>\n<li><strong><span class=\"selected\">Ern\u00e4hrung f\u00fcr Haustiere:<\/span><\/strong><span class=\"selected\"> Eine wertvolle Zutat f\u00fcr hochwertige Tiernahrung und Nahrungserg\u00e4nzungsmittel, die zu einem n\u00e4hrstoffreichen Profil beitr\u00e4gt.<\/span><\/li>\n<\/ul>\n<h2><strong><span class=\"selected\">Stabilit\u00e4t, Lagerung und Handhabung<\/span><\/strong><\/h2>\n<p><strong><span class=\"selected\">Lagerf\u00e4higkeit und Lagerbedingungen<\/span><\/strong><span class=\"selected\"> Das Produkt hat eine Haltbarkeit von 24 Monaten, wenn es unter den empfohlenen Bedingungen gelagert wird. Um die Qualit\u00e4t und den N\u00e4hrwert zu erhalten, bewahren Sie es bitte an einem k\u00fchlen, trockenen Ort auf, fern von direktem Sonnenlicht und Hitze. Halten Sie die Beh\u00e4lter fest verschlossen, um die Aufnahme von Feuchtigkeit zu verhindern.<\/span><\/p>\n<p><strong><span class=\"selected\">Informationen zur Verpackung<\/span><\/strong><span class=\"selected\"> Unsere Standardverpackung betr\u00e4gt 25 kg Nettogewicht, verpackt in Pappf\u00e4ssern mit zwei Plastiks\u00e4cken darin. Als Sch\u00fcttgut <\/span><strong><span class=\"selected\">Exporteur<\/span><\/strong><span class=\"selected\">k\u00f6nnen wir ma\u00dfgeschneiderte Verpackungsl\u00f6sungen f\u00fcr Ihre spezifischen Produktionsanforderungen besprechen.<\/span><\/p>\n<h3><strong><span class=\"selected\">Sicherheit und Einhaltung gesetzlicher Vorschriften<\/span><\/strong><\/h3>\n<p><strong><span class=\"selected\">Schwermetall- und R\u00fcckstandsanalyse<\/span><\/strong><span class=\"selected\"> Unser Spirulina-Pulver wird in \u00dcbereinstimmung mit den weltweiten Standards f\u00fcr Lebensmittelsicherheit hergestellt. Wir testen proaktiv auf Blei (Pb), Arsen (As), Quecksilber (Hg) und Cadmium (Cd), um sicherzustellen, dass die Werte weit unter den strengen Grenzwerten liegen, die von Beh\u00f6rden wie der Europ\u00e4ischen Pharmakop\u00f6e und den nationalen Normen Chinas (GB\/T) festgelegt wurden.<\/span><\/p>\n<p><strong><span class=\"selected\">Mikrobiologische Normen<\/span><\/strong><span class=\"selected\"> Wir halten uns an die AOAC-Methoden, um die Abwesenheit von sch\u00e4dlichen Krankheitserregern wie E. coli und Salmonellen zu garantieren, und wir halten die Gesamtkeimzahl, Hefe und Schimmelpilze niedrig, um die Stabilit\u00e4t und Sicherheit des Inhaltsstoffs in Ihrem Endprodukt zu gew\u00e4hrleisten.<\/span><\/p>\n<h2><strong><span class=\"selected\">H\u00e4ufig gestellte Fragen (FAQ)<\/span><\/strong><\/h2>\n<p><strong><span class=\"selected\">F: Was ist die Mindestbestellmenge (MOQ)?<\/span><\/strong><\/p>\n<p><span class=\"selected\">A: Unser Standard-MOQ ist 25 kg (ein Fass). F\u00fcr Pilotversuche oder kleinere F&amp;E-Anforderungen wenden Sie sich bitte an unser Vertriebsteam, um m\u00f6gliche Optionen zu besprechen.<\/span><\/p>\n<p><strong><span class=\"selected\">F: Sind Sie der direkte Hersteller oder ein H\u00e4ndler?<\/span><\/strong><\/p>\n<p><span class=\"selected\">A: Wir sind das Original <\/span><strong><span class=\"selected\">Hersteller<\/span><\/strong><span class=\"selected\"> und direkt <\/span><strong><span class=\"selected\">Anbieter<\/span><\/strong><span class=\"selected\"> von Spirulina-Pulver. Dies gew\u00e4hrleistet, dass Sie einen wettbewerbsf\u00e4higen Preis, gleichbleibende Qualit\u00e4t und ein vollst\u00e4ndig r\u00fcckverfolgbares Produkt erhalten.<\/span><\/p>\n<p><strong><span class=\"selected\">F: K\u00f6nnen Sie eine Probe zum Testen zur Verf\u00fcgung stellen?<\/span><\/strong><\/p>\n<p><span class=\"selected\">A: Auf jeden Fall. Wir ermutigen unsere Kunden, unsere Produktqualit\u00e4t zu bewerten. Bitte verwenden Sie das untenstehende Kontaktformular, um ein Muster f\u00fcr Ihre F&amp;E- und Qualit\u00e4tssicherungs-Teams anzufordern.<\/span><\/p>\n<p><strong><span class=\"selected\">F: Was ist die Standardvorlaufzeit?<\/span><\/strong><\/p>\n<p><span class=\"selected\">A: F\u00fcr Standardbestellungen betr\u00e4gt unsere typische Lieferzeit 2-3 Wochen ab Auftragsbest\u00e4tigung. Bitte setzen Sie sich mit uns in Verbindung, um die aktuelle Lagerverf\u00fcgbarkeit und die genauen Lieferzeiten f\u00fcr Ihren Standort zu erfahren.<\/span><\/p>\n<p><strong><span class=\"selected\">F: Wie verh\u00e4lt sich das Pulver in einer fl\u00fcssigen Formulierung?<\/span><\/strong><\/p>\n<p><span class=\"selected\">A: Aufgrund seiner Partikelgr\u00f6\u00dfe von 80 Mesh dispergiert das Pulver bei angemessenem Mischen gut in Fl\u00fcssigkeiten. F\u00fcr eine langfristige Lagerstabilit\u00e4t in Getr\u00e4nken empfehlen wir die Durchf\u00fchrung von Stabilit\u00e4tstests mit \u00fcblichen Hydrokolloiden oder Stabilisatoren, um eine Sedimentation zu verhindern.<\/span><\/p>","protected":false},"excerpt":{"rendered":"<ul>\n<li><b>Spirulina-Pulver (60% Protein, Kjeldahl)<\/b><\/li>\n<li>Ein dunkelgr\u00fcnes, feines Pulver mit einer Maschenweite von 80, das aus hochwertigen <i>Arthrospira platensis<\/i>.<\/li>\n<li>Ideal f\u00fcr die Formulierung von Nahrungserg\u00e4nzungsmitteln (Tabletten und Kapseln), proteinreichen funktionellen Lebensmitteln und nahrhaften Getr\u00e4nken.<\/li>\n<li>Es zeichnet sich durch einen hohen Reinheitsgrad und eine hervorragende Konsistenz von Charge zu Charge aus und wird direkt vom Hersteller geliefert, um eine r\u00fcckverfolgbare und zuverl\u00e4ssige Lieferkette zu gew\u00e4hrleisten.<\/li>\n<\/ul>","protected":false},"featured_media":2721,"comment_status":"open","ping_status":"closed","template":"","meta":{"_acf_changed":false},"product_brand":[],"product_cat":[20],"product_tag":[],"class_list":{"0":"post-2720","1":"product","2":"type-product","3":"status-publish","4":"has-post-thumbnail","6":"product_cat-superfoods-fruit-vegetable-powder","8":"first","9":"instock","10":"shipping-taxable","11":"product-type-simple"},"acf":[],"_links":{"self":[{"href":"https:\/\/bstextract.com\/de\/wp-json\/wp\/v2\/product\/2720","targetHints":{"allow":["GET"]}}],"collection":[{"href":"https:\/\/bstextract.com\/de\/wp-json\/wp\/v2\/product"}],"about":[{"href":"https:\/\/bstextract.com\/de\/wp-json\/wp\/v2\/types\/product"}],"replies":[{"embeddable":true,"href":"https:\/\/bstextract.com\/de\/wp-json\/wp\/v2\/comments?post=2720"}],"wp:featuredmedia":[{"embeddable":true,"href":"https:\/\/bstextract.com\/de\/wp-json\/wp\/v2\/media\/2721"}],"wp:attachment":[{"href":"https:\/\/bstextract.com\/de\/wp-json\/wp\/v2\/media?parent=2720"}],"wp:term":[{"taxonomy":"product_brand","embeddable":true,"href":"https:\/\/bstextract.com\/de\/wp-json\/wp\/v2\/product_brand?post=2720"},{"taxonomy":"product_cat","embeddable":true,"href":"https:\/\/bstextract.com\/de\/wp-json\/wp\/v2\/product_cat?post=2720"},{"taxonomy":"product_tag","embeddable":true,"href":"https:\/\/bstextract.com\/de\/wp-json\/wp\/v2\/product_tag?post=2720"}],"curies":[{"name":"wp","href":"https:\/\/api.w.org\/{rel}","templated":true}]}}