{"id":2776,"date":"2025-09-02T06:31:08","date_gmt":"2025-09-02T06:31:08","guid":{"rendered":"https:\/\/bstextract.com\/?post_type=product&#038;p=2776"},"modified":"2025-09-16T03:48:18","modified_gmt":"2025-09-16T03:48:18","slug":"gingerol-pulver-extrakt-hplc","status":"publish","type":"product","link":"https:\/\/bstextract.com\/de\/produkt\/gingerol-pulver-extrakt-hplc\/","title":{"rendered":"Gingerol-Pulver"},"content":{"rendered":"<h2><span class=\"selected\">Produkt\u00fcbersicht<\/span><\/h2>\n<p><span class=\"selected\">Unser Gingerol-Pulver ist ein hochwertiger Extrakt aus dem Rhizom von <\/span><em><span class=\"selected\">Zingiber officinale<\/span><\/em><span class=\"selected\">. Dieses feine, gelbe Pulver wird sorgf\u00e4ltig verarbeitet, um die prim\u00e4ren bioaktiven Verbindungen, die Gingerole, zu konzentrieren und eine gleichbleibende Wirksamkeit und Leistung in Ihren Formulierungen zu gew\u00e4hrleisten. Durch den Einsatz fortschrittlicher HPLC-Testmethoden bieten wir einen zuverl\u00e4ssigen, hochreinen Inhaltsstoff, der standardisiert 1% bis 20% Gingerole enth\u00e4lt und somit eine ideale Wahl f\u00fcr Nahrungserg\u00e4nzungsmittel, funktionelle Lebensmittel und kosmetische Anwendungen darstellt.<\/span><\/p>\n<p><span class=\"selected\">Als vertikal integriertes Unternehmen <\/span><strong><span class=\"selected\">Hersteller<\/span><\/strong><span class=\"selected\">Wir kontrollieren den gesamten Prozess von der Beschaffung bis zur Gewinnung und garantieren so ein Produkt, das den strengsten Qualit\u00e4ts- und Sicherheitsstandards entspricht.<\/span><\/p>\n<ul>\n<li><strong><span class=\"selected\">Hohe Reinheit und Potenz:<\/span><\/strong><span class=\"selected\"> Standardisierte Konzentrationen von 1% bis 20% Gingerols, pr\u00e4zise verifiziert durch High-Performance Liquid Chromatography (HPLC) f\u00fcr eine genaue Quantifizierung und zuverl\u00e4ssige Wirksamkeit.<\/span><\/li>\n<li><strong><span class=\"selected\">Ausgezeichnete Verarbeitbarkeit:<\/span><\/strong><span class=\"selected\"> Ein feines Pulver (100% pass 80 mesh) mit hervorragender Flie\u00dff\u00e4higkeit, das f\u00fcr die nahtlose Integration in Hochgeschwindigkeitsverkapselungs-, Tablettierungs- und Pulvermischprozesse entwickelt wurde.<\/span><\/li>\n<li><strong><span class=\"selected\">Umfassendes Sicherheitsprofil:<\/span><\/strong><span class=\"selected\"> Strenge Tests auf Schwermetalle, Pestizide und mikrobielle Verunreinigungen gew\u00e4hrleisten die vollst\u00e4ndige Einhaltung der USP-Anforderungen und der weltweiten Lebensmittelsicherheitsstandards.<\/span><\/li>\n<li><strong><span class=\"selected\">Clean-Label-freundlich:<\/span><\/strong><span class=\"selected\"> Zertifiziert als nicht gentechnisch ver\u00e4ndert und nicht bestrahlt, ist es die perfekte Zutat f\u00fcr Clean-Label- und Naturproduktformulierungen.<\/span><\/li>\n<li><strong><span class=\"selected\">Lieferung direkt ab Werk:<\/span><\/strong><span class=\"selected\"> Direkt vom Original erh\u00e4ltlich <\/span><strong><span class=\"selected\">Hersteller<\/span><\/strong><span class=\"selected\"> und <\/span><strong><span class=\"selected\">Exporteur<\/span><\/strong><span class=\"selected\">Damit gew\u00e4hrleisten wir eine l\u00fcckenlose R\u00fcckverfolgbarkeit, gleichbleibende Qualit\u00e4t und eine stabile, zuverl\u00e4ssige Lieferkette f\u00fcr unsere weltweiten Partner.<\/span><\/li>\n<\/ul>\n<h2><span class=\"selected\">Wichtige technische Spezifikationen<\/span><\/h2>\n<p><span class=\"selected\">Diese Tabelle enth\u00e4lt die typischen Spezifikationen f\u00fcr unsere HPLC-Sorte Gingerol 5%. Spezifikationen f\u00fcr andere Konzentrationen (1%, 10%, 15%, 20%) sind auf Anfrage erh\u00e4ltlich.<\/span><\/p>\n<table>\n<tbody>\n<tr>\n<th><span class=\"selected\">Parameter<\/span><\/th>\n<th><span class=\"selected\">Spezifikation<\/span><\/th>\n<th><span class=\"selected\">Methode<\/span><\/th>\n<\/tr>\n<tr>\n<td><strong><span class=\"selected\">Aktiver Inhaltsstoff<\/span><\/strong><\/td>\n<td><span class=\"selected\">\u22651%, 5%, 10%, 15%, 20% Gingerole<\/span><\/td>\n<td><span class=\"selected\">HPLC<\/span><\/td>\n<\/tr>\n<tr>\n<td><strong><span class=\"selected\">Erscheinungsbild<\/span><\/strong><\/td>\n<td><span class=\"selected\">Feines gelbes Pulver<\/span><\/td>\n<td><span class=\"selected\">Visuell<\/span><\/td>\n<\/tr>\n<tr>\n<td><strong><span class=\"selected\">Maschenweite<\/span><\/strong><\/td>\n<td><span class=\"selected\">100% Pass 80 Masche<\/span><\/td>\n<td><span class=\"selected\">Siebung<\/span><\/td>\n<\/tr>\n<tr>\n<td><strong><span class=\"selected\">Verlust beim Trocknen<\/span><\/strong><\/td>\n<td><span class=\"selected\">\u22645.0%<\/span><\/td>\n<td><span class=\"selected\">USP<\/span><\/td>\n<\/tr>\n<tr>\n<td><strong><span class=\"selected\">R\u00fcckst\u00e4nde bei der Z\u00fcndung<\/span><\/strong><\/td>\n<td><span class=\"selected\">\u22645.0%<\/span><\/td>\n<td><span class=\"selected\">USP<\/span><\/td>\n<\/tr>\n<tr>\n<td><strong><span class=\"selected\">Schwermetalle<\/span><\/strong><\/td>\n<td><span class=\"selected\">\u226410ppm<\/span><\/td>\n<td><span class=\"selected\">ICP-MS<\/span><\/td>\n<\/tr>\n<tr>\n<td><span class=\"selected\">- Blei (Pb)<\/span><\/td>\n<td><span class=\"selected\">\u22643ppm<\/span><\/td>\n<td><span class=\"selected\">ICP-MS<\/span><\/td>\n<\/tr>\n<tr>\n<td><span class=\"selected\">- Arsen (As)<\/span><\/td>\n<td><span class=\"selected\">\u22642ppm<\/span><\/td>\n<td><span class=\"selected\">ICP-MS<\/span><\/td>\n<\/tr>\n<tr>\n<td><span class=\"selected\">- Kadmium (Cd)<\/span><\/td>\n<td><span class=\"selected\">\u22641ppm<\/span><\/td>\n<td><span class=\"selected\">ICP-MS<\/span><\/td>\n<\/tr>\n<tr>\n<td><span class=\"selected\">- Quecksilber (Hg)<\/span><\/td>\n<td><span class=\"selected\">\u22640,1ppm<\/span><\/td>\n<td><span class=\"selected\">ICP-MS<\/span><\/td>\n<\/tr>\n<tr>\n<td><strong><span class=\"selected\">R\u00fcckst\u00e4nde von Pestiziden<\/span><\/strong><\/td>\n<td><span class=\"selected\">Erf\u00fcllt USP-Anforderungen<\/span><\/td>\n<td><span class=\"selected\">GC-MS\/LC-MS<\/span><\/td>\n<\/tr>\n<tr>\n<td><strong><span class=\"selected\">Mikrobiologisch<\/span><\/strong><\/td>\n<td><\/td>\n<td><\/td>\n<\/tr>\n<tr>\n<td><span class=\"selected\">- Gesamtplattenzahl<\/span><\/td>\n<td><span class=\"selected\">\u22641000 cfu\/g<\/span><\/td>\n<td><span class=\"selected\">USP<\/span><\/td>\n<\/tr>\n<tr>\n<td><span class=\"selected\">- Hefe und Schimmel<\/span><\/td>\n<td><span class=\"selected\">\u2264100 KBE\/g<\/span><\/td>\n<td><span class=\"selected\">USP<\/span><\/td>\n<\/tr>\n<tr>\n<td><span class=\"selected\">- E. Coli<\/span><\/td>\n<td><span class=\"selected\">Negativ<\/span><\/td>\n<td><span class=\"selected\">USP<\/span><\/td>\n<\/tr>\n<tr>\n<td><span class=\"selected\">- Salmonellen<\/span><\/td>\n<td><span class=\"selected\">Negativ<\/span><\/td>\n<td><span class=\"selected\">USP<\/span><\/td>\n<\/tr>\n<tr>\n<td><strong><span class=\"selected\">Allgemeiner Status<\/span><\/strong><\/td>\n<td><\/td>\n<td><\/td>\n<\/tr>\n<tr>\n<td><span class=\"selected\">- GVO-Status<\/span><\/td>\n<td><span class=\"selected\">Nicht-GMO<\/span><\/td>\n<td><\/td>\n<\/tr>\n<tr>\n<td><span class=\"selected\">- Bestrahlung<\/span><\/td>\n<td><span class=\"selected\">Nicht bestrahlt<\/span><\/td>\n<td><\/td>\n<\/tr>\n<\/tbody>\n<\/table>\n<h2><span class=\"selected\">Pr\u00fcfung und Qualit\u00e4tssicherung<\/span><\/h2>\n<p><span class=\"selected\">Qualit\u00e4t ist nicht nur ein Standard, sie ist unsere Verpflichtung. Wir verwenden ausschlie\u00dflich <\/span><strong><span class=\"selected\">HPLC<\/span><\/strong><span class=\"selected\"> f\u00fcr die Analyse von Gingerolen. Im Gegensatz zu weniger pr\u00e4zisen UV-Vis-Methoden trennt und quantifiziert die HPLC spezifische Gingerol- und Shogaol-Verbindungen und liefert Ihnen ein genaues und zuverl\u00e4ssiges Ma\u00df f\u00fcr die Wirksamkeit. So wird sichergestellt, dass das Material, das Sie erhalten, von Charge zu Charge eine gleichbleibende Leistung erbringt.<\/span><\/p>\n<p><span class=\"selected\">Auf Wunsch stellen wir f\u00fcr jeden Auftrag ein umfassendes Dokumentationspaket zur Verf\u00fcgung, das unter anderem Folgendes enth\u00e4lt<\/span><\/p>\n<ul>\n<li><a href=\"https:\/\/bstextract.com\/wp-content\/uploads\/2025\/09\/Gingerol-Powder-COA.pdf\">Gingerol-Pulver COA<\/a><\/li>\n<li><span class=\"selected\">Sicherheitsdatenblatt (MSDS)<\/span><\/li>\n<li><span class=\"selected\">Allergene Erkl\u00e4rung<\/span><\/li>\n<li><span class=\"selected\">Non-GMO-Zertifikat<\/span><\/li>\n<li><span class=\"selected\">Koscher- und Halal-Zertifikate<\/span><\/li>\n<\/ul>\n<h2><span class=\"selected\">Anwendungen und Formulierungshinweise<\/span><\/h2>\n<p><span class=\"selected\">Die hervorragenden physikalischen Eigenschaften unseres Gingerol-Pulvers machen es vielseitig einsetzbar.<\/span><\/p>\n<ul>\n<li><strong><span class=\"selected\">Nahrungserg\u00e4nzungsmittel (Kapseln\/Tabletten):<\/span><\/strong><span class=\"selected\"> Die Partikelgr\u00f6\u00dfe von 80 Mesh und der niedrige Feuchtigkeitsgehalt sorgen f\u00fcr eine hervorragende Flie\u00dff\u00e4higkeit und Komprimierbarkeit, die ein Verschlie\u00dfen beim Tablettieren verhindert und eine gleichm\u00e4\u00dfige Dosierung in den Kapseln gew\u00e4hrleistet.<\/span>\n<ul>\n<li><strong><span class=\"selected\">Empfohlene Dosierung:<\/span><\/strong><span class=\"selected\"> 100mg - 500mg Extrakt pro Portion, je nach angestrebter Gingerolkonzentration.<\/span><\/li>\n<\/ul>\n<\/li>\n<li><strong><span class=\"selected\">Funktionelle Lebensmittel und Getr\u00e4nke:<\/span><\/strong><span class=\"selected\"> Der Extrakt verleiht einen charakteristischen, scharfen Geschmack. F\u00fcr fl\u00fcssige Anwendungen empfehlen wir, L\u00f6slichkeits- und Stabilit\u00e4tsversuche in kleinem Ma\u00dfstab durchzuf\u00fchren, da h\u00f6here Konzentrationen m\u00f6glicherweise L\u00f6sungsvermittler erfordern. Eine wasserl\u00f6sliche Version ist ebenfalls erh\u00e4ltlich in unserem <\/span><strong><span class=\"selected\">Werk<\/span><\/strong><span class=\"selected\"> f\u00fcr eine bessere Dispergierbarkeit.<\/span>\n<ul>\n<li><strong><span class=\"selected\">Empfohlene Erg\u00e4nzungsstufe:<\/span><\/strong><span class=\"selected\"> 0,1% - 1,5% in pulverf\u00f6rmigen Getr\u00e4nkemischungen und funktionellen Lebensmittelriegeln.<\/span><\/li>\n<\/ul>\n<\/li>\n<li><strong><span class=\"selected\">Kosmetika und K\u00f6rperpflegemittel:<\/span><\/strong><span class=\"selected\"> Ideal f\u00fcr die Erzeugung von w\u00e4rmenden Gef\u00fchlen in topischen Produkten wie Muskelmassagen, Massagelotionen und Kopfhautbehandlungen. Es ist mit den meisten g\u00e4ngigen \u00d6l- und Emulsionsgrundlagen kompatibel.<\/span>\n<ul>\n<li><strong><span class=\"selected\">Empfohlene Verwendungsstufe:<\/span><\/strong><span class=\"selected\"> 0,05% - 0,5% in fertigen Formulierungen.<\/span><\/li>\n<\/ul>\n<\/li>\n<\/ul>\n<h2><span class=\"selected\">Stabilit\u00e4t und Lagerung<\/span><\/h2>\n<p><span class=\"selected\">Gingerole sind empfindlich gegen\u00fcber gro\u00dfer Hitze und l\u00e4ngerer Lichteinwirkung. Um eine maximale Stabilit\u00e4t und eine Haltbarkeit von 24 Monaten zu gew\u00e4hrleisten, bewahren Sie das Produkt in den unge\u00f6ffneten Originalbeh\u00e4ltern an einem k\u00fchlen, trockenen Ort und vor direkter Sonneneinstrahlung gesch\u00fctzt auf.<\/span><\/p>\n<h2><span class=\"selected\">Verpackung &amp; Sch\u00fcttgutversorgung<\/span><\/h2>\n<ul>\n<li><strong><span class=\"selected\">Standardverpackung:<\/span><\/strong><span class=\"selected\"> 25 kg Nettogewicht in Fibertrommeln mit doppelten Innens\u00e4cken aus Kunststoff.<\/span><\/li>\n<li><strong><span class=\"selected\">Gro\u00dfbestellungen:<\/span><\/strong><span class=\"selected\"> Als prim\u00e4re <\/span><strong><span class=\"selected\">Anbieter<\/span><\/strong><span class=\"selected\">Wir sind in der Lage, Gro\u00dfauftr\u00e4ge zu erf\u00fcllen und bieten ma\u00dfgeschneiderte Verpackungsl\u00f6sungen f\u00fcr Ihre Produktionsanforderungen.<\/span><\/li>\n<\/ul>\n<h2><span class=\"selected\">H\u00e4ufig gestellte Fragen (FAQ)<\/span><\/h2>\n<p><strong><span class=\"selected\">F: Testen Sie Gingerole mittels HPLC?<\/span><\/strong><\/p>\n<p><span class=\"selected\">A: Ja, absolut. Alle unsere Gingerol-Produkte werden mittels HPLC getestet und standardisiert, um h\u00f6chste Genauigkeit und Potenz zu gew\u00e4hrleisten. Wir verwenden nicht die weniger zuverl\u00e4ssige UV-Methode.<\/span><\/p>\n<p><strong><span class=\"selected\">F: Sind Sie der direkte Hersteller oder ein H\u00e4ndler?<\/span><\/strong><\/p>\n<p><span class=\"selected\">A: Wir sind das Original <\/span><strong><span class=\"selected\">Hersteller<\/span><\/strong><span class=\"selected\"> und <\/span><strong><span class=\"selected\">Exporteur<\/span><\/strong><span class=\"selected\"> von Gingerol-Pulver. Dadurch k\u00f6nnen wir wettbewerbsf\u00e4hige Preise, eine stabile Versorgung und eine vollst\u00e4ndige R\u00fcckverfolgbarkeit vom Rohstoff bis zum Endprodukt bieten.<\/span><\/p>\n<p><strong><span class=\"selected\">F: Wie lange ist die Vorlaufzeit f\u00fcr eine Gro\u00dfbestellung?<\/span><\/strong><\/p>\n<p><span class=\"selected\">A: Die Standardvorlaufzeit f\u00fcr Gro\u00dfbestellungen betr\u00e4gt in der Regel 2-3 Wochen, abh\u00e4ngig von der ben\u00f6tigten Menge und dem Produktionsplan. Bitte kontaktieren Sie uns f\u00fcr einen genauen Zeitplan.<\/span><\/p>\n<p><strong><span class=\"selected\">F: Ist dieses Gingerol-Pulver f\u00fcr trinkfertige Getr\u00e4nke geeignet?<\/span><\/strong><\/p>\n<p><span class=\"selected\">A: Unser Standardextrakt ist nur begrenzt wasserl\u00f6slich. F\u00fcr die Verwendung in Getr\u00e4nken empfehlen wir dringend unseren speziell formulierten wasserl\u00f6slichen Gingerol-Extrakt. Bitte fragen Sie uns nach weiteren Details.<\/span><\/p>\n<p><strong><span class=\"selected\">F: Wie hoch ist Ihre Mindestbestellmenge (MOQ)?<\/span><\/strong><\/p>\n<p><span class=\"selected\">A: Unser Standard-MOQ ist 25 kg (ein Fass). Wir sind offen f\u00fcr kleinere Testmengen f\u00fcr neue Projekte zu diskutieren.<\/span><\/p>\n<h2><span class=\"selected\">Fordern Sie noch heute Ihr Muster oder Angebot an<\/span><\/h2>\n<p><span class=\"selected\">Sind Sie bereit, die Qualit\u00e4t und Konsistenz unseres Gingerol-Pulvers in Ihrer Formulierung zu erleben? Wenden Sie sich an unser technisches Verkaufsteam, um eine Probe anzufordern, ein unverbindliches Angebot zu erhalten oder unser umfassendes technisches Datenblatt herunterzuladen.<\/span><\/p>","protected":false},"excerpt":{"rendered":"<ul>\n<li><b>Gingerol-Pulver, standardisiert auf 1%-20% Gingerole (HPLC).<\/b><\/li>\n<li>Extrahiert aus der Pr\u00e4mie <i>Zingiber officinale<\/i> Wurzel; ein feines, gelbes, frei flie\u00dfendes Pulver.<\/li>\n<li>Ideal f\u00fcr Nahrungserg\u00e4nzungsmittel, funktionelle Lebensmittel und Getr\u00e4nke sowie w\u00e4rmende kosmetische Formulierungen.<\/li>\n<li>Hohe Reinheit, hervorragende Flie\u00dff\u00e4higkeit (80 mesh) und gleichbleibende Wirksamkeit direkt vom Hersteller.<\/li>\n<\/ul>","protected":false},"featured_media":2777,"comment_status":"open","ping_status":"closed","template":"","meta":{"_acf_changed":false},"product_brand":[],"product_cat":[15],"product_tag":[],"class_list":{"0":"post-2776","1":"product","2":"type-product","3":"status-publish","4":"has-post-thumbnail","6":"product_cat-dietary-supplements","8":"first","9":"instock","10":"shipping-taxable","11":"product-type-simple"},"acf":[],"_links":{"self":[{"href":"https:\/\/bstextract.com\/de\/wp-json\/wp\/v2\/product\/2776","targetHints":{"allow":["GET"]}}],"collection":[{"href":"https:\/\/bstextract.com\/de\/wp-json\/wp\/v2\/product"}],"about":[{"href":"https:\/\/bstextract.com\/de\/wp-json\/wp\/v2\/types\/product"}],"replies":[{"embeddable":true,"href":"https:\/\/bstextract.com\/de\/wp-json\/wp\/v2\/comments?post=2776"}],"wp:featuredmedia":[{"embeddable":true,"href":"https:\/\/bstextract.com\/de\/wp-json\/wp\/v2\/media\/2777"}],"wp:attachment":[{"href":"https:\/\/bstextract.com\/de\/wp-json\/wp\/v2\/media?parent=2776"}],"wp:term":[{"taxonomy":"product_brand","embeddable":true,"href":"https:\/\/bstextract.com\/de\/wp-json\/wp\/v2\/product_brand?post=2776"},{"taxonomy":"product_cat","embeddable":true,"href":"https:\/\/bstextract.com\/de\/wp-json\/wp\/v2\/product_cat?post=2776"},{"taxonomy":"product_tag","embeddable":true,"href":"https:\/\/bstextract.com\/de\/wp-json\/wp\/v2\/product_tag?post=2776"}],"curies":[{"name":"wp","href":"https:\/\/api.w.org\/{rel}","templated":true}]}}