{"id":2788,"date":"2025-09-03T07:21:41","date_gmt":"2025-09-03T07:21:41","guid":{"rendered":"https:\/\/bstextract.com\/?post_type=product&#038;p=2788"},"modified":"2025-09-03T07:21:41","modified_gmt":"2025-09-03T07:21:41","slug":"ringelblumenblutenextrakt-lutein-zeaxanthin-pulver","status":"publish","type":"product","link":"https:\/\/bstextract.com\/de\/produkt\/ringelblumenblutenextrakt-lutein-zeaxanthin-pulver\/","title":{"rendered":"Extrakt aus Ringelblumenbl\u00fcten"},"content":{"rendered":"<h2><span class=\"selected\">Produkt\u00fcbersicht<\/span><\/h2>\n<p><span class=\"selected\">Unser Ringelblumenextrakt ist eine hochwertige, hochkonzentrierte Quelle von Lutein und Zeaxanthin, zwei essentiellen Carotinoiden zur Unterst\u00fctzung der visuellen Gesundheit und Leistungsf\u00e4higkeit. Extrahiert aus den Bl\u00fctenbl\u00e4ttern der <\/span><em><span class=\"selected\">Tagetes erecta<\/span><\/em><span class=\"selected\">Dieser Inhaltsstoff wird sorgf\u00e4ltig verarbeitet, um ein standardisiertes Pulver von h\u00f6chster Reinheit und Konsistenz zu erhalten. Er wurde speziell f\u00fcr die Verwendung in Nahrungserg\u00e4nzungsmitteln, funktionellen Lebensmitteln und N\u00e4hrstoffprodukten entwickelt, die auf die Gesundheit der Augen, die Unterst\u00fctzung durch Antioxidantien und den Schutz vor blauem Licht abzielen.<\/span><\/p>\n<p><span class=\"selected\">Als Originalhersteller gew\u00e4hrleisten wir eine l\u00fcckenlose R\u00fcckverfolgbarkeit der Lieferkette, von den nachhaltig beschafften Bl\u00fcten bis hin zum fertigen, HPLC-gepr\u00fcften Pulver, so dass unsere Kunden einen zuverl\u00e4ssigen und wirksamen Inhaltsstoff f\u00fcr ihre Formulierungen erhalten.<\/span><\/p>\n<p><strong><span class=\"selected\">Die wichtigsten Vorteile:<\/span><\/strong><\/p>\n<ul>\n<li><strong><span class=\"selected\">HPLC-gepr\u00fcfte Potenz:<\/span><\/strong><span class=\"selected\"> Wir garantieren den Lutein- und Zeaxanthingehalt mit der HPLC-Methode, die dem Industriestandard entspricht, und nicht mit dem weniger genauen UV-Test.<\/span><\/li>\n<li><strong><span class=\"selected\">Optimales Verh\u00e4ltnis von Lutein zu Zeaxanthin:<\/span><\/strong><span class=\"selected\"> Standardisiert, um wissenschaftlich unterst\u00fctzten Verh\u00e4ltnissen f\u00fcr die Gesundheit der Makula zu entsprechen.<\/span><\/li>\n<li><strong><span class=\"selected\">Ausgezeichnete physikalische Eigenschaften:<\/span><\/strong><span class=\"selected\"> Die einheitliche Partikelgr\u00f6\u00dfe (100% pass 80 mesh) gew\u00e4hrleistet eine hervorragende Mischbarkeit und Homogenit\u00e4t in festen Darreichungsformen.<\/span><\/li>\n<li><strong><span class=\"selected\">Sauberes und sicheres Profil:<\/span><\/strong><span class=\"selected\"> Erf\u00fcllt die strengen Grenzwerte f\u00fcr Schwermetalle und L\u00f6sungsmittelr\u00fcckst\u00e4nde und ist daher f\u00fcr globale Formulierungen geeignet.<\/span><\/li>\n<li><strong><span class=\"selected\">Lieferung direkt ab Werk:<\/span><\/strong><span class=\"selected\"> Gew\u00e4hrleistet gleichbleibende Qualit\u00e4t, stabile Versorgung und wettbewerbsf\u00e4hige Preise f\u00fcr gro\u00dfe Mengen.<\/span><\/li>\n<\/ul>\n<h2><span class=\"selected\">Wichtige technische Spezifikationen<\/span><\/h2>\n<p><span class=\"selected\">Dieses Spezifikationsblatt stellt unsere Standardqualit\u00e4t von Lutein 5% dar. H\u00f6here Konzentrationen (10%, 20%, bis zu 80%) sind auf Anfrage erh\u00e4ltlich.<\/span><\/p>\n<table>\n<tbody>\n<tr>\n<th><span class=\"selected\">Parameter<\/span><\/th>\n<th><span class=\"selected\">Spezifikation<\/span><\/th>\n<th><span class=\"selected\">Typisches Ergebnis<\/span><\/th>\n<th><span class=\"selected\">Pr\u00fcfverfahren<\/span><\/th>\n<\/tr>\n<tr>\n<td><strong><span class=\"selected\">Aktive Inhaltsstoffe<\/span><\/strong><\/td>\n<td><\/td>\n<td><\/td>\n<td><\/td>\n<\/tr>\n<tr>\n<td><span class=\"selected\">Lutein (freie Form)<\/span><\/td>\n<td><span class=\"selected\">\u2265 5.0%<\/span><\/td>\n<td><span class=\"selected\">5.63%<\/span><\/td>\n<td><span class=\"selected\">HPLC<\/span><\/td>\n<\/tr>\n<tr>\n<td><span class=\"selected\">Zeaxanthin<\/span><\/td>\n<td><span class=\"selected\">\u2265 0,5%<\/span><\/td>\n<td><span class=\"selected\">\u2265 0,5%<\/span><\/td>\n<td><span class=\"selected\">HPLC<\/span><\/td>\n<\/tr>\n<tr>\n<td><span class=\"selected\">Carotinoide insgesamt<\/span><\/td>\n<td><span class=\"selected\">\u2265 5.5%<\/span><\/td>\n<td><span class=\"selected\">6.13%<\/span><\/td>\n<td><span class=\"selected\">HPLC<\/span><\/td>\n<\/tr>\n<tr>\n<td><strong><span class=\"selected\">Physikalische Analyse<\/span><\/strong><\/td>\n<td><\/td>\n<td><\/td>\n<td><\/td>\n<\/tr>\n<tr>\n<td><span class=\"selected\">Beschreibung<\/span><\/td>\n<td><span class=\"selected\">Orange bis orange-rotes Pulver<\/span><\/td>\n<td><span class=\"selected\">Entspricht<\/span><\/td>\n<td><span class=\"selected\">Visuell<\/span><\/td>\n<\/tr>\n<tr>\n<td><span class=\"selected\">Maschenweite<\/span><\/td>\n<td><span class=\"selected\">100% Durchgang 80 Maschen<\/span><\/td>\n<td><span class=\"selected\">Entspricht<\/span><\/td>\n<td><span class=\"selected\">GB\/T 26405<\/span><\/td>\n<\/tr>\n<tr>\n<td><span class=\"selected\">Verlust beim Trocknen<\/span><\/td>\n<td><span class=\"selected\">\u2264 6.0%<\/span><\/td>\n<td><span class=\"selected\">2.25%<\/span><\/td>\n<td><span class=\"selected\">GB 5009.3<\/span><\/td>\n<\/tr>\n<tr>\n<td><span class=\"selected\">Aschegehalt<\/span><\/td>\n<td><span class=\"selected\">\u2264 1,0%<\/span><\/td>\n<td><span class=\"selected\">0.6%<\/span><\/td>\n<td><span class=\"selected\">GB 5009.4<\/span><\/td>\n<\/tr>\n<tr>\n<td><strong><span class=\"selected\">Analyse von R\u00fcckst\u00e4nden und Kontaminanten<\/span><\/strong><\/td>\n<td><\/td>\n<td><\/td>\n<td><\/td>\n<\/tr>\n<tr>\n<td><span class=\"selected\">N-Hexan (L\u00f6sungsmittelr\u00fcckstand)<\/span><\/td>\n<td><span class=\"selected\">\u2264 50 mg\/kg (ppm)<\/span><\/td>\n<td><span class=\"selected\">Qualifiziert<\/span><\/td>\n<td><span class=\"selected\">GB\/T 26405<\/span><\/td>\n<\/tr>\n<tr>\n<td><span class=\"selected\">Blei (Pb)<\/span><\/td>\n<td><span class=\"selected\">\u2264 3,0 ppm<\/span><\/td>\n<td><span class=\"selected\">Qualifiziert<\/span><\/td>\n<td><span class=\"selected\">GB 5009.12<\/span><\/td>\n<\/tr>\n<tr>\n<td><span class=\"selected\">Arsen (As)<\/span><\/td>\n<td><span class=\"selected\">\u2264 3,0 ppm<\/span><\/td>\n<td><span class=\"selected\">Qualifiziert<\/span><\/td>\n<td><span class=\"selected\">GB 5009.11<\/span><\/td>\n<\/tr>\n<tr>\n<td><strong><span class=\"selected\">Mikrobiologische Analyse<\/span><\/strong><\/td>\n<td><\/td>\n<td><\/td>\n<td><\/td>\n<\/tr>\n<tr>\n<td><span class=\"selected\">Gesamtplattenzahl<\/span><\/td>\n<td><span class=\"selected\">\u2264 1000 cfu\/g<\/span><\/td>\n<td><span class=\"selected\">Entspricht<\/span><\/td>\n<td><span class=\"selected\">USP\/EP<\/span><\/td>\n<\/tr>\n<tr>\n<td><span class=\"selected\">Hefe und Schimmel<\/span><\/td>\n<td><span class=\"selected\">\u2264 100 KBE\/g<\/span><\/td>\n<td><span class=\"selected\">Entspricht<\/span><\/td>\n<td><span class=\"selected\">USP\/EP<\/span><\/td>\n<\/tr>\n<tr>\n<td><span class=\"selected\">E. Coli<\/span><\/td>\n<td><span class=\"selected\">Negativ<\/span><\/td>\n<td><span class=\"selected\">Entspricht<\/span><\/td>\n<td><span class=\"selected\">USP\/EP<\/span><\/td>\n<\/tr>\n<tr>\n<td><span class=\"selected\">Salmonellen<\/span><\/td>\n<td><span class=\"selected\">Negativ<\/span><\/td>\n<td><span class=\"selected\">Entspricht<\/span><\/td>\n<td><span class=\"selected\">USP\/EP<\/span><\/td>\n<\/tr>\n<\/tbody>\n<\/table>\n<h2><span class=\"selected\">Qualit\u00e4t und Analyse<\/span><\/h2>\n<p><span class=\"selected\">Qualit\u00e4t ist die Grundlage unseres Herstellungsprozesses. Jede Charge Ringelblumenextrakt wird in unserem hauseigenen Labor strengen Tests unterzogen, wobei validierte Analysemethoden wie die Hochleistungsfl\u00fcssigkeitschromatographie (HPLC) zum Einsatz kommen, um eine pr\u00e4zise Quantifizierung der Wirkstoffe zu gew\u00e4hrleisten.<\/span><\/p>\n<p><strong><span class=\"selected\">Wir stellen f\u00fcr jede Sendung ein umfassendes Dokumentationspaket zur Verf\u00fcgung, das unter anderem Folgendes enth\u00e4lt:<\/span><\/strong><\/p>\n<ul>\n<li><a href=\"https:\/\/bstextract.com\/wp-content\/uploads\/2025\/09\/Marigold-Flower-Extract-COA.pdf\">Ringelblumenbl\u00fctenextrakt COA<\/a><\/li>\n<li><span class=\"selected\">Sicherheitsdatenblatt (MSDS)<\/span><\/li>\n<li><span class=\"selected\">Allergene Erkl\u00e4rung<\/span><\/li>\n<li><span class=\"selected\">Non-GMO-Erkl\u00e4rung<\/span><\/li>\n<li><span class=\"selected\">N\u00e4hrwertbezogene Informationen<\/span><\/li>\n<li><span class=\"selected\">Eine Koscher- und Halal-Zertifizierung ist m\u00f6glich.<\/span><\/li>\n<li><span class=\"selected\">Unsere Einrichtung ist GMP- und ISO-zertifiziert.<\/span><\/li>\n<\/ul>\n<h2><span class=\"selected\">Anwendungen und Formulierungshinweise<\/span><\/h2>\n<p><span class=\"selected\">Unser Lutein-Pulver ist \u00e4u\u00dferst vielseitig und f\u00fcr feste Darreichungsformen optimiert. Wir sind ein globaler Lieferant f\u00fcr f\u00fchrende Marken in den folgenden Sektoren.<\/span><\/p>\n<ul>\n<li><strong><span class=\"selected\">Nahrungserg\u00e4nzungsmittel:<\/span><\/strong>\n<ul>\n<li><strong><span class=\"selected\">Darreichungsformen:<\/span><\/strong><span class=\"selected\"> Ideal f\u00fcr zweiteilige Hartkapseln, direkt verpresste Tabletten und Pulvermischungen.<\/span><\/li>\n<li><strong><span class=\"selected\">Empfohlene Dosierung:<\/span><\/strong><span class=\"selected\"> Formuliert, um 10-20 mg Lutein und 2-4 mg Zeaxanthin pro Tagesportion zu liefern.<\/span><\/li>\n<li><strong><span class=\"selected\">Anmerkung:<\/span><\/strong><span class=\"selected\"> Hervorragende Flie\u00dff\u00e4higkeit und gleichm\u00e4\u00dfige Partikelgr\u00f6\u00dfe verhindern eine Entmischung und gew\u00e4hrleisten eine genaue Dosierung.<\/span><\/li>\n<\/ul>\n<\/li>\n<li><strong><span class=\"selected\">Funktionelle Lebensmittel:<\/span><\/strong>\n<ul>\n<li><strong><span class=\"selected\">Anwendungen:<\/span><\/strong><span class=\"selected\"> Angereicherte Ern\u00e4hrungsriegel, Mahlzeitenersatzpulver und funktionelle Getr\u00e4nkepulvermischungen.<\/span><\/li>\n<li><strong><span class=\"selected\">Anmerkung:<\/span><\/strong><span class=\"selected\"> Der Inhaltsstoff verleiht einen nat\u00fcrlichen orangefarbenen Farbton. F\u00fcr wasserbasierte Systeme wie Getr\u00e4nke oder Gummib\u00e4rchen empfehlen wir unser spezielles <\/span><strong><span class=\"selected\">wasserdispergierbares mikroverkapseltes (Beadlet) Lutein<\/span><\/strong><span class=\"selected\"> f\u00fcr optimale Stabilit\u00e4t und Bioverf\u00fcgbarkeit. Bitte fragen Sie uns nach Details.<\/span><\/li>\n<\/ul>\n<\/li>\n<li><strong><span class=\"selected\">Ern\u00e4hrung f\u00fcr Haustiere:<\/span><\/strong>\n<ul>\n<li><strong><span class=\"selected\">Anwendungen:<\/span><\/strong><span class=\"selected\"> Formuliert in Nahrungserg\u00e4nzungsmitteln f\u00fcr Haustiere und funktionellen Leckerbissen zur Unterst\u00fctzung der Augengesundheit bei alternden Tieren.<\/span><\/li>\n<\/ul>\n<\/li>\n<\/ul>\n<h2><span class=\"selected\">Stabilit\u00e4t und Lagerung<\/span><\/h2>\n<ul>\n<li><strong><span class=\"selected\">Lagerung:<\/span><\/strong><span class=\"selected\"> An einem k\u00fchlen, trockenen Ort (unter 25\u00b0C) in der unge\u00f6ffneten Originalverpackung aufbewahren. Vor direkter Sonneneinstrahlung, Hitze und Feuchtigkeit sch\u00fctzen.<\/span><\/li>\n<li><strong><span class=\"selected\">Haltbarkeitsdauer:<\/span><\/strong><span class=\"selected\"> 18-24 Monate bei Lagerung unter den empfohlenen Bedingungen.<\/span><\/li>\n<li><strong><span class=\"selected\">Stabilit\u00e4t:<\/span><\/strong><span class=\"selected\"> Lutein ist empfindlich gegen\u00fcber Licht, Sauerstoff und hohen Temperaturen. Es wird empfohlen, das Endprodukt ordnungsgem\u00e4\u00df zu handhaben und lichtundurchl\u00e4ssig zu verpacken, um seine Wirksamkeit w\u00e4hrend der gesamten Haltbarkeitsdauer zu gew\u00e4hrleisten.<\/span><\/li>\n<\/ul>\n<h2><span class=\"selected\">H\u00e4ufig gestellte Fragen (FAQ)<\/span><\/h2>\n<p><strong><span class=\"selected\">F: Sind Sie der direkte Hersteller oder ein H\u00e4ndler?<\/span><\/strong><\/p>\n<p><span class=\"selected\">A: Wir sind der urspr\u00fcngliche Hersteller und Exporteur von Ringelblumenbl\u00fctenextrakt. Der Kauf bei uns gew\u00e4hrleistet eine vollst\u00e4ndige R\u00fcckverfolgbarkeit, gleichbleibende Qualit\u00e4t und eine stabile Lieferkette direkt von der Fabrik.<\/span><\/p>\n<p><strong><span class=\"selected\">F: Was ist der Unterschied zwischen Ihrem Lutein-Pulver und den Lutein-Beadlets?<\/span><\/strong><\/p>\n<p><span class=\"selected\">A: Unser Standardpulver ist ideal f\u00fcr Trockenanwendungen wie Tabletten und Kapseln. Unsere Beadlets sind mikroverkapselt und machen das Lutein wasserdispergierbar und stabiler in Getr\u00e4nken, Gummib\u00e4rchen und anderen w\u00e4ssrigen Systemen.<\/span><\/p>\n<p><strong><span class=\"selected\">F: Was ist die Mindestbestellmenge (MOQ)?<\/span><\/strong><\/p>\n<p><span class=\"selected\">A: Unser Standard-MOQ ist 25 kg. Wir k\u00f6nnen Probebestellungen entgegennehmen und Muster f\u00fcr die F&amp;E-Bewertung bereitstellen. Bitte kontaktieren Sie unser Verkaufsteam f\u00fcr Details.<\/span><\/p>\n<p><strong><span class=\"selected\">F: K\u00f6nnen Sie ein Analysezertifikat (COA) f\u00fcr eine bestimmte Charge vorlegen?<\/span><\/strong><\/p>\n<p><span class=\"selected\">A: Auf jeden Fall. Bei jeder Bestellung wird ein chargenspezifisches COA mitgeliefert. Ein Muster der COA ist auf Anfrage w\u00e4hrend Ihres Bewertungsprozesses erh\u00e4ltlich.<\/span><\/p>\n<h2><span class=\"selected\">Muster oder Angebot anfordern<\/span><\/h2>\n<p><span class=\"selected\">Testen Sie die Qualit\u00e4t und Leistung unseres Ringelblumenextrakts in Ihrer Formulierung. Kontaktieren Sie uns noch heute, um eine Probe anzufordern, ein Angebot f\u00fcr Gro\u00dfmengenpreise zu erhalten oder mit einem technischen Spezialisten zu sprechen.<\/span><\/p>","protected":false},"excerpt":{"rendered":"<ul>\n<li><b>Ringelblumenextrakt Lutein 5% Pulver (HPLC):<\/b> Ein hochreines Orangenpulver, das aus <i>Tagetes erecta<\/i>. Standardisiert auf \u22655% freies Lutein und \u22650,5% Zeaxanthin durch HPLC.<\/li>\n<li><b>Die Formulierung ist fertig:<\/b> Mit einer einheitlichen Partikelgr\u00f6\u00dfe (100% passiert 80 Mesh) ist es ideal f\u00fcr Nahrungserg\u00e4nzungsmittel wie Tabletten, Hartkapseln und feste N\u00e4hrstoffmischungen.<\/li>\n<li><b>Gesicherte Qualit\u00e4t:<\/b> Wird direkt vom Hersteller bezogen und gew\u00e4hrleistet geringe L\u00f6sungsmittelr\u00fcckst\u00e4nde, Schwermetallkonformit\u00e4t und gleichbleibende Qualit\u00e4t von Charge zu Charge.<\/li>\n<\/ul>","protected":false},"featured_media":2789,"comment_status":"open","ping_status":"closed","template":"","meta":{"_acf_changed":false},"product_brand":[],"product_cat":[21],"product_tag":[],"class_list":{"0":"post-2788","1":"product","2":"type-product","3":"status-publish","4":"has-post-thumbnail","6":"product_cat-plant-extracts","8":"first","9":"instock","10":"shipping-taxable","11":"product-type-simple"},"acf":[],"_links":{"self":[{"href":"https:\/\/bstextract.com\/de\/wp-json\/wp\/v2\/product\/2788","targetHints":{"allow":["GET"]}}],"collection":[{"href":"https:\/\/bstextract.com\/de\/wp-json\/wp\/v2\/product"}],"about":[{"href":"https:\/\/bstextract.com\/de\/wp-json\/wp\/v2\/types\/product"}],"replies":[{"embeddable":true,"href":"https:\/\/bstextract.com\/de\/wp-json\/wp\/v2\/comments?post=2788"}],"wp:featuredmedia":[{"embeddable":true,"href":"https:\/\/bstextract.com\/de\/wp-json\/wp\/v2\/media\/2789"}],"wp:attachment":[{"href":"https:\/\/bstextract.com\/de\/wp-json\/wp\/v2\/media?parent=2788"}],"wp:term":[{"taxonomy":"product_brand","embeddable":true,"href":"https:\/\/bstextract.com\/de\/wp-json\/wp\/v2\/product_brand?post=2788"},{"taxonomy":"product_cat","embeddable":true,"href":"https:\/\/bstextract.com\/de\/wp-json\/wp\/v2\/product_cat?post=2788"},{"taxonomy":"product_tag","embeddable":true,"href":"https:\/\/bstextract.com\/de\/wp-json\/wp\/v2\/product_tag?post=2788"}],"curies":[{"name":"wp","href":"https:\/\/api.w.org\/{rel}","templated":true}]}}