{"id":2834,"date":"2025-09-09T07:50:59","date_gmt":"2025-09-09T07:50:59","guid":{"rendered":"https:\/\/bstextract.com\/?post_type=product&#038;p=2834"},"modified":"2025-09-09T07:50:59","modified_gmt":"2025-09-09T07:50:59","slug":"nattokinase-pulver-20000-fu","status":"publish","type":"product","link":"https:\/\/bstextract.com\/de\/produkt\/nattokinase-pulver-20000-fu\/","title":{"rendered":"Nattokinase-Pulver"},"content":{"rendered":"<h2><span class=\"selected\">Produkt\u00fcbersicht<\/span><\/h2>\n<p><span class=\"selected\">Ein hochwirksames fibrinolytisches Enzym, das aus dem traditionellen japanischen Nahrungsmittel Natto gewonnen wird. Unser Nattokinase-Pulver wird durch eine kontrollierte Fermentation von Nicht-GVO-Sojabohnen mit <\/span><em><span class=\"selected\">Bacillus subtilis natto<\/span><\/em><span class=\"selected\"> und wird sorgf\u00e4ltig gereinigt, um eine standardisierte Aktivit\u00e4t von 20.000 fibrinolytischen Einheiten (FU) pro Gramm zu liefern. Es wurde speziell f\u00fcr Formulierer in der Nahrungserg\u00e4nzungsmittel- und Functional-Food-Industrie entwickelt, die einen zuverl\u00e4ssigen, hochreinen Inhaltsstoff mit \u00fcberlegener Leistung in der Herstellung suchen.<\/span><\/p>\n<ul>\n<li><strong><span class=\"selected\">Hochpotenz und Wirksamkeit:<\/span><\/strong><span class=\"selected\"> Die standardisierte Aktivit\u00e4t von 20.000 FU\/g erm\u00f6glicht es, eine wirksame, klinisch relevante Dosis in einer kleineren, verbraucherfreundlichen Kapselgr\u00f6\u00dfe zu verabreichen, was die Anwendererfahrung und die Compliance verbessert.<\/span><\/li>\n<li><strong><span class=\"selected\">Nachweislich wenig Vitamin K2:<\/span><\/strong><span class=\"selected\"> Jede Charge wird mittels HPLC getestet, um sicherzustellen, dass der Vitamin-K2-Gehalt minimal ist (\u2264 10 mcg\/g). Dies ist ein kritischer Sicherheits- und Qualit\u00e4tsparameter f\u00fcr Rezepturen, die das kardiovaskul\u00e4re Wohlbefinden unterst\u00fctzen sollen.<\/span><\/li>\n<li><strong><span class=\"selected\">Hervorragende Fertigungseigenschaften:<\/span><\/strong><span class=\"selected\"> Optimierte Partikelgr\u00f6\u00dfe und Sch\u00fcttdichte sorgen f\u00fcr hervorragende Flie\u00dff\u00e4higkeit und gleichm\u00e4\u00dfiges Mischen, wodurch gleichm\u00e4\u00dfige F\u00fcllgewichte und effiziente Hochgeschwindigkeitsverkapselungsprozesse gew\u00e4hrleistet werden.<\/span><\/li>\n<li><strong><span class=\"selected\">R\u00fcckverfolgbare und stabile Versorgung:<\/span><\/strong><span class=\"selected\"> Als prim\u00e4re <\/span><strong><span class=\"selected\">Hersteller<\/span><\/strong><span class=\"selected\">bieten wir ein vollst\u00e4ndig r\u00fcckverfolgbares Produkt von der Fermentation bis zum fertigen Pulver. Diese Direkt-aus-dem<\/span><strong><span class=\"selected\">Werk<\/span><\/strong><span class=\"selected\"> Beziehung garantiert die Konsistenz von Charge zu Charge und eine zuverl\u00e4ssige, langfristige Lieferkette f\u00fcr Ihre Marke.<\/span><\/li>\n<\/ul>\n<h2><span class=\"selected\">Wichtige technische Parameter<\/span><\/h2>\n<table>\n<tbody>\n<tr>\n<th><span class=\"selected\">Parameter<\/span><\/th>\n<th><span class=\"selected\">Spezifikation<\/span><\/th>\n<th><span class=\"selected\">Typischer Wert<\/span><\/th>\n<th><span class=\"selected\">Pr\u00fcfverfahren<\/span><\/th>\n<\/tr>\n<tr>\n<td><strong><span class=\"selected\">Fibrinolytische Aktivit\u00e4t<\/span><\/strong><\/td>\n<td><strong><span class=\"selected\">\u2265 20.000 FU\/g<\/span><\/strong><\/td>\n<td><span class=\"selected\">21.500 FU\/g<\/span><\/td>\n<td><span class=\"selected\">JHNFA \/ Spektralphotometrie<\/span><\/td>\n<\/tr>\n<tr>\n<td><span class=\"selected\">Erscheinungsbild<\/span><\/td>\n<td><span class=\"selected\">Hellgelbes feines Pulver<\/span><\/td>\n<td><span class=\"selected\">Entspricht<\/span><\/td>\n<td><span class=\"selected\">Visuell<\/span><\/td>\n<\/tr>\n<tr>\n<td><span class=\"selected\">Geruch und Geschmack<\/span><\/td>\n<td><span class=\"selected\">Charakteristisch<\/span><\/td>\n<td><span class=\"selected\">Entspricht<\/span><\/td>\n<td><span class=\"selected\">Organoleptisch<\/span><\/td>\n<\/tr>\n<tr>\n<td><strong><span class=\"selected\">Vitamin-K2-Gehalt<\/span><\/strong><\/td>\n<td><strong><span class=\"selected\">\u2264 10 mcg\/g<\/span><\/strong><\/td>\n<td><span class=\"selected\">&lt; 5 mcg\/g<\/span><\/td>\n<td><span class=\"selected\">HPLC<\/span><\/td>\n<\/tr>\n<tr>\n<td><span class=\"selected\">Tr\u00e4ger<\/span><\/td>\n<td><span class=\"selected\">Nicht-GVO-Maltodextrin<\/span><\/td>\n<td><span class=\"selected\">Entspricht<\/span><\/td>\n<td><span class=\"selected\">&#8211;<\/span><\/td>\n<\/tr>\n<tr>\n<td><span class=\"selected\">Partikelgr\u00f6\u00dfe<\/span><\/td>\n<td><span class=\"selected\">95% Durchgang 80 Maschen<\/span><\/td>\n<td><span class=\"selected\">Entspricht<\/span><\/td>\n<td><span class=\"selected\">Siebung<\/span><\/td>\n<\/tr>\n<tr>\n<td><span class=\"selected\">Sch\u00fcttdichte<\/span><\/td>\n<td><span class=\"selected\">0,40 - 0,70 g\/ml<\/span><\/td>\n<td><span class=\"selected\">0,55 g\/ml<\/span><\/td>\n<td><span class=\"selected\">USP<\/span><\/td>\n<\/tr>\n<tr>\n<td><span class=\"selected\">Verlust beim Trocknen<\/span><\/td>\n<td><span class=\"selected\">\u2264 5.0%<\/span><\/td>\n<td><span class=\"selected\">3.5%<\/span><\/td>\n<td><span class=\"selected\">USP<\/span><\/td>\n<\/tr>\n<tr>\n<td><strong><span class=\"selected\">Schwermetalle<\/span><\/strong><\/td>\n<td><\/td>\n<td><\/td>\n<td><span class=\"selected\">ICP-MS<\/span><\/td>\n<\/tr>\n<tr>\n<td><span class=\"selected\">- Blei (Pb)<\/span><\/td>\n<td><span class=\"selected\">\u2264 1,0 ppm<\/span><\/td>\n<td><span class=\"selected\">&lt; 0,5 ppm<\/span><\/td>\n<td><\/td>\n<\/tr>\n<tr>\n<td><span class=\"selected\">- Arsen (As)<\/span><\/td>\n<td><span class=\"selected\">\u2264 1,0 ppm<\/span><\/td>\n<td><span class=\"selected\">&lt; 0,2 ppm<\/span><\/td>\n<td><\/td>\n<\/tr>\n<tr>\n<td><span class=\"selected\">- Quecksilber (Hg)<\/span><\/td>\n<td><span class=\"selected\">\u2264 0,1 ppm<\/span><\/td>\n<td><span class=\"selected\">Nicht erkannt<\/span><\/td>\n<td><\/td>\n<\/tr>\n<tr>\n<td><strong><span class=\"selected\">Mikrobiologie<\/span><\/strong><\/td>\n<td><\/td>\n<td><\/td>\n<td><span class=\"selected\">USP<\/span><\/td>\n<\/tr>\n<tr>\n<td><span class=\"selected\">- Gesamtplattenzahl<\/span><\/td>\n<td><span class=\"selected\">\u2264 1.000 KBE\/g<\/span><\/td>\n<td><span class=\"selected\">&lt; 100 KBE\/g<\/span><\/td>\n<td><\/td>\n<\/tr>\n<tr>\n<td><span class=\"selected\">- Hefe und Schimmel<\/span><\/td>\n<td><span class=\"selected\">\u2264 100 KBE\/g<\/span><\/td>\n<td><span class=\"selected\">&lt; 10 KBE\/g<\/span><\/td>\n<td><\/td>\n<\/tr>\n<tr>\n<td><span class=\"selected\">- E. Coli<\/span><\/td>\n<td><span class=\"selected\">Negativ<\/span><\/td>\n<td><span class=\"selected\">Negativ<\/span><\/td>\n<td><\/td>\n<\/tr>\n<tr>\n<td><span class=\"selected\">- Salmonellen<\/span><\/td>\n<td><span class=\"selected\">Negativ<\/span><\/td>\n<td><span class=\"selected\">Negativ<\/span><\/td>\n<td><\/td>\n<\/tr>\n<tr>\n<td><strong><span class=\"selected\">R\u00fcckst\u00e4nde von L\u00f6sungsmitteln<\/span><\/strong><\/td>\n<td><span class=\"selected\">Entspricht der USP<\/span><\/td>\n<td><span class=\"selected\">Entspricht<\/span><\/td>\n<td><span class=\"selected\">GC-HS<\/span><\/td>\n<\/tr>\n<\/tbody>\n<\/table>\n<p><em><span class=\"selected\">Hinweis: Gro\u00dfmengen sind in unserem Werk erh\u00e4ltlich und k\u00f6nnen auf Anfrage individuell verpackt werden.<\/span><\/em><\/p>\n<h2><span class=\"selected\">Pr\u00fcfung und Qualit\u00e4tssicherung<\/span><\/h2>\n<p><span class=\"selected\">Unser Engagement f\u00fcr Qualit\u00e4t ist absolut. Als ein f\u00fchrendes <\/span><strong><span class=\"selected\">Exporteur<\/span><\/strong><span class=\"selected\"> Unsere Nattokinase wird in einer nach GMP und ISO 22000 zertifizierten Anlage hergestellt. Jede Charge wird strengen internen und externen Tests unterzogen, um ihre Aktivit\u00e4t, Reinheit und Sicherheit zu \u00fcberpr\u00fcfen und sicherzustellen, dass sie die globalen Industriestandards erf\u00fcllt und \u00fcbertrifft.<\/span><\/p>\n<p><strong><span class=\"selected\">Dokumentation verf\u00fcgbar:<\/span><\/strong><\/p>\n<ul>\n<li><span class=\"selected\">Analysezertifikat (COA)<\/span><\/li>\n<li><span class=\"selected\">Sicherheitsdatenblatt (MSDS)<\/span><\/li>\n<li><span class=\"selected\">Allergene Erkl\u00e4rung<\/span><\/li>\n<li><span class=\"selected\">Erkl\u00e4rung \u00fcber Nicht-GVO und Nicht-Strahlung<\/span><\/li>\n<li><span class=\"selected\">N\u00e4hrwertbezogene Informationen<\/span><\/li>\n<\/ul>\n<h2><span class=\"selected\">Anwendungen und Formulierungsanleitungen<\/span><\/h2>\n<ul>\n<li><strong><span class=\"selected\">Prim\u00e4re Anwendung:<\/span><\/strong><span class=\"selected\"> Nahrungserg\u00e4nzungsmittel (Kapseln, Tabletten).<\/span><\/li>\n<li><strong><span class=\"selected\">Empfehlung der Darreichungsform:<\/span><\/strong><span class=\"selected\"> Aufgrund der pH-Empfindlichkeit des Enzyms, <\/span><strong><span class=\"selected\">magensaftresistente Kapseln<\/span><\/strong><span class=\"selected\"> sind das ideale Transportsystem. Dies sch\u00fctzt Nattokinase vor dem Abbau durch die Magens\u00e4ure und sorgt f\u00fcr eine optimale Aufnahme und Bioverf\u00fcgbarkeit im D\u00fcnndarm.<\/span><\/li>\n<li><strong><span class=\"selected\">Hinweis zur Formulierung:<\/span><\/strong><span class=\"selected\"> Eine typische Tagesdosis in klinischen Studien betr\u00e4gt 2.000 FU. Mit unserem 20.000 FU\/g-Pulver l\u00e4sst sich dies mit einer <\/span><strong><span class=\"selected\">100 mg Dosierung<\/span><\/strong><span class=\"selected\">. Vermeiden Sie es, das Pulver w\u00e4hrend des Mischens und der Herstellung hohen Temperaturen (&gt;50\u00b0C), hoher Scherung oder extremen pH-Werten auszusetzen.<\/span><\/li>\n<\/ul>\n<h2><span class=\"selected\">Kompatibilit\u00e4t und Co-Formulierung<\/span><\/h2>\n<p><span class=\"selected\">Unser Nattokinase-Pulver weist eine ausgezeichnete Kompatibilit\u00e4t mit den meisten g\u00e4ngigen trockenen Hilfsstoffen auf, darunter mikrokristalline Cellulose (MCC), Siliziumdioxid und Magnesiumstearat. Es kann effektiv mit anderen Inhaltsstoffen kombiniert werden, die auf die kardiovaskul\u00e4re Gesundheit abzielen, wie Coenzym Q10, Roter Hefereis und bestimmte Mineralien.<\/span><\/p>\n<h2><span class=\"selected\">Stabilit\u00e4t und Lagerung<\/span><\/h2>\n<ul>\n<li><strong><span class=\"selected\">Haltbarkeitsdauer:<\/span><\/strong><span class=\"selected\"> 24 Monate ab dem Datum der Herstellung.<\/span><\/li>\n<li><strong><span class=\"selected\">Lagerungsbedingungen:<\/span><\/strong><span class=\"selected\"> An einem k\u00fchlen, trockenen Ort (unter 20\u00b0C, &lt;60% r.F.), vor direkter Sonneneinstrahlung gesch\u00fctzt, im versiegelten Originalbeh\u00e4lter aufbewahren, um Feuchtigkeitsaufnahme und Abbau der enzymatischen Aktivit\u00e4t zu verhindern.<\/span><\/li>\n<li><strong><span class=\"selected\">Stabilit\u00e4tsprofil:<\/span><\/strong><span class=\"selected\"> Das Enzym ist am stabilsten in einem neutralen pH-Bereich von 6,0-8,0.<\/span><\/li>\n<\/ul>\n<h2><span class=\"selected\">Sicherheit und Compliance<\/span><\/h2>\n<ul>\n<li><strong><span class=\"selected\">Rechtlicher Status:<\/span><\/strong><span class=\"selected\"> Generally Recognized as Safe (GRAS) f\u00fcr die beabsichtigte Verwendung in Lebensmitteln und Nahrungserg\u00e4nzungsmitteln in den Vereinigten Staaten.<\/span><\/li>\n<li><strong><span class=\"selected\">Informationen zu Allergenen:<\/span><\/strong><span class=\"selected\"> Enth\u00e4lt <\/span><strong><span class=\"selected\">Soja<\/span><\/strong><span class=\"selected\">.<\/span><\/li>\n<li><strong><span class=\"selected\">Zertifizierungen:<\/span><\/strong><span class=\"selected\"> Nicht gentechnisch ver\u00e4ndert, nicht bestrahlt, BSE\/TSE-frei. Kosher- und Halal-zertifizierte Sorten sind auf Anfrage erh\u00e4ltlich.<\/span><\/li>\n<\/ul>\n<h2><span class=\"selected\">H\u00e4ufig gestellte Fragen (FAQ)<\/span><\/h2>\n<p><strong><span class=\"selected\">F: Wie garantieren Sie die Aktivit\u00e4t von 20.000 FU\/g?<\/span><\/strong><\/p>\n<p><strong><span class=\"selected\">A:<\/span><\/strong><span class=\"selected\"> Wir verwenden die standardisierte JHNFA (Japan Health and Nutrition Food Association)-Analysemethode, die den Goldstandard f\u00fcr Nattokinase darstellt. Diese Methode wird bei jeder einzelnen Charge angewendet, und das Ergebnis wird auf dem Analysezertifikat (COA) angegeben, das jeder Lieferung beiliegt.<\/span><\/p>\n<p><strong><span class=\"selected\">F: Warum ist niedriges Vitamin K2 wichtig?<\/span><\/strong><\/p>\n<p><strong><span class=\"selected\">A:<\/span><\/strong><span class=\"selected\"> Die Hauptfunktion von Vitamin K ist die F\u00f6rderung der Blutgerinnung. Bei einem Inhaltsstoff, der einen gesunden Kreislauf und Blutfluss unterst\u00fctzen soll, k\u00f6nnte das Vorhandensein von Vitamin K2 kontraproduktiv sein. Durch unser Reinigungsverfahren wird Vitamin K2 gezielt entfernt, wodurch es zu einem sichereren und wirksameren Inhaltsstoff f\u00fcr seine Zielanwendung wird.<\/span><\/p>\n<p><strong><span class=\"selected\">F: Liefern Sie direkt ab Werk?<\/span><\/strong><\/p>\n<p><strong><span class=\"selected\">A:<\/span><\/strong><span class=\"selected\"> Ja, wir sind das Original <\/span><strong><span class=\"selected\">Hersteller<\/span><\/strong><span class=\"selected\"> und eine globale <\/span><strong><span class=\"selected\">Exporteur<\/span><\/strong><span class=\"selected\"> dieses Nattokinase-Pulvers. Wenn Sie es direkt von uns beziehen, erhalten Sie ein Produkt mit vollst\u00e4ndiger R\u00fcckverfolgbarkeit, stabiler Qualit\u00e4t, einer zuverl\u00e4ssigen Lieferkette und dem bestm\u00f6glichen Wert.<\/span><\/p>\n<p><strong><span class=\"selected\">F: Wie hoch ist Ihre Mindestbestellmenge (MOQ)?<\/span><\/strong><\/p>\n<p><strong><span class=\"selected\">A:<\/span><\/strong><span class=\"selected\"> Unsere Standard-MOQ f\u00fcr dieses Produkt betr\u00e4gt 25 kg, normalerweise verpackt in einer Fasertrommel. Wir haben jedoch Verst\u00e4ndnis f\u00fcr den Bedarf an F&amp;E und Pilotchargen. Bitte kontaktieren Sie unser Vertriebsteam, um die spezifischen Anforderungen Ihres Projekts zu besprechen.<\/span><\/p>\n<h2><span class=\"selected\">Muster oder Angebot anfordern<\/span><\/h2>\n<p><span class=\"selected\">Sind Sie bereit, unser leistungsstarkes Nattokinase-Pulver f\u00fcr Ihr n\u00e4chstes Projekt zu testen? Wenden Sie sich an unser technisches Vertriebsteam, um ein unverbindliches Muster zu erhalten, ein wettbewerbsf\u00e4higes Angebot f\u00fcr eine gro\u00dfe Menge zu erhalten oder Ihre spezifischen Formulierungsanforderungen zu besprechen.<\/span><\/p>","protected":false},"excerpt":{"rendered":"<ul>\n<li><strong>Produkt:<\/strong> Nattokinase-Pulver<\/li>\n<li><strong>T\u00e4tigkeit:<\/strong> Standardisiert auf \u2265 20.000 FU\/g (JHNFA Activity Assay)<\/li>\n<li><strong>Quelle und Form:<\/strong> Hochreines, hellgelbes Pulver aus fermentierten Sojabohnen (Bacillus subtilis natto).<\/li>\n<li><strong>Anwendungen:<\/strong> Ideal f\u00fcr Nahrungserg\u00e4nzungsmittel (magensaftresistente Kapseln) und funktionelle Lebensmittel.<\/li>\n<li><strong>H\u00f6hepunkte:<\/strong> Nachweislich niedriger Vitamin-K2-Gehalt, ausgezeichnete Flie\u00dff\u00e4higkeit und direkt von einem GMP-zertifizierten Hersteller bezogen.<\/li>\n<\/ul>","protected":false},"featured_media":2835,"comment_status":"open","ping_status":"closed","template":"","meta":{"_acf_changed":false},"product_brand":[],"product_cat":[15],"product_tag":[],"class_list":{"0":"post-2834","1":"product","2":"type-product","3":"status-publish","4":"has-post-thumbnail","6":"product_cat-dietary-supplements","8":"first","9":"instock","10":"shipping-taxable","11":"product-type-simple"},"acf":[],"_links":{"self":[{"href":"https:\/\/bstextract.com\/de\/wp-json\/wp\/v2\/product\/2834","targetHints":{"allow":["GET"]}}],"collection":[{"href":"https:\/\/bstextract.com\/de\/wp-json\/wp\/v2\/product"}],"about":[{"href":"https:\/\/bstextract.com\/de\/wp-json\/wp\/v2\/types\/product"}],"replies":[{"embeddable":true,"href":"https:\/\/bstextract.com\/de\/wp-json\/wp\/v2\/comments?post=2834"}],"wp:featuredmedia":[{"embeddable":true,"href":"https:\/\/bstextract.com\/de\/wp-json\/wp\/v2\/media\/2835"}],"wp:attachment":[{"href":"https:\/\/bstextract.com\/de\/wp-json\/wp\/v2\/media?parent=2834"}],"wp:term":[{"taxonomy":"product_brand","embeddable":true,"href":"https:\/\/bstextract.com\/de\/wp-json\/wp\/v2\/product_brand?post=2834"},{"taxonomy":"product_cat","embeddable":true,"href":"https:\/\/bstextract.com\/de\/wp-json\/wp\/v2\/product_cat?post=2834"},{"taxonomy":"product_tag","embeddable":true,"href":"https:\/\/bstextract.com\/de\/wp-json\/wp\/v2\/product_tag?post=2834"}],"curies":[{"name":"wp","href":"https:\/\/api.w.org\/{rel}","templated":true}]}}