{"id":2844,"date":"2025-09-11T06:59:59","date_gmt":"2025-09-11T06:59:59","guid":{"rendered":"https:\/\/bstextract.com\/?post_type=product&#038;p=2844"},"modified":"2025-09-11T07:00:48","modified_gmt":"2025-09-11T07:00:48","slug":"ellagische-saure-90-hplc-pulver","status":"publish","type":"product","link":"https:\/\/bstextract.com\/de\/produkt\/ellagische-saure-90-hplc-pulver\/","title":{"rendered":"Ellags\u00e4ure"},"content":{"rendered":"<h2><strong><span class=\"selected\">Produkt\u00fcbersicht<\/span><\/strong><\/h2>\n<p><span class=\"selected\">Ellags\u00e4ure ist ein starkes, nat\u00fcrlich vorkommendes Polyphenol, das f\u00fcr seine bedeutenden antioxidativen Eigenschaften bekannt ist. Sie wird aus den n\u00e4hrstoffreichen Schalen von Granat\u00e4pfeln gewonnen (<\/span><em><span class=\"selected\">Punica granatum<\/span><\/em><span class=\"selected\">) ist unsere Ellags\u00e4ure ein hochreines, wissenschaftlich standardisiertes Pulver, das f\u00fcr Marken entwickelt wurde, die hochwertige, pflanzliche Inhaltsstoffe suchen. Seine robuste Leistung und sein ausgezeichnetes Stabilit\u00e4tsprofil machen es zur ersten Wahl f\u00fcr Produktentwickler in der Nahrungserg\u00e4nzungsmittel-, Kosmetik- und Functional-Food-Branche, die hochwirksame, wissenschaftlich untermauerte Produkte entwickeln wollen.<\/span><\/p>\n<p><span class=\"selected\">Dieser Inhaltsstoff ist keine blo\u00dfe Handelsware; er wurde f\u00fcr Formulierer entwickelt, die Pr\u00e4zision, Zuverl\u00e4ssigkeit und unvergleichliche Reinheit verlangen, um konsistente, vorhersehbare Ergebnisse in ihren Endprodukten zu erzielen. Wir wissen, dass in einem wettbewerbsintensiven Markt die Qualit\u00e4t Ihrer Rohstoffe direkt zum Erfolg Ihrer Marke beitr\u00e4gt.<\/span><\/p>\n<ul>\n<li><strong><span class=\"selected\">Garantierte Potenz:<\/span><\/strong><span class=\"selected\"> Wir standardisieren unsere Ellags\u00e4ure auf ein <\/span><strong><span class=\"selected\">Reinheit von mindestens 90%<\/span><\/strong><span class=\"selected\">die durch das HPLC-Testverfahren, das dem Industriestandard entspricht, best\u00e4tigt wurde. Dies garantiert Ihnen, dass Sie bei jeder Bestellung einen wirksamen und zuverl\u00e4ssigen Wirkstoff erhalten.<\/span><\/li>\n<li><strong><span class=\"selected\">Gleichbleibende Qualit\u00e4t:<\/span><\/strong><span class=\"selected\"> Auf dem neuesten Stand der Technik hergestellt, <\/span><strong><span class=\"selected\">GMP-zertifizierte Einrichtung<\/span><\/strong><span class=\"selected\">Unser Verfahren gew\u00e4hrleistet eine au\u00dfergew\u00f6hnliche Konsistenz von Charge zu Charge in Bezug auf Reinheit, Partikelgr\u00f6\u00dfe und Farbe und minimiert die Produktionsvariablen f\u00fcr Sie.<\/span><\/li>\n<li><strong><span class=\"selected\">Verbesserte Formulierbarkeit:<\/span><\/strong><span class=\"selected\"> Mit einem fein kontrollierten Partikelgr\u00f6\u00dfenprofil bietet unsere Ellags\u00e4ure hervorragende Handhabungs-, Misch- und Dispersionseigenschaften in verschiedenen Anwendungssystemen, von direkt verpressten Tabletten bis hin zu komplexen Emulsionen.<\/span><\/li>\n<li><strong><span class=\"selected\">Zuverl\u00e4ssige Lieferkette:<\/span><\/strong><span class=\"selected\"> Da die <\/span><strong><span class=\"selected\">direkter Hersteller<\/span><\/strong><span class=\"selected\">Wir bieten eine vollst\u00e4ndig r\u00fcckverfolgbare und stabile Lieferkette, die Ihnen das Vertrauen und die Zuverl\u00e4ssigkeit bietet, die Sie f\u00fcr eine langfristige Produktionsplanung und Marktwachstum ben\u00f6tigen.<\/span><\/li>\n<\/ul>\n<h2><strong><span class=\"selected\">Verpackung, Lagerung und Haltbarkeitsdauer<\/span><\/strong><\/h2>\n<ul>\n<li><strong><span class=\"selected\">Standardverpackung:<\/span><\/strong><span class=\"selected\"> 25 kg Nettogewicht in einem robusten Faserfass in Exportqualit\u00e4t, versiegelt mit einer doppelten Innenauskleidung aus lebensmittelechtem Polyethylen (PE) zum Schutz der Produktintegrit\u00e4t. Kundenspezifische Verpackungen sind auf Anfrage f\u00fcr Gro\u00dfbestellungen erh\u00e4ltlich.<\/span><\/li>\n<li><strong><span class=\"selected\">Lagerungsbedingungen:<\/span><\/strong><span class=\"selected\"> Um eine optimale Qualit\u00e4t zu erhalten, bewahren Sie das Produkt in einer k\u00fchlen (&lt;25\u00b0C), trockenen und dunklen Umgebung auf, fern von direktem Sonnenlicht, Feuchtigkeit und starken Ger\u00fcchen. Halten Sie den Beh\u00e4lter fest verschlossen, wenn Sie ihn nicht verwenden.<\/span><\/li>\n<li><strong><span class=\"selected\">Haltbarkeitsdauer:<\/span><\/strong><span class=\"selected\"> 24 Monate ab dem Herstellungsdatum, wenn es unter den empfohlenen Bedingungen gelagert wird.<\/span><\/li>\n<\/ul>\n<h2><strong><span class=\"selected\">Pr\u00fcfung und Qualit\u00e4tssicherung<\/span><\/strong><\/h2>\n<p><span class=\"selected\">Unser Engagement f\u00fcr Qualit\u00e4t wird durch ein strenges Testprotokoll best\u00e4tigt, das sich auf folgende Punkte konzentriert <\/span><strong><span class=\"selected\">Hochleistungs-Fl\u00fcssigkeitschromatographie (HPLC)<\/span><\/strong><span class=\"selected\">. Diese fortschrittliche Analysemethode ist der endg\u00fcltige Goldstandard f\u00fcr die genaue Identifizierung und Quantifizierung des Ellags\u00e4uregehalts. Im Gegensatz zu weniger pr\u00e4zisen UV-Vis-Spektralphotometrie-Methoden, die durch andere Polyphenole verf\u00e4lscht werden k\u00f6nnen, trennt die HPLC jede einzelne Verbindung, wodurch sichergestellt wird, dass die Reinheit von 90% auf unserer COA ein genaues Abbild des aktiven Molek\u00fcls ist.<\/span><\/p>\n<p><span class=\"selected\">Unsere Produktionsst\u00e4tte ist GMP-zertifiziert, und wir f\u00fchren eine umfassende Dokumentation, um Ihre Qualit\u00e4ts- und Regulierungsanforderungen zu unterst\u00fctzen. Als der <\/span><strong><span class=\"selected\">Originalhersteller und Exporteur<\/span><\/strong><span class=\"selected\">Wir bieten Ihnen volle Transparenz und k\u00f6nnen Ihnen eine vollst\u00e4ndige Akte mit Dokumenten zur Verf\u00fcgung stellen, um Ihren Lieferantenqualifizierungsprozess zu rationalisieren.<\/span><\/p>\n<p><strong><span class=\"selected\">Verf\u00fcgbare Dokumentation:<\/span><\/strong><\/p>\n<ul>\n<li><span class=\"selected\">Analysezertifikat (COA) speziell f\u00fcr jede Charge<\/span><\/li>\n<li><span class=\"selected\">Sicherheitsdatenblatt (MSDS)<\/span><\/li>\n<li><span class=\"selected\">Allergene Erkl\u00e4rung<\/span><\/li>\n<li><span class=\"selected\">Erkl\u00e4rung \u00fcber Nicht-GVO und Nicht-Strahlung<\/span><\/li>\n<li><span class=\"selected\">Halal- und Kosher-Zertifikate sind auf Anfrage erh\u00e4ltlich.<\/span><\/li>\n<\/ul>\n<h2><strong><span class=\"selected\">Anwendungen und Formulierungshinweise<\/span><\/strong><\/h2>\n<p><span class=\"selected\">Unsere hochreine Ellags\u00e4ure ist auf Vielseitigkeit und Leistung in einer Reihe von anspruchsvollen Anwendungen ausgelegt.<\/span><\/p>\n<h3><strong><span class=\"selected\">F\u00fcr Nahrungserg\u00e4nzungsmittel:<\/span><\/strong><\/h3>\n<p><span class=\"selected\">Eine ausgezeichnete Wahl f\u00fcr Kapseln, Tabletten und Pulvermischungen, die auf die Unterst\u00fctzung von Antioxidantien, Zellgesundheit und das Wohlbefinden der Haut von innen ausgerichtet sind. Seine hohe Konzentration erm\u00f6glicht wirksame, niedrig dosierte Formulierungen, die kosteng\u00fcnstiger und verbraucherfreundlicher sind.<\/span><\/p>\n<ul>\n<li><strong><span class=\"selected\">Empfohlene Verwendungsstufe:<\/span><\/strong><span class=\"selected\"> 50 mg - 250 mg pro Portion.<\/span><\/li>\n<li><strong><span class=\"selected\">Hinweis zur Formulierung:<\/span><\/strong><span class=\"selected\"> Aufgrund der kontrollierten Partikelgr\u00f6\u00dfe und der guten Flie\u00dff\u00e4higkeit eignet es sich f\u00fcr die Tablettierung unter direkter Kompression und f\u00fcr automatisierte Verkapselungsprozesse, wodurch der Bedarf an zus\u00e4tzlichen Hilfsstoffen reduziert wird.<\/span><\/li>\n<\/ul>\n<h3><strong><span class=\"selected\">F\u00fcr Hautpflegeformulierungen:<\/span><\/strong><\/h3>\n<p><span class=\"selected\">Ein wichtiger Wirkstoff f\u00fcr moderne Hautpflegeprodukte - einschlie\u00dflich Seren, Cremes, Lotionen und Masken -, der f\u00fcr einen helleren, gleichm\u00e4\u00dfigeren Hautton sorgt und einen robusten antioxidativen Schutz gegen Umweltbelastungen bietet.<\/span><\/p>\n<ul>\n<li><strong><span class=\"selected\">Empfohlene Verwendungsstufe:<\/span><\/strong><span class=\"selected\"> 0,2% - 1,0%.<\/span><\/li>\n<li><strong><span class=\"selected\">Hinweis zur Formulierung:<\/span><\/strong><span class=\"selected\"> Ellags\u00e4ure hat eine geringe Wasserl\u00f6slichkeit. F\u00fcr eine optimale Einarbeitung empfehlen wir, sie in der erw\u00e4rmten \u00d6lphase einer Emulsion zu dispergieren oder eine Voraufschl\u00e4mmung in einem geeigneten L\u00f6sungsmittel wie Propandiol, Propylenglykol oder Pentylenglykol zu erstellen, bevor sie bei einer Temperatur unter 45\u00b0C (113\u00b0F) der endg\u00fcltigen Formulierung hinzugef\u00fcgt wird. Es funktioniert am besten in Formulierungen mit einem End-pH-Wert zwischen 4,5 und 6,0.<\/span><\/li>\n<\/ul>\n<h2><strong><span class=\"selected\">Synergien und Kompatibilit\u00e4t der Formulierung<\/span><\/strong><\/h2>\n<p><span class=\"selected\">In Hautpflegeformulierungen zeigt Ellags\u00e4ure starke synergetische antioxidative Wirkungen, wenn sie sorgf\u00e4ltig mit anderen Wirkstoffen kombiniert wird, und tr\u00e4gt dazu bei, ein Mehrwege-Abwehrsystem f\u00fcr die Haut zu schaffen.<\/span><\/p>\n<ul>\n<li><strong><span class=\"selected\">Mit Vitaminen:<\/span><\/strong><span class=\"selected\"> Arbeitet au\u00dfergew\u00f6hnlich gut mit Ascorbins\u00e4ure (Vitamin C) und ihren stabilen Derivaten sowie Tocopherol (Vitamin E) zusammen, um ein breites Spektrum an antioxidativem Schutz zu bieten.<\/span><\/li>\n<li><strong><span class=\"selected\">Mit anderen Antioxidantien:<\/span><\/strong><span class=\"selected\"> Kann mit Ferulas\u00e4ure kombiniert werden, um seine Stabilit\u00e4t und Wirksamkeit zu erh\u00f6hen.<\/span><\/li>\n<li><strong><span class=\"selected\">Mit feuchtigkeitsspendenden Wirkstoffen:<\/span><\/strong><span class=\"selected\"> Es ist vollst\u00e4ndig kompatibel mit g\u00e4ngigen Feuchthaltemitteln und Hydratisierungsmitteln wie Hyalurons\u00e4ure, Glycerin und verschiedenen Glykolen.<\/span><\/li>\n<\/ul>\n<h2><strong><span class=\"selected\">Informationen zur Sicherheit und Einhaltung von Vorschriften<\/span><\/strong><\/h2>\n<p><span class=\"selected\">Dieses Produkt ist zur Verwendung als Bestandteil von Nahrungserg\u00e4nzungsmitteln und kosmetischen Formulierungen bestimmt. Es wird aus einer nat\u00fcrlichen Nahrungsquelle gewonnen (<\/span><em><span class=\"selected\">Punica granatum<\/span><\/em><span class=\"selected\">). Die hier zur Verf\u00fcgung gestellten Informationen dienen nur zu Informations- und Formulierungszwecken und stellen weder eine medizinische Behauptung noch eine Bef\u00fcrwortung eines Endprodukts dar. Wir raten Formulierern dringend, ihre regionalen Vorschriften (z. B. FDA, EFSA, NMPA) zu konsultieren, um die vollst\u00e4ndige Einhaltung der Vorschriften f\u00fcr ihre spezifische Anwendung und ihren Markt sicherzustellen.<\/span><\/p>\n<h2><strong><span class=\"selected\">H\u00e4ufig gestellte Fragen (FAQ)<\/span><\/strong><\/h2>\n<p><strong><span class=\"selected\">F1: Was ist der Hauptunterschied zwischen Ihrer 90% HPLC-Qualit\u00e4t und anderen, weniger definierten Extrakten?<\/span><\/strong><\/p>\n<p><span class=\"selected\">A: Unsere 90% HPLC-Qualit\u00e4t garantiert ein sehr hohes Ma\u00df an Reinheit und Wirksamkeit des aktiven Ellags\u00e4uremolek\u00fcls. Die HPLC-Methode gew\u00e4hrleistet diese Genauigkeit, die f\u00fcr Hochleistungsprodukte und eine transparente Kennzeichnung entscheidend ist, im Gegensatz zu weniger zuverl\u00e4ssigen UV-Testmethoden, die den Wirkstoffgehalt \u00fcberbewerten k\u00f6nnen.<\/span><\/p>\n<p><strong><span class=\"selected\">Q2: Liefern Sie direkt ab Werk?<\/span><\/strong><\/p>\n<p><span class=\"selected\">A: Ja, wir sind die <\/span><strong><span class=\"selected\">Originalhersteller und weltweiter Lieferant<\/span><\/strong><span class=\"selected\"> dieser Ellags\u00e4ure. Dies gew\u00e4hrleistet eine vollst\u00e4ndige R\u00fcckverfolgbarkeit vom Rohstoff bis zum fertigen Pulver, gleichbleibende Qualit\u00e4t, wettbewerbsf\u00e4hige Preise und eine stabile Lieferkette f\u00fcr unsere Kunden.<\/span><\/p>\n<p><strong><span class=\"selected\">F3: Was ist die beste Vorgehensweise, um dies in ein kosmetisches Serum auf Wasserbasis einzubauen?<\/span><\/strong><\/p>\n<p><span class=\"selected\">A: F\u00fcr ein haupts\u00e4chlich w\u00e4ssriges System ist die effektivste Methode, einen L\u00f6sungsvermittler zu verwenden oder eine Vordispersion in einem Glykol wie Propandiol herzustellen. L\u00f6sen Sie das Ellags\u00e4ure-Pulver zun\u00e4chst unter leichter Erw\u00e4rmung in dem Glykol auf und f\u00fcgen Sie diese L\u00f6sung dann der Wasserphase hinzu. Dadurch wird ein Verklumpen verhindert und die Homogenit\u00e4t gew\u00e4hrleistet.<\/span><\/p>\n<p><strong><span class=\"selected\">Q4: Wie hoch ist Ihre Mindestbestellmenge (MOQ) und die Vorlaufzeit?<\/span><\/strong><\/p>\n<p><span class=\"selected\">A: Unser Standard-MOQ ist 25kg. Wir sind jedoch bestrebt, die Forschung und Entwicklung unserer Kunden zu unterst\u00fctzen und bieten kleinere Mustermengen (100g - 1kg) zur Bewertung an. Die Standardvorlaufzeit betr\u00e4gt 2-3 Wochen, aber bitte kontaktieren Sie uns f\u00fcr aktuelle Lagerbest\u00e4nde und ein genaues Angebot.<\/span><\/p>","protected":false},"excerpt":{"rendered":"<ul>\n<li>\n<p class=\"\"><strong><span class=\"selected\">Hochreines Aktiv:<\/span><\/strong><span class=\"selected\"> Ellags\u00e4ure-Pulver, standardisiert auf eine Reinheit von \u2265 90%, sorgf\u00e4ltig \u00fcberpr\u00fcft durch HPLC-Analyse.<\/span><\/p>\n<\/li>\n<li><strong><span class=\"selected\">Nat\u00fcrliche Quelle:<\/span><\/strong><span class=\"selected\"> Extrahiert aus hochwertigen Granat\u00e4pfeln (<\/span><em><span class=\"selected\">Punica granatum<\/span><\/em><span class=\"selected\">) sch\u00e4lt, was dem Clean-Label-Trend entgegenkommt.<\/span><\/li>\n<li><strong><span class=\"selected\">Erscheinungsbild:<\/span><\/strong><span class=\"selected\"> Ein feines, hellgraues Pulver mit charakteristischem Geruch, das die Konsistenz des sensorischen Profils Ihrer Formulierung gew\u00e4hrleistet.<\/span><\/li>\n<li><strong><span class=\"selected\">Wichtigste Anwendungen:<\/span><\/strong><span class=\"selected\"> Entwickelt f\u00fcr leistungsstarke Nahrungserg\u00e4nzungsmittel, fortschrittliche Hautpflegeformulierungen (Seren, Cremes) und funktionelle Lebensmittel.<\/span><\/li>\n<li><strong><span class=\"selected\">Vorteil der Formulierung:<\/span><\/strong><span class=\"selected\"> Verf\u00fcgt \u00fcber eine kontrollierte Partikelgr\u00f6\u00dfe f\u00fcr eine verbesserte Dispersion und eine hervorragende Konsistenz von Charge zu Charge, was f\u00fcr eine skalierbare Produktion entscheidend ist.<\/span><\/li>\n<\/ul>","protected":false},"featured_media":2845,"comment_status":"open","ping_status":"closed","template":"","meta":{"_acf_changed":false},"product_brand":[],"product_cat":[21],"product_tag":[],"class_list":{"0":"post-2844","1":"product","2":"type-product","3":"status-publish","4":"has-post-thumbnail","6":"product_cat-plant-extracts","8":"first","9":"instock","10":"shipping-taxable","11":"product-type-simple"},"acf":[],"_links":{"self":[{"href":"https:\/\/bstextract.com\/de\/wp-json\/wp\/v2\/product\/2844","targetHints":{"allow":["GET"]}}],"collection":[{"href":"https:\/\/bstextract.com\/de\/wp-json\/wp\/v2\/product"}],"about":[{"href":"https:\/\/bstextract.com\/de\/wp-json\/wp\/v2\/types\/product"}],"replies":[{"embeddable":true,"href":"https:\/\/bstextract.com\/de\/wp-json\/wp\/v2\/comments?post=2844"}],"wp:featuredmedia":[{"embeddable":true,"href":"https:\/\/bstextract.com\/de\/wp-json\/wp\/v2\/media\/2845"}],"wp:attachment":[{"href":"https:\/\/bstextract.com\/de\/wp-json\/wp\/v2\/media?parent=2844"}],"wp:term":[{"taxonomy":"product_brand","embeddable":true,"href":"https:\/\/bstextract.com\/de\/wp-json\/wp\/v2\/product_brand?post=2844"},{"taxonomy":"product_cat","embeddable":true,"href":"https:\/\/bstextract.com\/de\/wp-json\/wp\/v2\/product_cat?post=2844"},{"taxonomy":"product_tag","embeddable":true,"href":"https:\/\/bstextract.com\/de\/wp-json\/wp\/v2\/product_tag?post=2844"}],"curies":[{"name":"wp","href":"https:\/\/api.w.org\/{rel}","templated":true}]}}