{"id":3103,"date":"2025-09-28T02:58:42","date_gmt":"2025-09-28T02:58:42","guid":{"rendered":"https:\/\/bstextract.com\/?post_type=product&#038;p=3103"},"modified":"2025-09-28T02:58:42","modified_gmt":"2025-09-28T02:58:42","slug":"inositol-pulver-myo-99","status":"publish","type":"product","link":"https:\/\/bstextract.com\/de\/produkt\/inositol-pulver-myo-99\/","title":{"rendered":"Inositol-Pulver (Myo-Inositol) 99%"},"content":{"rendered":"<h2><span class=\"selected\">Produkt\u00fcbersicht<\/span><\/h2>\n<p><span class=\"selected\">Myo-Inositol ist ein lebenswichtiges carbocyclisches Polyol, das eine entscheidende Rolle in den zellul\u00e4ren Signalwegen spielt. Historisch als Vitamin B8 bekannt, ist es ein wichtiger Bestandteil in modernen Ern\u00e4hrungs- und Wellnessprodukten. Unser Myo-Inositol ist ein feines, wei\u00dfes, kristallines Pulver mit einem leicht s\u00fc\u00dflichen Geschmack, was es zu einem au\u00dfergew\u00f6hnlich vielseitigen Bestandteil f\u00fcr eine Vielzahl von Branchen macht. Es dient als Eckpfeiler in hochentwickelten Formulierungen zur Unterst\u00fctzung der metabolischen Gesundheit, der kognitiven Funktion und des allgemeinen Wohlbefindens.<\/span><\/p>\n<h3><span class=\"selected\">Einzigartige Vorteile<\/span><\/h3>\n<ul>\n<li><strong><span class=\"selected\">Au\u00dfergew\u00f6hnliche Reinheit:<\/span><\/strong><span class=\"selected\"> Garantierter Test von \u226597%, wobei typische Chargen einen beeindruckenden Wert erreichen <\/span><strong><span class=\"selected\">99.2% durch HPLC<\/span><\/strong><span class=\"selected\">. Dies gew\u00e4hrleistet maximale Wirksamkeit und zuverl\u00e4ssige, genaue Dosierung f\u00fcr Ihre Formulierungen.<\/span><\/li>\n<li><strong><span class=\"selected\">Marktf\u00fchrende Sicherheit:<\/span><\/strong><span class=\"selected\"> Die Schwermetallwerte (Pb, As) werden getestet bei <\/span><strong><span class=\"selected\">0,001 ppm<\/span><\/strong><span class=\"selected\">ein Wert, der 1000 Mal niedriger ist als der gesetzlich vorgeschriebene Grenzwert von 1 ppm. Dies macht unser Inositol zur ersten Wahl f\u00fcr sensible Anwendungen wie S\u00e4uglingsnahrung und Nahrungserg\u00e4nzungsmittel mit sauberem Etikett.<\/span><\/li>\n<li><strong><span class=\"selected\">Hervorragende Stabilit\u00e4t und Verarbeitbarkeit:<\/span><\/strong><span class=\"selected\"> Mit einem extrem niedrigen Trocknungsverlust (typischerweise <\/span><strong><span class=\"selected\">&lt;0,1%<\/span><\/strong><span class=\"selected\">) ist dieses Pulver feuchtigkeitsresistent, was eine bessere Flie\u00dff\u00e4higkeit bei der Herstellung und eine l\u00e4ngere Haltbarkeit in Trockenmischungen, Tabletten und Kapseln gew\u00e4hrleistet.<\/span><\/li>\n<li><strong><span class=\"selected\">Mikrobiologisch sauber:<\/span><\/strong><span class=\"selected\"> Unser GMP-kontrollierter Prozess f\u00fchrt zu einem Produkt mit au\u00dfergew\u00f6hnlich niedrigen Keimzahlen (Total Plate Count typischerweise <\/span><strong><span class=\"selected\">&lt;20 KBE\/g<\/span><\/strong><span class=\"selected\">), die weit \u00fcber die Industriestandards hinausgehen und die Sicherheit und Integrit\u00e4t Ihres Endprodukts gew\u00e4hrleisten.<\/span><\/li>\n<li><strong><span class=\"selected\">Zuverl\u00e4ssige Lieferkette:<\/span><\/strong><span class=\"selected\"> Wir bieten eine konsistente, skalierbare Produktion <\/span><strong><span class=\"selected\">direkt vom Hersteller<\/span><\/strong><span class=\"selected\">und bietet Ihnen eine stabile, langfristige Versorgung und eine l\u00fcckenlose \u00dcberwachungskette.<\/span><\/li>\n<\/ul>\n<h2><span class=\"selected\">Wichtige technische Daten f\u00fcr Inositol-Pulver (99% Assay)<\/span><\/h2>\n<p><span class=\"selected\">Diese Tabelle enth\u00e4lt die garantierten Qualit\u00e4tsparameter f\u00fcr jede Charge, die eine gleichbleibende Leistung und Konformit\u00e4t gew\u00e4hrleisten.<\/span><\/p>\n<table>\n<tbody>\n<tr>\n<th><span class=\"selected\">Parameter<\/span><\/th>\n<th><span class=\"selected\">Standard<\/span><\/th>\n<th><span class=\"selected\">Typische Testmethode<\/span><\/th>\n<\/tr>\n<tr>\n<td><strong><span class=\"selected\">Physikalische und chemische Analyse<\/span><\/strong><\/td>\n<td><\/td>\n<td><\/td>\n<\/tr>\n<tr>\n<td><span class=\"selected\">Beschreibung<\/span><\/td>\n<td><span class=\"selected\">Wei\u00dfes oder gebrochen-wei\u00dfes kristallines Pulver<\/span><\/td>\n<td><span class=\"selected\">Visuell<\/span><\/td>\n<\/tr>\n<tr>\n<td><span class=\"selected\">Identifizierung<\/span><\/td>\n<td><span class=\"selected\">Positiv<\/span><\/td>\n<td><span class=\"selected\">USP\/NF<\/span><\/td>\n<\/tr>\n<tr>\n<td><span class=\"selected\">Gehalt (auf Trockenbasis)<\/span><\/td>\n<td><span class=\"selected\">\u226597.0% (typischerweise ~99.2%)<\/span><\/td>\n<td><span class=\"selected\">HPLC<\/span><\/td>\n<\/tr>\n<tr>\n<td><span class=\"selected\">Aschegehalt<\/span><\/td>\n<td><span class=\"selected\">\u22640.1%<\/span><\/td>\n<td><span class=\"selected\">USP\/NF<\/span><\/td>\n<\/tr>\n<tr>\n<td><span class=\"selected\">Verlust beim Trocknen<\/span><\/td>\n<td><span class=\"selected\">\u22640,5% (in der Regel &lt;0,1%)<\/span><\/td>\n<td><span class=\"selected\">USP\/NF<\/span><\/td>\n<\/tr>\n<tr>\n<td><span class=\"selected\">Schmelzpunkt<\/span><\/td>\n<td><span class=\"selected\">224\u00b0C - 227\u00b0C<\/span><\/td>\n<td><span class=\"selected\">USP\/NF<\/span><\/td>\n<\/tr>\n<tr>\n<td><strong><span class=\"selected\">Analyse von R\u00fcckst\u00e4nden und Verunreinigungen<\/span><\/strong><\/td>\n<td><\/td>\n<td><\/td>\n<\/tr>\n<tr>\n<td><span class=\"selected\">Blei (Pb)<\/span><\/td>\n<td><span class=\"selected\">\u22641 ppm (in der Regel 0,001 ppm)<\/span><\/td>\n<td><span class=\"selected\">ICP-MS<\/span><\/td>\n<\/tr>\n<tr>\n<td><span class=\"selected\">Arsen (As)<\/span><\/td>\n<td><span class=\"selected\">\u22641 ppm (in der Regel 0,001 ppm)<\/span><\/td>\n<td><span class=\"selected\">ICP-MS<\/span><\/td>\n<\/tr>\n<tr>\n<td><span class=\"selected\">R\u00fcckst\u00e4nde von L\u00f6sungsmitteln<\/span><\/td>\n<td><span class=\"selected\">Erf\u00fcllt die Anforderungen der USP .<\/span><\/td>\n<td><span class=\"selected\">GC-HS<\/span><\/td>\n<\/tr>\n<tr>\n<td><strong><span class=\"selected\">Mikrobiologische Analyse<\/span><\/strong><\/td>\n<td><\/td>\n<td><\/td>\n<\/tr>\n<tr>\n<td><span class=\"selected\">Gesamtplattenzahl<\/span><\/td>\n<td><span class=\"selected\">\u22641000 cfu\/g<\/span><\/td>\n<td><span class=\"selected\">USP\/NF<\/span><\/td>\n<\/tr>\n<tr>\n<td><span class=\"selected\">Hefe und Schimmel<\/span><\/td>\n<td><span class=\"selected\">\u2264100 KBE\/g<\/span><\/td>\n<td><span class=\"selected\">USP\/NF<\/span><\/td>\n<\/tr>\n<tr>\n<td><span class=\"selected\">E. Coli<\/span><\/td>\n<td><span class=\"selected\">Negativ \/ 10g<\/span><\/td>\n<td><span class=\"selected\">USP\/NF<\/span><\/td>\n<\/tr>\n<tr>\n<td><span class=\"selected\">Salmonellen<\/span><\/td>\n<td><span class=\"selected\">Negativ \/ 25g<\/span><\/td>\n<td><span class=\"selected\">USP\/NF<\/span><\/td>\n<\/tr>\n<tr>\n<td><span class=\"selected\">Staphylococcus<\/span><\/td>\n<td><span class=\"selected\">Negativ \/ 10g<\/span><\/td>\n<td><span class=\"selected\">USP\/NF<\/span><\/td>\n<\/tr>\n<\/tbody>\n<\/table>\n<p><em><span class=\"selected\">Hinweis: Gro\u00dfmengen sind verf\u00fcgbar <\/span><strong><span class=\"selected\">aus unserer Fabrik<\/span><\/strong><span class=\"selected\"> mit anpassbaren Verpackungsoptionen, um Ihren Produktionsanforderungen gerecht zu werden.<\/span><\/em><\/p>\n<h2><span class=\"selected\">Detektion und Qualit\u00e4tssicherung<\/span><\/h2>\n<h3><span class=\"selected\">Erweiterte Pr\u00fcfmethodik<\/span><\/h3>\n<p><span class=\"selected\">Wir verwenden die Hochleistungs-Fl\u00fcssigkeitschromatographie (HPLC) f\u00fcr die Assay-Tests. Diese fortschrittliche Methode gew\u00e4hrleistet die pr\u00e4zise Quantifizierung von Myo-Inositol und garantiert seine Reinheit und die Abwesenheit verwandter Verunreinigungen viel genauer als \u00e4ltere Titrationsmethoden. Zur Sicherheit werden Schwermetalle mithilfe der Massenspektrometrie mit induktiv gekoppeltem Plasma (ICP-MS) analysiert, die eine marktf\u00fchrende Empfindlichkeit bietet und die nachweisbare Reinheit liefert, die f\u00fcr die Einhaltung der weltweiten Vorschriften erforderlich ist.<\/span><\/p>\n<h3><span class=\"selected\">Konsistenz von Charge zu Charge<\/span><\/h3>\n<p><span class=\"selected\">Da die <\/span><strong><span class=\"selected\">Originalhersteller<\/span><\/strong><span class=\"selected\">arbeiten wir nach strengen GMP-Richtlinien (Good Manufacturing Practice). Unsere robusten Prozesskontrollen stellen sicher, dass jede Charge, vom ersten Kilogramm bis hin zu Auftr\u00e4gen von mehreren Tonnen, denselben hohen Standards f\u00fcr Reinheit, Partikelgr\u00f6\u00dfe und Dichte entspricht, die in unserem Analysezertifikat aufgef\u00fchrt sind. Diese Verpflichtung zur Konsistenz minimiert die Variabilit\u00e4t in Ihrem Produktionsprozess.<\/span><\/p>\n<h3><span class=\"selected\">Verf\u00fcgbare Dokumentation<\/span><\/h3>\n<p><span class=\"selected\">Wir bieten ein umfassendes Dokumentationspaket zur Unterst\u00fctzung Ihrer Qualit\u00e4ts- und Aufsichtsbeh\u00f6rdenteams, einschlie\u00dflich:<\/span><\/p>\n<ul>\n<li><span class=\"selected\">Analysenzertifikat (COA) f\u00fcr jede spezifische Charge<\/span><\/li>\n<li><span class=\"selected\">Sicherheitsdatenblatt (MSDS)<\/span><\/li>\n<li><span class=\"selected\">Allergene Erkl\u00e4rung<\/span><\/li>\n<li><span class=\"selected\">Non-GMO-Erkl\u00e4rung<\/span><\/li>\n<li><span class=\"selected\">Koscher- und Halal-Zertifikate<\/span><\/li>\n<\/ul>\n<h2><span class=\"selected\">Anwendungen und Formulierungsvorschl\u00e4ge<\/span><\/h2>\n<h3><span class=\"selected\">Nahrungserg\u00e4nzungsmittel<\/span><\/h3>\n<p><span class=\"selected\">Unser Myo-Inositol ist ideal f\u00fcr Kapseln, Tabletten (geeignet f\u00fcr direkte Kompression oder Nassgranulation) und Pulvermischungen. Sein bemerkenswert niedriger Feuchtigkeitsgehalt (<\/span><strong><span class=\"selected\">&lt;0,1% Verlust beim Trocknen<\/span><\/strong><span class=\"selected\">) verhindert das Verklumpen und verbessert die Stabilit\u00e4t in hygroskopischen Formulierungen. Sein neutrales Geschmacksprofil macht es perfekt f\u00fcr Formulierungen, die auf die metabolische Gesundheit, die Unterst\u00fctzung der Stimmung und das Wohlbefinden von Frauen abzielen.<\/span><\/p>\n<ul>\n<li><em><span class=\"selected\">Vorgeschlagene Einbindung:<\/span><\/em><span class=\"selected\"> 500mg - 2000mg pro Portion.<\/span><\/li>\n<\/ul>\n<h3><span class=\"selected\">Funktionelle Lebensmittel und Getr\u00e4nke<\/span><\/h3>\n<p><span class=\"selected\">Die ausgezeichnete Wasserl\u00f6slichkeit und thermische Stabilit\u00e4t unseres Inositols machen es einfach, es in trinkfertige Getr\u00e4nke, angereicherte W\u00e4sser, S\u00e4fte, Joghurts und Ern\u00e4hrungsriegel einzubringen. Es l\u00f6st sich auf und bildet eine klare, stabile L\u00f6sung, die der Pasteurisierung standh\u00e4lt, ohne Klarheit, Geschmack oder Textur zu beeintr\u00e4chtigen.<\/span><\/p>\n<h3><span class=\"selected\">Kosmetika und K\u00f6rperpflegemittel<\/span><\/h3>\n<p><span class=\"selected\">In der Hautpflege wird Myo-Inositol in Formulierungen wie Seren, Cremes und Lotionen wegen seiner wirksamen feuchtigkeitsspendenden und hautpflegenden Eigenschaften verwendet, die dazu beitragen, die Hautfeuchtigkeit und das Gleichgewicht zu erhalten.<\/span><\/p>\n<h2><span class=\"selected\">Kompatibilit\u00e4t und Co-Formulierung<\/span><\/h2>\n<p><span class=\"selected\">Myo-Inositol weist eine hohe Kompatibilit\u00e4t mit einer breiten Palette g\u00e4ngiger Inhaltsstoffe auf. Es kann problemlos mit Vitaminen (B-Komplex, C, D), Mineralien (Magnesium, Zink), Aminos\u00e4uren, Pr\u00e4biotika und anderen Pflanzenextrakten zusammen formuliert werden, ohne dass es zu Wechselwirkungen kommt, was es zu einem flexiblen und zuverl\u00e4ssigen Bestandteil komplexer Formulierungen macht.<\/span><\/p>\n<h2><span class=\"selected\">Verpackung, Stabilit\u00e4t und Lagerung<\/span><\/h2>\n<ul>\n<li><strong><span class=\"selected\">Verpackung:<\/span><\/strong><span class=\"selected\"> Die Standardverpackung besteht aus 25 kg Nettogewicht in Faserf\u00e4ssern mit doppelter lebensmittelechter Polyethylen (PE)-Auskleidung, um Produktintegrit\u00e4t, Sauberkeit und Schutz w\u00e4hrend Transport und Lagerung zu gew\u00e4hrleisten.<\/span><\/li>\n<li><strong><span class=\"selected\">Stabilit\u00e4t:<\/span><\/strong><span class=\"selected\"> Myo-Inositol ist ein hochstabiles Molek\u00fcl, das unter normalen Herstellungsbedingungen gegen den Abbau durch Licht und Hitze resistent ist. Es ist in einem weiten pH-Bereich stabil, der in Lebensmittel- und Getr\u00e4nkesystemen \u00fcblich ist.<\/span><\/li>\n<li><strong><span class=\"selected\">Lagerung und Haltbarkeit:<\/span><\/strong><span class=\"selected\"> An einem k\u00fchlen, trockenen Ort und vor direkter Sonneneinstrahlung gesch\u00fctzt in der versiegelten Originalverpackung aufbewahren. Die empfohlene Haltbarkeitsdauer betr\u00e4gt 36 Monate ab dem Herstellungsdatum.<\/span><\/li>\n<\/ul>\n<h2><span class=\"selected\">Sicherheit und Einhaltung gesetzlicher Vorschriften<\/span><\/h2>\n<p><span class=\"selected\">Myo-Inositol ist in den Vereinigten Staaten (FDA) f\u00fcr seine Verwendungszwecke in Lebensmitteln und Nahrungserg\u00e4nzungsmitteln allgemein als sicher anerkannt (GRAS). Dieses Produkt wird in einer GMP-zertifizierten Einrichtung hergestellt und ist mit Kosher- und Halal-Zertifizierungen erh\u00e4ltlich, um den Anforderungen des globalen Marktes gerecht zu werden.<\/span><\/p>\n<h2><span class=\"selected\">H\u00e4ufig gestellte Fragen (FAQ)<\/span><\/h2>\n<p><strong><span class=\"selected\">F: Sind Sie eine direkte Fabrik oder ein Handelsunternehmen?<\/span><\/strong><\/p>\n<p><span class=\"selected\">A: Wir sind die <\/span><strong><span class=\"selected\">Originalhersteller und Exporteur<\/span><\/strong><span class=\"selected\"> von Myo-Inositol. Die Beschaffung bei uns gew\u00e4hrleistet eine vollst\u00e4ndige R\u00fcckverfolgbarkeit, strenge Qualit\u00e4tskontrollen und eine stabile Lieferkette direkt ab der Produktionslinie.<\/span><\/p>\n<p><strong><span class=\"selected\">Q: Was ist die Standard-MOQ und Vorlaufzeit?<\/span><\/strong><\/p>\n<p><span class=\"selected\">A: Unsere Standard-Mindestbestellmenge (MOQ) betr\u00e4gt 25 kg. Die Lieferzeiten variieren je nach Bestimmungsort und Auftragsvolumen, aber Standardauftr\u00e4ge werden in der Regel innerhalb von 7-10 Werktagen versandt. Bitte kontaktieren Sie uns f\u00fcr ein konkretes Angebot.<\/span><\/p>\n<p><strong><span class=\"selected\">F: Bieten Sie koscheres und Halal-zertifiziertes Inositol an?<\/span><\/strong><\/p>\n<p><span class=\"selected\">A: Ja, dieses Produkt ist sowohl mit Kosher- als auch mit Halal-Zertifizierung erh\u00e4ltlich. Bitte geben Sie diese Anforderung bei Ihrer Bestellung an.<\/span><\/p>\n<p><strong><span class=\"selected\">F: Kann ich eine kleine Probe f\u00fcr Formulierungstests erhalten?<\/span><\/strong><\/p>\n<p><span class=\"selected\">A: Auf jeden Fall. Wir unterst\u00fctzen Formulierungstests und stellen qualifizierten Kunden Bewertungsmuster zur Verf\u00fcgung. Verwenden Sie das untenstehende Kontaktformular, um Ihre Anfrage zu stellen.<\/span><\/p>\n<h2><span class=\"selected\">Fordern Sie noch heute Ihr Muster und Angebot an<\/span><\/h2>\n<p><span class=\"selected\">Sind Sie bereit, hochreines Myo-Inositol in Ihr n\u00e4chstes marktf\u00fchrendes Produkt einzubauen? <\/span><strong><span class=\"selected\">Fordern Sie ein Muster direkt beim Hersteller an<\/span><\/strong><span class=\"selected\"> zur Bewertung oder kontaktieren Sie unser technisches Verkaufsteam f\u00fcr ein wettbewerbsf\u00e4higes Angebot f\u00fcr gro\u00dfe Mengen.<\/span><\/p>","protected":false},"excerpt":{"rendered":"<ul>\n<li>Ein hochreines, wei\u00dfes, kristallines Pulver, das aus gentechnikfreiem Mais gewonnen wird.<\/li>\n<li>Ideal f\u00fcr Nahrungserg\u00e4nzungsmittel, funktionelle Getr\u00e4nke, S\u00e4uglingsnahrung und kosmetische Anwendungen.<\/li>\n<li>Ausgezeichnete Wasserl\u00f6slichkeit, neutraler Geschmack und konstante Partikelgr\u00f6\u00dfe f\u00fcr eine hervorragende Formulierungsleistung.<\/li>\n<li>Erh\u00e4ltlich in gro\u00dfen Mengen direkt von einem GMP-zertifizierten Hersteller.<\/li>\n<\/ul>","protected":false},"featured_media":3104,"comment_status":"open","ping_status":"closed","template":"","meta":{"_acf_changed":false},"product_brand":[],"product_cat":[15],"product_tag":[],"class_list":{"0":"post-3103","1":"product","2":"type-product","3":"status-publish","4":"has-post-thumbnail","6":"product_cat-dietary-supplements","8":"first","9":"instock","10":"shipping-taxable","11":"product-type-simple"},"acf":[],"_links":{"self":[{"href":"https:\/\/bstextract.com\/de\/wp-json\/wp\/v2\/product\/3103","targetHints":{"allow":["GET"]}}],"collection":[{"href":"https:\/\/bstextract.com\/de\/wp-json\/wp\/v2\/product"}],"about":[{"href":"https:\/\/bstextract.com\/de\/wp-json\/wp\/v2\/types\/product"}],"replies":[{"embeddable":true,"href":"https:\/\/bstextract.com\/de\/wp-json\/wp\/v2\/comments?post=3103"}],"wp:featuredmedia":[{"embeddable":true,"href":"https:\/\/bstextract.com\/de\/wp-json\/wp\/v2\/media\/3104"}],"wp:attachment":[{"href":"https:\/\/bstextract.com\/de\/wp-json\/wp\/v2\/media?parent=3103"}],"wp:term":[{"taxonomy":"product_brand","embeddable":true,"href":"https:\/\/bstextract.com\/de\/wp-json\/wp\/v2\/product_brand?post=3103"},{"taxonomy":"product_cat","embeddable":true,"href":"https:\/\/bstextract.com\/de\/wp-json\/wp\/v2\/product_cat?post=3103"},{"taxonomy":"product_tag","embeddable":true,"href":"https:\/\/bstextract.com\/de\/wp-json\/wp\/v2\/product_tag?post=3103"}],"curies":[{"name":"wp","href":"https:\/\/api.w.org\/{rel}","templated":true}]}}