{"id":3137,"date":"2025-10-29T07:33:05","date_gmt":"2025-10-29T07:33:05","guid":{"rendered":"https:\/\/bstextract.com\/?post_type=product&#038;p=3137"},"modified":"2025-10-29T07:34:54","modified_gmt":"2025-10-29T07:34:54","slug":"r-alpha-liponsaure-99-pulver-hochisomer","status":"publish","type":"product","link":"https:\/\/bstextract.com\/de\/produkt\/r-alpha-liponsaure-99-pulver-hochisomer\/","title":{"rendered":"Alpha-Lipons\u00e4ure"},"content":{"rendered":"<h2 data-pm-slice=\"1 1 []\">Produkt\u00fcbersicht<\/h2>\n<p>Hierbei handelt es sich um eine hochwertige R-Alpha-Lipons\u00e4ure (R-ALA), die sorgf\u00e4ltig synthetisiert wurde, um eine au\u00dfergew\u00f6hnliche isomere Reinheit und Gesamtanalyse zu erzielen. Im Gegensatz zu standardm\u00e4\u00dfiger, kostenorientierter racemischer (50\/50) Alpha-Lipons\u00e4ure besteht dieses Material aus 98,27% <strong>R-Lipons\u00e4ure<\/strong>. Dies ist das biologisch aktive Enantiomer, die Form, die nat\u00fcrlicherweise im K\u00f6rper vorkommt und als wichtiger Cofaktor im mitochondrialen Energiestoffwechsel anerkannt ist.<\/p>\n<p>Mit einem verifizierten Gesamttest von 99,91% <strong>mittels HPLC<\/strong>Dieses gelbe kristalline Pulver ist die erste Wahl f\u00fcr Formulierer, die hochwirksame Nahrungserg\u00e4nzungsmittel und moderne kosmetische Anwendungen entwickeln. Es bietet die \u00fcberlegene Bioverf\u00fcgbarkeit und Wirksamkeit des R-Isomers bei gleichzeitig hervorragender Verarbeitbarkeit und wettbewerbsf\u00e4higen Kosten pro aktiver Einheit.<\/p>\n<p>Unser fortschrittliches Synthese- und Reinigungsverfahren ist so konzipiert, dass Verunreinigungen und L\u00f6sungsmittelr\u00fcckst\u00e4nde minimiert werden. Die sich daraus ergebende Spezifikation, die durch unser typisches COA belegt wird, weist extrem niedrige Toluol-R\u00fcckst\u00e4nde (0,00047%) und einen vernachl\u00e4ssigbaren Schwermetallgehalt auf und bietet unvergleichliche Qualit\u00e4t und regulatorisches Vertrauen direkt an der Quelle.<\/p>\n<p><strong>Die wichtigsten Vorteile:<\/strong><\/p>\n<ul>\n<li><strong>Hoch bioaktive Form:<\/strong> Bietet 98,27% R-Isomer (enantiomere) Reinheit f\u00fcr maximale biologische Relevanz.<\/li>\n<li><strong>Au\u00dfergew\u00f6hnliche totale Reinheit:<\/strong> 99,91% Gesamt-ALA-Assay, verifiziert durch HPLC, mit Gesamtverunreinigungen von nur 0,09%.<\/li>\n<li><strong>\u00dcberlegenes Sicherheitsprofil:<\/strong> Nachgewiesene extrem niedrige L\u00f6sungsmittelr\u00fcckst\u00e4nde, wobei der Toluolgehalt 189 Mal niedriger ist als der ICH-Grenzwert.<\/li>\n<li><strong>Isomeren-Nachweis:<\/strong> R-Form physikalisch best\u00e4tigt durch spezifische Drehung (typisches Ergebnis: +117\u00b0).<\/li>\n<li><strong>Kosteneffiziente Potenz:<\/strong> Bietet einen st\u00e4rkeren, biologisch aktiven Bestandteil als racemisches ALA und optimiert die Kosteneffizienz der Formulierung.<\/li>\n<li><strong>Lieferung direkt vom Hersteller:<\/strong> Gew\u00e4hrleistet vollst\u00e4ndige R\u00fcckverfolgbarkeit, Konsistenz von Charge zu Charge und eine zuverl\u00e4ssige Lieferkette direkt von unserem <strong>Werk<\/strong>.<\/li>\n<\/ul>\n<h2>Technische Schl\u00fcsselparameter (basierend auf einem typischen COA)<\/h2>\n<p>In dieser Spezifikationstabelle sind die strengen Qualit\u00e4tsstandards aufgef\u00fchrt, die unsere R-Alpha-Lipons\u00e4ure stets erf\u00fcllt. Die Spalte \"Ergebnisse\" spiegelt typische Chargendaten aus der mitgelieferten COA wider, die eine konsequente Einhaltung der geforderten Standards weit \u00fcbertreffen.<\/p>\n<table>\n<tbody>\n<tr>\n<th>Artikel<\/th>\n<th>Normen (Spezifikation)<\/th>\n<th>Ergebnisse (typische Chargenanalyse)<\/th>\n<th>Methode<\/th>\n<\/tr>\n<tr>\n<td><strong>Physikalische und chemische Analyse<\/strong><\/td>\n<td><\/td>\n<td><\/td>\n<td><\/td>\n<\/tr>\n<tr>\n<td>Erscheinungsbild<\/td>\n<td>Gelbes kristallines Pulver<\/td>\n<td>Erf\u00fcllt<\/td>\n<td>Visuell<\/td>\n<\/tr>\n<tr>\n<td>Identifizierung<\/td>\n<td>Positiv<\/td>\n<td>Erf\u00fcllt<\/td>\n<td>IR\/HPLC<\/td>\n<\/tr>\n<tr>\n<td>Geruch&amp;Geschmack<\/td>\n<td>Charakteristisch<\/td>\n<td>Erf\u00fcllt<\/td>\n<td>Organoleptisch<\/td>\n<\/tr>\n<tr>\n<td>Assay<\/td>\n<td>\u226599.0%<\/td>\n<td>99.91%<\/td>\n<td>HPLC<\/td>\n<\/tr>\n<tr>\n<td><strong>Verwandte Substanz (Verunreinigungsprofil)<\/strong><\/td>\n<td><\/td>\n<td><\/td>\n<td><\/td>\n<\/tr>\n<tr>\n<td>6,8-Epitrithio-octans\u00e4ure<\/td>\n<td><\/td>\n<td>N.D<\/td>\n<td>HPLC<\/td>\n<\/tr>\n<tr>\n<td>Maximale individuelle Verunreinigung<\/td>\n<td>NMT 0.1%<\/td>\n<td>0.09%<\/td>\n<td>HPLC<\/td>\n<\/tr>\n<tr>\n<td>Gesamtverunreinigung<\/td>\n<td>NMT 1%<\/td>\n<td>0.09%<\/td>\n<td>HPLC<\/td>\n<\/tr>\n<tr>\n<td><strong>R\u00fcckst\u00e4nde von L\u00f6sungsmitteln<\/strong><\/td>\n<td><\/td>\n<td><\/td>\n<td>GC-HS<\/td>\n<\/tr>\n<tr>\n<td>Cyclohexan<\/td>\n<td>NMT 0.388%<\/td>\n<td>0.10%<\/td>\n<td>GC-HS<\/td>\n<\/tr>\n<tr>\n<td>Ethylacetat<\/td>\n<td>NMT 0.5%<\/td>\n<td>0.0068%<\/td>\n<td>GC-HS<\/td>\n<\/tr>\n<tr>\n<td>Toluol<\/td>\n<td>NMT 0.089%<\/td>\n<td>0.00047%<\/td>\n<td>GC-HS<\/td>\n<\/tr>\n<tr>\n<td><strong>Isomer (chirale Reinheit)<\/strong><\/td>\n<td><\/td>\n<td><\/td>\n<td>Chirale HPLC<\/td>\n<\/tr>\n<tr>\n<td>R-Lipons\u00e4ure<\/td>\n<td>Bericht<\/td>\n<td>98.27%<\/td>\n<td>Chirale HPLC<\/td>\n<\/tr>\n<tr>\n<td>L-Lipons\u00e4ure<\/td>\n<td>Bericht<\/td>\n<td>1.72%<\/td>\n<td>Chirale HPLC<\/td>\n<\/tr>\n<tr>\n<td><strong>Physikalische Merkmale<\/strong><\/td>\n<td><\/td>\n<td><\/td>\n<td><\/td>\n<\/tr>\n<tr>\n<td>Spezifische Rotation<\/td>\n<td>&#8211;<\/td>\n<td>+117\u00b0<\/td>\n<td>USP<\/td>\n<\/tr>\n<tr>\n<td><strong>R\u00fcckstandsanalyse<\/strong><\/td>\n<td><\/td>\n<td><\/td>\n<td><\/td>\n<\/tr>\n<tr>\n<td>Schwermetall<\/td>\n<td>\u2264 10ppm<\/td>\n<td>Erf\u00fcllt<\/td>\n<td>ICP-MS<\/td>\n<\/tr>\n<tr>\n<td>Pb<\/td>\n<td>\u2264 3ppm<\/td>\n<td>Erf\u00fcllt<\/td>\n<td>ICP-MS<\/td>\n<\/tr>\n<tr>\n<td>Als<\/td>\n<td>\u2264 2ppm<\/td>\n<td>Erf\u00fcllt<\/td>\n<td>ICP-MS<\/td>\n<\/tr>\n<tr>\n<td>Hg<\/td>\n<td>\u2264 0,1ppm<\/td>\n<td>Erf\u00fcllt<\/td>\n<td>ICP-MS<\/td>\n<\/tr>\n<tr>\n<td>Cd<\/td>\n<td>\u2264 1ppm<\/td>\n<td>Erf\u00fcllt<\/td>\n<td>ICP-MS<\/td>\n<\/tr>\n<tr>\n<td><strong>Mikrobiologisch<\/strong><\/td>\n<td><\/td>\n<td><\/td>\n<td><\/td>\n<\/tr>\n<tr>\n<td>Gesamtplattenzahl<\/td>\n<td>\u2264 1000cfu\/g<\/td>\n<td>Erf\u00fcllt<\/td>\n<td>USP<\/td>\n<\/tr>\n<tr>\n<td>Hefe&amp;Schimmel<\/td>\n<td>\u2264 1000cfu\/g<\/td>\n<td>Erf\u00fcllt<\/td>\n<td>USP<\/td>\n<\/tr>\n<tr>\n<td>E.coli<\/td>\n<td>Negativ<\/td>\n<td>Negativ<\/td>\n<td>USP<\/td>\n<\/tr>\n<tr>\n<td>Salmonellen<\/td>\n<td>Negativ<\/td>\n<td>Negativ<\/td>\n<td>USP<\/td>\n<\/tr>\n<\/tbody>\n<\/table>\n<h2>Detektion, Qualit\u00e4t und herausragende Leistungen in der Produktion<\/h2>\n<p>Qualit\u00e4t ist nicht nur eine Spezifikation; sie wird durch eine transparente Methodik und eine robuste Prozesskontrolle validiert. Wir stellen diese Daten zur Verf\u00fcgung, um Ihre technischen und regulatorischen Teams zu unterst\u00fctzen.<\/p>\n<h3>Fortgeschrittene Isomer- und L\u00f6sungsmittelpr\u00fcfung<\/h3>\n<p>Das entscheidende Unterscheidungsmerkmal von R-ALA liegt in seiner isomeren Reinheit, die mit Standard-HPLC nicht bestimmt werden kann.<\/p>\n<ul>\n<li><strong>Isomeranalyse (chirale HPLC):<\/strong> Wir verwenden hochaufl\u00f6sende chirale HPLC-Methoden (chirale S\u00e4ulenchromatographie), um die R-Lipons\u00e4ure (98,27%) von der inaktiven L-Lipons\u00e4ure (1,72%) pr\u00e4zise zu trennen und zu quantifizieren.<\/li>\n<li><strong>Spezifische Rotation:<\/strong> Die positive spezifische Drehung (rechtsdrehend) von +117\u00b0 dient als entscheidende physikalische Best\u00e4tigung der Vorherrschaft des R-Enantiomers und best\u00e4tigt den chiralen Assay.<\/li>\n<li><strong>R\u00fcckst\u00e4nde von L\u00f6sungsmitteln (GC-HS):<\/strong> Wir verwenden die Headspace-Gaschromatographie (GC-HS), um fl\u00fcchtige L\u00f6sungsmittel bis hinunter zum ppm-Wert nachzuweisen. Unser nachgewiesenes Ergebnis f\u00fcr Toluol (ein L\u00f6sungsmittel der ICH-Klasse 2) betr\u00e4gt 0,00047% <strong>(oder 4,7 ppm)<\/strong>. Dies ist <strong>189 Mal niedriger<\/strong> als der akzeptierte ICH Q3C-Grenzwert von 0,089% (890 ppm), was die au\u00dfergew\u00f6hnliche Sicherheit und Raffinesse unseres Herstellungsverfahrens best\u00e4tigt.<\/li>\n<\/ul>\n<h3>GMP-Herstellung und R\u00fcckverfolgbarkeit<\/h3>\n<p>Als die prim\u00e4re <strong>Hersteller<\/strong> und <strong>Exporteur<\/strong> dieses hochreinen Inhaltsstoffs bieten wir vollst\u00e4ndige Transparenz in der Lieferkette. Unsere Einrichtungen arbeiten nach strengen GMP- und ISO-Richtlinien und gew\u00e4hrleisten eine solide Qualit\u00e4tskontrolle, eine hervorragende Konsistenz von Charge zu Charge und eine vollst\u00e4ndige R\u00fcckverfolgbarkeit f\u00fcr Ihre Dokumentation.<\/p>\n<p><strong>Verf\u00fcgbare Dokumente f\u00fcr Ihre Compliance-Anforderungen:<\/strong><\/p>\n<ul>\n<li><a href=\"https:\/\/bstextract.com\/wp-content\/uploads\/2025\/10\/Alpha-Lipoic-Acid-coa.pdf\">Analysezertifikat (COA)<\/a><\/li>\n<li>Sicherheitsdatenblatt (MSDS)<\/li>\n<li>Allergene Erkl\u00e4rung<\/li>\n<li>Non-GMO-Erkl\u00e4rung<\/li>\n<li>Koscher- und Halal-Zertifikate<\/li>\n<li>Flussdiagramm der Herstellung<\/li>\n<\/ul>\n<h2>Anwendungen und Formulierungshinweise<\/h2>\n<p>Der hohe Gehalt an R-Isomeren in diesem Produkt macht es zu einem wirksamen und effizienten Inhaltsstoff f\u00fcr Formulierer, die die universellen antioxidativen\" Eigenschaften der Alpha-Lipons\u00e4ure nutzen wollen.<\/p>\n<h3>Nahrungserg\u00e4nzungsmittel<\/h3>\n<p>R-ALA ist ein vielseitiges Antioxidans, das sowohl in wasser- als auch in fettl\u00f6slicher Umgebung wirkt. Seine hohe Bioverf\u00fcgbarkeit in der R-Form ist eine erstklassige Komponente f\u00fcr:<\/p>\n<ul>\n<li><strong>Formulierungen f\u00fcr \"gesundes Altern\":<\/strong> Es ist ein grundlegendes Antioxidans f\u00fcr die Zellgesundheit.<\/li>\n<li><strong>Unterst\u00fctzung des Glukosestoffwechsels:<\/strong> F\u00fcr Nahrungserg\u00e4nzungsmittel zur Unterst\u00fctzung eines gesunden Blutzuckerspiegels.<\/li>\n<li><strong>Unterst\u00fctzung der Nervengesundheit:<\/strong> Ein \u00fcblicher Bestandteil in Formulierungen f\u00fcr Nervenkomfort und -funktion.<\/li>\n<li><strong>Darreichungsformen:<\/strong> Das gelbe kristalline Pulver bietet eine gute Flie\u00dff\u00e4higkeit f\u00fcr die Verkapselung (zweiteilige Hartschalen) und kann f\u00fcr die direkte Kompression (Tabletten) verwendet werden, obwohl die physikalischen Eigenschaften von R-ALA f\u00fcr eine optimale Tablettierbarkeit spezifische Hilfsstoffe erfordern k\u00f6nnen.<\/li>\n<li><strong>Typische Inklusion:<\/strong> 50 mg - 200 mg pro Portion.<\/li>\n<\/ul>\n<h3>Fortgeschrittene Hautpflege &amp; Kosmetik<\/h3>\n<p>R-ALA ist ein starkes Antioxidans, das die Hautbarriere vor oxidativem Stress sch\u00fctzt und das Erscheinungsbild von Hautton und -struktur verbessert.<\/p>\n<ul>\n<li><strong>Anwendungen:<\/strong> Hochwirksame Seren, sch\u00fctzende Tagescremes und \"Anti-Aging\"-Lotionen.<\/li>\n<li><strong>Hinweis zur Formulierung:<\/strong> R-Alpha-Lipons\u00e4ure ist empfindlich gegen\u00fcber Hitze und Licht. In Emulsionen empfehlen wir, sie w\u00e4hrend der Einwirkzeit einzubringen. <strong>Abk\u00fchlphase<\/strong> (&lt; 40\u2103). Es wirkt am besten in stabilen Emulsionen oder wasserfreien (wasserfreien) Grundlagen. Sicherstellen, dass die Verpackung undurchsichtig ist, um vor Licht zu sch\u00fctzen.<\/li>\n<li><strong>Typische Inklusion:<\/strong> 0,1% - 1,0%.<\/li>\n<\/ul>\n<h2>Stabilit\u00e4t, Lagerung und Handhabung<\/h2>\n<p>R-Alpha-Lipons\u00e4ure (CAS 1200-22-2) ist empfindlich gegen\u00fcber hohen Temperaturen, Licht und Polymerisation. Dies ist eine bekannte Eigenschaft des aktiven R-Isomers. Um die 24-monatige Haltbarkeit zu gew\u00e4hrleisten, ist die strikte Einhaltung von Lagerungsprotokollen unerl\u00e4sslich.<\/p>\n<ul>\n<li><strong>Lagerung:<\/strong> In unge\u00f6ffneten, luftdicht verschlossenen Originalbeh\u00e4ltern an einem k\u00fchlen, trockenen und dunklen Ort aufbewahren. F\u00fcr eine optimale Langzeitstabilit\u00e4t ist eine K\u00fchlung (empfohlen 2-8\u2103) erforderlich.<\/li>\n<li><strong>Handhabung:<\/strong> Nach dem \u00d6ffnen ist die Exposition gegen\u00fcber Luft und Feuchtigkeit zu minimieren. Es wird dringend empfohlen, den Kopfraum von teilweise verwendeten Beh\u00e4ltern mit einem Inertgas (z. B. Stickstoff oder Argon) abzudecken, um Oxidation und Polymerisation zu verhindern.<\/li>\n<li><strong>Haltbarkeitsdauer:<\/strong> 24 Monate ab dem Herstellungsdatum bei korrekter Lagerung.<\/li>\n<\/ul>\n<h2>Sicherheit und Einhaltung von Vorschriften<\/h2>\n<p>Dieser Inhaltsstoff wird so hergestellt, dass er die wichtigsten internationalen Normen f\u00fcr Nahrungserg\u00e4nzungsmittel und Kosmetika erf\u00fcllt oder \u00fcbertrifft.<\/p>\n<ul>\n<li><strong>Schwermetalle:<\/strong> Erf\u00fcllt die strengen Grenzwerte f\u00fcr Pb, As, Hg und Cd, wie mittels ICP-MS \u00fcberpr\u00fcft.<\/li>\n<li><strong>Mikrobiologisch:<\/strong> Frei von pathogenen Bakterien (E. coli, Salmonellen) und mit einer niedrigen Gesamtkeimzahl, was die Sicherheit f\u00fcr die Verwendung in der Ern\u00e4hrung gew\u00e4hrleistet.<\/li>\n<li><strong>L\u00f6sungsmittel:<\/strong> Entspricht den USP - und ICH Q3C-Richtlinien f\u00fcr L\u00f6sungsmittelr\u00fcckst\u00e4nde.<\/li>\n<\/ul>\n<h2>H\u00e4ufig gestellte Fragen (FAQ)<\/h2>\n<p><strong>F: Worin besteht der Hauptunterschied zwischen Ihrem R-ALA (98.27% R-Isomer) und herk\u00f6mmlichem 50\/50 racemischen ALA?<\/strong><\/p>\n<p>A: Die racemische Standard-ALA ist eine 50\/50-Mischung aus R-Lipons\u00e4ure und L-Lipons\u00e4ure. Unser Produkt enth\u00e4lt 98,27% des R-Isomers, das die einzige Form ist, die der menschliche K\u00f6rper endogen produziert und als Cofaktor anerkennt. Dies sorgt f\u00fcr eine deutlich h\u00f6here biologische Aktivit\u00e4t und Potenz pro Milligramm und macht es zu einem effizienteren und wirksameren Inhaltsstoff f\u00fcr Ihre Formulierung.<\/p>\n<p><strong>F: Ihr COA zeigt<\/strong> 99.91% <strong>Assay aber<\/strong> 98.27% <strong>R-Lipons\u00e4ure. K\u00f6nnen Sie das erkl\u00e4ren?<\/strong><\/p>\n<p>A: Dies ist eine ausgezeichnete technische Frage. Der \"Assay (99.91%)\" misst die <em>insgesamt<\/em> Alpha-Lipons\u00e4ure (sowohl R- als auch L-Isomere) mittels einer Standard-HPLC-Methode. Der \"Isomer (98.27%)\"-Test verwendet eine spezielle <em>Chirale HPLC<\/em> Methode zur Bestimmung der <em>Verh\u00e4ltnis<\/em> dieser Isomere. Diese COA zeigt, dass von den 99,91% Gesamt-ALA 98,27% die gew\u00fcnschte R-Form und nur 1,72% die L-Form sind.<\/p>\n<p><strong>F: Im COA ist Toluol aufgef\u00fchrt. Entspricht dies den USP - oder EU-Vorschriften?<\/strong> A: Ja, es ist vollst\u00e4ndig konform. Toluol ist ein L\u00f6sungsmittel der ICH-Klasse 2. Die Spezifikation (NMT 0,089% oder 890 ppm) ist der anerkannte internationale Grenzwert. Unser typisches Chargenergebnis von 0,00047% <strong>(oder 4,7 ppm)<\/strong> ist <strong>189 Mal niedriger<\/strong> \u00fcber diesem Grenzwert, was f\u00fcr ein au\u00dfergew\u00f6hnlich sauberes und sicheres Produkt spricht, das alle weltweiten Normen, einschlie\u00dflich der USP , problemlos erf\u00fcllt.<\/p>\n<p><strong>F: Wie stabil ist dieses R-ALA-Pulver im Vergleich zu Na-R-ALA?<\/strong><\/p>\n<p>A: Dies ist R-Alpha-Lipons\u00e4ure <em>freie S\u00e4ure<\/em>das von Natur aus weniger stabil ist als sein Natriumsalz (Na-R-ALA), insbesondere bei Hitze und Feuchtigkeit. Diese Form wird jedoch h\u00e4ufig f\u00fcr bestimmte Formulierungen (z. B. nicht hygroskopisch, wasserfrei oder spezifischer pH-Wert) und die Kennzeichnung (\"natriumfrei\") bevorzugt. Die Stabilit\u00e4t ist ausgezeichnet, wenn unsere Lagerungsprotokolle (gek\u00fchlt, dunkel, unter Inertgas) befolgt werden.<\/p>\n<p><strong>F: Sind Sie der direkte Hersteller dieser R-ALA?<\/strong><\/p>\n<p>A: Ja, wir sind das Original <strong>Hersteller<\/strong> und <strong>globaler Exporteur<\/strong> dieser hochreinen R-Alpha-Lipons\u00e4ure. Wir steuern den gesamten Synthese- und Reinigungsprozess und gew\u00e4hrleisten die vollst\u00e4ndige R\u00fcckverfolgbarkeit und Chargenkonsistenz direkt von unserem <strong>Werk<\/strong> zu Ihrer Einrichtung.<\/p>\n<p><strong>F: Was ist die typische Mindestbestellmenge und der HS-Code f\u00fcr internationale Gro\u00dfauftr\u00e4ge?<\/strong><\/p>\n<p>A: Unsere Standard-MOQ f\u00fcr dieses Produkt ist 25 kg, verpackt in F\u00e4ssern in Exportqualit\u00e4t. Der HS-Code f\u00fcr Alpha-Lipons\u00e4ure ist normalerweise 2934.99. Bitte kontaktieren Sie unser Verkaufsteam f\u00fcr ein formelles Angebot auf der Grundlage Ihres Volumens und Ihrer Bestimmung.<\/p>","protected":false},"excerpt":{"rendered":"<ul>\n<li><b>Produkt:<\/b> R-Alpha-Lipons\u00e4ure (hohes R-Isomer)<\/li>\n<li><b>Pr\u00fcfung:<\/b> <span class=\"math-inline\" data-math=\"99.91\\%\">99.91%<\/span>\u00a0(Gesamt-ALA durch HPLC)<\/li>\n<li><b>Isomer-Reinheit:<\/b> <span class=\"math-inline\" data-math=\"98.27\\%\">98.27%<\/span>\u00a0R-Lipons\u00e4ure (mittels chiraler HPLC)<\/li>\n<li><b>Erscheinungsbild:<\/b> Gelbes kristallines Pulver<\/li>\n<li><b>Wichtigste Merkmale:<\/b> Ultra-Niedrig-Toluol (<span class=\"math-inline\" data-math=\"0.00047\\%\">0.00047%<\/span>), Spezifische Drehung <span class=\"math-inline\" data-math=\"+117^\\circ\">+117\u00b0<\/span><\/li>\n<li><b>Anwendungen:<\/b> Ideal f\u00fcr hochwirksame Nahrungserg\u00e4nzungsmittel (Glukosestoffwechsel, gesunde Hautalterung) und antioxidative Hautpflege.<\/li>\n<li><b>Vorteil:<\/b> Eine kosteneffiziente Alternative mit hoher Bioverf\u00fcgbarkeit sowohl zu herk\u00f6mmlicher racemischer ALA als auch zu instabiler reiner R-ALA.<\/li>\n<\/ul>","protected":false},"featured_media":3134,"comment_status":"open","ping_status":"closed","template":"","meta":{"_acf_changed":false},"product_brand":[],"product_cat":[15],"product_tag":[],"class_list":{"0":"post-3137","1":"product","2":"type-product","3":"status-publish","4":"has-post-thumbnail","6":"product_cat-dietary-supplements","8":"first","9":"instock","10":"shipping-taxable","11":"product-type-simple"},"acf":[],"_links":{"self":[{"href":"https:\/\/bstextract.com\/de\/wp-json\/wp\/v2\/product\/3137","targetHints":{"allow":["GET"]}}],"collection":[{"href":"https:\/\/bstextract.com\/de\/wp-json\/wp\/v2\/product"}],"about":[{"href":"https:\/\/bstextract.com\/de\/wp-json\/wp\/v2\/types\/product"}],"replies":[{"embeddable":true,"href":"https:\/\/bstextract.com\/de\/wp-json\/wp\/v2\/comments?post=3137"}],"wp:featuredmedia":[{"embeddable":true,"href":"https:\/\/bstextract.com\/de\/wp-json\/wp\/v2\/media\/3134"}],"wp:attachment":[{"href":"https:\/\/bstextract.com\/de\/wp-json\/wp\/v2\/media?parent=3137"}],"wp:term":[{"taxonomy":"product_brand","embeddable":true,"href":"https:\/\/bstextract.com\/de\/wp-json\/wp\/v2\/product_brand?post=3137"},{"taxonomy":"product_cat","embeddable":true,"href":"https:\/\/bstextract.com\/de\/wp-json\/wp\/v2\/product_cat?post=3137"},{"taxonomy":"product_tag","embeddable":true,"href":"https:\/\/bstextract.com\/de\/wp-json\/wp\/v2\/product_tag?post=3137"}],"curies":[{"name":"wp","href":"https:\/\/api.w.org\/{rel}","templated":true}]}}