{"id":822,"date":"2025-05-12T07:12:41","date_gmt":"2025-05-12T07:12:41","guid":{"rendered":"https:\/\/bstextract.com\/?post_type=product&#038;p=822"},"modified":"2025-06-09T03:19:09","modified_gmt":"2025-06-09T03:19:09","slug":"nad-kapseln","status":"publish","type":"product","link":"https:\/\/bstextract.com\/de\/produkt\/nad-kapseln\/","title":{"rendered":"OEM NAD-Kapseln (Nicotinamid-Adenin-Dinukleotid-Kapseln)"},"content":{"rendered":"<h2><strong>Was ist NAD?<\/strong><\/h2>\n<p><a href=\"https:\/\/bstextract.com\/de\/produkt\/nad-pulver\/\">NAD<\/a> ist ein lebenswichtiges Molek\u00fcl, das eine Schl\u00fcsselrolle im Zellstoffwechsel, bei der DNA-Reparatur und der Aufrechterhaltung der Mitochondrienfunktion spielt. Mit zunehmendem Alter sinkt der NAD-Spiegel, was zu verminderter Energie, eingeschr\u00e4nkter kognitiver Leistungsf\u00e4higkeit und erh\u00f6hter Anf\u00e4lligkeit f\u00fcr altersbedingte Krankheiten f\u00fchrt.<\/p>\n<p><img fetchpriority=\"high\" decoding=\"async\" class=\"NAD Capsules aligncenter wp-image-837 size-full\" src=\"https:\/\/bstextract.com\/wp-content\/uploads\/2025\/05\/NAD-Capsules.webp\" alt=\"NAD-Kapseln\" width=\"750\" height=\"500\" title=\"\" srcset=\"https:\/\/bstextract.com\/wp-content\/uploads\/2025\/05\/NAD-Capsules.webp 750w, https:\/\/bstextract.com\/wp-content\/uploads\/2025\/05\/NAD-Capsules-300x200.webp 300w, https:\/\/bstextract.com\/wp-content\/uploads\/2025\/05\/NAD-Capsules-600x400.webp 600w\" sizes=\"(max-width: 750px) 100vw, 750px\" \/><\/p>\n<p>Die NAD-Kapseln erg\u00e4nzen diese essentielle Verbindung und tragen theoretisch dazu bei, die zellul\u00e4re Effizienz wiederherzustellen und die allgemeine Vitalit\u00e4t zu verbessern. Einige der am meisten zitierten Vorteile sind:<\/p>\n<ul>\n<li><strong>Gesteigerte Energieproduktion<\/strong> durch verbesserte Mitochondrienfunktion<\/li>\n<li><strong>Verbesserte kognitive Klarheit<\/strong> und geistige Konzentration<\/li>\n<li><strong>Unterst\u00fctzung der DNA-Reparaturmechanismen<\/strong>, F\u00f6rderung der Langlebigkeit<\/li>\n<li><strong>Besserer Schlaf, bessere Stimmung und h\u00f6here Stressresistenz<\/strong><\/li>\n<\/ul>\n<h2><strong>Parameter<\/strong><\/h2>\n<table>\n<tbody>\n<tr>\n<td><b>Produktname<\/b><\/td>\n<td>NAD-Kapseln<\/td>\n<\/tr>\n<tr>\n<td><b>Anderer Name<\/b><\/td>\n<td>Nicotinamid-Adenin-Dinukleotid-Kapseln<\/td>\n<\/tr>\n<tr>\n<td><b>Aktiver Inhaltsstoff<\/b><\/td>\n<td><a href=\"https:\/\/bstextract.com\/de\/produkt\/resveratrol\/\">Resveratrol<\/a><br \/>\nNAD<\/td>\n<\/tr>\n<tr>\n<td><b>Erscheinungsbild<\/b><\/td>\n<td>Wei\u00dfe Kapseln<\/td>\n<\/tr>\n<tr>\n<td><b>Produkt-Spezifikation<\/b><\/td>\n<td>500mg\/800mg\/1000mg\/Kappe oder kundenspezifisch<\/td>\n<\/tr>\n<tr>\n<td><b>Paket<\/b><\/td>\n<td>60 Kappen\/90 Kappen\/120 Kappen\/Flasche oder kundenspezifisch oder nach Kundenwunsch<\/td>\n<\/tr>\n<tr>\n<td><b>Muster<\/b><\/td>\n<td>Frei zur Verf\u00fcgung gestellt<\/td>\n<\/tr>\n<tr>\n<td><b>Haltbarkeitsdauer<\/b><\/td>\n<td>24 Monate bei ordnungsgem\u00e4\u00dfer Aufbewahrung<\/td>\n<\/tr>\n<tr>\n<td><b>Lagerung<\/b><\/td>\n<td>In dichten, lichtbest\u00e4ndigen Beh\u00e4ltern aufbewahren, direkte Sonneneinstrahlung, Feuchtigkeit und \u00fcberm\u00e4\u00dfige Hitze vermeiden.<\/td>\n<\/tr>\n<tr>\n<td><b>Zertifikat<\/b><\/td>\n<td>KOSHER\/HACCP\/ISO22000\/HALAL\/EU\/USDA\/Organisch<\/td>\n<\/tr>\n<\/tbody>\n<\/table>\n<h2><strong>FAQ \u00fcber NAD-Kapseln<\/strong><\/h2>\n<p><strong>Wozu sind NAD-Kapseln gut?<\/strong><\/p>\n<p>NAD-Kapseln werden haupts\u00e4chlich zur Unterst\u00fctzung der zellul\u00e4ren Energieproduktion, der DNA-Reparatur, des gesunden Alterns und der allgemeinen Stoffwechselfunktion verwendet. Sie k\u00f6nnen zu einem erh\u00f6hten Energieniveau, verbesserten kognitiven Funktionen und einem allgemeinen Wohlbefinden beitragen.<\/p>\n<p><strong>Wie funktionieren die NAD-Kapseln?<\/strong><\/p>\n<p>NAD-Kapseln enthalten in der Regel Vorstufen wie Nicotinamid-Ribosid (NR) oder Nicotinamid-Mononukleotid (NMN), die der K\u00f6rper leicht in NAD+ umwandeln kann. Durch die Erh\u00f6hung des NAD+-Spiegels in den Zellen tragen diese Nahrungserg\u00e4nzungsmittel zur Optimierung verschiedener wichtiger biologischer Prozesse bei.<\/p>\n<p><strong>Gibt es Nebenwirkungen bei der Einnahme von NAD-Kapseln?<\/strong><\/p>\n<p>Im Allgemeinen sind NAD-Vorl\u00e4ufer wie NR und NMN gut vertr\u00e4glich. Einige Personen k\u00f6nnen jedoch <span class=\"citation-0\">leichte Magen-Darm-Beschwerden auftreten. Es ist <\/span><span class=\"citation-0 citation-1 citation-end-0\">Es wird immer empfohlen, einen Arzt zu konsultieren, bevor Sie mit einer neuen Nahrungserg\u00e4nzung beginnen.<\/span><span class=\"button-container hide-from-message-actions ng-star-inserted\">\u00a0 \u00a0<\/span><\/p>\n<p><strong><span class=\"citation-1 citation-end-1\">Wie lange dauert es, bis man die<\/span> die Vorteile einer NAD-Supplementierung?<\/strong><\/p>\n<p>Der Zeitraum, in dem sich die Vorteile einer NAD-Erg\u00e4nzung bemerkbar machen, kann je nach individuellen Faktoren und dem jeweiligen Produkt variieren. Einige Benutzer k\u00f6nnen Verbesserungen im Energieniveau innerhalb einiger Wochen bemerken, w\u00e4hrend andere Vorteile im Zusammenhang mit dem Altern und der allgemeinen Gesundheit l\u00e4nger dauern k\u00f6nnen, um sich bei konsequenter Anwendung bemerkbar zu machen.<span class=\"button-container hide-from-message-actions ng-star-inserted\"> \u00a0<\/span><\/p>\n<p>Wir sind zuversichtlich, dass unser Premium <a href=\"https:\/\/bstextract.com\/de\/produkt\/nad-pulver\/\">NAD<\/a> Kapseln sind eine wertvolle Erg\u00e4nzung f\u00fcr Ihre Produktlinie. Setzen Sie sich noch heute mit uns in Verbindung, um mehr \u00fcber unsere Produktionsm\u00f6glichkeiten zu erfahren und dar\u00fcber, wie wir gemeinsam Ihren Kunden diese au\u00dfergew\u00f6hnliche Erg\u00e4nzung anbieten k\u00f6nnen.<\/p>","protected":false},"excerpt":{"rendered":"<table style=\"font-family: Verdana;\">\n<tbody>\n<tr>\n<td><b>Produktname<\/b><\/td>\n<td>NAD-Kapseln<\/td>\n<\/tr>\n<tr>\n<td><b>Anderer Name<\/b><\/td>\n<td>Nicotinamid-Adenin-Dinukleotid-Kapseln<\/td>\n<\/tr>\n<tr>\n<td><b>Aktiver Inhaltsstoff<\/b><\/td>\n<td><a href=\"https:\/\/bstextract.com\/de\/produkt\/resveratrol\/\">Resveratrol<\/a><br \/>\nNAD<\/td>\n<\/tr>\n<tr>\n<td><b>Erscheinungsbild<\/b><\/td>\n<td>Wei\u00dfe Kapseln<\/td>\n<\/tr>\n<tr>\n<td><b>Produkt-Spezifikation<\/b><\/td>\n<td>500mg\/800mg\/1000mg\/Kappe oder kundenspezifisch<\/td>\n<\/tr>\n<\/tbody>\n<\/table>","protected":false},"featured_media":823,"comment_status":"open","ping_status":"closed","template":"","meta":{"_acf_changed":false},"product_brand":[],"product_cat":[44],"product_tag":[],"class_list":{"0":"post-822","1":"product","2":"type-product","3":"status-publish","4":"has-post-thumbnail","6":"product_cat-oem-odm","8":"first","9":"instock","10":"shipping-taxable","11":"product-type-simple"},"acf":[],"_links":{"self":[{"href":"https:\/\/bstextract.com\/de\/wp-json\/wp\/v2\/product\/822","targetHints":{"allow":["GET"]}}],"collection":[{"href":"https:\/\/bstextract.com\/de\/wp-json\/wp\/v2\/product"}],"about":[{"href":"https:\/\/bstextract.com\/de\/wp-json\/wp\/v2\/types\/product"}],"replies":[{"embeddable":true,"href":"https:\/\/bstextract.com\/de\/wp-json\/wp\/v2\/comments?post=822"}],"wp:featuredmedia":[{"embeddable":true,"href":"https:\/\/bstextract.com\/de\/wp-json\/wp\/v2\/media\/823"}],"wp:attachment":[{"href":"https:\/\/bstextract.com\/de\/wp-json\/wp\/v2\/media?parent=822"}],"wp:term":[{"taxonomy":"product_brand","embeddable":true,"href":"https:\/\/bstextract.com\/de\/wp-json\/wp\/v2\/product_brand?post=822"},{"taxonomy":"product_cat","embeddable":true,"href":"https:\/\/bstextract.com\/de\/wp-json\/wp\/v2\/product_cat?post=822"},{"taxonomy":"product_tag","embeddable":true,"href":"https:\/\/bstextract.com\/de\/wp-json\/wp\/v2\/product_tag?post=822"}],"curies":[{"name":"wp","href":"https:\/\/api.w.org\/{rel}","templated":true}]}}