{"id":856,"date":"2025-05-13T02:21:06","date_gmt":"2025-05-13T02:21:06","guid":{"rendered":"https:\/\/bstextract.com\/?post_type=product&#038;p=856"},"modified":"2025-06-06T09:55:04","modified_gmt":"2025-06-06T09:55:04","slug":"elektrolyttabletten-elektrolyt-brausetabletten","status":"publish","type":"product","link":"https:\/\/bstextract.com\/de\/produkt\/elektrolyttabletten-elektrolyt-brausetabletten\/","title":{"rendered":"OEM Elektrolyt-Tabletten (Elektrolyt-Brausetabletten)"},"content":{"rendered":"<h2><strong>Was sind Elektrolyt-Brausetabletten?<\/strong><\/h2>\n<p>Elektrolyt-Brausetabletten sind schnell aufl\u00f6sende Fl\u00fcssigkeitszus\u00e4tze, die entwickelt wurden, um <strong>wichtige Mineralien wieder aufzuf\u00fcllen<\/strong> wie Natrium, Kalium, Magnesium und Kalzium - die alle f\u00fcr die Aufrechterhaltung des Fl\u00fcssigkeitshaushalts, der Muskelfunktion, der Nervensignale und des anhaltenden Energieniveaus wichtig sind. Geben Sie einfach eine Tablette in Wasser und genie\u00dfen Sie ein sprudelndes, geschmackvolles Getr\u00e4nk, das schneller und effizienter hydratisiert als Wasser allein.<\/p>\n<p><img fetchpriority=\"high\" decoding=\"async\" class=\"aligncenter wp-image-861 size-full\" src=\"https:\/\/bstextract.com\/wp-content\/uploads\/2025\/05\/5-4.jpg\" alt=\"Elektrolyt-Brausetabletten\" width=\"800\" height=\"800\" title=\"\" srcset=\"https:\/\/bstextract.com\/wp-content\/uploads\/2025\/05\/5-4.jpg 800w, https:\/\/bstextract.com\/wp-content\/uploads\/2025\/05\/5-4-300x300.jpg 300w, https:\/\/bstextract.com\/wp-content\/uploads\/2025\/05\/5-4-150x150.jpg 150w, https:\/\/bstextract.com\/wp-content\/uploads\/2025\/05\/5-4-768x768.jpg 768w, https:\/\/bstextract.com\/wp-content\/uploads\/2025\/05\/5-4-600x600.jpg 600w, https:\/\/bstextract.com\/wp-content\/uploads\/2025\/05\/5-4-100x100.jpg 100w\" sizes=\"(max-width: 800px) 100vw, 800px\" \/><\/p>\n<p>Jede Tablette liefert eine pr\u00e4zise Dosis an Elektrolyten ohne Zucker, Kalorien oder k\u00fcnstliche Zusatzstoffe. Die leichten und reisefreundlichen Tabletten sind die perfekte L\u00f6sung zur Fl\u00fcssigkeitszufuhr f\u00fcr unterwegs, im Fitnessstudio oder zur Erholung nach einer Dehydrierung. Ob zur t\u00e4glichen Unterst\u00fctzung oder zur Erholung nach Anstrengung oder Krankheit, diese Tabletten bieten eine saubere und bequeme M\u00f6glichkeit, sich schneller besser zu f\u00fchlen.<\/p>\n<h2><strong>Parameter<\/strong><\/h2>\n<table style=\"font-family: Verdana;\">\n<tbody>\n<tr>\n<td><b>Produktname<\/b><\/td>\n<td>Elektrolyt-Tabletten<\/td>\n<\/tr>\n<tr>\n<td><b>Aktiver Inhaltsstoff<\/b><\/td>\n<td>Magnesium, Kalzium, Kalium, Natrium, usw.<\/td>\n<\/tr>\n<tr>\n<td><b>Anderer Name<\/b><\/td>\n<td>Hydratation Elektrolyt-Tabletten<br \/>\nElektrolyt-Brausetabletten<\/td>\n<\/tr>\n<tr>\n<td><b>Geschmack<\/b><\/td>\n<td>Zitrone, Traube, Himbeere, Kirsche, Granatapfel, Orange und andere nat\u00fcrliche Fruchtgeschmacksrichtungen<\/td>\n<\/tr>\n<tr>\n<td><b>Erscheinungsbild<\/b><\/td>\n<td>Bunte Tabletten<\/td>\n<\/tr>\n<tr>\n<td><b>Paket<\/b><\/td>\n<td>10Tabletten\/20Tabletten\/R\u00f6hre oder auf Anfrage des Kunden<\/td>\n<\/tr>\n<tr>\n<td><b>OEM\/ODM<\/b><\/td>\n<td>Akzeptables kundenspezifisches Etikett<\/td>\n<\/tr>\n<tr>\n<td><b>Muster<\/b><\/td>\n<td>Frei zur Verf\u00fcgung gestellt<\/td>\n<\/tr>\n<tr>\n<td><b>Haltbarkeitsdauer<\/b><\/td>\n<td>24 Monate bei ordnungsgem\u00e4\u00dfer Aufbewahrung<\/td>\n<\/tr>\n<tr>\n<td><b>Lagerung<\/b><\/td>\n<td>In dichten, lichtbest\u00e4ndigen Beh\u00e4ltern aufbewahren, direkte Sonneneinstrahlung, Feuchtigkeit und \u00fcberm\u00e4\u00dfige Hitze vermeiden.<\/td>\n<\/tr>\n<tr>\n<td><b>Zertifikat<\/b><\/td>\n<td>KOSHER\/HACCP\/ISO22000\/HALAL\/EU\/USDA\/Organisch<\/td>\n<\/tr>\n<\/tbody>\n<\/table>\n<h2><strong>Anwendungen von Elektrolyt-Brausetabletten<\/strong><\/h2>\n<p>Elektrolyt-Brausetabletten sind vielseitig einsetzbar und ideal f\u00fcr eine breite Palette von Anwendungen. Sie sind besonders hilfreich in Situationen, in denen die Fl\u00fcssigkeitszufuhr entscheidend ist - wie <strong>k\u00f6rperliche Aktivit\u00e4t, Reisen, hei\u00dfes Wetter oder Krankheit<\/strong>. W\u00e4hrend des Workouts oder intensiven Trainings helfen diese Tabletten, Mineralien zu ersetzen, die durch den Schwei\u00df verloren gehen, verringern die M\u00fcdigkeit und unterst\u00fctzen eine bessere Ausdauer und Muskelerholung. Ihre schnell wirkende Formel hilft, Kr\u00e4mpfe zu verhindern und unterst\u00fctzt das Energieniveau ohne Koffein oder Zucker.<\/p>\n<p>Sie sind auch ein ausgezeichneter t\u00e4glicher Fl\u00fcssigkeitslieferant. Egal, ob Sie am Schreibtisch sitzen, sich von einer Erk\u00e4ltung erholen oder mit Jetlag zu k\u00e4mpfen haben - l\u00f6sen Sie einfach eine Tablette in Wasser auf, um das Elektrolytgleichgewicht aufrechtzuerhalten und sich erfrischt zu f\u00fchlen. Sie sind kompakt und leicht zu transportieren und passen m\u00fchelos in die Sporttasche, Handtasche oder den Koffer - eine gute Wahl f\u00fcr Sportler, Reisende, vielbesch\u00e4ftigte Berufst\u00e4tige und alle, die zu Dehydrierung neigen.<\/p>\n<h2><strong>H\u00e4ufig gestellte Fragen<\/strong><\/h2>\n<p><strong>Wie funktionieren die Elektrolyt-Brausetabletten?<\/strong><br \/>\nGeben Sie eine Tablette in 200-500 ml Wasser. Sie sprudelt und l\u00f6st sich in einem leicht aromatisierten Getr\u00e4nk auf, das reich an wichtigen Elektrolyten ist.<\/p>\n<p><strong>Sind sie f\u00fcr den t\u00e4glichen Gebrauch geeignet?<\/strong><br \/>\nJa, sie sind konzipiert f\u00fcr <strong>sichere t\u00e4gliche Fl\u00fcssigkeitszufuhr<\/strong>vor allem, wenn Sie aktiv sind, h\u00e4ufig schwitzen oder eine kohlenhydratarme Ern\u00e4hrung einhalten.<\/p>\n<p><strong>Enthalten diese Tabletten Zucker?<\/strong><br \/>\nNein. Sie sind <strong>zuckerfrei<\/strong> und oft mit nat\u00fcrlichen Alternativen wie Stevia oder M\u00f6nchsfrucht ges\u00fc\u00dft.<\/p>\n<p><strong>Sind sie sicher f\u00fcr Kinder oder Senioren?<\/strong><br \/>\nJa, in angemessenen Portionsgr\u00f6\u00dfen. Konsultieren Sie vor der regelm\u00e4\u00dfigen Einnahme durch kleine Kinder oder Personen mit gesundheitlichen Problemen immer einen Arzt.<\/p>\n<p><strong>Kann ich sie beim Fasten oder in der Di\u00e4tphase verwenden?<\/strong><br \/>\nGanz genau. Mit <strong>null Kalorien<\/strong>Sie unterst\u00fctzen die Hydratation und den Elektrolythaushalt, ohne das Fasten zu brechen oder die Ketose zu beeintr\u00e4chtigen.<\/p>\n<p><strong>Helfen sie bei Muskelkr\u00e4mpfen?<\/strong><br \/>\nJa. Durch die Wiederherstellung von wichtigen Mineralien wie <strong>Magnesium und Kalium<\/strong>Sie tragen dazu bei, Kr\u00e4mpfe und M\u00fcdigkeit, die durch k\u00f6rperliche Anstrengung oder Dehydrierung verursacht werden, zu verhindern oder zu verringern.<\/p>","protected":false},"excerpt":{"rendered":"<p>Das Elektrolytpulver ist vollgepackt mit Kaliumcitrat, Magnesium, Kalzium und Spurenelementen, um Ihren K\u00f6rper schnell wieder aufzuf\u00fcllen. Verwenden Sie unseren Elektrolytkomplex, um die Energie zu steigern und die Muskelerholung zu unterst\u00fctzen. Ohne Zucker, Kohlenhydrate, k\u00fcnstliche Aromen, S\u00fc\u00dfstoffe, F\u00fcllstoffe oder Farbstoffe sind unsere Elektrolyte das ultimative Hydratationspulver.<\/p>","protected":false},"featured_media":857,"comment_status":"open","ping_status":"closed","template":"","meta":{"_acf_changed":false},"product_brand":[],"product_cat":[44],"product_tag":[],"class_list":{"0":"post-856","1":"product","2":"type-product","3":"status-publish","4":"has-post-thumbnail","6":"product_cat-oem-odm","8":"first","9":"instock","10":"shipping-taxable","11":"product-type-simple"},"acf":[],"_links":{"self":[{"href":"https:\/\/bstextract.com\/de\/wp-json\/wp\/v2\/product\/856","targetHints":{"allow":["GET"]}}],"collection":[{"href":"https:\/\/bstextract.com\/de\/wp-json\/wp\/v2\/product"}],"about":[{"href":"https:\/\/bstextract.com\/de\/wp-json\/wp\/v2\/types\/product"}],"replies":[{"embeddable":true,"href":"https:\/\/bstextract.com\/de\/wp-json\/wp\/v2\/comments?post=856"}],"wp:featuredmedia":[{"embeddable":true,"href":"https:\/\/bstextract.com\/de\/wp-json\/wp\/v2\/media\/857"}],"wp:attachment":[{"href":"https:\/\/bstextract.com\/de\/wp-json\/wp\/v2\/media?parent=856"}],"wp:term":[{"taxonomy":"product_brand","embeddable":true,"href":"https:\/\/bstextract.com\/de\/wp-json\/wp\/v2\/product_brand?post=856"},{"taxonomy":"product_cat","embeddable":true,"href":"https:\/\/bstextract.com\/de\/wp-json\/wp\/v2\/product_cat?post=856"},{"taxonomy":"product_tag","embeddable":true,"href":"https:\/\/bstextract.com\/de\/wp-json\/wp\/v2\/product_tag?post=856"}],"curies":[{"name":"wp","href":"https:\/\/api.w.org\/{rel}","templated":true}]}}