{"id":865,"date":"2025-05-13T06:07:44","date_gmt":"2025-05-13T06:07:44","guid":{"rendered":"https:\/\/bstextract.com\/?post_type=product&#038;p=865"},"modified":"2025-07-24T01:19:22","modified_gmt":"2025-07-24T01:19:22","slug":"wassermelonenpulver","status":"publish","type":"product","link":"https:\/\/bstextract.com\/de\/produkt\/wassermelonenpulver\/","title":{"rendered":"Wassermelonen-Pulver"},"content":{"rendered":"<p><!-- Keyword Section (Outside Article) --><\/p>\n<p><!-- Product Content --><\/p>\n<p>Als ein f\u00fchrendes <b>Hersteller<\/b> von hochwertigen Fruchtpulvern, <b>BSTBIO<\/b> ist stolz darauf, unser gefriergetrocknetes Bio-Wassermelonenpulver anbieten zu k\u00f6nnen. Wir fangen die Essenz sonnengereifter, biologischer Wassermelonen auf ihrem H\u00f6hepunkt ein, indem wir ein fortschrittliches Gefriertrocknungsverfahren anwenden, um den authentischen Geschmack, die leuchtend rosa Farbe und die wertvollen N\u00e4hrstoffe zu erhalten. Diese Methode gew\u00e4hrleistet, dass Sie ein Produkt von h\u00f6chster Qualit\u00e4t im Vergleich zu herk\u00f6mmlichen spr\u00fchgetrockneten Pulvern erhalten.<\/p>\n<ul>\n<li><b>Hervorragende gefriergetrocknete Qualit\u00e4t:<\/b> Im Gegensatz zur Spr\u00fchtrocknung entzieht unsere Gefriertrocknungstechnik das Wasser bei niedrigen Temperaturen, wodurch der nat\u00fcrliche Geschmack, das Aroma und das N\u00e4hrwertprofil der frischen Wassermelone perfekt erhalten bleiben.<\/li>\n<li><b>Zertifizierte biologische Quelle:<\/b> Unser Pulver wird aus 100%-zertifizierten Bio-Wassermelonen hergestellt und ist die ideale Wahl f\u00fcr Clean-Label-Produkte. Es enth\u00e4lt keinen zugesetzten Zucker, Tr\u00e4gerstoffe oder k\u00fcnstliche Zusatzstoffe.<\/li>\n<li><b>Authentischer Geschmack und Aroma:<\/b> F\u00fcgen Sie Ihren Produkten sofort den erfrischenden, s\u00fc\u00dfen Geschmack der Wassermelone zu. Sie ist ein fantastischer nat\u00fcrlicher Geschmacks- und Farbstoff.<\/li>\n<li><b>Optimiert f\u00fcr Blending:<\/b> Mit einer einheitlichen Partikelgr\u00f6\u00dfe von 40-60 Mesh l\u00e4sst sich dieses Pulver sowohl in Nass- als auch in Trockenmischungen leicht dispergieren und gew\u00e4hrleistet so jedes Mal ein einheitliches Produkt.<\/li>\n<li><b>Vielseitige Anwendungen:<\/b> Die perfekte Zutat f\u00fcr eine breite Palette von Produkten:\n<ul>\n<li>Nahrungserg\u00e4nzungsmittel &amp; Proteinmischungen<\/li>\n<li>Smoothies, S\u00e4fte und Getr\u00e4nkemischungen<\/li>\n<li>Joghurts, Sorbets und Desserts<\/li>\n<li>Backen, S\u00fc\u00dfwaren und nat\u00fcrliche Lebensmittelfarben<\/li>\n<\/ul>\n<\/li>\n<\/ul>\n<p>W\u00e4hlen Sie <b>BSTBIO<\/b> als Ihr Vertrauensmann <b>Anbieter<\/b> f\u00fcr hochreine, biologische Fruchtpulver, die Ihre Marke aufwerten werden.<\/p>","protected":false},"excerpt":{"rendered":"<ul>\n<li><b>Gefriergetrocknete Frische:<\/b> Bewahrt den authentischen Geschmack und die N\u00e4hrstoffe von frischer, biologischer Wassermelone.<\/li>\n<li><b>100% Zertifiziert biologisch:<\/b> Clean-Label-Pulver ohne Zusatz von Zucker, Tr\u00e4ger- oder Konservierungsstoffen.<\/li>\n<li><b>Leuchtendes Rosa Farbe:<\/b> Ein sch\u00f6ner, nat\u00fcrlicher Farbstoff f\u00fcr Lebensmittel und Getr\u00e4nke.<\/li>\n<li><b>Ausgezeichnete Dispergierbarkeit:<\/b> Gleichm\u00e4\u00dfige Maschenweite von 40-60 f\u00fcr einfaches Mischen und Vermengen.<\/li>\n<li><b>Qualit\u00e4t von BSTBIO:<\/b> Ihre zuverl\u00e4ssige Quelle f\u00fcr hochwertige, nat\u00fcrliche Fruchtzutaten.<\/li>\n<\/ul>","protected":false},"featured_media":866,"comment_status":"open","ping_status":"closed","template":"","meta":{"_acf_changed":false},"product_brand":[],"product_cat":[20,49],"product_tag":[],"class_list":{"0":"post-865","1":"product","2":"type-product","3":"status-publish","4":"has-post-thumbnail","6":"product_cat-superfoods-fruit-vegetable-powder","7":"product_cat-hot-product","9":"first","10":"instock","11":"shipping-taxable","12":"product-type-simple"},"acf":[],"_links":{"self":[{"href":"https:\/\/bstextract.com\/de\/wp-json\/wp\/v2\/product\/865","targetHints":{"allow":["GET"]}}],"collection":[{"href":"https:\/\/bstextract.com\/de\/wp-json\/wp\/v2\/product"}],"about":[{"href":"https:\/\/bstextract.com\/de\/wp-json\/wp\/v2\/types\/product"}],"replies":[{"embeddable":true,"href":"https:\/\/bstextract.com\/de\/wp-json\/wp\/v2\/comments?post=865"}],"wp:featuredmedia":[{"embeddable":true,"href":"https:\/\/bstextract.com\/de\/wp-json\/wp\/v2\/media\/866"}],"wp:attachment":[{"href":"https:\/\/bstextract.com\/de\/wp-json\/wp\/v2\/media?parent=865"}],"wp:term":[{"taxonomy":"product_brand","embeddable":true,"href":"https:\/\/bstextract.com\/de\/wp-json\/wp\/v2\/product_brand?post=865"},{"taxonomy":"product_cat","embeddable":true,"href":"https:\/\/bstextract.com\/de\/wp-json\/wp\/v2\/product_cat?post=865"},{"taxonomy":"product_tag","embeddable":true,"href":"https:\/\/bstextract.com\/de\/wp-json\/wp\/v2\/product_tag?post=865"}],"curies":[{"name":"wp","href":"https:\/\/api.w.org\/{rel}","templated":true}]}}