{"id":872,"date":"2025-05-13T06:28:04","date_gmt":"2025-05-13T06:28:04","guid":{"rendered":"https:\/\/bstextract.com\/?post_type=product&#038;p=872"},"modified":"2025-07-17T06:21:07","modified_gmt":"2025-07-17T06:21:07","slug":"erdbeerpulver","status":"publish","type":"product","link":"https:\/\/bstextract.com\/de\/produkt\/erdbeerpulver\/","title":{"rendered":"Gefriergetrocknetes Erdbeerpulver"},"content":{"rendered":"<p>Im Gegensatz zu spr\u00fchgetrockneten Pulvern bleibt bei unserem gefriergetrockneten Verfahren das <strong>nat\u00fcrliches Vitamin C, Antioxidantien und Polyphenole<\/strong> intakt, was es zu einer erstklassigen Zutat f\u00fcr **funktionelle Lebensmittel, gesunde Snacks und Nahrungserg\u00e4nzungsmittel** macht. Studien \u00fcber <a href=\"https:\/\/www.ncbi.nlm.nih.gov\/pmc\/articles\/PMC3074474\/\" target=\"_blank\" rel=\"nofollow noopener\">PubMed<\/a> betonen, dass Erdbeeren reich sind an <strong>Anthocyanen und Ellags\u00e4ure<\/strong>die die Gesundheit des Herzens und die antioxidative Wirkung unterst\u00fctzen k\u00f6nnen.<br \/>\nNach Angaben von <a href=\"https:\/\/www.webmd.com\/diet\/health-benefits-strawberries\" target=\"_blank\" rel=\"nofollow noopener\">WebMD<\/a>Erdbeeren sind eine gute Quelle f\u00fcr Vitamin C, Mangan und Ballaststoffe, was sie zu einer wertvollen Erg\u00e4nzung der t\u00e4glichen Ern\u00e4hrung macht.<\/p>\n<p>BSTBIO ist ein <strong>GMP-zertifizierte Fabrik und Exporteur<\/strong> spezialisiert auf hochwertige Obst- und Gem\u00fcsepulver f\u00fcr die Lebensmittel-, Getr\u00e4nke- und Nutraceutical-Industrie. Unser <strong>Gefriergetrocknetes Erdbeerpulver<\/strong> wird aus frischen, reifen Erdbeeren hergestellt. <em>Niedertemperatur-Gefriertrocknungstechnik<\/em> um ein Maximum an Geschmack, N\u00e4hrstoffen und nat\u00fcrlicher Farbe zu erhalten.<\/p>\n<p>Durch den direkten Bezug aus unserer **Bio-zertifizierten Fabrik** erhalten Sie <strong>stabile Qualit\u00e4t, wettbewerbsf\u00e4hige Gro\u00dfhandelspreise und zuverl\u00e4ssiger weltweiter Versand<\/strong>. Alle Produkte erf\u00fcllen <strong>USDA Bio, EU Bio, HALAL, KOSHER und ISO22000 Standards<\/strong>die Sicherheit und die Einhaltung der Vorschriften f\u00fcr internationale M\u00e4rkte zu gew\u00e4hrleisten.<\/p>\n<h2>Anwendungen von gefriergetrocknetem Erdbeerpulver<\/h2>\n<ul>\n<li><strong>Getr\u00e4nke &amp; Smoothies<\/strong> - Ideal f\u00fcr <em>Instant-Getr\u00e4nke, Shakes und gesunde Smoothies<\/em>.<\/li>\n<li><strong>B\u00e4ckerei und Konditorei<\/strong> - Nat\u00fcrliche Farbe und Geschmack f\u00fcr <em>Torten, Kekse, Desserts und Pralinen<\/em>.<\/li>\n<li><strong>Funktionelle Lebensmittel und Nutrazeutika<\/strong> - Hinzugef\u00fcgt als nat\u00fcrliche <em>Quelle f\u00fcr Vitamin C und Antioxidantien<\/em>.<\/li>\n<li><strong>Gesunde Snacks und M\u00fcsli<\/strong> - Perfekt f\u00fcr <em>M\u00fcsli, Studentenfutter und Snack-Riegel<\/em>.<\/li>\n<li><strong>S\u00e4uglings- und Kleinkindernahrung<\/strong> - Sicher und nahrhaft, hergestellt aus 100% reinen Erdbeeren ohne Zusatzstoffe.<\/li>\n<\/ul>\n<p>Forschung aus dem <a href=\"https:\/\/www.ncbi.nlm.nih.gov\/pmc\/articles\/PMC7697461\/\" target=\"_blank\" rel=\"nofollow noopener\">NIH<\/a> best\u00e4tigt, dass die Polyphenole der Erdbeere dazu beitragen <a href=\"https:\/\/www.ncbi.nlm.nih.gov\/pmc\/articles\/PMC7697461\/\" target=\"_blank\" rel=\"noopener\"><strong>kardiovaskul\u00e4re Gesundheit und entz\u00fcndungshemmende Wirkung<\/strong><\/a>Das macht dieses Pulver zu einer funktionellen Superfood-Zutat.<\/p>","protected":false},"excerpt":{"rendered":"<p><strong>Produktname:<\/strong> Gefriergetrocknetes Erdbeerpulver<br \/>\n<strong>Trocknungsmethode:<\/strong> Gefriergetrocknete Technologie<br \/>\n<strong>Erscheinungsbild:<\/strong> Dunkelrotes feines Pulver<br \/>\n<strong>Partikelgr\u00f6\u00dfe:<\/strong> 40Mesh-60Mesh<br \/>\n<strong>Verwendetes Teil:<\/strong> Ganzes Obst<br \/>\n<strong>Bescheinigungen:<\/strong> KOSHER, HALAL, HACCP, ISO22000, USDA Bio, EU Bio<br \/>\n<strong>Haltbarkeitsdauer:<\/strong> 24 Monate bei ordnungsgem\u00e4\u00dfer Lagerung<\/p>","protected":false},"featured_media":873,"comment_status":"open","ping_status":"closed","template":"","meta":{"_acf_changed":false},"product_brand":[],"product_cat":[20,49],"product_tag":[],"class_list":{"0":"post-872","1":"product","2":"type-product","3":"status-publish","4":"has-post-thumbnail","6":"product_cat-superfoods-fruit-vegetable-powder","7":"product_cat-hot-product","9":"first","10":"instock","11":"shipping-taxable","12":"product-type-simple"},"acf":[],"_links":{"self":[{"href":"https:\/\/bstextract.com\/de\/wp-json\/wp\/v2\/product\/872","targetHints":{"allow":["GET"]}}],"collection":[{"href":"https:\/\/bstextract.com\/de\/wp-json\/wp\/v2\/product"}],"about":[{"href":"https:\/\/bstextract.com\/de\/wp-json\/wp\/v2\/types\/product"}],"replies":[{"embeddable":true,"href":"https:\/\/bstextract.com\/de\/wp-json\/wp\/v2\/comments?post=872"}],"wp:featuredmedia":[{"embeddable":true,"href":"https:\/\/bstextract.com\/de\/wp-json\/wp\/v2\/media\/873"}],"wp:attachment":[{"href":"https:\/\/bstextract.com\/de\/wp-json\/wp\/v2\/media?parent=872"}],"wp:term":[{"taxonomy":"product_brand","embeddable":true,"href":"https:\/\/bstextract.com\/de\/wp-json\/wp\/v2\/product_brand?post=872"},{"taxonomy":"product_cat","embeddable":true,"href":"https:\/\/bstextract.com\/de\/wp-json\/wp\/v2\/product_cat?post=872"},{"taxonomy":"product_tag","embeddable":true,"href":"https:\/\/bstextract.com\/de\/wp-json\/wp\/v2\/product_tag?post=872"}],"curies":[{"name":"wp","href":"https:\/\/api.w.org\/{rel}","templated":true}]}}