{"id":891,"date":"2025-05-14T01:17:56","date_gmt":"2025-05-14T01:17:56","guid":{"rendered":"https:\/\/bstextract.com\/?post_type=product&#038;p=891"},"modified":"2025-06-09T02:37:07","modified_gmt":"2025-06-09T02:37:07","slug":"erbsenprotein","status":"publish","type":"product","link":"https:\/\/bstextract.com\/de\/produkt\/erbsenprotein\/","title":{"rendered":"Bio-Erbsenprotein-Pulver"},"content":{"rendered":"<p><!-- Keyword Section (Outside Article) --><\/p>\n<h2>Was ist Erbsenprotein?<\/h2>\n<p><strong>Erbsenprotein<\/strong> ist ein hochwertiges, pflanzliches Protein, das haupts\u00e4chlich aus gelben Spalterbsen gewonnen wird. Es ist reich an essenziellen Aminos\u00e4uren, insbesondere an verzweigtkettigen Aminos\u00e4uren (BCAAs), was es zu einer idealen Alternative zu tierischen Proteinen wie Molke und Casein macht. Erbsenprotein ist nat\u00fcrlich <strong>glutenfrei, milchfrei und hypoallergen<\/strong>Dadurch eignet es sich f\u00fcr eine Vielzahl von Ern\u00e4hrungsbed\u00fcrfnissen und Lebensstilen.<\/p>\n<p><img fetchpriority=\"high\" decoding=\"async\" class=\"aligncenter wp-image-1361\" src=\"https:\/\/bstextract.com\/wp-content\/uploads\/2025\/05\/10001-2-1.webp\" alt=\"Bio-Erbsenprotein-Pulver\" width=\"1024\" height=\"575\" title=\"\" srcset=\"https:\/\/bstextract.com\/wp-content\/uploads\/2025\/05\/10001-2-1.webp 1296w, https:\/\/bstextract.com\/wp-content\/uploads\/2025\/05\/10001-2-1-300x169.webp 300w, https:\/\/bstextract.com\/wp-content\/uploads\/2025\/05\/10001-2-1-1024x575.webp 1024w, https:\/\/bstextract.com\/wp-content\/uploads\/2025\/05\/10001-2-1-768x431.webp 768w, https:\/\/bstextract.com\/wp-content\/uploads\/2025\/05\/10001-2-1-18x10.webp 18w, https:\/\/bstextract.com\/wp-content\/uploads\/2025\/05\/10001-2-1-600x337.webp 600w\" sizes=\"(max-width: 1024px) 100vw, 1024px\" \/><\/p>\n<p>Dieses Proteinpulver ist in der Regel als Konzentrat oder Isolat erh\u00e4ltlich und enth\u00e4lt bis zu <strong>85-90% Proteingehalt<\/strong>. Es hat einen neutralen Geschmack, eine weiche Textur und eine ausgezeichnete L\u00f6slichkeit - perfekt f\u00fcr die Verwendung in funktionellen Lebensmitteln, Getr\u00e4nken und Nahrungserg\u00e4nzungsmitteln.<\/p>\n<h2>Parameter<\/h2>\n<table>\n<tbody>\n<tr>\n<td colspan=\"1\" rowspan=\"1\">\n<div>\n<div><b>Produktname<\/b><\/div>\n<\/div>\n<\/td>\n<td colspan=\"1\" rowspan=\"1\">\n<div>\n<div>Erbsenprotein<\/div>\n<\/div>\n<\/td>\n<\/tr>\n<tr>\n<td colspan=\"1\" rowspan=\"1\">\n<div>\n<div><b>Quelle<\/b><\/div>\n<\/div>\n<\/td>\n<td colspan=\"1\" rowspan=\"1\">\n<div>\n<div>Erbsen-Extrakt<\/div>\n<div>Pisum Sativum Erbsensprossen-Extrakt<\/div>\n<\/div>\n<\/td>\n<\/tr>\n<tr>\n<td colspan=\"1\" rowspan=\"1\">\n<div>\n<div><b>Erscheinungsbild<\/b><\/div>\n<\/div>\n<\/td>\n<td colspan=\"1\" rowspan=\"1\">\n<div>\n<div>Hellgelbes Pulver<\/div>\n<\/div>\n<\/td>\n<\/tr>\n<tr>\n<td colspan=\"1\" rowspan=\"1\">\n<div>\n<div><b>Aktiver Inhaltsstoff<\/b><\/div>\n<\/div>\n<\/td>\n<td colspan=\"1\" rowspan=\"1\">\n<div>\n<div>Eiwei\u00df<\/div>\n<\/div>\n<\/td>\n<\/tr>\n<tr>\n<td colspan=\"1\" rowspan=\"1\">\n<div>\n<div><b>Produkt-Spezifikation<\/b><\/div>\n<\/div>\n<\/td>\n<td colspan=\"1\" rowspan=\"1\">\n<div>\n<div>80% 90%<\/div>\n<\/div>\n<\/td>\n<\/tr>\n<tr>\n<td colspan=\"1\" rowspan=\"1\">\n<div>\n<div><b>Paket<\/b><\/div>\n<\/div>\n<\/td>\n<td colspan=\"1\" rowspan=\"1\">\n<div>\n<div>1 kg\/Beutel\/Karton oder 25 kg\/Fass\/Karton oder Kundenanforderung<\/div>\n<\/div>\n<\/td>\n<\/tr>\n<tr>\n<td colspan=\"1\" rowspan=\"1\">\n<div>\n<div><b>Muster<\/b><\/div>\n<\/div>\n<\/td>\n<td colspan=\"1\" rowspan=\"1\">\n<div>\n<div>Frei zur Verf\u00fcgung gestellt<\/div>\n<\/div>\n<\/td>\n<\/tr>\n<tr>\n<td colspan=\"1\" rowspan=\"1\">\n<div>\n<div><b>Haltbarkeitsdauer<\/b><\/div>\n<\/div>\n<\/td>\n<td colspan=\"1\" rowspan=\"1\">\n<div>\n<div>24 Monate bei ordnungsgem\u00e4\u00dfer Aufbewahrung<\/div>\n<\/div>\n<\/td>\n<\/tr>\n<tr>\n<td colspan=\"1\" rowspan=\"1\">\n<div>\n<div><b>Lagerung<\/b><\/div>\n<\/div>\n<\/td>\n<td colspan=\"1\" rowspan=\"1\">\n<div>\n<div>In dichten, lichtbest\u00e4ndigen Beh\u00e4ltern aufbewahren, direkte Sonneneinstrahlung, Feuchtigkeit und \u00fcberm\u00e4\u00dfige Hitze vermeiden.<\/div>\n<\/div>\n<\/td>\n<\/tr>\n<tr>\n<td colspan=\"1\" rowspan=\"1\">\n<div>\n<div><b>Zertifikat<\/b><\/div>\n<\/div>\n<\/td>\n<td colspan=\"1\" rowspan=\"1\">\n<div>\n<div>KOSHER\/HACCP\/ISO22000\/HALAL\/EU\/USDA\/Organisch<\/div>\n<\/div>\n<\/td>\n<\/tr>\n<\/tbody>\n<\/table>\n<h2>Anwendungen von Erbsenprotein<\/h2>\n<p>Erbsenprotein ist weit verbreitet in der <strong>Sportern\u00e4hrung, funktionelle Lebensmittel, Mahlzeitenersatz und Produkte auf pflanzlicher Basis<\/strong>. Seine hohe Verdaulichkeit und sein muskelunterst\u00fctzendes Aminos\u00e4ureprofil machen es zur ersten Wahl f\u00fcr Protein-Shakes, -Riegel, -Pulver und -Smoothies f\u00fcr Fitnessbegeisterte und Sportler.<\/p>\n<p>In der Lebensmittelherstellung dient es als nahrhafte und nachhaltige Proteinquelle in <strong>Fleischalternativen, milchfreie Getr\u00e4nke, Backwaren und vegane Snacks<\/strong>. Dank seines allergenfreien Profils wird Erbsenprotein auch in S\u00e4uglingsnahrung, Altenpflegeprodukten und medizinischen Ern\u00e4hrungsformulierungen bevorzugt. Es l\u00e4sst sich leicht mischen und bietet eine vollst\u00e4ndige Proteinl\u00f6sung ohne h\u00e4ufige Allergene wie Soja, Milchprodukte oder Gluten.<\/p>\n<h2>H\u00e4ufig gestellte Fragen<\/h2>\n<p><strong>Ist Erbsenprotein ein vollst\u00e4ndiges Protein?<\/strong><br \/>\nJa, es enth\u00e4lt alle neun essenziellen Aminos\u00e4uren, obwohl es etwas weniger Methionin enth\u00e4lt. Es wird oft mit Reisprotein kombiniert, um ein ausgewogenes Aminos\u00e4ureprofil zu erhalten.<\/p>\n<p><strong>Wie hoch ist der typische Proteingehalt?<\/strong><br \/>\nErbsenproteinisolat kann Folgendes liefern <strong>85-90%-Protein<\/strong> pro 100 g, je nach Verarbeitungsmethode.<\/p>\n<p><strong>Ist Erbsenprotein f\u00fcr Menschen mit Allergien geeignet?<\/strong><br \/>\nJa, es ist <strong>hypoallergen<\/strong> und frei von Milchprodukten, Soja, Gluten und Schalenfr\u00fcchten, was es ideal f\u00fcr empfindliche Verbraucher macht.<\/p>\n<p><strong>Kann es in Getr\u00e4nken verwendet werden?<\/strong><br \/>\nUnbedingt. Es ist gut l\u00f6slich und geschmacksneutral und damit ideal f\u00fcr Proteingetr\u00e4nke, Smoothies und Pulvermischungen.<\/p>\n<p><strong>Ist Erbsenprotein gentechnikfrei und vegan?<\/strong><br \/>\nJa, hochwertiges Erbsenprotein ist <strong>nicht gentechnisch ver\u00e4ndert, vegan und frei von Grausamkeiten<\/strong>die den Standards f\u00fcr saubere und ethische Beschaffung entsprechen.<\/p>\n<p><strong>Wie sollte Erbsenprotein gelagert werden?<\/strong><br \/>\nBewahren Sie es an einem k\u00fchlen, trockenen Ort in einem luftdichten Beh\u00e4lter auf, damit es frisch bleibt und keine Feuchtigkeit aufnimmt.<\/p>\n<h2>\u00dcber Xi'an Best Bio-Tech Co, Ltd.<\/h2>\n<p><strong>Xi'an Best Bio-Tech Co., Ltd.<\/strong> widmet sich der Forschung, Entwicklung und dem weltweiten Handel mit hochwertigen nat\u00fcrlichen Kr\u00e4uterextrakten. Mit einem leidenschaftlichen und erfahrenen Team bieten wir einen 24\/7-Kundenservice und bem\u00fchen uns, Kunden in \u00fcber 60 L\u00e4ndern wettbewerbsf\u00e4hige Preise, stabile Qualit\u00e4t und aufmerksamen Service zu bieten.<\/p>\n<p>Unser Werk befindet sich in Yangling, Chinas gr\u00f6\u00dftem Zentrum f\u00fcr die Herstellung und den Vertrieb von Pflanzenextrakten. Ausgestattet mit fortschrittlichen Testinstrumenten und mehreren GMP-konformen automatisierten Produktionslinien gew\u00e4hrleisten wir eine strenge Qualit\u00e4tskontrolle von den Rohstoffen bis zum Endprodukt. Unsere Zertifizierungen umfassen <strong>Koscher, Halal, ISO9001 und USFDA<\/strong>.<\/p>\n<p>Unsere wichtigsten Produkte sind <strong>Pilzextrakte, Inhaltsstoffe f\u00fcr Nahrungserg\u00e4nzungsmittel, kosmetische Kr\u00e4uterextrakte sowie Obst- und Gem\u00fcsepulver<\/strong>. Wir sind bestrebt, sichere, wirksame und ma\u00dfgeschneiderte L\u00f6sungen anzubieten, die Kunden auf der ganzen Welt helfen, ein gesundes Leben zu f\u00fchren.<\/p>","protected":false},"excerpt":{"rendered":"<table>\n<tbody>\n<tr>\n<td colspan=\"1\" rowspan=\"1\">\n<div>\n<div><b>Quelle<\/b><\/div>\n<\/div>\n<\/td>\n<td colspan=\"1\" rowspan=\"1\">\n<div>\n<div>Erbsen-Extrakt<\/div>\n<div>Pisum Sativum Erbsensprossen-Extrakt<\/div>\n<\/div>\n<\/td>\n<\/tr>\n<tr>\n<td colspan=\"1\" rowspan=\"1\">\n<div>\n<div><b>Erscheinungsbild<\/b><\/div>\n<\/div>\n<\/td>\n<td colspan=\"1\" rowspan=\"1\">\n<div>\n<div>Hellgelbes Pulver<\/div>\n<\/div>\n<\/td>\n<\/tr>\n<tr>\n<td colspan=\"1\" rowspan=\"1\">\n<div>\n<div><b>Aktiver Inhaltsstoff<\/b><\/div>\n<\/div>\n<\/td>\n<td colspan=\"1\" rowspan=\"1\">\n<div>\n<div>Eiwei\u00df<\/div>\n<\/div>\n<\/td>\n<\/tr>\n<tr>\n<td colspan=\"1\" rowspan=\"1\">\n<div>\n<div><b>Produkt-Spezifikation<\/b><\/div>\n<\/div>\n<\/td>\n<td colspan=\"1\" rowspan=\"1\">\n<div>\n<div>80% 90%<\/div>\n<\/div>\n<\/td>\n<\/tr>\n<\/tbody>\n<\/table>","protected":false},"featured_media":892,"comment_status":"open","ping_status":"closed","template":"","meta":{"_acf_changed":false},"product_brand":[],"product_cat":[15],"product_tag":[],"class_list":{"0":"post-891","1":"product","2":"type-product","3":"status-publish","4":"has-post-thumbnail","6":"product_cat-dietary-supplements","8":"first","9":"instock","10":"shipping-taxable","11":"product-type-simple"},"acf":[],"_links":{"self":[{"href":"https:\/\/bstextract.com\/de\/wp-json\/wp\/v2\/product\/891","targetHints":{"allow":["GET"]}}],"collection":[{"href":"https:\/\/bstextract.com\/de\/wp-json\/wp\/v2\/product"}],"about":[{"href":"https:\/\/bstextract.com\/de\/wp-json\/wp\/v2\/types\/product"}],"replies":[{"embeddable":true,"href":"https:\/\/bstextract.com\/de\/wp-json\/wp\/v2\/comments?post=891"}],"wp:featuredmedia":[{"embeddable":true,"href":"https:\/\/bstextract.com\/de\/wp-json\/wp\/v2\/media\/892"}],"wp:attachment":[{"href":"https:\/\/bstextract.com\/de\/wp-json\/wp\/v2\/media?parent=891"}],"wp:term":[{"taxonomy":"product_brand","embeddable":true,"href":"https:\/\/bstextract.com\/de\/wp-json\/wp\/v2\/product_brand?post=891"},{"taxonomy":"product_cat","embeddable":true,"href":"https:\/\/bstextract.com\/de\/wp-json\/wp\/v2\/product_cat?post=891"},{"taxonomy":"product_tag","embeddable":true,"href":"https:\/\/bstextract.com\/de\/wp-json\/wp\/v2\/product_tag?post=891"}],"curies":[{"name":"wp","href":"https:\/\/api.w.org\/{rel}","templated":true}]}}