{"id":966,"date":"2025-05-19T02:08:57","date_gmt":"2025-05-19T02:08:57","guid":{"rendered":"https:\/\/bstextract.com\/?post_type=product&#038;p=966"},"modified":"2025-05-19T02:10:50","modified_gmt":"2025-05-19T02:10:50","slug":"menthol-kristall","status":"publish","type":"product","link":"https:\/\/bstextract.com\/de\/produkt\/menthol-kristall\/","title":{"rendered":"Menthol-Kristall"},"content":{"rendered":"<p><!-- Keyword Section (Outside Article) --><\/p>\n<p><!-- Product Content --><\/p>\n<h2>Was ist Menthol Crystal?<\/h2>\n<p><strong>Menthol-Kristall<\/strong> ist eine gereinigte, feste Form von nat\u00fcrlichem Menthol, das aus Pfefferminz\u00f6l durch einen K\u00fchl- und Kristallisationsprozess gewonnen wird. Diese farblosen bis wei\u00dfen, nadelf\u00f6rmigen Kristalle sind f\u00fcr ihr intensiv k\u00fchlendes Gef\u00fchl und ihr unverwechselbares Minzaroma bekannt. Unsere Mentholkristalle werden aus folgenden Quellen bezogen <strong>100% nat\u00fcrliches Pfefferminz\u00f6l<\/strong> und sind in pharmazeutischen und lebensmitteltechnischen Qualit\u00e4ten erh\u00e4ltlich, die den internationalen Qualit\u00e4tsstandards entsprechen.<\/p>\n<p>Weithin anerkannt f\u00fcr ihre <strong>schmerzlindernde, antibakterielle und aromatische Eigenschaften<\/strong>Mentholkristalle werden in einer breiten Palette von Produkten verwendet, darunter Arzneimittel, Kosmetika, Lebensmittelaromen und K\u00f6rperpflegeartikel. Sie l\u00f6sen sich leicht in Alkohol und \u00e4therischen \u00d6len auf, was sie zu einer flexiblen Zutat sowohl f\u00fcr industrielle als auch f\u00fcr Verbraucheranwendungen macht.<\/p>\n<h2>Parameter<\/h2>\n<table>\n<tbody>\n<tr>\n<td colspan=\"1\" rowspan=\"1\">\n<div>\n<div><b>Produktname<\/b><\/div>\n<\/div>\n<\/td>\n<td colspan=\"1\" rowspan=\"1\">\n<div>\n<div>Menthol-Kristall<\/div>\n<\/div>\n<\/td>\n<\/tr>\n<tr>\n<td colspan=\"1\" rowspan=\"1\">\n<div>\n<div><b>Anderer Name<\/b><\/div>\n<\/div>\n<\/td>\n<td colspan=\"1\" rowspan=\"1\">\n<div>\n<div>Minze-Menthol-Kristall<\/div>\n<div>DL Menthol-Kristall<\/div>\n<\/div>\n<\/td>\n<\/tr>\n<tr>\n<td colspan=\"1\" rowspan=\"1\">\n<div>\n<div><b>Quelle<\/b><\/div>\n<\/div>\n<\/td>\n<td colspan=\"1\" rowspan=\"1\">\n<div>\n<div>Minze-Extrakt<\/div>\n<\/div>\n<\/td>\n<\/tr>\n<tr>\n<td colspan=\"1\" rowspan=\"1\">\n<div>\n<div><b>Erscheinungsbild<\/b><\/div>\n<\/div>\n<\/td>\n<td colspan=\"1\" rowspan=\"1\">\n<div>\n<div>Farbloser durchsichtiger prismatischer oder nadelf\u00f6rmiger Kristall<\/div>\n<\/div>\n<\/td>\n<\/tr>\n<tr>\n<td colspan=\"1\" rowspan=\"1\">\n<div>\n<div><b>Produkt-Spezifikation<\/b><\/div>\n<\/div>\n<\/td>\n<td colspan=\"1\" rowspan=\"1\">\n<div>\n<div>99% Min<\/div>\n<\/div>\n<\/td>\n<\/tr>\n<tr>\n<td colspan=\"1\" rowspan=\"1\">\n<div>\n<div><b>Paket<\/b><\/div>\n<\/div>\n<\/td>\n<td colspan=\"1\" rowspan=\"1\">\n<div>\n<div>1 kg\/Beutel\/Karton oder 25 kg\/Fass\/Karton oder Kundenanforderung<\/div>\n<\/div>\n<\/td>\n<\/tr>\n<tr>\n<td colspan=\"1\" rowspan=\"1\">\n<div>\n<div><b>Muster<\/b><\/div>\n<\/div>\n<\/td>\n<td colspan=\"1\" rowspan=\"1\">\n<div>\n<div>Kostenlose Proben<\/div>\n<\/div>\n<\/td>\n<\/tr>\n<tr>\n<td colspan=\"1\" rowspan=\"1\">\n<div>\n<div><b>Haltbarkeitsdauer<\/b><\/div>\n<\/div>\n<\/td>\n<td colspan=\"1\" rowspan=\"1\">\n<div>\n<div>24 Monate bei ordnungsgem\u00e4\u00dfer Aufbewahrung<\/div>\n<\/div>\n<\/td>\n<\/tr>\n<tr>\n<td colspan=\"1\" rowspan=\"1\">\n<div>\n<div><b>Lagerung<\/b><\/div>\n<\/div>\n<\/td>\n<td colspan=\"1\" rowspan=\"1\">\n<div>\n<div>In dichten, lichtbest\u00e4ndigen Beh\u00e4ltern aufbewahren, direkte Sonneneinstrahlung, Feuchtigkeit und \u00fcberm\u00e4\u00dfige Hitze vermeiden.<\/div>\n<\/div>\n<\/td>\n<\/tr>\n<tr>\n<td colspan=\"1\" rowspan=\"1\">\n<div>\n<div><b>Zertifikat<\/b><\/div>\n<\/div>\n<\/td>\n<td colspan=\"1\" rowspan=\"1\">\n<div>\n<div>KOSHER\/HACCP\/ISO22000\/HALAL\/EU\/USDA\/Organisch<\/div>\n<\/div>\n<\/td>\n<\/tr>\n<tr>\n<td colspan=\"1\" rowspan=\"1\">\n<div>\n<div><b>OEM\/ODM<\/b><\/div>\n<\/div>\n<\/td>\n<td colspan=\"1\" rowspan=\"1\">\n<div>\n<div>Zul\u00e4ssig<\/div>\n<\/div>\n<\/td>\n<\/tr>\n<\/tbody>\n<\/table>\n<h2>Anwendungen von Mentholkristall<\/h2>\n<p>Mentholkristalle sind sehr vielseitig und werden in der ganzen Welt gesch\u00e4tzt. <strong>Pharma-, Kosmetik-, Lebensmittel- und Aromatherapieindustrie<\/strong>. In der Pharmazie werden sie verwendet in <strong>Balsame, Salben, Halsbonbons, Naseninhalatoren und schmerzstillende Gele<\/strong> f\u00fcr ihre k\u00fchlende, beruhigende und abschwellende Wirkung. Ihre erfrischenden Eigenschaften helfen, leichte Schmerzen, Juckreiz, Halsschmerzen und Beschwerden in den Nebenh\u00f6hlen zu lindern.<\/p>\n<p><img fetchpriority=\"high\" decoding=\"async\" class=\"size-full wp-image-969 aligncenter\" src=\"https:\/\/bstextract.com\/wp-content\/uploads\/2025\/05\/3-6.png\" alt=\"\" width=\"800\" height=\"800\" title=\"\" srcset=\"https:\/\/bstextract.com\/wp-content\/uploads\/2025\/05\/3-6.png 800w, https:\/\/bstextract.com\/wp-content\/uploads\/2025\/05\/3-6-300x300.png 300w, https:\/\/bstextract.com\/wp-content\/uploads\/2025\/05\/3-6-150x150.png 150w, https:\/\/bstextract.com\/wp-content\/uploads\/2025\/05\/3-6-768x768.png 768w, https:\/\/bstextract.com\/wp-content\/uploads\/2025\/05\/3-6-12x12.png 12w, https:\/\/bstextract.com\/wp-content\/uploads\/2025\/05\/3-6-600x600.png 600w, https:\/\/bstextract.com\/wp-content\/uploads\/2025\/05\/3-6-100x100.png 100w\" sizes=\"(max-width: 800px) 100vw, 800px\" \/><\/p>\n<p>In Kosmetika und K\u00f6rperpflegemitteln werden Mentholkristalle zugesetzt, um <strong>Shampoos, Lotionen, Lippenbalsam und Seifen<\/strong> f\u00fcr eine k\u00fchlende und belebende Wirkung. Sie sind auch beliebt in <strong>Diffusoren f\u00fcr \u00e4therische \u00d6le und Wellnessprodukte<\/strong> zur F\u00f6rderung der Entspannung und Erleichterung der Atemwege. Im Lebensmittel- und Getr\u00e4nkesektor wird Menthol in Pfefferminzbonbons, Kaugummi, Zahnpasta und Mundsprays verwendet, die sowohl Geschmack als auch Frische verleihen.<\/p>\n<h2>H\u00e4ufig gestellte Fragen<\/h2>\n<p><strong>Sind Ihre Mentholkristalle nat\u00fcrlich oder synthetisch?<\/strong><br \/>\nUnsere Mentholkristalle werden gewonnen aus <strong>100% nat\u00fcrliches Pfefferminz\u00f6l<\/strong> durch physikalische Kristallisationsverfahren, ohne synthetische Zus\u00e4tze.<\/p>\n<p><strong>Sind Mentholkristalle f\u00fcr die Verwendung auf der Haut sicher?<\/strong><br \/>\nJa, sie werden h\u00e4ufig in topischen Formulierungen verwendet. Allerdings m\u00fcssen sie in Tr\u00e4ger\u00f6len oder Cremes richtig verd\u00fcnnt werden, um Reizungen zu vermeiden.<\/p>\n<p><strong>K\u00f6nnen Mentholkristalle verschluckt werden?<\/strong><br \/>\nJa, unsere lebensmittelechten Mentholkristalle sind in kontrollierten Mengen sicher f\u00fcr die Einnahme und werden h\u00e4ufig in Aromastoffen und Mundpflegeprodukten verwendet.<\/p>\n<p><strong>Wie hoch ist der typische Reinheitsgrad von Mentholkristallen?<\/strong><br \/>\nWir liefern Mentholkristalle mit einer Reinheit von <strong>\u226599%<\/strong>je nach Kundenanforderungen mit USP-, FCC- und EP-Normen konform.<\/p>\n<p><strong>Wie sollten Mentholkristalle gelagert werden?<\/strong><br \/>\nAn einem k\u00fchlen, trockenen Ort und vor direkter Sonneneinstrahlung gesch\u00fctzt in verschlossenen Beh\u00e4ltern aufbewahren. Mentholkristalle sind fl\u00fcchtig und sollten dicht verschlossen aufbewahrt werden, um die Wirksamkeit zu erhalten.<\/p>\n<p><strong>Bieten Sie Gro\u00dfmengen und OEM-Dienste an?<\/strong><br \/>\nJa, wir bieten <strong>Gro\u00dfverpackungen, kundenspezifische Etikettierung und OEM\/ODM-L\u00f6sungen<\/strong> um Ihre Produktions- und Branding-Anforderungen zu erf\u00fcllen.<\/p>\n<h2>\u00dcber Xi'an Best Bio-Tech Co, Ltd.<\/h2>\n<p><strong>Xi'an Best Bio-Tech Co., Ltd.<\/strong> widmet sich der Forschung, Entwicklung und dem weltweiten Handel mit hochwertigen nat\u00fcrlichen Kr\u00e4uterextrakten. Mit einem leidenschaftlichen und erfahrenen Team bieten wir einen 24\/7-Kundenservice und bem\u00fchen uns, Kunden in \u00fcber 60 L\u00e4ndern wettbewerbsf\u00e4hige Preise, stabile Qualit\u00e4t und aufmerksamen Service zu bieten.<\/p>\n<p>Unser Werk befindet sich in Yangling, Chinas gr\u00f6\u00dftem Zentrum f\u00fcr die Herstellung und den Vertrieb von Pflanzenextrakten. Ausgestattet mit fortschrittlichen Testinstrumenten und mehreren GMP-konformen automatisierten Produktionslinien gew\u00e4hrleisten wir eine strenge Qualit\u00e4tskontrolle von den Rohstoffen bis zum Endprodukt. Unsere Zertifizierungen umfassen <strong>Koscher, Halal, ISO9001 und USFDA<\/strong>.<\/p>\n<p>Unsere wichtigsten Produkte sind <strong>Pilzextrakte, Inhaltsstoffe f\u00fcr Nahrungserg\u00e4nzungsmittel, kosmetische Kr\u00e4uterextrakte sowie Obst- und Gem\u00fcsepulver<\/strong>. Wir sind bestrebt, sichere, wirksame und ma\u00dfgeschneiderte L\u00f6sungen anzubieten, die Kunden auf der ganzen Welt helfen, ein gesundes Leben zu f\u00fchren.<\/p>","protected":false},"excerpt":{"rendered":"<p>CAS-Nr.: 89-78-1<br \/>\nEINECS: 201-939-0<br \/>\nMolekulare Formel: C10H20O<br \/>\nMenthol-Extrakt ist eine Chemikalie, Menthol wird aus den Bl\u00e4ttern und St\u00e4ngeln der Pfefferminze extrahiert, wei\u00dfe Kristalle, Molekularformel C10H20O, ist der Hauptbestandteil der \u00e4therischen \u00d6le von Pfefferminze und Minze.<\/p>","protected":false},"featured_media":967,"comment_status":"open","ping_status":"closed","template":"","meta":{"_acf_changed":false},"product_brand":[],"product_cat":[21],"product_tag":[],"class_list":{"0":"post-966","1":"product","2":"type-product","3":"status-publish","4":"has-post-thumbnail","6":"product_cat-plant-extracts","8":"first","9":"instock","10":"shipping-taxable","11":"product-type-simple"},"acf":[],"_links":{"self":[{"href":"https:\/\/bstextract.com\/de\/wp-json\/wp\/v2\/product\/966","targetHints":{"allow":["GET"]}}],"collection":[{"href":"https:\/\/bstextract.com\/de\/wp-json\/wp\/v2\/product"}],"about":[{"href":"https:\/\/bstextract.com\/de\/wp-json\/wp\/v2\/types\/product"}],"replies":[{"embeddable":true,"href":"https:\/\/bstextract.com\/de\/wp-json\/wp\/v2\/comments?post=966"}],"wp:featuredmedia":[{"embeddable":true,"href":"https:\/\/bstextract.com\/de\/wp-json\/wp\/v2\/media\/967"}],"wp:attachment":[{"href":"https:\/\/bstextract.com\/de\/wp-json\/wp\/v2\/media?parent=966"}],"wp:term":[{"taxonomy":"product_brand","embeddable":true,"href":"https:\/\/bstextract.com\/de\/wp-json\/wp\/v2\/product_brand?post=966"},{"taxonomy":"product_cat","embeddable":true,"href":"https:\/\/bstextract.com\/de\/wp-json\/wp\/v2\/product_cat?post=966"},{"taxonomy":"product_tag","embeddable":true,"href":"https:\/\/bstextract.com\/de\/wp-json\/wp\/v2\/product_tag?post=966"}],"curies":[{"name":"wp","href":"https:\/\/api.w.org\/{rel}","templated":true}]}}