{"id":980,"date":"2025-05-19T02:45:42","date_gmt":"2025-05-19T02:45:42","guid":{"rendered":"https:\/\/bstextract.com\/?post_type=product&#038;p=980"},"modified":"2025-06-09T01:43:10","modified_gmt":"2025-06-09T01:43:10","slug":"resveratrol","status":"publish","type":"product","link":"https:\/\/bstextract.com\/de\/produkt\/resveratrol\/","title":{"rendered":"Resveratrol-Pulver"},"content":{"rendered":"<p><!-- Keyword Section (Outside Article) --><\/p>\n<p><!-- Product Content --><\/p>\n<h2>Was ist Resveratrol?<\/h2>\n<p><strong>Resveratrol<\/strong> ist ein starkes nat\u00fcrliches Polyphenol, das aus Quellen wie der japanischen Kn\u00f6terichwurzel und roten Weintrauben gewonnen wird. Wissenschaftlich bekannt als <strong>Trans-Resveratrol<\/strong> (CAS-Nr. <strong>501-36-0<\/strong>), wird sie f\u00fcr ihre starke Wirkung gesch\u00e4tzt <strong>antioxidative, entz\u00fcndungshemmende und Anti-Aging-Eigenschaften<\/strong>. Unser Resveratrol-Pulver ist standardisiert auf eine Reinheit von <strong>99%<\/strong> und ist sowohl in <strong>Kosmetische Qualit\u00e4t<\/strong> und <strong>Lebensmittelqualit\u00e4t<\/strong> Formen.<\/p>\n<p><img fetchpriority=\"high\" decoding=\"async\" class=\"alignnone wp-image-985 size-full\" src=\"https:\/\/bstextract.com\/wp-content\/uploads\/2025\/05\/Resveratrol.png\" alt=\"Resveratrol\" width=\"1589\" height=\"600\" title=\"\" srcset=\"https:\/\/bstextract.com\/wp-content\/uploads\/2025\/05\/Resveratrol.png 1589w, https:\/\/bstextract.com\/wp-content\/uploads\/2025\/05\/Resveratrol-300x113.png 300w, https:\/\/bstextract.com\/wp-content\/uploads\/2025\/05\/Resveratrol-1024x387.png 1024w, https:\/\/bstextract.com\/wp-content\/uploads\/2025\/05\/Resveratrol-768x290.png 768w, https:\/\/bstextract.com\/wp-content\/uploads\/2025\/05\/Resveratrol-1536x580.png 1536w, https:\/\/bstextract.com\/wp-content\/uploads\/2025\/05\/Resveratrol-18x7.png 18w, https:\/\/bstextract.com\/wp-content\/uploads\/2025\/05\/Resveratrol-600x227.png 600w\" sizes=\"(max-width: 1589px) 100vw, 1589px\" \/><\/p>\n<p>Aufgrund seines wei\u00dfen, feinen Pulvers und seiner hohen Stabilit\u00e4t wird Resveratrol h\u00e4ufig in <strong>Anwendungen in den Bereichen Nahrungserg\u00e4nzungsmittel, Hautpflege, Kosmetik und funktionelle Lebensmittel<\/strong>. Es unterst\u00fctzt die Zellgesundheit, f\u00f6rdert die Langlebigkeit und wird h\u00e4ufig als Hauptbestandteil in Anti-Aging-Formeln, immunst\u00e4rkenden Produkten und L\u00f6sungen zur Hauterneuerung verwendet.<\/p>\n<h2>Anwendungen von Resveratrol<\/h2>\n<p>Resveratrol ist ein multifunktionaler Inhaltsstoff, der in einer Reihe von Branchen eingesetzt wird. In der <strong>Nutrazeutika- und Lebensmittelsektor<\/strong>wird sie aufgenommen in <strong>Kapseln, Tabletten, Pulver, Getr\u00e4nke und funktionelle Lebensmittel<\/strong> zur F\u00f6rderung <strong>Herzgesundheit, antioxidativer Schutz und Unterst\u00fctzung des Stoffwechsels<\/strong>. Als nat\u00fcrlicher Bestandteil des Rotweins ist er besonders beliebt in Produkten, die auf Anti-Aging und Wellness ausgerichtet sind.<\/p>\n<p>Im kosmetischen Bereich ist Resveratrol bekannt f\u00fcr seine <strong>Anti-Aging, entz\u00fcndungshemmende und aufhellende Wirkung<\/strong>und ist damit ideal f\u00fcr den Einsatz in <strong>Cremes, Seren, Masken und hochwertige Hautpflegelinien<\/strong>. Seine F\u00e4higkeit, freie Radikale zu neutralisieren und oxidativen Stress zu reduzieren, macht es auch in Formulierungen wertvoll, die die Haut vor Umweltsch\u00e4den und UV-Exposition sch\u00fctzen.<\/p>\n<h2>H\u00e4ufig gestellte Fragen<\/h2>\n<p><strong>Wie hoch ist der Reinheitsgrad Ihres Resveratrol-Pulvers?<\/strong><br \/>\nUnser Resveratrol ist standardisiert auf einen Reinheitsgrad von <strong>99%<\/strong>Sie gew\u00e4hrleisten ein H\u00f6chstma\u00df an Wirksamkeit und Konsistenz f\u00fcr den industriellen Einsatz.<\/p>\n<p><strong>Welche Noten gibt es?<\/strong><br \/>\nWir bieten sowohl <strong>Kosmetische Qualit\u00e4t<\/strong> und <strong>Lebensmittelqualit\u00e4t<\/strong> Resveratrol, geeignet f\u00fcr eine breite Palette von Anwendungen.<\/p>\n<p><strong>Wie sieht das Produkt aus?<\/strong><br \/>\nEs ist ein <strong>feines wei\u00dfes Pulver<\/strong>geruchlos und leicht dispergierbar in den meisten Formulierungen.<\/p>\n<p><strong>Kann ich ein Muster anfordern?<\/strong><br \/>\nJa, wir bieten <strong>Gratisproben<\/strong> zur Qualit\u00e4tsbewertung und Kompatibilit\u00e4tspr\u00fcfung.<\/p>\n<p><strong>Welche Verpackungsm\u00f6glichkeiten bieten Sie an?<\/strong><br \/>\nWir bieten Standardverpackungen von <strong>1kg\/Beutel\/Karton<\/strong> oder <strong>25kg\/Fass oder Karton<\/strong>. Kundenspezifische Verpackungen sind auf Anfrage erh\u00e4ltlich.<\/p>\n<p><strong>Wie lange ist die Haltbarkeit und welche Lagerungsempfehlung gibt es?<\/strong><br \/>\nDie Haltbarkeitsdauer betr\u00e4gt <strong>24 Monate<\/strong> wenn es in einem dichten, lichtbest\u00e4ndigen Beh\u00e4lter gelagert wird. Vermeiden Sie direktes Sonnenlicht, \u00fcberm\u00e4\u00dfige Hitze und Feuchtigkeit.<\/p>\n<h2>\u00dcber Xi'an Best Bio-Tech Co, Ltd.<\/h2>\n<p><strong>Xi'an Best Bio-Tech Co., Ltd.<\/strong> widmet sich der Forschung, Entwicklung und dem weltweiten Handel mit hochwertigen nat\u00fcrlichen Kr\u00e4uterextrakten. Mit einem leidenschaftlichen und erfahrenen Team bieten wir einen 24\/7-Kundenservice und bem\u00fchen uns, Kunden in \u00fcber 60 L\u00e4ndern wettbewerbsf\u00e4hige Preise, stabile Qualit\u00e4t und aufmerksamen Service zu bieten.<\/p>\n<p>Unser Werk befindet sich in Yangling, Chinas gr\u00f6\u00dftem Zentrum f\u00fcr die Herstellung und den Vertrieb von Pflanzenextrakten. Ausgestattet mit fortschrittlichen Testinstrumenten und mehreren GMP-konformen automatisierten Produktionslinien gew\u00e4hrleisten wir eine strenge Qualit\u00e4tskontrolle von den Rohstoffen bis zum Endprodukt. Unsere Zertifizierungen umfassen <strong>Koscher, Halal, ISO9001 und USFDA<\/strong>.<\/p>\n<p>Unsere wichtigsten Produkte sind <strong>Pilzextrakte, Inhaltsstoffe f\u00fcr Nahrungserg\u00e4nzungsmittel, kosmetische Kr\u00e4uterextrakte sowie Obst- und Gem\u00fcsepulver<\/strong>. Wir sind bestrebt, sichere, wirksame und ma\u00dfgeschneiderte L\u00f6sungen anzubieten, die Kunden auf der ganzen Welt helfen, ein gesundes Leben zu f\u00fchren.<\/p>","protected":false},"excerpt":{"rendered":"<table>\n<tbody>\n<tr>\n<td colspan=\"1\" rowspan=\"1\">\n<div>\n<div><b>CAS NO<\/b><\/div>\n<\/div>\n<\/td>\n<td colspan=\"1\" rowspan=\"1\">\n<div>\n<div>501-36-0<\/div>\n<\/div>\n<\/td>\n<\/tr>\n<tr>\n<td colspan=\"1\" rowspan=\"1\">\n<div>\n<div><b>Klasse<\/b><\/div>\n<\/div>\n<\/td>\n<td colspan=\"1\" rowspan=\"1\">\n<div>\n<div>Kosmetische Qualit\u00e4t, Lebensmittelqualit\u00e4t<\/div>\n<\/div>\n<\/td>\n<\/tr>\n<tr>\n<td colspan=\"1\" rowspan=\"1\">\n<div>\n<div><b>Erscheinungsbild<\/b><\/div>\n<\/div>\n<\/td>\n<td colspan=\"1\" rowspan=\"1\">\n<div>\n<div>Wei\u00dfes Puder<\/div>\n<\/div>\n<\/td>\n<\/tr>\n<tr>\n<td colspan=\"1\" rowspan=\"1\">\n<div>\n<div><b>Produkt-Spezifikation<\/b><\/div>\n<\/div>\n<\/td>\n<td colspan=\"1\" rowspan=\"1\">\n<div>\n<div>99%<\/div>\n<\/div>\n<\/td>\n<\/tr>\n<\/tbody>\n<\/table>","protected":false},"featured_media":981,"comment_status":"open","ping_status":"closed","template":"","meta":{"_acf_changed":false},"product_brand":[],"product_cat":[21,22],"product_tag":[],"class_list":{"0":"post-980","1":"product","2":"type-product","3":"status-publish","4":"has-post-thumbnail","6":"product_cat-plant-extracts","7":"product_cat-cosmetic-personal-care-ingredients","9":"first","10":"instock","11":"shipping-taxable","12":"product-type-simple"},"acf":[],"_links":{"self":[{"href":"https:\/\/bstextract.com\/de\/wp-json\/wp\/v2\/product\/980","targetHints":{"allow":["GET"]}}],"collection":[{"href":"https:\/\/bstextract.com\/de\/wp-json\/wp\/v2\/product"}],"about":[{"href":"https:\/\/bstextract.com\/de\/wp-json\/wp\/v2\/types\/product"}],"replies":[{"embeddable":true,"href":"https:\/\/bstextract.com\/de\/wp-json\/wp\/v2\/comments?post=980"}],"wp:featuredmedia":[{"embeddable":true,"href":"https:\/\/bstextract.com\/de\/wp-json\/wp\/v2\/media\/981"}],"wp:attachment":[{"href":"https:\/\/bstextract.com\/de\/wp-json\/wp\/v2\/media?parent=980"}],"wp:term":[{"taxonomy":"product_brand","embeddable":true,"href":"https:\/\/bstextract.com\/de\/wp-json\/wp\/v2\/product_brand?post=980"},{"taxonomy":"product_cat","embeddable":true,"href":"https:\/\/bstextract.com\/de\/wp-json\/wp\/v2\/product_cat?post=980"},{"taxonomy":"product_tag","embeddable":true,"href":"https:\/\/bstextract.com\/de\/wp-json\/wp\/v2\/product_tag?post=980"}],"curies":[{"name":"wp","href":"https:\/\/api.w.org\/{rel}","templated":true}]}}