{"id":988,"date":"2025-05-19T03:20:08","date_gmt":"2025-05-19T03:20:08","guid":{"rendered":"https:\/\/bstextract.com\/?post_type=product&#038;p=988"},"modified":"2025-05-19T03:20:31","modified_gmt":"2025-05-19T03:20:31","slug":"brokkoli-extrakt-sulforaphan","status":"publish","type":"product","link":"https:\/\/bstextract.com\/de\/produkt\/brokkoli-extrakt-sulforaphan\/","title":{"rendered":"Brokkoli-Extrakt (Sulforaphan)"},"content":{"rendered":"<p><!-- Keyword Section (Outside Article) --><\/p>\n<p><!-- Product Content --><\/p>\n<h2>Was ist Sulforaphan?<\/h2>\n<p><strong>Sulforaphan<\/strong> ist eine starke bioaktive Verbindung, die aus Brokkoli gewonnen wird (<em>Brassica oleracea<\/em>) Sprossen und R\u00f6schen. Identifiziert durch CAS-Nr. <strong>4478-93-7<\/strong>Sulforaphan ist weithin bekannt f\u00fcr seine <strong>entgiftende, antioxidative und entz\u00fcndungshemmende Eigenschaften<\/strong>. Es aktiviert Nrf2, einen wichtigen Regulator des k\u00f6rpereigenen Abwehrsystems gegen oxidativen Stress, was es zu einem vielversprechenden Inhaltsstoff f\u00fcr pr\u00e4ventive Gesundheit und Zellschutz macht.<\/p>\n<p>Unser Brokkoli-Extrakt Sulforaphan ist erh\u00e4ltlich in Konzentrationen von <strong>1%, 5% und 10%<\/strong>als Geldstrafe zugestellt <strong>hellbraunes Pulver<\/strong>. Es eignet sich zur Verwendung in Nahrungserg\u00e4nzungsmitteln, funktionellen Lebensmitteln und Hautpflegeformulierungen, die auf Entgiftung, Immungesundheit und Langlebigkeit abzielen.<\/p>\n<h2>Anwendungen von Brokkoli-Extrakt (Sulforaphan)<\/h2>\n<p>Brokkoli-Extrakt, standardisiert auf Sulforaphan, erfreut sich zunehmender Beliebtheit in der <strong>N\u00e4hrstoff- und Pharmaindustrie<\/strong>. Es ist ein wichtiger Bestandteil von <strong>Entgiftungspr\u00e4parate, Produkte zur Unterst\u00fctzung der Leber, Antioxidantienmischungen und Immunverst\u00e4rker<\/strong>. In Kapsel- und Tablettenform hilft es dem Organismus, oxidative Sch\u00e4den zu bek\u00e4mpfen und unterst\u00fctzt die Ausscheidung von Toxinen durch eine verbesserte Phase II der Entgiftung.<\/p>\n<p><img fetchpriority=\"high\" decoding=\"async\" class=\"aligncenter wp-image-992 size-full\" src=\"https:\/\/bstextract.com\/wp-content\/uploads\/2025\/05\/Sulforaphane-Powder.webp\" alt=\"Brokkoli-Extrakt (Sulforaphan)\" width=\"1000\" height=\"635\" title=\"\" srcset=\"https:\/\/bstextract.com\/wp-content\/uploads\/2025\/05\/Sulforaphane-Powder.webp 1000w, https:\/\/bstextract.com\/wp-content\/uploads\/2025\/05\/Sulforaphane-Powder-300x191.webp 300w, https:\/\/bstextract.com\/wp-content\/uploads\/2025\/05\/Sulforaphane-Powder-768x488.webp 768w, https:\/\/bstextract.com\/wp-content\/uploads\/2025\/05\/Sulforaphane-Powder-18x12.webp 18w, https:\/\/bstextract.com\/wp-content\/uploads\/2025\/05\/Sulforaphane-Powder-600x381.webp 600w\" sizes=\"(max-width: 1000px) 100vw, 1000px\" \/><\/p>\n<p>In der Lebensmittel- und Getr\u00e4nkeindustrie wird Sulforaphan verwendet in <strong>Superfood-Pulver, Gr\u00fcnzeugmischungen und funktionelle Getr\u00e4nke<\/strong>. Seine antioxidative und Anti-Aging-Wirkung macht es auch geeignet f\u00fcr <strong>kosmetische Produkte<\/strong> wie Anti-Pollution-Cremes, Seren und Hautpflegepr\u00e4parate, die die Haut vor Umweltbelastungen sch\u00fctzen sollen.<\/p>\n<h2>H\u00e4ufig gestellte Fragen<\/h2>\n<p><strong>Wie lautet die Spezifikation Ihres Sulforaphan-Extrakts?<\/strong><br \/>\nWir bieten Brokkoli-Extrakt mit Sulforaphan-Konzentrationen von <strong>1%, 5% und 10%<\/strong>je nach Kundenwunsch.<\/p>\n<p><strong>Wie sieht das Produkt aus?<\/strong><br \/>\nSie erscheint als <strong>hellbraunes Pulver<\/strong> mit einem milden pflanzlichen Aroma, verarbeitet f\u00fcr maximale Reinheit und Stabilit\u00e4t.<\/p>\n<p><strong>Kann ich ein Muster anfordern?<\/strong><br \/>\nJa, <strong>Gratisproben<\/strong> sind f\u00fcr Tests und Produktentwicklung verf\u00fcgbar.<\/p>\n<p><strong>Welche Zertifizierungen hat Ihr Produkt?<\/strong><br \/>\nUnser Sulforaphan-Brokkoli-Extrakt ist zertifiziert <strong>KOSHER, HALAL, ISO22000, HACCP, EU-Bio und USDA-Bio<\/strong>.<\/p>\n<p><strong>Wie ist das Produkt verpackt?<\/strong><br \/>\nDie Standardverpackung umfasst <strong>1kg\/Beutel\/Karton<\/strong> oder <strong>25kg\/Fass oder Karton<\/strong>. Kundenspezifische Verpackungen sind auf Anfrage erh\u00e4ltlich.<\/p>\n<p><strong>Wie sollte es gelagert werden?<\/strong><br \/>\nAufbewahren in einem <strong>dichter, lichtbest\u00e4ndiger Beh\u00e4lter<\/strong>vor direkter Sonneneinstrahlung, Hitze und Feuchtigkeit gesch\u00fctzt aufbewahren. Lagerf\u00e4higkeit ist <strong>24 Monate<\/strong> bei ordnungsgem\u00e4\u00dfer Lagerung.<\/p>","protected":false},"excerpt":{"rendered":"<table>\n<tbody>\n<tr>\n<td colspan=\"1\" rowspan=\"1\">\n<div>\n<div><b>CAS NO<\/b><\/div>\n<\/div>\n<\/td>\n<td colspan=\"1\" rowspan=\"1\">\n<div>\n<div>4478-93-7<\/div>\n<\/div>\n<\/td>\n<\/tr>\n<tr>\n<td colspan=\"1\" rowspan=\"1\">\n<div>\n<div><b>Quelle<\/b><\/div>\n<\/div>\n<\/td>\n<td colspan=\"1\" rowspan=\"1\">\n<div>\n<div>Brokkoli-Extrakt<\/div>\n<\/div>\n<\/td>\n<\/tr>\n<tr>\n<td colspan=\"1\" rowspan=\"1\">\n<div>\n<div><b>Erscheinungsbild<\/b><\/div>\n<\/div>\n<\/td>\n<td colspan=\"1\" rowspan=\"1\">\n<div>\n<div>Hellbraunes Puder<\/div>\n<\/div>\n<\/td>\n<\/tr>\n<tr>\n<td colspan=\"1\" rowspan=\"1\">\n<div>\n<div><b>Produkt-Spezifikation<\/b><\/div>\n<\/div>\n<\/td>\n<td colspan=\"1\" rowspan=\"1\">\n<div>\n<div>1% 5% 10%<\/div>\n<\/div>\n<\/td>\n<\/tr>\n<\/tbody>\n<\/table>","protected":false},"featured_media":989,"comment_status":"open","ping_status":"closed","template":"","meta":{"_acf_changed":false},"product_brand":[],"product_cat":[21],"product_tag":[],"class_list":{"0":"post-988","1":"product","2":"type-product","3":"status-publish","4":"has-post-thumbnail","6":"product_cat-plant-extracts","8":"first","9":"instock","10":"shipping-taxable","11":"product-type-simple"},"acf":[],"_links":{"self":[{"href":"https:\/\/bstextract.com\/de\/wp-json\/wp\/v2\/product\/988","targetHints":{"allow":["GET"]}}],"collection":[{"href":"https:\/\/bstextract.com\/de\/wp-json\/wp\/v2\/product"}],"about":[{"href":"https:\/\/bstextract.com\/de\/wp-json\/wp\/v2\/types\/product"}],"replies":[{"embeddable":true,"href":"https:\/\/bstextract.com\/de\/wp-json\/wp\/v2\/comments?post=988"}],"wp:featuredmedia":[{"embeddable":true,"href":"https:\/\/bstextract.com\/de\/wp-json\/wp\/v2\/media\/989"}],"wp:attachment":[{"href":"https:\/\/bstextract.com\/de\/wp-json\/wp\/v2\/media?parent=988"}],"wp:term":[{"taxonomy":"product_brand","embeddable":true,"href":"https:\/\/bstextract.com\/de\/wp-json\/wp\/v2\/product_brand?post=988"},{"taxonomy":"product_cat","embeddable":true,"href":"https:\/\/bstextract.com\/de\/wp-json\/wp\/v2\/product_cat?post=988"},{"taxonomy":"product_tag","embeddable":true,"href":"https:\/\/bstextract.com\/de\/wp-json\/wp\/v2\/product_tag?post=988"}],"curies":[{"name":"wp","href":"https:\/\/api.w.org\/{rel}","templated":true}]}}