{"id":994,"date":"2025-05-19T03:40:07","date_gmt":"2025-05-19T03:40:07","guid":{"rendered":"https:\/\/bstextract.com\/?post_type=product&#038;p=994"},"modified":"2025-06-09T01:28:16","modified_gmt":"2025-06-09T01:28:16","slug":"brokkoli-extrakt-glucoraphanin","status":"publish","type":"product","link":"https:\/\/bstextract.com\/de\/produkt\/brokkoli-extrakt-glucoraphanin\/","title":{"rendered":"Brokkoli-Extrakt (Glucoraphanin)"},"content":{"rendered":"<p><!-- Keyword Section (Outside Article) --><\/p>\n<p><!-- Product Content --><\/p>\n<h2>Was ist Glucoraphanin?<\/h2>\n<p><strong>Glucoraphanin<\/strong> ist eine nat\u00fcrlich vorkommende schwefelhaltige Verbindung, die in Brokkoli (<em>Brassica oleracea<\/em>). Es ist ein direkter Vorl\u00e4ufer von Sulforaphan, einem starken Phyton\u00e4hrstoff, der f\u00fcr seine <strong>entgiftend, antioxidativ und entz\u00fcndungshemmend<\/strong> Vorteile. Identifiziert durch die CAS-Nummer. <strong>21414-41-5<\/strong>Glucoraphanin wird aus Brokkolisprossen und -samen extrahiert und standardisiert zu einem <strong>gr\u00fcn-gelbes Pulver<\/strong> f\u00fcr industrielle Zwecke.<\/p>\n<p><img fetchpriority=\"high\" decoding=\"async\" class=\"alignnone wp-image-998 size-full\" src=\"https:\/\/bstextract.com\/wp-content\/uploads\/2025\/05\/broccoli-1296x728-header-1296x729-1.avif\" alt=\"Brokkoli-Extrakt (Glucoraphanin)\" width=\"1296\" height=\"729\" title=\"\" srcset=\"https:\/\/bstextract.com\/wp-content\/uploads\/2025\/05\/broccoli-1296x728-header-1296x729-1.avif 1296w, https:\/\/bstextract.com\/wp-content\/uploads\/2025\/05\/broccoli-1296x728-header-1296x729-1-300x169.avif 300w, https:\/\/bstextract.com\/wp-content\/uploads\/2025\/05\/broccoli-1296x728-header-1296x729-1-1024x576.avif 1024w, https:\/\/bstextract.com\/wp-content\/uploads\/2025\/05\/broccoli-1296x728-header-1296x729-1-768x432.avif 768w, https:\/\/bstextract.com\/wp-content\/uploads\/2025\/05\/broccoli-1296x728-header-1296x729-1-18x10.avif 18w, https:\/\/bstextract.com\/wp-content\/uploads\/2025\/05\/broccoli-1296x728-header-1296x729-1-600x338.avif 600w\" sizes=\"(max-width: 1296px) 100vw, 1296px\" \/><\/p>\n<p>Unser Brokkoli-Extrakt Glucoraphanin ist in verschiedenen Konzentrationen erh\u00e4ltlich, darunter <strong>1%, 3%, 10% und 13%<\/strong>. Es wird h\u00e4ufig in Nahrungserg\u00e4nzungsmitteln, funktionellen Lebensmitteln und Kosmetika verwendet, die den Zellschutz, die Leberentgiftung, das Gleichgewicht des Immunsystems und das langfristige Wohlbefinden unterst\u00fctzen sollen.<\/p>\n<h2>Anwendungen von Brokkoli-Extrakt (Glucoraphanin)<\/h2>\n<p>Glucoraphanin ist ein Hauptbestandteil des <strong>N\u00e4hrstoff-, Pharma- und Lebensmittelindustrie<\/strong>. Es wird haupts\u00e4chlich verwendet in <strong>Kapseln, Tabletten, gr\u00fcne Pulver und Entgiftungsformeln<\/strong> entwickelt, um einen anhaltenden antioxidativen Schutz zu bieten und die k\u00f6rpereigenen Abwehrmechanismen \u00fcber den Nrf2-Signalweg zu aktivieren.<\/p>\n<p>Im Lebensmittel- und Getr\u00e4nkesektor wird Glucoraphanin verwendet in <strong>Superfood-Getr\u00e4nke, Gr\u00fcnzeugmischungen und funktionelle Gesundheitsspritzen<\/strong>. Seine Entgiftungs- und Anti-Aging-Eigenschaften machen es auch f\u00fcr <strong>kosmetische Formulierungen<\/strong> die sich auf den Schutz der Haut und die Wirkung gegen Umweltverschmutzung konzentrieren. Mit dem wachsenden Interesse an pflanzlichen und wissenschaftlich fundierten Inhaltsstoffen ist Glucoraphanin zu einer beliebten Erg\u00e4nzung von Premium-Wellnessprodukten geworden.<\/p>\n<h2>H\u00e4ufig gestellte Fragen<\/h2>\n<p><strong>Was ist der Wirkstoff in diesem Brokkoli-Extrakt?<\/strong><br \/>\nDer Wirkstoff ist <strong>Glucoraphanin<\/strong>ein stabiler Vorl\u00e4ufer von Sulforaphan, standardisiert auf <strong>1%, 3%, 10% oder 13%<\/strong> Konzentrationen.<\/p>\n<p><strong>Wie sieht das Produkt aus?<\/strong><br \/>\nEs ist eine sch\u00f6ne <strong>gr\u00fcn-gelbes Pulver<\/strong>, nat\u00fcrlich gewonnen und verarbeitet, um die Bioaktivit\u00e4t zu erhalten.<\/p>\n<p><strong>Was sind die typischen Verwendungszwecke von Glucoraphanin?<\/strong><br \/>\nVerwendet in <strong>Entgiftungspr\u00e4parate, Antioxidantienmischungen, lebergesunde Formulierungen und hautsch\u00fctzende Kosmetika<\/strong>.<\/p>\n<p><strong>Bieten Sie Muster an?<\/strong><br \/>\nJa, wir bieten <strong>Gratisproben<\/strong> zur Unterst\u00fctzung der Formulierungsentwicklung und Produktpr\u00fcfung.<\/p>\n<p><strong>\u00dcber welche Zertifizierungen verf\u00fcgt Ihr Produkt?<\/strong><br \/>\nUnser Glucoraphanin-Extrakt ist zertifiziert <strong>KOSHER, HALAL, ISO22000, HACCP, EU-Bio und USDA-Bio<\/strong>.<\/p>\n<p><strong>Wie lange sind die Produkte haltbar und unter welchen Bedingungen werden sie gelagert?<\/strong><br \/>\nDie Haltbarkeitsdauer betr\u00e4gt <strong>24 Monate<\/strong> bei ordnungsgem\u00e4\u00dfer Lagerung in <strong>dichte, lichtbest\u00e4ndige Beh\u00e4lter<\/strong>vor Hitze und Feuchtigkeit sch\u00fctzen.<\/p>\n<h2>\u00dcber Xi'an Best Bio-Tech Co, Ltd.<\/h2>\n<p><strong>Xi'an Best Bio-Tech Co., Ltd.<\/strong> widmet sich der Forschung, Entwicklung und dem weltweiten Handel mit hochwertigen nat\u00fcrlichen Kr\u00e4uterextrakten. Mit einem leidenschaftlichen und erfahrenen Team bieten wir einen 24\/7-Kundenservice und bem\u00fchen uns, Kunden in \u00fcber 60 L\u00e4ndern wettbewerbsf\u00e4hige Preise, stabile Qualit\u00e4t und aufmerksamen Service zu bieten.<\/p>\n<p>Unser Werk befindet sich in Yangling, Chinas gr\u00f6\u00dftem Zentrum f\u00fcr die Herstellung und den Vertrieb von Pflanzenextrakten. Ausgestattet mit fortschrittlichen Testinstrumenten und mehreren GMP-konformen automatisierten Produktionslinien gew\u00e4hrleisten wir eine strenge Qualit\u00e4tskontrolle von den Rohstoffen bis zum Endprodukt. Unsere Zertifizierungen umfassen <strong>Koscher, Halal, ISO9001 und USFDA<\/strong>.<\/p>\n<p>Unsere wichtigsten Produkte sind <strong>Pilzextrakte, Inhaltsstoffe f\u00fcr Nahrungserg\u00e4nzungsmittel, kosmetische Kr\u00e4uterextrakte sowie Obst- und Gem\u00fcsepulver<\/strong>. Wir sind bestrebt, sichere, wirksame und ma\u00dfgeschneiderte L\u00f6sungen anzubieten, die Kunden auf der ganzen Welt helfen, ein gesundes Leben zu f\u00fchren.<\/p>","protected":false},"excerpt":{"rendered":"<table>\n<tbody>\n<tr>\n<td colspan=\"1\" rowspan=\"1\">\n<div>\n<div><b>CAS NO<\/b><\/div>\n<\/div>\n<\/td>\n<td colspan=\"1\" rowspan=\"1\">\n<div>\n<div>21414-41-5<\/div>\n<\/div>\n<\/td>\n<\/tr>\n<tr>\n<td colspan=\"1\" rowspan=\"1\">\n<div>\n<div><b>Quelle<\/b><\/div>\n<\/div>\n<\/td>\n<td colspan=\"1\" rowspan=\"1\">\n<div>\n<div>Brokkoli-Extrakt<\/div>\n<\/div>\n<\/td>\n<\/tr>\n<tr>\n<td colspan=\"1\" rowspan=\"1\">\n<div>\n<div><b>Erscheinungsbild<\/b><\/div>\n<\/div>\n<\/td>\n<td colspan=\"1\" rowspan=\"1\">\n<div>\n<div>Gr\u00fcn-Gelb-Pulver<\/div>\n<\/div>\n<\/td>\n<\/tr>\n<tr>\n<td colspan=\"1\" rowspan=\"1\">\n<div>\n<div><b>Produkt-Spezifikation<\/b><\/div>\n<\/div>\n<\/td>\n<td colspan=\"1\" rowspan=\"1\">\n<div>\n<div>1% 3% 10% 13%<\/div>\n<\/div>\n<\/td>\n<\/tr>\n<\/tbody>\n<\/table>","protected":false},"featured_media":995,"comment_status":"open","ping_status":"closed","template":"","meta":{"_acf_changed":false},"product_brand":[],"product_cat":[21],"product_tag":[],"class_list":{"0":"post-994","1":"product","2":"type-product","3":"status-publish","4":"has-post-thumbnail","6":"product_cat-plant-extracts","8":"first","9":"instock","10":"shipping-taxable","11":"product-type-simple"},"acf":[],"_links":{"self":[{"href":"https:\/\/bstextract.com\/de\/wp-json\/wp\/v2\/product\/994","targetHints":{"allow":["GET"]}}],"collection":[{"href":"https:\/\/bstextract.com\/de\/wp-json\/wp\/v2\/product"}],"about":[{"href":"https:\/\/bstextract.com\/de\/wp-json\/wp\/v2\/types\/product"}],"replies":[{"embeddable":true,"href":"https:\/\/bstextract.com\/de\/wp-json\/wp\/v2\/comments?post=994"}],"wp:featuredmedia":[{"embeddable":true,"href":"https:\/\/bstextract.com\/de\/wp-json\/wp\/v2\/media\/995"}],"wp:attachment":[{"href":"https:\/\/bstextract.com\/de\/wp-json\/wp\/v2\/media?parent=994"}],"wp:term":[{"taxonomy":"product_brand","embeddable":true,"href":"https:\/\/bstextract.com\/de\/wp-json\/wp\/v2\/product_brand?post=994"},{"taxonomy":"product_cat","embeddable":true,"href":"https:\/\/bstextract.com\/de\/wp-json\/wp\/v2\/product_cat?post=994"},{"taxonomy":"product_tag","embeddable":true,"href":"https:\/\/bstextract.com\/de\/wp-json\/wp\/v2\/product_tag?post=994"}],"curies":[{"name":"wp","href":"https:\/\/api.w.org\/{rel}","templated":true}]}}