{"id":1000,"date":"2025-05-19T06:14:43","date_gmt":"2025-05-19T06:14:43","guid":{"rendered":"https:\/\/bstextract.com\/?post_type=product&#038;p=1000"},"modified":"2025-05-19T06:14:43","modified_gmt":"2025-05-19T06:14:43","slug":"turkesterona-en-polvo","status":"publish","type":"product","link":"https:\/\/bstextract.com\/es\/producto\/turkesterona-en-polvo\/","title":{"rendered":"Turkesterona en polvo"},"content":{"rendered":"<p><!-- Keyword Section (Outside Article) --><\/p>\n<h2>\u00bfQu\u00e9 es la turkesterona en polvo?<\/h2>\n<p><strong>Turkesterona en polvo<\/strong> es un extracto vegetal de gran pureza derivado de <strong>Ajuga turkestanica<\/strong>es una hierba medicinal utilizada tradicionalmente en la fitoterapia de Asia Central. Este principio activo pertenece a la familia de los ecdisteroides, una clase de compuestos anab\u00f3licos naturales. Identificado por el n\u00ba CAS. <strong>41451-87-0<\/strong>La turkesterona se valora por su <strong>propiedades reconstituyentes, adapt\u00f3genas y potenciadoras del rendimiento<\/strong>sin los efectos secundarios hormonales asociados a los esteroides sint\u00e9ticos.<\/p>\n<p>Nuestra Turkesterona en polvo est\u00e1 estandarizada para <strong>2% y 10%<\/strong> contenido activo y aparece <strong>polvo marr\u00f3n<\/strong>. Se utiliza ampliamente en las industrias de la nutrici\u00f3n deportiva y los suplementos para la salud, donde favorece la recuperaci\u00f3n muscular, el aumento de la fuerza, la resistencia y la adaptaci\u00f3n al estr\u00e9s en atletas y personas activas.<\/p>\n<h2>Aplicaciones de la turkesterona en polvo<\/h2>\n<p>La turkesterona est\u00e1 ganando popularidad en el <strong>mercados del rendimiento deportivo, la musculaci\u00f3n y la recuperaci\u00f3n<\/strong>. Suele formularse en <strong>c\u00e1psulas, comprimidos, preentrenamientos en polvo y bebidas funcionales<\/strong> destinado a aumentar la masa muscular magra y el rendimiento f\u00edsico. A diferencia de los compuestos anab\u00f3licos sint\u00e9ticos, no es hormonal y no requiere terapia post-ciclo (PCT).<\/p>\n<p><img fetchpriority=\"high\" decoding=\"async\" class=\"size-full wp-image-1005 aligncenter\" src=\"https:\/\/bstextract.com\/wp-content\/uploads\/2025\/05\/Turkesterone-Powder.jpg\" alt=\"\" width=\"1024\" height=\"683\" title=\"\" srcset=\"https:\/\/bstextract.com\/wp-content\/uploads\/2025\/05\/Turkesterone-Powder.jpg 1024w, https:\/\/bstextract.com\/wp-content\/uploads\/2025\/05\/Turkesterone-Powder-300x200.jpg 300w, https:\/\/bstextract.com\/wp-content\/uploads\/2025\/05\/Turkesterone-Powder-768x512.jpg 768w, https:\/\/bstextract.com\/wp-content\/uploads\/2025\/05\/Turkesterone-Powder-18x12.jpg 18w, https:\/\/bstextract.com\/wp-content\/uploads\/2025\/05\/Turkesterone-Powder-600x400.jpg 600w\" sizes=\"(max-width: 1024px) 100vw, 1024px\" \/><\/p>\n<p>En los sectores de los adapt\u00f3genos y el bienestar, la turkesterona se valora por su capacidad para promover la resistencia f\u00edsica, reducir la fatiga y favorecer el equilibrio hormonal en situaciones de estr\u00e9s. Es ideal para las l\u00edneas de productos naturales dirigidas a <strong>crecimiento muscular, resistencia, vitalidad y recuperaci\u00f3n<\/strong>-sin infringir las normas antidopaje. Su origen vegetal tambi\u00e9n lo hace apto para f\u00f3rmulas veganas y de etiquetado limpio.<\/p>\n<h2>Preguntas frecuentes<\/h2>\n<p><strong>\u00bfCu\u00e1l es la fuente de su Turkesterone?<\/strong><br \/>\nNuestra Turkesterona se extrae de <strong>Ajuga turkestanica<\/strong>planta conocida por su alto contenido en ecdisteroides y su uso medicinal tradicional.<\/p>\n<p><strong>\u00bfQu\u00e9 concentraciones hay disponibles?<\/strong><br \/>\nOfrecemos Turkesterona en polvo estandarizada en <strong>2% y 10%<\/strong> contenido activo para adaptarse a las distintas necesidades de formulaci\u00f3n.<\/p>\n<p><strong>\u00bfQu\u00e9 aspecto tiene el polvo?<\/strong><br \/>\nEs un buen <strong>polvo marr\u00f3n<\/strong>, apto para su uso tanto en c\u00e1psulas como en mezclas para bebidas.<\/p>\n<p><strong>\u00bfPuedo obtener una muestra para analizarla?<\/strong><br \/>\nS\u00ed, ofrecemos <strong>muestras gratuitas<\/strong> para apoyar las pruebas de calidad y el desarrollo de I+D.<\/p>\n<p><strong>\u00bfQu\u00e9 certificaciones tiene su Turkesterone?<\/strong><br \/>\nNuestro producto est\u00e1 certificado <strong>KOSHER, HALAL, HACCP, ISO22000, ecol\u00f3gico UE y ecol\u00f3gico USDA<\/strong>.<\/p>\n<p><strong>\u00bfC\u00f3mo debe almacenarse?<\/strong><br \/>\nAlmacenar en <strong>recipientes herm\u00e9ticos y resistentes a la luz<\/strong>, en un lugar fresco y seco, protegido de la luz solar directa y de la humedad. Caducidad <strong>24 meses<\/strong> cuando se almacena correctamente.<\/p>","protected":false},"excerpt":{"rendered":"<table>\n<tbody>\n<tr>\n<td colspan=\"1\" rowspan=\"1\">\n<div>\n<div><b>CAS NO<\/b><\/div>\n<\/div>\n<\/td>\n<td colspan=\"1\" rowspan=\"1\">\n<div>\n<div>41451-87-0<\/div>\n<\/div>\n<\/td>\n<\/tr>\n<tr>\n<td colspan=\"1\" rowspan=\"1\">\n<div>\n<div><b>Apariencia<\/b><\/div>\n<\/div>\n<\/td>\n<td colspan=\"1\" rowspan=\"1\">\n<div>\n<div>Polvo marr\u00f3n<\/div>\n<\/div>\n<\/td>\n<\/tr>\n<tr>\n<td colspan=\"1\" rowspan=\"1\">\n<div>\n<div><b>Especificaci\u00f3n del producto<\/b><\/div>\n<\/div>\n<\/td>\n<td colspan=\"1\" rowspan=\"1\">\n<div>\n<div>2% 10%<\/div>\n<\/div>\n<\/td>\n<\/tr>\n<\/tbody>\n<\/table>","protected":false},"featured_media":1001,"comment_status":"open","ping_status":"closed","template":"","meta":{"_acf_changed":false},"product_brand":[],"product_cat":[21],"product_tag":[],"class_list":{"0":"post-1000","1":"product","2":"type-product","3":"status-publish","4":"has-post-thumbnail","6":"product_cat-plant-extracts","8":"first","9":"instock","10":"shipping-taxable","11":"product-type-simple"},"acf":[],"_links":{"self":[{"href":"https:\/\/bstextract.com\/es\/wp-json\/wp\/v2\/product\/1000","targetHints":{"allow":["GET"]}}],"collection":[{"href":"https:\/\/bstextract.com\/es\/wp-json\/wp\/v2\/product"}],"about":[{"href":"https:\/\/bstextract.com\/es\/wp-json\/wp\/v2\/types\/product"}],"replies":[{"embeddable":true,"href":"https:\/\/bstextract.com\/es\/wp-json\/wp\/v2\/comments?post=1000"}],"wp:featuredmedia":[{"embeddable":true,"href":"https:\/\/bstextract.com\/es\/wp-json\/wp\/v2\/media\/1001"}],"wp:attachment":[{"href":"https:\/\/bstextract.com\/es\/wp-json\/wp\/v2\/media?parent=1000"}],"wp:term":[{"taxonomy":"product_brand","embeddable":true,"href":"https:\/\/bstextract.com\/es\/wp-json\/wp\/v2\/product_brand?post=1000"},{"taxonomy":"product_cat","embeddable":true,"href":"https:\/\/bstextract.com\/es\/wp-json\/wp\/v2\/product_cat?post=1000"},{"taxonomy":"product_tag","embeddable":true,"href":"https:\/\/bstextract.com\/es\/wp-json\/wp\/v2\/product_tag?post=1000"}],"curies":[{"name":"wp","href":"https:\/\/api.w.org\/{rel}","templated":true}]}}