{"id":1022,"date":"2025-05-20T06:35:29","date_gmt":"2025-05-20T06:35:29","guid":{"rendered":"https:\/\/bstextract.com\/?post_type=product&#038;p=1022"},"modified":"2025-05-20T06:35:29","modified_gmt":"2025-05-20T06:35:29","slug":"espermidina-1-extracto-de-germen-de-trigo-en-polvo","status":"publish","type":"product","link":"https:\/\/bstextract.com\/es\/producto\/espermidina-1-extracto-de-germen-de-trigo-en-polvo\/","title":{"rendered":"Espermidina 1% Extracto de germen de trigo en polvo"},"content":{"rendered":"<p><!-- Keyword Section (Outside Article) --><\/p>\n<h2>\u00bfQu\u00e9 es la espermidina?<\/h2>\n<p><strong>Espermidina<\/strong> es un compuesto natural de poliamina extra\u00eddo de <strong>germen de trigo<\/strong>reconocido por su papel en el apoyo a la salud celular y la longevidad. Identificado por el n\u00ba CAS. <strong>124-20-9<\/strong>La espermidina ha captado la atenci\u00f3n mundial como ingrediente funcional que favorece la <strong>autofagia: el proceso natural de renovaci\u00f3n celular del organismo<\/strong>. Nuestra espermidina en polvo est\u00e1 estandarizada para <strong>1%<\/strong> contenido activo y est\u00e1 disponible como <strong>polvo amarillo pardo<\/strong>.<\/p>\n<p><img fetchpriority=\"high\" decoding=\"async\" class=\"alignnone wp-image-1026 size-full\" src=\"https:\/\/bstextract.com\/wp-content\/uploads\/2025\/05\/germe-grano-header.jpg\" alt=\"Extracto de germen de trigo en polvo\" width=\"1920\" height=\"647\" title=\"\" srcset=\"https:\/\/bstextract.com\/wp-content\/uploads\/2025\/05\/germe-grano-header.jpg 1920w, https:\/\/bstextract.com\/wp-content\/uploads\/2025\/05\/germe-grano-header-300x101.jpg 300w, https:\/\/bstextract.com\/wp-content\/uploads\/2025\/05\/germe-grano-header-1024x345.jpg 1024w, https:\/\/bstextract.com\/wp-content\/uploads\/2025\/05\/germe-grano-header-768x259.jpg 768w, https:\/\/bstextract.com\/wp-content\/uploads\/2025\/05\/germe-grano-header-1536x518.jpg 1536w, https:\/\/bstextract.com\/wp-content\/uploads\/2025\/05\/germe-grano-header-18x6.jpg 18w, https:\/\/bstextract.com\/wp-content\/uploads\/2025\/05\/germe-grano-header-600x202.jpg 600w\" sizes=\"(max-width: 1920px) 100vw, 1920px\" \/><\/p>\n<p>Como uno de los ingredientes m\u00e1s prometedores en los mercados del antienvejecimiento y el biohacking, la espermidina se utiliza ampliamente en <strong>nutrac\u00e9uticos, alimentos funcionales y suplementos para el bienestar<\/strong>. Ofrece un enfoque cient\u00edficamente respaldado para apoyar la funci\u00f3n metab\u00f3lica, el envejecimiento saludable, el equilibrio inmunol\u00f3gico y la salud cognitiva.<\/p>\n<h2>Aplicaciones de la espermidina<\/h2>\n<p>La espermidina se utiliza cada vez m\u00e1s en <strong>suplementos de longevidad y productos para el bienestar celular<\/strong>. Se suele formular en <strong>c\u00e1psulas, polvos, mezclas para bebidas y comprimidos<\/strong> que apoyan <strong>activaci\u00f3n de la autofagia, funci\u00f3n cardiovascular, rendimiento cognitivo y regeneraci\u00f3n cut\u00e1nea<\/strong>.<\/p>\n<p>Adem\u00e1s de su uso en suplementos diet\u00e9ticos, la espermidina est\u00e1 ganando terreno en la <strong>mercados del biohacking, el bienestar y el antienvejecimiento<\/strong> debido a su capacidad para influir en la expresi\u00f3n g\u00e9nica, la funci\u00f3n mitocondrial y la respuesta inflamatoria. Su origen en el germen de trigo tambi\u00e9n resulta atractivo para los formuladores que buscan soluciones naturales de origen vegetal.<\/p>\n<h2>Preguntas frecuentes<\/h2>\n<p><strong>\u00bfCu\u00e1l es la fuente de su espermidina?<\/strong><br \/>\nNuestra espermidina se extrae de <strong>germen de trigo<\/strong>una rica fuente natural de poliaminas y nutrientes.<\/p>\n<p><strong>\u00bfCu\u00e1l es la especificaci\u00f3n est\u00e1ndar?<\/strong><br \/>\nOfrecemos espermidina estandarizada para <strong>1%<\/strong> concentraci\u00f3n de poliaminas activas.<\/p>\n<p><strong>\u00bfQu\u00e9 aspecto tiene el producto?<\/strong><br \/>\nAparece como <strong>polvo amarillo pardo<\/strong> con olor suave y excelente solubilidad en formulaciones de suplementos.<\/p>\n<p><strong>\u00bfOfrecen muestras?<\/strong><br \/>\nS\u00ed, proporcionamos <strong>muestras gratuitas<\/strong> para apoyar las pruebas de formulaci\u00f3n y la verificaci\u00f3n de la calidad.<\/p>\n<p><strong>\u00bfQu\u00e9 certificaciones tiene su espermidina?<\/strong><br \/>\nNuestro producto est\u00e1 certificado <strong>KOSHER, HALAL, ISO22000, HACCP, ecol\u00f3gico UE y ecol\u00f3gico USDA<\/strong>.<\/p>\n<p><strong>\u00bfCu\u00e1les son los datos de almacenamiento y conservaci\u00f3n?<\/strong><br \/>\nAlmacenar en <strong>recipientes herm\u00e9ticos y resistentes a la luz<\/strong> al abrigo de la luz solar, el calor y la humedad. Caducidad <strong>24 meses<\/strong> en las condiciones recomendadas.<\/p>","protected":false},"excerpt":{"rendered":"<table class=\"has-title all magic-13\">\n<tbody>\n<tr>\n<td colspan=\"1\" rowspan=\"1\">\n<div class=\"magic-17\">\n<div class=\"magic-4\" data-spm-anchor-id=\"a2700.pc-decorate.0.i38.12c93333exgmM8\"><span style=\"font-family: Verdana;\"><b>CAS NO<\/b><\/span><\/div>\n<\/div>\n<\/td>\n<td colspan=\"1\" rowspan=\"1\">\n<div class=\"magic-18\">\n<div class=\"magic-4\" data-spm-anchor-id=\"a2700.pc-decorate.0.i25.329e33334x4Jlc\"><span style=\"font-family: Verdana;\">124-20-9<\/span><\/div>\n<\/div>\n<\/td>\n<\/tr>\n<tr>\n<td colspan=\"1\" rowspan=\"1\">\n<div class=\"magic-17\" data-spm-anchor-id=\"a2700.details-description.0.i1.2ddcXF9RXF9RIY\">\n<div class=\"magic-4\" data-spm-anchor-id=\"a2700.pc-decorate.0.i32.12c93333exgmM8\"><span style=\"font-family: Verdana;\"><b>Fuente<\/b><\/span><\/div>\n<\/div>\n<\/td>\n<td colspan=\"1\" rowspan=\"1\">\n<div class=\"magic-18\">\n<div class=\"magic-4\" data-spm-anchor-id=\"a2700.details-description.0.i2.2ddcXF9RXF9RIY\"><span style=\"font-family: Verdana;\">Extracto de germen de trigo<\/span><\/div>\n<\/div>\n<\/td>\n<\/tr>\n<tr>\n<td colspan=\"1\" rowspan=\"1\">\n<div class=\"magic-17\">\n<div class=\"magic-4\" data-spm-anchor-id=\"a2700.pc-decorate.0.i24.314e3333J7ECxY\"><span class=\"magic-12\" style=\"font-family: Verdana;\"><b data-spm-anchor-id=\"a2700.pc-decorate.0.i56.31b63333K2rRRx\">Apariencia<\/b><\/span><\/div>\n<\/div>\n<\/td>\n<td colspan=\"1\" rowspan=\"1\">\n<div class=\"magic-18\">\n<div class=\"magic-4\" data-spm-anchor-id=\"a2700.pc-decorate.0.i16.314e3333J7ECxY\"><span class=\"magic-12\" style=\"font-family: Verdana;\">Polvo amarillo pardo<\/span><\/div>\n<\/div>\n<\/td>\n<\/tr>\n<tr>\n<td colspan=\"1\" rowspan=\"1\">\n<div class=\"magic-14\">\n<div class=\"magic-4\" data-spm-anchor-id=\"a2700.pc-decorate.0.i104.48d23333C7xf0C\"><b class=\"magic-15\"><span class=\"magic-12\" style=\"font-family: Verdana;\">Especificaci\u00f3n del producto<\/span><\/b><\/div>\n<\/div>\n<\/td>\n<td colspan=\"1\" rowspan=\"1\">\n<div class=\"magic-16\">\n<div class=\"magic-4\" data-spm-anchor-id=\"a2700.pc-decorate.0.i37.48d23333C7xf0C\"><span class=\"magic-15\" data-spm-anchor-id=\"a2700.pc-decorate.0.i39.48d23333C7xf0C\"><span class=\"magic-12\" style=\"font-family: Verdana;\">1%<\/span><\/span><\/div>\n<\/div>\n<\/td>\n<\/tr>\n<\/tbody>\n<\/table>","protected":false},"featured_media":1023,"comment_status":"open","ping_status":"closed","template":"","meta":{"_acf_changed":false},"product_brand":[],"product_cat":[21],"product_tag":[],"class_list":{"0":"post-1022","1":"product","2":"type-product","3":"status-publish","4":"has-post-thumbnail","6":"product_cat-plant-extracts","8":"first","9":"instock","10":"shipping-taxable","11":"product-type-simple"},"acf":[],"_links":{"self":[{"href":"https:\/\/bstextract.com\/es\/wp-json\/wp\/v2\/product\/1022","targetHints":{"allow":["GET"]}}],"collection":[{"href":"https:\/\/bstextract.com\/es\/wp-json\/wp\/v2\/product"}],"about":[{"href":"https:\/\/bstextract.com\/es\/wp-json\/wp\/v2\/types\/product"}],"replies":[{"embeddable":true,"href":"https:\/\/bstextract.com\/es\/wp-json\/wp\/v2\/comments?post=1022"}],"wp:featuredmedia":[{"embeddable":true,"href":"https:\/\/bstextract.com\/es\/wp-json\/wp\/v2\/media\/1023"}],"wp:attachment":[{"href":"https:\/\/bstextract.com\/es\/wp-json\/wp\/v2\/media?parent=1022"}],"wp:term":[{"taxonomy":"product_brand","embeddable":true,"href":"https:\/\/bstextract.com\/es\/wp-json\/wp\/v2\/product_brand?post=1022"},{"taxonomy":"product_cat","embeddable":true,"href":"https:\/\/bstextract.com\/es\/wp-json\/wp\/v2\/product_cat?post=1022"},{"taxonomy":"product_tag","embeddable":true,"href":"https:\/\/bstextract.com\/es\/wp-json\/wp\/v2\/product_tag?post=1022"}],"curies":[{"name":"wp","href":"https:\/\/api.w.org\/{rel}","templated":true}]}}