{"id":1041,"date":"2025-05-22T01:43:01","date_gmt":"2025-05-22T01:43:01","guid":{"rendered":"https:\/\/bstextract.com\/?post_type=product&#038;p=1041"},"modified":"2025-08-15T09:10:29","modified_gmt":"2025-08-15T09:10:29","slug":"extracto-natural-de-pimiento-95-capsaicinoides-usp","status":"publish","type":"product","link":"https:\/\/bstextract.com\/es\/producto\/extracto-natural-de-pimiento-95-capsaicinoides-usp\/","title":{"rendered":"Extracto natural de capsicum 95%"},"content":{"rendered":"<h2><strong><span class=\"selected\">Productos<\/span><\/strong><\/h2>\n<p><span class=\"selected\">Nuestro Extracto Natural de Capsicum es un polvo cristalino altamente purificado y de primera calidad derivado de cultivares selectos de <\/span><em><span class=\"selected\">Capsicum annuum<\/span><\/em><span class=\"selected\"> L. Est\u00e1 estandarizado para contener un m\u00ednimo de 95% de capsaicinoides totales, con un contenido de capsaicina de al menos 55%, seg\u00fan lo verificado por la monograf\u00eda USP40 (HPLC). Esto garantiza una potencia constante y una calidad inigualable para aplicaciones exigentes. Su excepcional pureza, que se manifiesta en un aspecto cristalino blanco, lo convierte en la elecci\u00f3n ideal para formuladores que buscan un rendimiento preciso y fiable en productos t\u00f3picos, suplementos diet\u00e9ticos y alimentos funcionales, sin afectar al perfil sensorial del producto final.<\/span><\/p>\n<ul>\n<li><strong><span class=\"selected\">Estandarizado a 95% Capsaicinoides totales:<\/span><\/strong><span class=\"selected\"> Garantiza una potencia precisa, de calidad farmacopeica, y la consistencia entre lotes para un rendimiento fiable del producto.<\/span><\/li>\n<li><strong><span class=\"selected\">Excelentes propiedades f\u00edsicas:<\/span><\/strong><span class=\"selected\"> Su forma de polvo fino y blanco minimiza el impacto en el color y la textura del producto final.<\/span><\/li>\n<li><strong><span class=\"selected\">Documentaci\u00f3n exhaustiva:<\/span><\/strong><span class=\"selected\"> Con el apoyo de un paquete completo de documentaci\u00f3n (COA, MSDS, Declaraci\u00f3n de al\u00e9rgenos) para un cumplimiento normativo sin fisuras.<\/span><\/li>\n<li><strong><span class=\"selected\">Directo del fabricante:<\/span><\/strong><span class=\"selected\"> Garantiza una cadena de suministro transparente y estable, procedente de la fuente original. <\/span><strong><span class=\"selected\">f\u00e1brica<\/span><\/strong><span class=\"selected\">.<\/span><\/li>\n<\/ul>\n<h2><strong><span class=\"selected\">Principales par\u00e1metros t\u00e9cnicos<\/span><\/strong><\/h2>\n<table>\n<tbody>\n<tr>\n<th><span class=\"selected\">Par\u00e1metro<\/span><\/th>\n<th><span class=\"selected\">Especificaci\u00f3n<\/span><\/th>\n<th><span class=\"selected\">M\u00e9todo<\/span><\/th>\n<\/tr>\n<tr>\n<td><strong><span class=\"selected\">Ingredientes activos<\/span><\/strong><\/td>\n<td><span class=\"selected\">Capsaicinoides totales<\/span><\/td>\n<td><span class=\"selected\">&#8211;<\/span><\/td>\n<\/tr>\n<tr>\n<td><strong><span class=\"selected\">Capsaicinoides totales<\/span><\/strong><\/td>\n<td><span class=\"selected\">\u2265 95.0%<\/span><\/td>\n<td><span class=\"selected\">USP40 (HPLC)<\/span><\/td>\n<\/tr>\n<tr>\n<td><strong><span class=\"selected\">Capsaicina<\/span><\/strong><\/td>\n<td><span class=\"selected\">\u2265 55.0%<\/span><\/td>\n<td><span class=\"selected\">USP40 (HPLC)<\/span><\/td>\n<\/tr>\n<tr>\n<td><strong><span class=\"selected\">Apariencia<\/span><\/strong><\/td>\n<td><span class=\"selected\">Polvo cristalino blanco<\/span><\/td>\n<td><span class=\"selected\">Organol\u00e9ptico<\/span><\/td>\n<\/tr>\n<tr>\n<td><strong><span class=\"selected\">Solubilidad<\/span><\/strong><\/td>\n<td><span class=\"selected\">Soluble en acetona, alcohol met\u00edlico; Insoluble en agua<\/span><\/td>\n<td><span class=\"selected\">&#8211;<\/span><\/td>\n<\/tr>\n<tr>\n<td><strong><span class=\"selected\">Intervalo de fusi\u00f3n<\/span><\/strong><\/td>\n<td><span class=\"selected\">57-66\u00b0C<\/span><\/td>\n<td><span class=\"selected\">USP40<\/span><\/td>\n<\/tr>\n<tr>\n<td><strong><span class=\"selected\">P\u00e9rdida por secado<\/span><\/strong><\/td>\n<td><span class=\"selected\">\u2264 1.0%<\/span><\/td>\n<td><span class=\"selected\">CP2015<\/span><\/td>\n<\/tr>\n<tr>\n<td><strong><span class=\"selected\">Contenido de ceniza<\/span><\/strong><\/td>\n<td><span class=\"selected\">\u2264 1.0%<\/span><\/td>\n<td><span class=\"selected\">CP2015<\/span><\/td>\n<\/tr>\n<tr>\n<td><strong><span class=\"selected\">Plomo (Pb)<\/span><\/strong><\/td>\n<td><span class=\"selected\">\u2264 10 ppm<\/span><\/td>\n<td><span class=\"selected\">AOAC<\/span><\/td>\n<\/tr>\n<tr>\n<td><strong><span class=\"selected\">Ars\u00e9nico (As)<\/span><\/strong><\/td>\n<td><span class=\"selected\">\u2264 2 ppm<\/span><\/td>\n<td><span class=\"selected\">AOAC<\/span><\/td>\n<\/tr>\n<tr>\n<td><strong><span class=\"selected\">Residuo de disolvente<\/span><\/strong><\/td>\n<td><span class=\"selected\">\u2264 50 mg\/kg<\/span><\/td>\n<td><span class=\"selected\">Norma GB<\/span><\/td>\n<\/tr>\n<\/tbody>\n<\/table>\n<h2><strong><span class=\"selected\">Control de calidad y documentaci\u00f3n<\/span><\/strong><\/h2>\n<p><span class=\"selected\">Aplicamos un riguroso sistema de garant\u00eda de calidad que rige todas las etapas de la producci\u00f3n, desde el abastecimiento de materias primas hasta la comercializaci\u00f3n del producto final. Esto asegura la trazabilidad completa y garantiza que cada lote de nuestro polvo de extracto de capsicum cumple con los m\u00e1s altos est\u00e1ndares de pureza, seguridad y consistencia. Disponemos de un conjunto completo de documentaci\u00f3n para respaldar sus necesidades de calidad y normativas.<\/span><\/p>\n<h2><strong><span class=\"selected\">Documentos disponibles:<\/span><\/strong><\/h2>\n<ul>\n<li><span class=\"selected\">Certificado de an\u00e1lisis (COA)<\/span><\/li>\n<li><span class=\"selected\">Ficha de datos de seguridad (FDS)<\/span><\/li>\n<li><span class=\"selected\">Declaraci\u00f3n de al\u00e9rgenos<\/span><\/li>\n<li><span class=\"selected\">Declaraci\u00f3n de no OGM<\/span><\/li>\n<li><span class=\"selected\">Certificados Kosher y Halal<\/span><\/li>\n<\/ul>\n<h2><strong><span class=\"selected\">Aplicaciones y formulaci\u00f3n<\/span><\/strong><\/h2>\n<p><strong><span class=\"selected\">Formulaciones t\u00f3picas (cremas, geles, parches):<\/span><\/strong><\/p>\n<ul>\n<li><strong><span class=\"selected\">Funci\u00f3n:<\/span><\/strong><span class=\"selected\"> Proporciona una sensaci\u00f3n de calor controlada, por lo que es un ingrediente activo principal para masajes deportivos, preparados calmantes y cremas analg\u00e9sicas.<\/span><\/li>\n<li><strong><span class=\"selected\">Nivel de uso recomendado:<\/span><\/strong><span class=\"selected\"> 0,025% - 0,25% (Nota: la dosis debe calcularse en funci\u00f3n del contenido total de capsaicinoides).<\/span><\/li>\n<li><strong><span class=\"selected\">Consejo de formulaci\u00f3n:<\/span><\/strong><span class=\"selected\"> Debido a su escasa solubilidad en agua, disolver previamente el polvo en un disolvente adecuado (por ejemplo, etanol, propilenglicol, miristato de isopropilo) antes de incorporarlo a la fase oleosa de una emulsi\u00f3n o una base de gel.<\/span><\/li>\n<\/ul>\n<p><strong><span class=\"selected\">Suplementos diet\u00e9ticos (c\u00e1psulas, comprimidos):<\/span><\/strong><\/p>\n<ul>\n<li><strong><span class=\"selected\">Funci\u00f3n:<\/span><\/strong><span class=\"selected\"> Muy utilizado en f\u00f3rmulas termog\u00e9nicas y de apoyo metab\u00f3lico dise\u00f1adas para el control del peso y la nutrici\u00f3n deportiva.<\/span><\/li>\n<li><strong><span class=\"selected\">Nivel de uso recomendado:<\/span><\/strong><span class=\"selected\"> 5 - 20 mg por porci\u00f3n (Nota: la dosis debe calcularse en funci\u00f3n del contenido total de capsaicinoides).<\/span><\/li>\n<li><strong><span class=\"selected\">Consejo de formulaci\u00f3n:<\/span><\/strong><span class=\"selected\"> Se trata de un ingrediente muy potente. Para garantizar la precisi\u00f3n de la dosis y minimizar las posibles molestias g\u00e1stricas, se recomienda encarecidamente utilizar la microencapsulaci\u00f3n o mezclarlo bien con excipientes como la celulosa microcristalina.<\/span><\/li>\n<\/ul>\n<h2><strong><span class=\"selected\">Estabilidad y almacenamiento<\/span><\/strong><\/h2>\n<ul>\n<li><strong><span class=\"selected\">Estabilidad:<\/span><\/strong><span class=\"selected\"> El producto es estable en las condiciones de almacenamiento recomendadas. Debe protegerse de la exposici\u00f3n prolongada a luz intensa, altas temperaturas y agentes oxidantes.<\/span><\/li>\n<li><strong><span class=\"selected\">Almacenamiento:<\/span><\/strong><span class=\"selected\"> Almacenar en un lugar fresco, seco y bien ventilado. Mantener los envases herm\u00e9ticamente cerrados para evitar la absorci\u00f3n de humedad.<\/span><\/li>\n<li><strong><span class=\"selected\">Caducidad:<\/span><\/strong><span class=\"selected\"> 24 meses a partir de la fecha de fabricaci\u00f3n si se almacena correctamente.<\/span><\/li>\n<\/ul>\n<h2><strong><span class=\"selected\">Seguridad y manipulaci\u00f3n<\/span><\/strong><\/h2>\n<ul>\n<li><strong><span class=\"selected\">ADVERTENCIA:<\/span><\/strong><span class=\"selected\"> Este producto es un irritante muy potente. El contacto directo con la piel, los ojos y las mucosas provocar\u00e1 una fuerte sensaci\u00f3n de quemaz\u00f3n. La inhalaci\u00f3n del polvo puede causar irritaci\u00f3n respiratoria grave.<\/span><\/li>\n<li><strong><span class=\"selected\">Equipos de protecci\u00f3n individual (EPI):<\/span><\/strong><span class=\"selected\"> Todo el personal debe llevar guantes resistentes a productos qu\u00edmicos, gafas de seguridad y protecci\u00f3n respiratoria (m\u00e1scara antipolvo o respirador) cuando manipule este material.<\/span><\/li>\n<li><strong><span class=\"selected\">\u00c1rea de manipulaci\u00f3n:<\/span><\/strong><span class=\"selected\"> Utilizar en un lugar bien ventilado, preferiblemente bajo una campana extractora.<\/span><\/li>\n<li><strong><span class=\"selected\">Primeros auxilios:<\/span><\/strong><span class=\"selected\"> En caso de contacto con la piel, lavar inmediata y abundantemente la zona afectada con agua fr\u00eda y jab\u00f3n. En caso de contacto con los ojos, lavar con abundante agua durante al menos 15 minutos. Busque atenci\u00f3n m\u00e9dica inmediata si la irritaci\u00f3n persiste. Consulte la MSDS para obtener informaci\u00f3n completa sobre seguridad.<\/span><\/li>\n<\/ul>\n<h2><strong><span class=\"selected\">Envases y suministros<\/span><\/strong><\/h2>\n<ul>\n<li><strong><span class=\"selected\">Embalaje est\u00e1ndar:<\/span><\/strong><span class=\"selected\"> Envasado en bolsas de papel de aluminio inviolables de 1 kg y en bidones de fibra de 25 kg con doble revestimiento de PE. Disponemos de soluciones de envasado personalizadas para satisfacer sus necesidades de producci\u00f3n espec\u00edficas.<\/span><\/li>\n<li><strong><span class=\"selected\">Cadena de suministro:<\/span><\/strong><span class=\"selected\"> Como l\u00edder <\/span><strong><span class=\"selected\">exportador<\/span><\/strong><span class=\"selected\"> y <\/span><strong><span class=\"selected\">proveedor<\/span><\/strong><span class=\"selected\">Ofrecemos servicios de env\u00edo y apoyo log\u00edstico en todo el mundo, lo que garantiza una entrega fiable y puntual de nuestros productos. <\/span><strong><span class=\"selected\">f\u00e1brica<\/span><\/strong><span class=\"selected\"> a sus instalaciones.<\/span><\/li>\n<\/ul>\n<h2><strong><span class=\"selected\">Preguntas m\u00e1s frecuentes (FAQ)<\/span><\/strong><\/h2>\n<p><strong><span class=\"selected\">P: \u00bfSu producto es natural o sint\u00e9tico?<\/span><\/strong><\/p>\n<p><span class=\"selected\">R: Nuestro producto es 100% natural, meticulosamente extra\u00eddo de no GMO <\/span><em><span class=\"selected\">Capsicum annuum<\/span><\/em><span class=\"selected\"> L. para garantizar la m\u00e1xima calidad.<\/span><\/p>\n<p><strong><span class=\"selected\">P: \u00bfQu\u00e9 diferencia hay entre la capsaicina y los capsaicinoides totales?<\/span><\/strong><\/p>\n<p><span class=\"selected\">R: La capsaicina es el principal compuesto responsable de la sensaci\u00f3n picante. Los capsaicinoides totales incluyen la capsaicina y otros compuestos naturales relacionados, como la dihidrocapsaicina. Nuestro producto est\u00e1 estandarizado a un m\u00ednimo de 95% compuestos activos totales seg\u00fan la monograf\u00eda USP40, que es el est\u00e1ndar de la industria para la eficacia y la calidad.<\/span><\/p>\n<p><strong><span class=\"selected\">P: \u00bfSuministran directamente de f\u00e1brica?<\/span><\/strong><\/p>\n<p><span class=\"selected\">R: S\u00ed, somos el <\/span><strong><span class=\"selected\">fabricante original<\/span><\/strong><span class=\"selected\">. Esto proporciona a nuestros clientes las ventajas de una trazabilidad completa, un suministro estable y una comunicaci\u00f3n directa.<\/span><\/p>\n<p><strong><span class=\"selected\">P: \u00bfPuedo obtener una muestra para I+D?<\/span><\/strong><\/p>\n<p><span class=\"selected\">R: Por supuesto. Le animamos a que realice pruebas y validaciones. Utilice el siguiente formulario de contacto para solicitar una muestra para su evaluaci\u00f3n, y nuestro equipo t\u00e9cnico estar\u00e1 encantado de ayudarle.<\/span><\/p>","protected":false},"excerpt":{"rendered":"<ul>\n<li><strong><span class=\"selected\">Producto:<\/span><\/strong><span class=\"selected\"> Extracto natural de Capsicum (95% Capsaicinoides)<\/span><\/li>\n<li><strong><span class=\"selected\">Fuente:<\/span><\/strong><span class=\"selected\"> Extra\u00eddo de plantas de alta potencia <\/span><em><span class=\"selected\">Capsicum annuum<\/span><\/em><span class=\"selected\"> L.<\/span><\/li>\n<li><strong><span class=\"selected\">Apariencia:<\/span><\/strong><span class=\"selected\"> Polvo cristalino fino y blanco.<\/span><\/li>\n<li><strong><span class=\"selected\">Caracter\u00edsticas principales:<\/span><\/strong><span class=\"selected\"> Estandarizado a \u226595% capsaicinoides totales por USP40 (HPLC). Alta pureza y excelente para una dosificaci\u00f3n precisa.<\/span><\/li>\n<li><strong><span class=\"selected\">Aplicaciones:<\/span><\/strong><span class=\"selected\"> Ideal para f\u00f3rmulas de calentamiento t\u00f3pico, suplementos de nutrici\u00f3n deportiva y productos para la salud metab\u00f3lica.<\/span><\/li>\n<li><strong><span class=\"selected\">Suministro:<\/span><\/strong><span class=\"selected\"> Disponible a granel directamente en la <\/span><strong><span class=\"selected\">fabricante<\/span><\/strong><span class=\"selected\"> para una calidad constante y la estabilidad de la cadena de suministro.<\/span><\/li>\n<\/ul>","protected":false},"featured_media":1042,"comment_status":"open","ping_status":"closed","template":"","meta":{"_acf_changed":false},"product_brand":[],"product_cat":[21],"product_tag":[],"class_list":{"0":"post-1041","1":"product","2":"type-product","3":"status-publish","4":"has-post-thumbnail","6":"product_cat-plant-extracts","8":"first","9":"instock","10":"shipping-taxable","11":"product-type-simple"},"acf":[],"_links":{"self":[{"href":"https:\/\/bstextract.com\/es\/wp-json\/wp\/v2\/product\/1041","targetHints":{"allow":["GET"]}}],"collection":[{"href":"https:\/\/bstextract.com\/es\/wp-json\/wp\/v2\/product"}],"about":[{"href":"https:\/\/bstextract.com\/es\/wp-json\/wp\/v2\/types\/product"}],"replies":[{"embeddable":true,"href":"https:\/\/bstextract.com\/es\/wp-json\/wp\/v2\/comments?post=1041"}],"wp:featuredmedia":[{"embeddable":true,"href":"https:\/\/bstextract.com\/es\/wp-json\/wp\/v2\/media\/1042"}],"wp:attachment":[{"href":"https:\/\/bstextract.com\/es\/wp-json\/wp\/v2\/media?parent=1041"}],"wp:term":[{"taxonomy":"product_brand","embeddable":true,"href":"https:\/\/bstextract.com\/es\/wp-json\/wp\/v2\/product_brand?post=1041"},{"taxonomy":"product_cat","embeddable":true,"href":"https:\/\/bstextract.com\/es\/wp-json\/wp\/v2\/product_cat?post=1041"},{"taxonomy":"product_tag","embeddable":true,"href":"https:\/\/bstextract.com\/es\/wp-json\/wp\/v2\/product_tag?post=1041"}],"curies":[{"name":"wp","href":"https:\/\/api.w.org\/{rel}","templated":true}]}}