{"id":1046,"date":"2025-05-22T01:49:01","date_gmt":"2025-05-22T01:49:01","guid":{"rendered":"https:\/\/bstextract.com\/?post_type=product&#038;p=1046"},"modified":"2025-08-15T08:49:42","modified_gmt":"2025-08-15T08:49:42","slug":"fisetina-98-hplc-extracto-de-cotinus-coggygria","status":"publish","type":"product","link":"https:\/\/bstextract.com\/es\/producto\/fisetina-98-hplc-extracto-de-cotinus-coggygria\/","title":{"rendered":"Fisetin 98% Polvo"},"content":{"rendered":"<p><!-- Keyword Section (Outside Article) --><\/p>\n<h2><strong><span class=\"selected\">Productos<\/span><\/strong><\/h2>\n<p><span class=\"selected\">La fisetina (CAS 528-48-3) es un flavonoide distinguido y un potente compuesto bioactivo presente de forma natural en el \u00e1rbol del humo (<\/span><em><span class=\"selected\">Cotinus coggygria<\/span><\/em><span class=\"selected\">). Nuestro producto es un polvo cristalino de alta pureza estandarizado a una concentraci\u00f3n excepcional de 98% Fisetin. Este grado premium se ha desarrollado espec\u00edficamente para formuladores de las industrias de nutrac\u00e9uticos avanzados y alimentos funcionales que exigen la m\u00e1xima potencia, transparencia anal\u00edtica y un rendimiento superior en sus productos.<\/span><\/p>\n<p><span class=\"selected\">Caracterizado por su vibrante tonalidad amarilla, nuestro polvo de Fisetina est\u00e1 dise\u00f1ado para obtener unas propiedades f\u00edsicas \u00f3ptimas, lo que lo convierte en un ingrediente de elecci\u00f3n para sofisticados suplementos diet\u00e9ticos destinados a los mercados del envejecimiento saludable y el bienestar celular.<\/span><\/p>\n<ul>\n<li><strong><span class=\"selected\">Alta potencia y pureza:<\/span><\/strong><span class=\"selected\"> Estandarizado para contener un m\u00ednimo de 98% Fisetina, verificado por rigurosas pruebas de cromatograf\u00eda l\u00edquida de alto rendimiento (HPLC) para una precisi\u00f3n y garant\u00eda de pureza inigualables.<\/span><\/li>\n<li><strong><span class=\"selected\">Propiedades de formulaci\u00f3n superiores:<\/span><\/strong><span class=\"selected\"> Un perfil optimizado del tama\u00f1o de las part\u00edculas garantiza una excelente fluidez, uniformidad de la mezcla e idoneidad para procesos de fabricaci\u00f3n de alta velocidad como la encapsulaci\u00f3n y el tableteado.<\/span><\/li>\n<li><strong><span class=\"selected\">Abastecimiento transparente y trazable:<\/span><\/strong><span class=\"selected\"> Extra\u00eddo de tallos cuidadosamente seleccionados y gestionados de forma sostenible del <\/span><em><span class=\"selected\">Cotinus coggygria<\/span><\/em><span class=\"selected\"> lo que garantiza una fuente de materia prima pura y fiable.<\/span><\/li>\n<li><strong><span class=\"selected\">Fabricaci\u00f3n con certificaci\u00f3n GMP:<\/span><\/strong><span class=\"selected\"> Producido en una instalaci\u00f3n certificada ISO y GMP bajo estrictos protocolos de control de calidad, garantizando la seguridad, consistencia y cumplimiento del producto.<\/span><\/li>\n<li><strong><span class=\"selected\">Suministro directo del fabricante:<\/span><\/strong><span class=\"selected\"> Abastecerse directamente del fabricante original garantiza una total coherencia entre lotes y una cadena de suministro estable y fiable para sus necesidades de producci\u00f3n.<\/span><\/li>\n<\/ul>\n<h2><strong><span class=\"selected\">Principales par\u00e1metros t\u00e9cnicos<\/span><\/strong><\/h2>\n<p><span class=\"selected\">Nuestro polvo Fisetin 98% se fabrica para cumplir especificaciones precisas, proporcionando a los formuladores los datos fiables necesarios para el desarrollo de productos sin fisuras.<\/span><\/p>\n<table>\n<tbody>\n<tr>\n<th><span class=\"selected\">Par\u00e1metro<\/span><\/th>\n<th><span class=\"selected\">Especificaci\u00f3n<\/span><\/th>\n<th><span class=\"selected\">M\u00e9todo<\/span><\/th>\n<\/tr>\n<tr>\n<td><strong><span class=\"selected\">Principio activo<\/span><\/strong><\/td>\n<td><span class=\"selected\">Fisetina<\/span><\/td>\n<td><span class=\"selected\">HPLC<\/span><\/td>\n<\/tr>\n<tr>\n<td><strong><span class=\"selected\">Pureza (ensayo)<\/span><\/strong><\/td>\n<td><span class=\"selected\">\u2265 98.0%<\/span><\/td>\n<td><span class=\"selected\">HPLC<\/span><\/td>\n<\/tr>\n<tr>\n<td><strong><span class=\"selected\">Fuente bot\u00e1nica<\/span><\/strong><\/td>\n<td><em><span class=\"selected\">Cotinus coggygria Scop.<\/span><\/em><\/td>\n<td><span class=\"selected\">&#8211;<\/span><\/td>\n<\/tr>\n<tr>\n<td><strong><span class=\"selected\">Pieza usada<\/span><\/strong><\/td>\n<td><span class=\"selected\">V\u00e1stago<\/span><\/td>\n<td><span class=\"selected\">&#8211;<\/span><\/td>\n<\/tr>\n<tr>\n<td><strong><span class=\"selected\">Apariencia<\/span><\/strong><\/td>\n<td><span class=\"selected\">Polvo fino amarillo<\/span><\/td>\n<td><span class=\"selected\">Visual<\/span><\/td>\n<\/tr>\n<tr>\n<td><strong><span class=\"selected\">Tama\u00f1o de las part\u00edculas<\/span><\/strong><\/td>\n<td><span class=\"selected\">NLT 95% paso 80 Malla<\/span><\/td>\n<td><span class=\"selected\">Tamizado<\/span><\/td>\n<\/tr>\n<tr>\n<td><strong><span class=\"selected\">Solubilidad<\/span><\/strong><\/td>\n<td><span class=\"selected\">Poco soluble en agua; soluble en etanol, DMSO<\/span><\/td>\n<td><span class=\"selected\">&#8211;<\/span><\/td>\n<\/tr>\n<tr>\n<td><strong><span class=\"selected\">P\u00e9rdida por secado<\/span><\/strong><\/td>\n<td><span class=\"selected\">\u2264 5.0%<\/span><\/td>\n<td><span class=\"selected\">USP<\/span><\/td>\n<\/tr>\n<tr>\n<td><strong><span class=\"selected\">Contenido de ceniza<\/span><\/strong><\/td>\n<td><span class=\"selected\">\u2264 1.0%<\/span><\/td>\n<td><span class=\"selected\">USP<\/span><\/td>\n<\/tr>\n<tr>\n<td><strong><span class=\"selected\">Densidad aparente<\/span><\/strong><\/td>\n<td><span class=\"selected\">0,35 - 0,55 g\/mL<\/span><\/td>\n<td><span class=\"selected\">USP<\/span><\/td>\n<\/tr>\n<tr>\n<td><strong><span class=\"selected\">Densidad del grifo<\/span><\/strong><\/td>\n<td><span class=\"selected\">0,60 - 0,85 g\/mL<\/span><\/td>\n<td><span class=\"selected\">USP<\/span><\/td>\n<\/tr>\n<tr>\n<td><strong><span class=\"selected\">Metales pesados<\/span><\/strong><\/td>\n<td><span class=\"selected\">\u2264 10 ppm<\/span><\/td>\n<td><span class=\"selected\">ICP-MS<\/span><\/td>\n<\/tr>\n<tr>\n<td><strong><span class=\"selected\">Ars\u00e9nico (As)<\/span><\/strong><\/td>\n<td><span class=\"selected\">\u2264 2 ppm<\/span><\/td>\n<td><span class=\"selected\">ICP-MS<\/span><\/td>\n<\/tr>\n<tr>\n<td><strong><span class=\"selected\">Plomo (Pb)<\/span><\/strong><\/td>\n<td><span class=\"selected\">\u2264 3 ppm<\/span><\/td>\n<td><span class=\"selected\">ICP-MS<\/span><\/td>\n<\/tr>\n<tr>\n<td><strong><span class=\"selected\">Disolventes residuales<\/span><\/strong><\/td>\n<td><span class=\"selected\">Cumple con USP  \/ EP 5.4<\/span><\/td>\n<td><span class=\"selected\">GC-HS<\/span><\/td>\n<\/tr>\n<tr>\n<td><strong><span class=\"selected\">Recuento total de placas<\/span><\/strong><\/td>\n<td><span class=\"selected\">\u2264 1.000 ufc\/g<\/span><\/td>\n<td><span class=\"selected\">USP<\/span><\/td>\n<\/tr>\n<tr>\n<td><strong><span class=\"selected\">Levaduras y moho<\/span><\/strong><\/td>\n<td><span class=\"selected\">\u2264 100 ufc\/g<\/span><\/td>\n<td><span class=\"selected\">USP<\/span><\/td>\n<\/tr>\n<tr>\n<td><strong><span class=\"selected\">E. Coli<\/span><\/strong><\/td>\n<td><span class=\"selected\">Negativo<\/span><\/td>\n<td><span class=\"selected\">USP<\/span><\/td>\n<\/tr>\n<tr>\n<td><strong><span class=\"selected\">Salmonella<\/span><\/strong><\/td>\n<td><span class=\"selected\">Negativo<\/span><\/td>\n<td><span class=\"selected\">USP<\/span><\/td>\n<\/tr>\n<\/tbody>\n<\/table>\n<h2><strong><span class=\"selected\">Pruebas y control de calidad<\/span><\/strong><\/h2>\n<p><span class=\"selected\">La calidad no es s\u00f3lo una m\u00e9trica; es la base de nuestra filosof\u00eda de fabricaci\u00f3n. Ofrecemos a nuestros clientes una garant\u00eda de calidad totalmente transparente y verificable.<\/span><\/p>\n<ul>\n<li><strong><span class=\"selected\">Metodolog\u00eda:<\/span><\/strong><span class=\"selected\"> Utilizamos exclusivamente cromatograf\u00eda l\u00edquida de alto rendimiento (HPLC) para el an\u00e1lisis de la fisetina. Este m\u00e9todo altamente espec\u00edfico separa y cuantifica con precisi\u00f3n la Fisetina, distingui\u00e9ndola de otros flavonoides e impurezas, un nivel de precisi\u00f3n que m\u00e9todos menos espec\u00edficos como el UV-Vis no pueden proporcionar.<\/span><\/li>\n<li><strong><span class=\"selected\">Coherencia entre lotes:<\/span><\/strong><span class=\"selected\"> Como fabricante y exportador original, controlamos todas las etapas de la producci\u00f3n, desde el abastecimiento de materias primas hasta la extracci\u00f3n y purificaci\u00f3n finales. Esta integraci\u00f3n vertical, combinada con estrictos controles durante el proceso, garantiza que cada lote de Fisetin que reciba tenga la misma pureza y caracter\u00edsticas f\u00edsicas.<\/span><\/li>\n<li><strong><span class=\"selected\">Documentaci\u00f3n disponible:<\/span><\/strong><span class=\"selected\"> Para ayudar a sus equipos de calidad y reglamentaci\u00f3n, le ofrecemos un completo paquete de documentaci\u00f3n:<\/span>\n<ul>\n<li><span class=\"selected\">Certificado de an\u00e1lisis (COA) de cada lote espec\u00edfico <\/span><strong><span class=\"selected\">[Descargue aqu\u00ed un ejemplo de COA]<\/span><\/strong><\/li>\n<li><span class=\"selected\">Ficha de datos de seguridad (FDS)<\/span><\/li>\n<li><span class=\"selected\">Declaraci\u00f3n exhaustiva sobre al\u00e9rgenos<\/span><\/li>\n<li><span class=\"selected\">Declaraci\u00f3n verificada por el Proyecto Non-GMO<\/span><\/li>\n<li><span class=\"selected\">Certificados Kosher y Halal<\/span><\/li>\n<li><span class=\"selected\">Copias de nuestras certificaciones ISO 9001 y GMP del centro de fabricaci\u00f3n<\/span><\/li>\n<\/ul>\n<\/li>\n<\/ul>\n<h2><strong><span class=\"selected\">Aplicaciones y formulaci\u00f3n<\/span><\/strong><\/h2>\n<p><span class=\"selected\">Nuestro polvo Fisetin 98% HPLC est\u00e1 dise\u00f1ado para funcionar en una amplia gama de formas farmac\u00e9uticas s\u00f3lidas y l\u00edquidas.<\/span><\/p>\n<ul>\n<li><strong><span class=\"selected\">Aplicaciones primarias:<\/span><\/strong><span class=\"selected\"> Su gran pureza y potencia lo convierten en un ingrediente activo ideal para suplementos diet\u00e9ticos y alimentos funcionales de primera calidad centrados en la salud celular y la longevidad.<\/span><\/li>\n<li><strong><span class=\"selected\">Formas farmac\u00e9uticas recomendadas:<\/span><\/strong>\n<ul>\n<li><strong><span class=\"selected\">C\u00e1psulas y comprimidos:<\/span><\/strong><span class=\"selected\"> Con una excelente fluidez y un tama\u00f1o de part\u00edcula controlado, este grado es perfectamente adecuado tanto para el tableteado por compresi\u00f3n directa como para la encapsulaci\u00f3n a alta velocidad, minimizando la necesidad de excipientes adicionales. Un nivel de uso t\u00edpico se sit\u00faa entre 100 mg y 250 mg por porci\u00f3n.<\/span><\/li>\n<li><strong><span class=\"selected\">Mezclas de polvos:<\/span><\/strong><span class=\"selected\"> El polvo fino y uniforme garantiza una distribuci\u00f3n homog\u00e9nea cuando se mezcla con otros ingredientes en sobres, stick packs o formulaciones en polvo a granel.<\/span><\/li>\n<li><strong><span class=\"selected\">Bebidas y l\u00edquidos funcionales:<\/span><\/strong><span class=\"selected\"> Los formuladores deben tener en cuenta que la Fisetina tiene una baja solubilidad nativa en agua. Para aplicaciones l\u00edquidas, se recomienda crear una suspensi\u00f3n estable o utilizar tecnolog\u00edas de solubilizaci\u00f3n (por ejemplo, soportes a base de l\u00edpidos, microemulsiones) para una administraci\u00f3n y estabilidad \u00f3ptimas.<\/span><\/li>\n<\/ul>\n<\/li>\n<li><strong><span class=\"selected\">Consejos de formulaci\u00f3n:<\/span><\/strong>\n<ul>\n<li><span class=\"selected\">El color amarillo inherente de la Fisetina contribuir\u00e1 al aspecto del producto final y debe tenerse en cuenta en el dise\u00f1o de la formulaci\u00f3n.<\/span><\/li>\n<li><span class=\"selected\">Para los productos centrados en una mayor biodisponibilidad, se puede explorar la coformulaci\u00f3n con fosfol\u00edpidos o portadores a base de l\u00edpidos como el aceite MCT.<\/span><\/li>\n<\/ul>\n<\/li>\n<\/ul>\n<h2><strong><span class=\"selected\">Compatibilidad y coformulaci\u00f3n<\/span><\/strong><\/h2>\n<p><span class=\"selected\">Fisetin es qu\u00edmicamente estable y demuestra una excelente compatibilidad con una amplia gama de ingredientes nutrac\u00e9uticos comunes. Puede coformularse eficazmente con:<\/span><\/p>\n<ul>\n<li><span class=\"selected\">Otros flavonoides como la quercetina y la luteolina<\/span><\/li>\n<li><span class=\"selected\">Vitaminas (por ejemplo, vitamina C, vitamina D3)<\/span><\/li>\n<li><span class=\"selected\">Minerales (por ejemplo, zinc, magnesio)<\/span><\/li>\n<li><span class=\"selected\">Fibras prebi\u00f3ticas y otros extractos bot\u00e1nicos<\/span><\/li>\n<\/ul>\n<p><span class=\"selected\">Permanece estable en la mayor\u00eda de los sistemas de mezcla seca y no suele interactuar con los excipientes comunes.<\/span><\/p>\n<h2><strong><span class=\"selected\">Estabilidad y almacenamiento<\/span><\/strong><\/h2>\n<p><span class=\"selected\">La manipulaci\u00f3n y el almacenamiento adecuados son cruciales para mantener la potencia y la vida \u00fatil de la Fisetina de gran pureza.<\/span><\/p>\n<ul>\n<li><strong><span class=\"selected\">Estabilidad:<\/span><\/strong><span class=\"selected\"> El polvo es muy estable si se protege de la humedad. Es sensible a la degradaci\u00f3n por exposici\u00f3n prolongada a luz intensa y altas temperaturas (&gt;40\u00b0C). Es m\u00e1s estable en entornos de pH neutro a \u00e1cido y puede degradarse en condiciones fuertemente alcalinas.<\/span><\/li>\n<li><strong><span class=\"selected\">Recomendaciones de almacenamiento:<\/span><\/strong><span class=\"selected\"> Para garantizar la m\u00e1xima estabilidad, cons\u00e9rvese en recipientes opacos herm\u00e9ticamente cerrados, en lugar fresco (por debajo de 25\u00b0C) y seco. Mantener alejado de la luz solar directa y de fuentes de calor.<\/span><\/li>\n<li><strong><span class=\"selected\">Caducidad:<\/span><\/strong><span class=\"selected\"> 24 meses a partir de la fecha de fabricaci\u00f3n si se conserva en las condiciones recomendadas.<\/span><\/li>\n<\/ul>\n<h2><strong><span class=\"selected\">Seguridad e informaci\u00f3n reglamentaria<\/span><\/strong><\/h2>\n<ul>\n<li><strong><span class=\"selected\">Situaci\u00f3n reglamentaria:<\/span><\/strong><span class=\"selected\"> La fisetina se utiliza ampliamente como ingrediente en suplementos diet\u00e9ticos en Estados Unidos y otras regiones. Es responsabilidad del propietario de la marca asegurarse de que su producto final cumple todas las normativas locales y regionales.<\/span><\/li>\n<li><strong><span class=\"selected\">Etiquetado:<\/span><\/strong><span class=\"selected\"> En el caso de los suplementos diet\u00e9ticos estadounidenses, el ingrediente debe declararse en la etiqueta como \"Fisetin\" o \"Smoke Tree Extract (<\/span><em><span class=\"selected\">Cotinus coggygria<\/span><\/em><span class=\"selected\">) (tallo)\".<\/span><\/li>\n<li><strong><span class=\"selected\">Seguridad:<\/span><\/strong><span class=\"selected\"> Cuando se utiliza en los niveles t\u00edpicos de suplementos diet\u00e9ticos, la Fisetina se considera generalmente segura. Este producto es un extracto concentrado destinado a la fabricaci\u00f3n y no es para consumo directo. No se recomienda para mujeres embarazadas o lactantes sin consultar a un profesional de la salud.<\/span><\/li>\n<\/ul>\n<h2><strong><span class=\"selected\">Preguntas m\u00e1s frecuentes (FAQ)<\/span><\/strong><\/h2>\n<p><strong><span class=\"selected\">P1: \u00bfSuministran Fisetin directamente desde su f\u00e1brica?<\/span><\/strong><\/p>\n<p><span class=\"selected\">R: S\u00ed, somos el fabricante original y proveedor mundial de <\/span><em><span class=\"selected\">Cotinus coggygria<\/span><\/em><span class=\"selected\"> extracto. Este modelo directo de f\u00e1brica garantiza a nuestros socios una trazabilidad completa, precios competitivos y una cadena de suministro estable e ininterrumpida.<\/span><\/p>\n<p><strong><span class=\"selected\">P2: \u00bfQu\u00e9 disolvente de extracci\u00f3n se utiliza en el proceso?<\/span><\/strong><\/p>\n<p><span class=\"selected\">R: S\u00f3lo utilizamos etanol de calidad alimentaria y agua purificada para el proceso de extracci\u00f3n. Nuestros m\u00e9todos de purificaci\u00f3n est\u00e1n dise\u00f1ados para eliminar eficazmente estos disolventes, y nuestro producto final cumple sistem\u00e1ticamente los estrictos l\u00edmites de disolvente residual establecidos en USP  y EP 5.4. En cada COA espec\u00edfico de lote se incluye un informe detallado de disolventes.<\/span><\/p>\n<p><strong><span class=\"selected\">P3: \u00bfPuedo obtener una muestra para pruebas de I+D y evaluaci\u00f3n?<\/span><\/strong><\/p>\n<p><span class=\"selected\">R: Por supuesto. Animamos a nuestros clientes a que realicen sus propias evaluaciones. Utilice el siguiente formulario de contacto para solicitar una muestra de I+D gratuita. Nuestro equipo t\u00e9cnico tambi\u00e9n est\u00e1 a su disposici\u00f3n para responder a cualquier pregunta que pueda tener.<\/span><\/p>\n<p><strong><span class=\"selected\">P4: \u00bfCu\u00e1l es su cantidad m\u00ednima de pedido (MOQ) para este producto?<\/span><\/strong><\/p>\n<p><span class=\"selected\">R: Nuestro embalaje est\u00e1ndar y MOQ es de 25 kg en un bid\u00f3n de fibra. Sin embargo, somos flexibles y a menudo podemos atender pedidos de prueba m\u00e1s peque\u00f1os para el desarrollo de nuevos productos. P\u00f3ngase en contacto con nosotros para solicitar un presupuesto personalizado.<\/span><\/p>","protected":false},"excerpt":{"rendered":"<ul>\n<li><b>Producto:<\/b> Fisetina 98% Polvo (HPLC)<\/li>\n<li><b>Fuente:<\/b> Extracto de gran pureza de <i>Cotinus coggygria<\/i> (\u00c1rbol de humo).<\/li>\n<li><b>Apariencia:<\/b> Polvo cristalino fino de color amarillo.<\/li>\n<li><b>Aplicaciones:<\/b> Ideal para suplementos diet\u00e9ticos (c\u00e1psulas, comprimidos) y alimentos funcionales dirigidos al envejecimiento saludable y la salud celular.<\/li>\n<li><b>Caracter\u00edsticas principales:<\/b> Pureza \u226598% confirmada por HPLC, excelente fluidez, bajo residuo de disolvente y procedente directamente de un fabricante con certificaci\u00f3n GMP.<\/li>\n<\/ul>","protected":false},"featured_media":1047,"comment_status":"open","ping_status":"closed","template":"","meta":{"_acf_changed":false},"product_brand":[],"product_cat":[21],"product_tag":[],"class_list":{"0":"post-1046","1":"product","2":"type-product","3":"status-publish","4":"has-post-thumbnail","6":"product_cat-plant-extracts","8":"first","9":"instock","10":"shipping-taxable","11":"product-type-simple"},"acf":[],"_links":{"self":[{"href":"https:\/\/bstextract.com\/es\/wp-json\/wp\/v2\/product\/1046","targetHints":{"allow":["GET"]}}],"collection":[{"href":"https:\/\/bstextract.com\/es\/wp-json\/wp\/v2\/product"}],"about":[{"href":"https:\/\/bstextract.com\/es\/wp-json\/wp\/v2\/types\/product"}],"replies":[{"embeddable":true,"href":"https:\/\/bstextract.com\/es\/wp-json\/wp\/v2\/comments?post=1046"}],"wp:featuredmedia":[{"embeddable":true,"href":"https:\/\/bstextract.com\/es\/wp-json\/wp\/v2\/media\/1047"}],"wp:attachment":[{"href":"https:\/\/bstextract.com\/es\/wp-json\/wp\/v2\/media?parent=1046"}],"wp:term":[{"taxonomy":"product_brand","embeddable":true,"href":"https:\/\/bstextract.com\/es\/wp-json\/wp\/v2\/product_brand?post=1046"},{"taxonomy":"product_cat","embeddable":true,"href":"https:\/\/bstextract.com\/es\/wp-json\/wp\/v2\/product_cat?post=1046"},{"taxonomy":"product_tag","embeddable":true,"href":"https:\/\/bstextract.com\/es\/wp-json\/wp\/v2\/product_tag?post=1046"}],"curies":[{"name":"wp","href":"https:\/\/api.w.org\/{rel}","templated":true}]}}