{"id":1077,"date":"2025-05-23T07:26:57","date_gmt":"2025-05-23T07:26:57","guid":{"rendered":"https:\/\/bstextract.com\/?post_type=product&#038;p=1077"},"modified":"2025-08-15T08:08:45","modified_gmt":"2025-08-15T08:08:45","slug":"l-fenilalanina-polvo-usp","status":"publish","type":"product","link":"https:\/\/bstextract.com\/es\/producto\/l-fenilalanina-polvo-usp\/","title":{"rendered":"99% Fenilalanina"},"content":{"rendered":"<p><!-- Keyword Section (Outside Article) --><\/p>\n<h2><strong><span class=\"selected\">Productos<\/span><\/strong><\/h2>\n<p><span class=\"selected\">La L-Fenilalanina es un amino\u00e1cido esencial que sirve como un bloque de construcci\u00f3n vital para las prote\u00ednas y un precursor de los neurotransmisores clave. Nuestra L-Fenilalanina en polvo es un ingrediente de alta pureza, de grado USP, dise\u00f1ado para su perfecta integraci\u00f3n en una amplia gama de productos para la salud y el bienestar. Producido mediante un proceso controlado de fermentaci\u00f3n microbiana, ofrece una calidad y consistencia excepcionales para los formuladores que exigen lo mejor en sus suplementos diet\u00e9ticos, alimentos funcionales y bebidas.<\/span><\/p>\n<ul>\n<li><strong><span class=\"selected\">Alta pureza y conformidad:<\/span><\/strong><span class=\"selected\"> Ensayado a \u226599% mediante el m\u00e9todo oficial de titulaci\u00f3n USP, lo que garantiza que cumple las estrictas normas farmacopeicas.<\/span><\/li>\n<li><strong><span class=\"selected\">Optimizado para la formulaci\u00f3n:<\/span><\/strong><span class=\"selected\"> Presenta excelentes propiedades f\u00edsicas, incluida una alta solubilidad y un tama\u00f1o de part\u00edcula consistente, para un procesamiento sin problemas en diversas formas de dosificaci\u00f3n.<\/span><\/li>\n<li><strong><span class=\"selected\">Fuente coherente y trazable:<\/span><\/strong><span class=\"selected\"> Obtenida mediante un proceso de fermentaci\u00f3n de \u00faltima generaci\u00f3n, que garantiza la coherencia entre lotes y una trazabilidad total.<\/span><\/li>\n<li><strong><span class=\"selected\">Apoyo normativo:<\/span><\/strong><span class=\"selected\"> Con el respaldo de una completa documentaci\u00f3n reglamentaria para agilizar sus procesos de desarrollo y lanzamiento de productos.<\/span><\/li>\n<li><strong><span class=\"selected\">Ventaja de la fuente directa:<\/span><\/strong> <strong><span class=\"selected\">Disponible directamente del fabricante original para una calidad constante, precios competitivos y una cadena de suministro fiable.<\/span><\/strong><\/li>\n<\/ul>\n<h2><span class=\"selected\">Principales par\u00e1metros t\u00e9cnicos<\/span><\/h2>\n<p><span class=\"selected\">Nuestra L-Fenilalanina se fabrica para cumplir o superar las especificaciones de la monograf\u00eda USP. A continuaci\u00f3n se muestran los par\u00e1metros t\u00edpicos para su evaluaci\u00f3n t\u00e9cnica.<\/span><\/p>\n<table>\n<tbody>\n<tr>\n<th><span class=\"selected\">Par\u00e1metro<\/span><\/th>\n<th><span class=\"selected\">Especificaci\u00f3n<\/span><\/th>\n<th><span class=\"selected\">M\u00e9todo de ensayo<\/span><\/th>\n<\/tr>\n<tr>\n<td><strong><span class=\"selected\">Apariencia<\/span><\/strong><\/td>\n<td><span class=\"selected\">Polvo cristalino blanco<\/span><\/td>\n<td><span class=\"selected\">Visual<\/span><\/td>\n<\/tr>\n<tr>\n<td><strong><span class=\"selected\">Identificaci\u00f3n<\/span><\/strong><\/td>\n<td><span class=\"selected\">Cumple el requisito<\/span><\/td>\n<td><span class=\"selected\">IR<\/span><\/td>\n<\/tr>\n<tr>\n<td><strong><span class=\"selected\">Ensayo (en base seca)<\/span><\/strong><\/td>\n<td><span class=\"selected\">98.5% ~ 101.5%<\/span><\/td>\n<td><span class=\"selected\">Valoraci\u00f3n<\/span><\/td>\n<\/tr>\n<tr>\n<td><strong><span class=\"selected\">Rotaci\u00f3n espec\u00edfica<\/span><\/strong><\/td>\n<td><span class=\"selected\">-33.0\u00b0 ~ -35.5\u00b0<\/span><\/td>\n<td><span class=\"selected\">USP<\/span><\/td>\n<\/tr>\n<tr>\n<td><strong><span class=\"selected\">Solubilidad<\/span><\/strong><\/td>\n<td><span class=\"selected\">Soluble en agua<\/span><\/td>\n<td><span class=\"selected\">Visual<\/span><\/td>\n<\/tr>\n<tr>\n<td><strong><span class=\"selected\">P\u00e9rdida por secado<\/span><\/strong><\/td>\n<td><span class=\"selected\">\u2264 0,3%<\/span><\/td>\n<td><span class=\"selected\">USP<\/span><\/td>\n<\/tr>\n<tr>\n<td><strong><span class=\"selected\">Residuos en el encendido<\/span><\/strong><\/td>\n<td><span class=\"selected\">\u2264 0,1%<\/span><\/td>\n<td><span class=\"selected\">USP<\/span><\/td>\n<\/tr>\n<tr>\n<td><strong><span class=\"selected\">Metales pesados<\/span><\/strong><\/td>\n<td><span class=\"selected\">\u2264 10 ppm<\/span><\/td>\n<td><span class=\"selected\">USP<\/span><\/td>\n<\/tr>\n<tr>\n<td><strong><span class=\"selected\">Plomo (Pb)<\/span><\/strong><\/td>\n<td><span class=\"selected\">\u2264 1 ppm<\/span><\/td>\n<td><span class=\"selected\">ICP-MS<\/span><\/td>\n<\/tr>\n<tr>\n<td><strong><span class=\"selected\">Ars\u00e9nico (As)<\/span><\/strong><\/td>\n<td><span class=\"selected\">\u2264 1 ppm<\/span><\/td>\n<td><span class=\"selected\">ICP-MS<\/span><\/td>\n<\/tr>\n<tr>\n<td><strong><span class=\"selected\">Tama\u00f1o de las part\u00edculas<\/span><\/strong><\/td>\n<td><span class=\"selected\">95% paso 80 Malla<\/span><\/td>\n<td><span class=\"selected\">Tamizado<\/span><\/td>\n<\/tr>\n<tr>\n<td><strong><span class=\"selected\">L\u00edmites microbiol\u00f3gicos<\/span><\/strong><\/td>\n<td><\/td>\n<td><\/td>\n<\/tr>\n<tr>\n<td><strong><span class=\"selected\">Recuento total de placas<\/span><\/strong><\/td>\n<td><span class=\"selected\">&lt; 1000 ufc\/g<\/span><\/td>\n<td><span class=\"selected\">USP<\/span><\/td>\n<\/tr>\n<tr>\n<td><strong><span class=\"selected\">Levaduras y moho<\/span><\/strong><\/td>\n<td><span class=\"selected\">&lt; 100 ufc\/g<\/span><\/td>\n<td><span class=\"selected\">USP<\/span><\/td>\n<\/tr>\n<tr>\n<td><strong><span class=\"selected\">E. Coli<\/span><\/strong><\/td>\n<td><span class=\"selected\">Negativo<\/span><\/td>\n<td><span class=\"selected\">USP<\/span><\/td>\n<\/tr>\n<tr>\n<td><strong><span class=\"selected\">Salmonella<\/span><\/strong><\/td>\n<td><span class=\"selected\">Negativo<\/span><\/td>\n<td><span class=\"selected\">USP<\/span><\/td>\n<\/tr>\n<\/tbody>\n<\/table>\n<h2><span class=\"selected\">Calidad y documentaci\u00f3n<\/span><\/h2>\n<p><span class=\"selected\">La calidad est\u00e1 integrada en nuestro proceso. Nuestras instalaciones de producci\u00f3n cuentan con las certificaciones GMP e ISO, lo que garantiza que cada lote de L-fenilalanina cumple las normas m\u00e1s estrictas de control de calidad y seguridad. Proporcionamos un conjunto completo de documentaci\u00f3n para apoyar a sus equipos de control de calidad y regulaci\u00f3n.<\/span><\/p>\n<p><strong><span class=\"selected\">Documentos disponibles para descargar o solicitar:<\/span><\/strong><\/p>\n<ul>\n<li><span class=\"selected\">Certificado de an\u00e1lisis (COA)<\/span><\/li>\n<li><span class=\"selected\">Ficha de datos de seguridad (FDS)<\/span><\/li>\n<li><span class=\"selected\">Declaraci\u00f3n de al\u00e9rgenos<\/span><\/li>\n<li><span class=\"selected\">Declaraci\u00f3n de no OGM<\/span><\/li>\n<li><span class=\"selected\">Certificado Kosher<\/span><\/li>\n<li><span class=\"selected\">Certificado Halal<\/span><\/li>\n<\/ul>\n<h2><span class=\"selected\">Aplicaciones y formulaci\u00f3n<\/span><\/h2>\n<p><span class=\"selected\">La pureza y las caracter\u00edsticas f\u00edsicas de este ingrediente lo hacen excepcionalmente vers\u00e1til para diversas aplicaciones.<\/span><\/p>\n<ul>\n<li><strong><span class=\"selected\">Suplementos diet\u00e9ticos (c\u00e1psulas, comprimidos, polvos):<\/span><\/strong><span class=\"selected\"> Su excelente fluidez y tama\u00f1o de part\u00edcula consistente garantizan una dosificaci\u00f3n uniforme y una producci\u00f3n eficiente en m\u00e1quinas de encapsulaci\u00f3n y tableteado de alta velocidad. Un nivel de inclusi\u00f3n t\u00edpico oscila entre 100 mg y 500 mg por porci\u00f3n.<\/span><\/li>\n<li><strong><span class=\"selected\">Bebidas funcionales y RTD:<\/span><\/strong><span class=\"selected\"> F\u00e1cilmente soluble en agua, por lo que es ideal para formulaciones de bebidas claras. Para una claridad y estabilidad \u00f3ptimas, recomendamos ajustar el pH del producto final a un intervalo de 5,5 a 6,5.<\/span><\/li>\n<li><strong><span class=\"selected\">Alimentos funcionales (barritas proteicas, geles):<\/span><\/strong><span class=\"selected\"> La L-fenilalanina es termoestable y soporta las condiciones habituales de procesado de alimentos, como la pasteurizaci\u00f3n y la extrusi\u00f3n, sin sufrir una degradaci\u00f3n significativa.<\/span><\/li>\n<\/ul>\n<h2><span class=\"selected\">Compatibilidad y sinergias<\/span><\/h2>\n<p><span class=\"selected\">En las f\u00f3rmulas, la L-fenilalanina act\u00faa sin\u00e9rgicamente con otros amino\u00e1cidos para crear un perfil proteico completo. Tambi\u00e9n es altamente compatible con las vitaminas B (como la B6, que es un cofactor en el metabolismo de amino\u00e1cidos), minerales y otros ingredientes nutrac\u00e9uticos comunes.<\/span><\/p>\n<h2><span class=\"selected\">Estabilidad y almacenamiento<\/span><\/h2>\n<ul>\n<li><strong><span class=\"selected\">Caducidad:<\/span><\/strong><span class=\"selected\"> 24 meses a partir de la fecha de fabricaci\u00f3n si se almacena en las condiciones recomendadas.<\/span><\/li>\n<li><strong><span class=\"selected\">Condiciones de almacenamiento:<\/span><\/strong><span class=\"selected\"> Para mantener la integridad del producto, cons\u00e9rvese en un lugar fresco y seco (por debajo de 25\u00b0C), alejado de la luz solar directa y de la humedad. Mantener los envases bien cerrados cuando no se utilicen.<\/span><\/li>\n<\/ul>\n<h2><span class=\"selected\">Envases y suministros<\/span><\/h2>\n<p><span class=\"selected\">Estamos equipados para satisfacer sus necesidades de volumen con una log\u00edstica fiable.<\/span><\/p>\n<ul>\n<li><strong><span class=\"selected\">Embalaje est\u00e1ndar:<\/span><\/strong><span class=\"selected\"> 25 kg de peso neto en bidones de fibra de calidad alimentaria, inviolables, con doble revestimiento interior de PE.<\/span><\/li>\n<li><strong><span class=\"selected\">Suministro mundial:<\/span><\/strong> <strong><span class=\"selected\">Disponemos de cantidades a granel para env\u00edos internacionales directamente desde nuestra f\u00e1brica. Como principal exportador de amino\u00e1cidos de alta pureza, garantizamos una entrega puntual y fiable.<\/span><\/strong><\/li>\n<\/ul>\n<h2><span class=\"selected\">Seguridad e informaci\u00f3n reglamentaria<\/span><\/h2>\n<ul>\n<li><strong><span class=\"selected\">N\u00famero CAS:<\/span><\/strong><span class=\"selected\"> 63-91-2<\/span><\/li>\n<li><strong><span class=\"selected\">N\u00famero EINECS:<\/span><\/strong><span class=\"selected\"> 200-568-1<\/span><\/li>\n<li><strong><span class=\"selected\">C\u00f3digo SA:<\/span><\/strong><span class=\"selected\"> 292249<\/span><\/li>\n<li><strong><span class=\"selected\">Situaci\u00f3n reglamentaria:<\/span><\/strong><span class=\"selected\"> Generalmente Reconocido como Seguro (GRAS) para su uso previsto en alimentos y suplementos diet\u00e9ticos en los Estados Unidos. Cumple la monograf\u00eda vigente de la Farmacopea de los Estados Unidos (USP).<\/span><\/li>\n<\/ul>\n<h2><span class=\"selected\">Preguntas m\u00e1s frecuentes (FAQ)<\/span><\/h2>\n<p><strong><span class=\"selected\">P: \u00bfCu\u00e1l es el m\u00e9todo de ensayo de la L-fenilalanina?<\/span><\/strong><\/p>\n<p><span class=\"selected\">R: Nuestra L-fenilalanina se analiza a \u226599% (concretamente, 98,5%-101,5% en base seca) utilizando el m\u00e9todo de valoraci\u00f3n oficial de la USP. Esto garantiza el m\u00e1ximo nivel de precisi\u00f3n y el cumplimiento de las normas farmacopeicas.<\/span><\/p>\n<p><strong><span class=\"selected\">P: \u00bfEste producto es apto para f\u00f3rmulas veganas?<\/span><\/strong><\/p>\n<p><span class=\"selected\">R: S\u00ed, nuestra L-fenilalanina se produce mediante un proceso controlado de fermentaci\u00f3n microbiana y no contiene ingredientes de origen animal ni auxiliares tecnol\u00f3gicos, por lo que es totalmente apta para productos veganos y vegetarianos.<\/span><\/p>\n<p><strong><span class=\"selected\">P: \u00bfSuministran directamente de f\u00e1brica?<\/span><\/strong><\/p>\n<p><span class=\"selected\">A: <\/span><strong><span class=\"selected\">S\u00ed, somos el fabricante y exportador original. Este modelo directo de f\u00e1brica garantiza una trazabilidad completa, una calidad constante y una cadena de suministro estable para nuestros socios en todo el mundo.<\/span><\/strong><\/p>\n<p><strong><span class=\"selected\">P: \u00bfCu\u00e1l es la cantidad m\u00ednima de pedido?<\/span><\/strong><\/p>\n<p><span class=\"selected\">R: Nuestro MOQ est\u00e1ndar es de 25 kg (un bid\u00f3n). Para consultas sobre cantidades de prueba o para discutir necesidades espec\u00edficas de volumen, p\u00f3ngase en contacto directamente con nuestro equipo de ventas.<\/span><\/p>\n<p><strong><span class=\"selected\">P: \u00bfPueden facilitar un certificado de an\u00e1lisis (COA) de un lote concreto?<\/span><\/strong><\/p>\n<p><span class=\"selected\">R: Por supuesto. Con cada env\u00edo se incluye un Certificado de An\u00e1lisis espec\u00edfico para cada lote. Puede solicitar un COA t\u00edpico para su evaluaci\u00f3n inicial utilizando el siguiente formulario de contacto.<\/span><\/p>","protected":false},"excerpt":{"rendered":"<ul>\n<li><b>L-Fenilalanina en polvo \u2265 99% (Titulaci\u00f3n)<\/b><\/li>\n<li><b>Fuente:<\/b> Fuente de fermentaci\u00f3n microbiana de gran pureza.<\/li>\n<li><b>Apariencia:<\/b> Polvo cristalino fino y blanco.<\/li>\n<li><b>Aplicaciones:<\/b> Ideal para suplementos diet\u00e9ticos (c\u00e1psulas, comprimidos, polvos), alimentos funcionales y formulaciones de bebidas.<\/li>\n<li><b>Ventajas clave:<\/b> Excelente pureza, alta solubilidad, cumple la monograf\u00eda USP y est\u00e1 disponible directamente del fabricante para una cadena de suministro estable.<\/li>\n<\/ul>","protected":false},"featured_media":1078,"comment_status":"open","ping_status":"closed","template":"","meta":{"_acf_changed":false},"product_brand":[],"product_cat":[23],"product_tag":[],"class_list":{"0":"post-1077","1":"product","2":"type-product","3":"status-publish","4":"has-post-thumbnail","6":"product_cat-food-additives","8":"first","9":"instock","10":"shipping-taxable","11":"product-type-simple"},"acf":[],"_links":{"self":[{"href":"https:\/\/bstextract.com\/es\/wp-json\/wp\/v2\/product\/1077","targetHints":{"allow":["GET"]}}],"collection":[{"href":"https:\/\/bstextract.com\/es\/wp-json\/wp\/v2\/product"}],"about":[{"href":"https:\/\/bstextract.com\/es\/wp-json\/wp\/v2\/types\/product"}],"replies":[{"embeddable":true,"href":"https:\/\/bstextract.com\/es\/wp-json\/wp\/v2\/comments?post=1077"}],"wp:featuredmedia":[{"embeddable":true,"href":"https:\/\/bstextract.com\/es\/wp-json\/wp\/v2\/media\/1078"}],"wp:attachment":[{"href":"https:\/\/bstextract.com\/es\/wp-json\/wp\/v2\/media?parent=1077"}],"wp:term":[{"taxonomy":"product_brand","embeddable":true,"href":"https:\/\/bstextract.com\/es\/wp-json\/wp\/v2\/product_brand?post=1077"},{"taxonomy":"product_cat","embeddable":true,"href":"https:\/\/bstextract.com\/es\/wp-json\/wp\/v2\/product_cat?post=1077"},{"taxonomy":"product_tag","embeddable":true,"href":"https:\/\/bstextract.com\/es\/wp-json\/wp\/v2\/product_tag?post=1077"}],"curies":[{"name":"wp","href":"https:\/\/api.w.org\/{rel}","templated":true}]}}